{"id":6635,"date":"2023-02-22T14:12:09","date_gmt":"2023-02-22T14:12:09","guid":{"rendered":"https:\/\/www.expedismart.ch\/pages\/?page_id=6635"},"modified":"2025-10-28T10:37:51","modified_gmt":"2025-10-28T10:37:51","slug":"nos-engagements","status":"publish","type":"page","link":"https:\/\/www.expedismart.ch\/pages\/nos-engagements\/","title":{"rendered":"Nos engagements"},"content":{"rendered":"\n<h1 class=\"gb-headline gb-headline-e4f7b0a9 gb-headline-text\">Nos engagements<\/h1>\n\n\n\n<div class=\"wp-block-group alignfull margin-top:30px has-medium-font-size\"><div class=\"wp-block-group__inner-container is-layout-flow wp-block-group-is-layout-flow\"><div class=\"gb-button-wrapper gb-button-wrapper-e1aeeb32\">\n\n<a class=\"gb-button gb-button-9118eb2e gb-button-text special_red_button_gp\" href=\"\/static\/masterdata\/fr\/charter.pdf\" target=\"_blank\" rel=\"noopener noreferrer\" id=\"compare-prices-2\"><strong>D\u00e9couvrez ici notre charte Expedismart<\/strong><\/a>\n\n<\/div><\/div><\/div>\n\n\n<div class=\"gb-grid-wrapper gb-grid-wrapper-61a5a940 red-line-overflow\">\n<div class=\"gb-grid-column gb-grid-column-b3e310c4\"><div class=\"gb-container gb-container-b3e310c4\"><div class=\"gb-inside-container\"><\/div><\/div><\/div>\n\n<div class=\"gb-grid-column gb-grid-column-2fc51738\"><div class=\"gb-container gb-container-2fc51738 header-margin-bottom-parent\"><div class=\"gb-inside-container\">\n<div class=\"gb-container gb-container-2df7f4a7\"><div class=\"gb-inside-container\">\n\n<h2 class=\"wp-block-heading header-underline-red\"><strong>Notre partenariat<\/strong><\/h2>\n\n<\/div><\/div>\n\n<div class=\"gb-container gb-container-df19733b\"><div class=\"gb-inside-container\">\n\n<p>Nous avons fond\u00e9 Expedismart en 2015 \u00e0 Gen\u00e8ve dans le but de faciliter l\u2019acc\u00e8s aux petites entreprises suisses au monde du transport. Pris par l\u2019id\u00e9e et par la volont\u00e9 de proposer ce service \u00e0 nos clients, l\u2019impact de notre activit\u00e9 sur l\u2019environnement n\u2019\u00e9tait pas l\u2019une de nos premi\u00e8res priorit\u00e9s et la prise de conscience ne s\u2019est pas faite en un jour. En 2016, lorsque nous cherchions \u00e0 nous installer dans nos premiers bureau notre voisin de bureau \u00e9tait une ONG, OneAction, cr\u00e9\u00e9e quelques ann\u00e9es avant nous, et dont l\u2019objectif est de promouvoir des projets durables \u00e0 travers le monde.<\/p>\n\n<\/div><\/div>\n\n<div class=\"gb-container gb-container-5b518955\"><div class=\"gb-inside-container\">\n\n<p>Progressivement, nous avons commenc\u00e9 \u00e0 nous int\u00e9resser \u00e0 leurs activit\u00e9s et une prise de conscience est n\u00e9e. A notre niveau, nous pouvions certainement agir pour limiter l\u2019impact de notre activit\u00e9 et proposer \u00e0 nos clients de s\u2019engager pour une cause importante.<\/p>\n\n<\/div><\/div>\n\n<div class=\"gb-container gb-container-5d2749a2\"><div class=\"gb-inside-container\">\n\n<p>Au fil des discussions, l\u2019id\u00e9e d\u2019une collaboration entre OneAction et Expedismart est n\u00e9e. Tous les clients d\u2019Expedismart ont la possibilit\u00e9 de faire un don de 1 CHF qui permettra de planter un arbre sur des terres d\u00e9grad\u00e9es en \u00c9quateur Pour chaque don effectu\u00e9, Expedismart s\u2019engage \u00e0 verser la m\u00eame somme \u00e0 l\u2019ONG. D\u00e9couvrez sur cette page les activit\u00e9s de OneAction et n\u2019h\u00e9sitez pas \u00e0 nous contacter ou \u00e0 visiter leur site pour en savoir plus.<\/p>\n\n<\/div><\/div>\n\n<div class=\"gb-container gb-container-bc2c107f\"><div class=\"gb-inside-container\">\n\n<h2 class=\"wp-block-heading header-underline-red\"><strong>Reboiser le nord de l\u2019\u00c9quateur<\/strong><\/h2>\n\n<\/div><\/div>\n\n<div class=\"gb-container gb-container-91a0af0d\"><div class=\"gb-inside-container\">\n<div class=\"gb-grid-wrapper gb-grid-wrapper-0624357e\">\n<div class=\"gb-grid-column gb-grid-column-16dd4bfd\"><div class=\"gb-container gb-container-16dd4bfd\"><div class=\"gb-inside-container\">\n<div class=\"gb-container gb-container-14210b10\"><div class=\"gb-inside-container\">\n\n<figure class=\"gb-block-image gb-block-image-e0e2aaae\"><img decoding=\"async\" width=\"2560\" height=\"485\" class=\"gb-image gb-image-e0e2aaae\" src=\"https:\/\/www.expedismart.ch\/pages\/wp-content\/uploads\/2023\/02\/oneaction-scaled.webp\" alt=\"\" title=\"oneaction\" srcset=\"https:\/\/www.expedismart.ch\/pages\/wp-content\/uploads\/2023\/02\/oneaction-scaled.webp 2560w, https:\/\/www.expedismart.ch\/pages\/wp-content\/uploads\/2023\/02\/oneaction-300x57.webp 300w, https:\/\/www.expedismart.ch\/pages\/wp-content\/uploads\/2023\/02\/oneaction-1024x194.webp 1024w, https:\/\/www.expedismart.ch\/pages\/wp-content\/uploads\/2023\/02\/oneaction-768x145.webp 768w, https:\/\/www.expedismart.ch\/pages\/wp-content\/uploads\/2023\/02\/oneaction-1536x291.webp 1536w, https:\/\/www.expedismart.ch\/pages\/wp-content\/uploads\/2023\/02\/oneaction-2048x388.webp 2048w\" sizes=\"(max-width: 2560px) 100vw, 2560px\" \/><\/figure>\n\n<\/div><\/div>\n<\/div><\/div><\/div>\n\n<div class=\"gb-grid-column gb-grid-column-656788a1\"><div class=\"gb-container gb-container-656788a1\"><div class=\"gb-inside-container\">\n<div class=\"gb-container gb-container-ccb4baf9\"><div class=\"gb-inside-container\">\n\n<figure class=\"gb-block-image gb-block-image-f06c3414\"><img decoding=\"async\" width=\"2099\" height=\"399\" class=\"gb-image gb-image-f06c3414\" src=\"https:\/\/www.expedismart.ch\/pages\/wp-content\/uploads\/2023\/02\/logo_expedismart.webp\" alt=\"\" title=\"logo_expedismart\" srcset=\"https:\/\/www.expedismart.ch\/pages\/wp-content\/uploads\/2023\/02\/logo_expedismart.webp 2099w, https:\/\/www.expedismart.ch\/pages\/wp-content\/uploads\/2023\/02\/logo_expedismart-300x57.webp 300w, https:\/\/www.expedismart.ch\/pages\/wp-content\/uploads\/2023\/02\/logo_expedismart-1024x195.webp 1024w, https:\/\/www.expedismart.ch\/pages\/wp-content\/uploads\/2023\/02\/logo_expedismart-768x146.webp 768w, https:\/\/www.expedismart.ch\/pages\/wp-content\/uploads\/2023\/02\/logo_expedismart-1536x292.webp 1536w, https:\/\/www.expedismart.ch\/pages\/wp-content\/uploads\/2023\/02\/logo_expedismart-2048x389.webp 2048w\" sizes=\"(max-width: 2099px) 100vw, 2099px\" \/><\/figure>\n\n<\/div><\/div>\n<\/div><\/div><\/div>\n<\/div>\n<\/div><\/div>\n\n<div class=\"gb-container gb-container-0fae9d68\"><div class=\"gb-inside-container\">\n<div class=\"gb-grid-wrapper gb-grid-wrapper-0d5a08ed\">\n<div class=\"gb-grid-column gb-grid-column-fa84e5ac\"><div class=\"gb-container gb-container-fa84e5ac\"><div class=\"gb-inside-container\">\n<div class=\"gb-container gb-container-4b20fcba\"><div class=\"gb-inside-container\">\n\n<p>Afin de combattre et de pr\u00e9venir les effets d\u00e9vastateurs de la d\u00e9forestation et de l\u2019agriculture non durable au nord de l\u2019\u00c9quateur, tels que la d\u00e9sertification et le d\u00e9p\u00e9rissement des sols, OneAction s\u2019engage \u00e0 reboiser et \u00e0 restaurer des terres agricoles abandonn\u00e9es. Dans l\u2019un des dix \u00e9cosyst\u00e8mes les plus riches en biodiversit\u00e9 au monde, OneAction collabore avec un organisme \u00e9quatorien et implique directement les communaut\u00e9s locales dans le d\u00e9veloppement de p\u00e9pini\u00e8res, la plantation d\u2019arbres et la cr\u00e9ation de couloirs forestiers pour la faune.<\/p>\n\n<\/div><\/div>\n<\/div><\/div><\/div>\n\n<div class=\"gb-grid-column gb-grid-column-4b18f5ad\"><div class=\"gb-container gb-container-4b18f5ad\"><div class=\"gb-inside-container\">\n<div class=\"gb-container gb-container-96ae3369\"><div class=\"gb-inside-container\">\n\n<figure class=\"gb-block-image gb-block-image-8462158d\"><img decoding=\"async\" width=\"812\" height=\"615\" class=\"gb-image gb-image-8462158d\" src=\"https:\/\/www.expedismart.ch\/pages\/wp-content\/uploads\/2023\/02\/reforest.webp\" alt=\"\" title=\"reforest\" srcset=\"https:\/\/www.expedismart.ch\/pages\/wp-content\/uploads\/2023\/02\/reforest.webp 812w, https:\/\/www.expedismart.ch\/pages\/wp-content\/uploads\/2023\/02\/reforest-300x227.webp 300w, https:\/\/www.expedismart.ch\/pages\/wp-content\/uploads\/2023\/02\/reforest-768x582.webp 768w\" sizes=\"(max-width: 812px) 100vw, 812px\" \/><\/figure>\n\n<\/div><\/div>\n<\/div><\/div><\/div>\n<\/div>\n<\/div><\/div>\n\n<div class=\"gb-container gb-container-30530389 commercial-invoice ul-red-dots\"><div class=\"gb-inside-container\">\n<div class=\"gb-container gb-container-0230c22c\"><div class=\"gb-inside-container\">\n\n<h3 class=\"wp-block-heading header-underline-white\"><strong>En participant \u00e0 ce projet, vous contribuez \u00e0:<\/strong><\/h3>\n\n<\/div><\/div>\n\n\n<ul class=\"wp-block-list\">\n<li>Restaurer les \u00e9cosyst\u00e8mes et prot\u00e9ger la biodiversit\u00e9 et l\u2019atmosph\u00e8re<\/li>\n\n\n\n<li>Enrichir les sols<\/li>\n\n\n\n<li>Sauvegarder les nappes phr\u00e9atiques<\/li>\n\n\n\n<li>Cr\u00e9er des emplois pour les locaux<\/li>\n\n\n\n<li>Fournir des techniques d\u2019agriculture durable aux agriculteurs<\/li>\n<\/ul>\n\n<\/div><\/div>\n<\/div><\/div><\/div>\n\n<div class=\"gb-grid-column gb-grid-column-51b8048d\"><div class=\"gb-container gb-container-51b8048d\"><div class=\"gb-inside-container\"><\/div><\/div><\/div>\n<\/div>","protected":false},"excerpt":{"rendered":"<p>Nos engagements<\/p>\n","protected":false},"author":2,"featured_media":0,"parent":0,"menu_order":0,"comment_status":"closed","ping_status":"closed","template":"","meta":{"_seopress_robots_primary_cat":"","_seopress_titles_title":"Nos engagements","_seopress_titles_desc":"","_seopress_robots_index":"yes","inline_featured_image":false,"footnotes":""},"class_list":["post-6635","page","type-page","status-publish"],"_links":{"self":[{"href":"https:\/\/www.expedismart.ch\/pages\/wp-json\/wp\/v2\/pages\/6635","targetHints":{"allow":["GET"]}}],"collection":[{"href":"https:\/\/www.expedismart.ch\/pages\/wp-json\/wp\/v2\/pages"}],"about":[{"href":"https:\/\/www.expedismart.ch\/pages\/wp-json\/wp\/v2\/types\/page"}],"author":[{"embeddable":true,"href":"https:\/\/www.expedismart.ch\/pages\/wp-json\/wp\/v2\/users\/2"}],"replies":[{"embeddable":true,"href":"https:\/\/www.expedismart.ch\/pages\/wp-json\/wp\/v2\/comments?post=6635"}],"version-history":[{"count":2,"href":"https:\/\/www.expedismart.ch\/pages\/wp-json\/wp\/v2\/pages\/6635\/revisions"}],"predecessor-version":[{"id":8912,"href":"https:\/\/www.expedismart.ch\/pages\/wp-json\/wp\/v2\/pages\/6635\/revisions\/8912"}],"wp:attachment":[{"href":"https:\/\/www.expedismart.ch\/pages\/wp-json\/wp\/v2\/media?parent=6635"}],"curies":[{"name":"wp","href":"https:\/\/api.w.org\/{rel}","templated":true}]}}