{"id":5670,"date":"2023-01-25T18:44:07","date_gmt":"2023-01-25T18:44:07","guid":{"rendered":"https:\/\/www.expedismart.ch\/pages\/?page_id=5670"},"modified":"2023-07-12T13:22:28","modified_gmt":"2023-07-12T13:22:28","slug":"ecommerce-suisse","status":"publish","type":"page","link":"https:\/\/www.expedismart.ch\/pages\/infos-pratiques\/astuces\/ecommerce-suisse\/","title":{"rendered":"ecommerce suisse"},"content":{"rendered":"\n<h1 class=\"gb-headline gb-headline-e4f7b0a9 gb-headline-text\">Quelle solution logistique pour le e-commerce depuis la Suisse?<\/h1>\n\n\n<div class=\"gb-container gb-container-4ca4c369\"><div class=\"gb-inside-container\">\n\n<figure class=\"wp-block-image alignfull size-large is-style-default\"><img decoding=\"async\" width=\"1024\" height=\"227\" src=\"https:\/\/www.expedismart.ch\/pages\/wp-content\/uploads\/2023\/01\/e_commerce-1024x227.webp\" alt=\"Quelle solution logistique pour le e-commerce depuis la Suisse?\" class=\"wp-image-5611\" srcset=\"https:\/\/www.expedismart.ch\/pages\/wp-content\/uploads\/2023\/01\/e_commerce-1024x227.webp 1024w, https:\/\/www.expedismart.ch\/pages\/wp-content\/uploads\/2023\/01\/e_commerce-300x67.webp 300w, https:\/\/www.expedismart.ch\/pages\/wp-content\/uploads\/2023\/01\/e_commerce-768x170.webp 768w, https:\/\/www.expedismart.ch\/pages\/wp-content\/uploads\/2023\/01\/e_commerce-1536x341.webp 1536w, https:\/\/www.expedismart.ch\/pages\/wp-content\/uploads\/2023\/01\/e_commerce.webp 1920w\" sizes=\"(max-width: 1024px) 100vw, 1024px\" \/><\/figure>\n\n<\/div><\/div>\n\n<div class=\"gb-grid-wrapper gb-grid-wrapper-9335b011\">\n<div class=\"gb-grid-column gb-grid-column-124dd388\"><div class=\"gb-container gb-container-124dd388\"><div class=\"gb-inside-container\"><\/div><\/div><\/div>\n\n<div class=\"gb-grid-column gb-grid-column-b401532d\"><div class=\"gb-container gb-container-b401532d\"><div class=\"gb-inside-container\">\n\n<h2 class=\"wp-block-heading header-underline-red\"><strong>Quelle solution logistique pour le e-commerce depuis la Suisse?<\/strong><\/h2>\n\n<\/div><\/div><\/div>\n\n<div class=\"gb-grid-column gb-grid-column-f718cc8e\"><div class=\"gb-container gb-container-f718cc8e\"><div class=\"gb-inside-container\"><\/div><\/div><\/div>\n<\/div>\n\n<div class=\"gb-grid-wrapper gb-grid-wrapper-7139b796\">\n<div class=\"gb-grid-column gb-grid-column-f16ee891\"><div class=\"gb-container gb-container-f16ee891\"><div class=\"gb-inside-container\"><\/div><\/div><\/div>\n\n<div class=\"gb-grid-column gb-grid-column-fa585d50\"><div class=\"gb-container gb-container-fa585d50\"><div class=\"gb-inside-container\">\n\n<p>Quelle solution logistique pour le e-commerce depuis la Suisse vers l\u2019international ? Vous faites du e-commerce et&nbsp;<strong>exp\u00e9diez plusieurs colis depuis la Suisse vers l\u2019\u00e9tranger<\/strong>&nbsp;? Et si vous r\u00e9alisiez vos envois moins chers gr\u00e2ce au comparateur de transporteurs le plus \u00e9conomique ? Vos envois FedEx, TNT, UPS ou Aramex au meilleur tarif. <\/p>\n\n<\/div><\/div><\/div>\n\n<div class=\"gb-grid-column gb-grid-column-e373b842\"><div class=\"gb-container gb-container-e373b842\"><div class=\"gb-inside-container\"><\/div><\/div><\/div>\n<\/div>\n\n\n<div class=\"wp-block-group alignfull margin-top:30px button_link_exp has-base-background-color has-background has-medium-font-size\"><div class=\"wp-block-group__inner-container is-layout-flow wp-block-group-is-layout-flow\"><div class=\"gb-button-wrapper gb-button-wrapper-289f742d\">\n\n<a class=\"gb-button gb-button-c9f14dcb gb-button-text special_red_button_gp\" href=\"\/\" target=\"_blank\" rel=\"noopener noreferrer\" id=\"compare-prices-1\"><strong>Envoyez vos colis en toute s\u00e9curit\u00e9<\/strong><\/a>\n\n<\/div><\/div><\/div>\n\n\n<div class=\"gb-grid-wrapper gb-grid-wrapper-eb6a6c34\">\n<div class=\"gb-grid-column gb-grid-column-dc3bd0f4\"><div class=\"gb-container gb-container-dc3bd0f4\"><div class=\"gb-inside-container\"><\/div><\/div><\/div>\n\n<div class=\"gb-grid-column gb-grid-column-cc9e5cc3\"><div class=\"gb-container gb-container-cc9e5cc3\"><div class=\"gb-inside-container\">\n<div class=\"gb-container gb-container-82e4b234\"><div class=\"gb-inside-container\">\n\n<h2 class=\"wp-block-heading header-underline-red\"><strong>Le e-commerce suisse,<br><mark style=\"background-color:rgba(0, 0, 0, 0)\" class=\"has-inline-color has-red-exp-color\">de plus en plus sollicit\u00e9<\/mark><\/strong><\/h2>\n\n<\/div><\/div>\n\n\n<p>Le e-commerce prend de plus en plus de place dans notre vie de consommateur, les \u00e9tudes \u00e0 ce sujet le prouvent : cette manne repr\u00e9sentait 10 milliards de francs en 2018 soit une croissance de 10% compar\u00e9 \u00e0 l\u2019ann\u00e9e pass\u00e9e.<\/p>\n\n\n<div class=\"gb-container gb-container-3714b5f7\"><div class=\"gb-inside-container\">\n\n<p>En tant que consommateur, cela permet de se faire livrer le m\u00eame produit qu\u2019en magasin sans se d\u00e9placer.<\/p>\n\n<\/div><\/div>\n\n<div class=\"gb-container gb-container-772f605b\"><div class=\"gb-inside-container\">\n\n<p>Mais en tant que vendeur, cela repr\u00e9sente toute une organisation : pr\u00e9parer les commandes, les emballer, r\u00e9aliser l\u2019exp\u00e9dition, assurer le suivi&#8230;<\/p>\n\n<\/div><\/div>\n\n<div class=\"gb-container gb-container-acfed9bb\"><div class=\"gb-inside-container\">\n\n<p>Et pour peu que vous soyez un site de e-commerce recevant plusieurs commandes \u00e0 effectuer par jour, il vous faudra un partenaire logistique de confiance.<\/p>\n\n<\/div><\/div>\n\n<div class=\"gb-container gb-container-d8bda316\"><div class=\"gb-inside-container\">\n\n<figure class=\"wp-block-image size-large\"><img decoding=\"async\" width=\"1024\" height=\"683\" src=\"https:\/\/www.expedismart.ch\/pages\/wp-content\/uploads\/2023\/01\/logistics_partner-1024x683.webp\" alt=\"Expedismart partners\" class=\"wp-image-5615\" srcset=\"https:\/\/www.expedismart.ch\/pages\/wp-content\/uploads\/2023\/01\/logistics_partner-1024x683.webp 1024w, https:\/\/www.expedismart.ch\/pages\/wp-content\/uploads\/2023\/01\/logistics_partner-300x200.webp 300w, https:\/\/www.expedismart.ch\/pages\/wp-content\/uploads\/2023\/01\/logistics_partner-768x512.webp 768w, https:\/\/www.expedismart.ch\/pages\/wp-content\/uploads\/2023\/01\/logistics_partner.webp 1280w\" sizes=\"(max-width: 1024px) 100vw, 1024px\" \/><\/figure>\n\n<\/div><\/div>\n\n<div class=\"gb-container gb-container-f8e550d6 holidays-of-countries commercial-invoice\"><div class=\"gb-inside-container\">\n<div class=\"gb-container gb-container-eef283e4\"><div class=\"gb-inside-container\">\n\n<h2 class=\"wp-block-heading header-underline-white\"><strong>Vos envois FedEx, TNT, UPS, et Aramex au meilleur tarif<\/strong><\/h2>\n\n<\/div><\/div>\n\n<div class=\"gb-container gb-container-4d9aab56\"><div class=\"gb-inside-container\">\n\n<p>C\u2019est l\u00e0 que notre plateforme Expedismart intervient:<\/p>\n\n<\/div><\/div>\n\n<div class=\"gb-container gb-container-fb43e401\"><div class=\"gb-inside-container\">\n<div class=\"gb-grid-wrapper gb-grid-wrapper-7b12cbc0\">\n<div class=\"gb-grid-column gb-grid-column-682b5c6e\"><div class=\"gb-container gb-container-682b5c6e ul-red-dots\"><div class=\"gb-inside-container\">\n\n<ul class=\"wp-block-list\">\n<li>&nbsp;La cr\u00e9ation de compte est gratuite et sans engagement, vous permettant de ne pas vous p\u00e9naliser m\u00eame les mois de faible activit\u00e9 : vous ne payez qu\u2019en cas d\u2019envois ;<\/li>\n\n\n\n<li> Vous disposez d\u2019un comparateur FedEx, UPS, TNT et Aramex en temps r\u00e9el : l\u2019un sera le plus avantageux pour les destinations asiatiques mais peut \u00eatre qu\u2019un autre sera moins cher pour les Etats-Unis par exemple, vous permettant de toujours b\u00e9n\u00e9ficier du prix le plus bas pour votre envoi depuis la Suisse ;<\/li>\n\n\n\n<li> <a href=\"https:\/\/www.expedismart.ch\/pages\/infos-pratiques\/envoi\/envoi-pas-cher\/\" data-type=\"URL\" data-id=\"https:\/\/www.expedismart.ch\/pages\/infos-pratiques\/envoi\/envoi-pas-cher\/\" target=\"_blank\" rel=\"noreferrer noopener\">Envoi en express pas cher<\/a> pour une urgence ou bien envoi en \u00e9conomique (economy), choisissez le transporteur et le service de votre choix ;<\/li>\n\n\n\n<li> Plus besoin de transporter vos 15 colis jusqu\u2019\u00e0 la Poste, nos transporteurs vous font gagner du temps et r\u00e9alisent l\u2019enl\u00e8vement dans vos locaux directement, le jour m\u00eame au besoin.<\/li>\n<\/ul>\n\n<\/div><\/div><\/div>\n<\/div>\n<\/div><\/div>\n<\/div><\/div>\n<\/div><\/div><\/div>\n\n<div class=\"gb-grid-column gb-grid-column-d4e39d2d\"><div class=\"gb-container gb-container-d4e39d2d\"><div class=\"gb-inside-container\"><\/div><\/div><\/div>\n<\/div>\n\n\n<div class=\"wp-block-group alignfull margin-top:30px has-base-background-color has-background has-medium-font-size\"><div class=\"wp-block-group__inner-container is-layout-flow wp-block-group-is-layout-flow\"><div class=\"gb-button-wrapper gb-button-wrapper-e1aeeb32\">\n\n<a class=\"gb-button gb-button-9118eb2e gb-button-text special_red_button_gp\" href=\"https:\/\/www.expedismart.ch\/user\/register\/\" target=\"_blank\" rel=\"noopener noreferrer\" id=\"compare-prices-2\"><strong>CR\u00c9ER UN COMPTE GRATUIT SANS ENGAGEMENT<\/strong><\/a>\n\n<\/div><\/div><\/div>\n\n\n<div class=\"gb-grid-wrapper gb-grid-wrapper-61a5a940 red-line-overflow\">\n<div class=\"gb-grid-column gb-grid-column-b3e310c4\"><div class=\"gb-container gb-container-b3e310c4\"><div class=\"gb-inside-container\"><\/div><\/div><\/div>\n\n<div class=\"gb-grid-column gb-grid-column-2fc51738\"><div class=\"gb-container gb-container-2fc51738 header-margin-bottom-parent\"><div class=\"gb-inside-container\">\n<div class=\"gb-container gb-container-2df7f4a7\"><div class=\"gb-inside-container\">\n\n<h2 class=\"wp-block-heading header-underline-red\"><strong>Votre solution de gestion de la logistique au meilleur prix est \u00e0 port\u00e9e de clic!<\/strong><\/h2>\n\n<\/div><\/div>\n\n<div class=\"gb-container gb-container-ec22edc6\"><div class=\"gb-inside-container\">\n\n<p>La r\u00e9servation est simple et rapide, vous pouvez r\u00e9aliser votre facture proforma en quelques instants si vous n\u2019en avez pas ainsi que d\u2019autres documents \u00e0 joindre \u00e0 chaque colis comme par exemple le document de d\u00e9claration en douane CN22 voire CN23 (document d\u00e9taillant le contenu de votre colis, la valeur ainsi que l\u2019exp\u00e9diteur et le destinataire) mais n\u2019ayez pas peur, le processus vous est expliqu\u00e9 en toute simplicit\u00e9 lors de la r\u00e9servation du transporteur souhait\u00e9. Pour faciliter l\u2019envoi, veillez \u00e0 \u00eatre le plus pr\u00e9cis possible dans la description de votre colis quitte \u00e0 \u00eatre pointilleux (v\u00eatement jean bleu homme taille 42 us\u00e9 de marque X d\u2019une valeur de X CHF par exemple).<\/p>\n\n<\/div><\/div>\n\n<div class=\"gb-container gb-container-c62e53d7\"><div class=\"gb-inside-container\">\n\n<figure class=\"wp-block-image size-full\"><img decoding=\"async\" width=\"1023\" height=\"713\" src=\"https:\/\/www.expedismart.ch\/pages\/wp-content\/uploads\/2023\/01\/CN22.webp\" alt=\"CN22 \" class=\"wp-image-5609\" srcset=\"https:\/\/www.expedismart.ch\/pages\/wp-content\/uploads\/2023\/01\/CN22.webp 1023w, https:\/\/www.expedismart.ch\/pages\/wp-content\/uploads\/2023\/01\/CN22-300x209.webp 300w, https:\/\/www.expedismart.ch\/pages\/wp-content\/uploads\/2023\/01\/CN22-768x535.webp 768w\" sizes=\"(max-width: 1023px) 100vw, 1023px\" \/><\/figure>\n\n<\/div><\/div>\n\n<div class=\"gb-container gb-container-285596a9\"><div class=\"gb-inside-container\">\n\n<h2 class=\"wp-block-heading header-underline-red\"><strong>Que faire en cas de colis bloqu\u00e9 en douane?<\/strong><\/h2>\n\n<\/div><\/div>\n\n<div class=\"gb-container gb-container-9b6e8d0a\"><div class=\"gb-inside-container\">\n\n<p>Pendant le transport de vos envois depuis la Suisse vers l\u2019\u00e9tranger, nous assurons la gestion du suivi pour les envois de colis express et devenons alors le principal interlocuteur des services douaniers et des transporteurs, vous permettant de gagner du temps et vous concentrer sur votre c\u0153ur de m\u00e9tier.<\/p>\n\n<\/div><\/div>\n\n<div class=\"gb-container gb-container-4720de80\"><div class=\"gb-inside-container\">\n\n<p>Que la<a href=\"https:\/\/www.expedismart.ch\/pages\/infos-pratiques\/documentation-technique\/facture-proforma\/\" target=\"_blank\" rel=\"noreferrer noopener\">&nbsp;facture proforma<\/a>&nbsp;du colis soit incompl\u00e8te, ou s\u2019il manque des documents qui provoque un blocage de votre colis \u00e0 la douane, nous faisons le n\u00e9cessaire pour d\u00e9bloquer le colis en douane le plus&nbsp;vite possible, et tout cela gratuitement.<\/p>\n\n<\/div><\/div>\n\n<div class=\"gb-container gb-container-a15ea680\"><div class=\"gb-inside-container\">\n\n<h2 class=\"wp-block-heading header-underline-red\"><strong>Le service d\u2019envois de colis vers l\u2019international pour le e-commerce le moins cher de Suisse<\/strong><\/h2>\n\n<\/div><\/div>\n\n<div class=\"gb-container gb-container-b6b8efee\"><div class=\"gb-inside-container\">\n\n<p>Profitez d\u00e8s \u00e0 pr\u00e9sent de l\u2019int\u00e9gration de notre nouveau prestataire Post.int qui utilise le r\u00e9seau postal et totalement adapt\u00e9 pour des envois \u00e9conomiques de colis depuis la Suisse.<\/p>\n\n<\/div><\/div>\n\n<div class=\"gb-container gb-container-215f72e7\"><div class=\"gb-inside-container\">\n\n<p>Le pick up se fait sur demande gr\u00e2ce \u00e0 notre partenaire TNT, vous permettant d\u2019accumuler les colis et de les envoyer en m\u00eame temps : certaines soci\u00e9t\u00e9s pr\u00e9f\u00e8rent deux enl\u00e8vements par semaine, quand d\u2019autres en choisissent un par jour, c\u2019est vous qui d\u00e9cidez en fonction de votre activit\u00e9.<\/p>\n\n<\/div><\/div>\n\n<div class=\"gb-container gb-container-108f72a3\"><div class=\"gb-inside-container\">\n\n<h2 class=\"wp-block-heading header-underline-red\"><strong>Que faire si mes colis sont perdus \/ endommag\u00e9s?<\/strong><\/h2>\n\n<\/div><\/div>\n\n<div class=\"gb-container gb-container-0811bbe9\"><div class=\"gb-inside-container\">\n\n<p>Notre partenaire AXA est l\u00e0 pour vous ! Vous avez la possibilit\u00e9 d\u2019<a href=\"https:\/\/www.expedismart.ch\/pages\/infos-pratiques\/assurance-et-remboursement\/colis-endommage\/\" target=\"_blank\" rel=\"noreferrer noopener\">assurer chaque colis<\/a>&nbsp;express avant l\u2019envoi vers l\u2019\u00e9tranger pour seulement 1% de la valeur d\u00e9clar\u00e9e du colis : si vous d\u00e9clarez un bien \u00e0 2000 CHF, vous pourrez assurer l\u2019envoi pour une valeur de 20 CHF. En cas de colis perdu ou endommag\u00e9, vous serez rembours\u00e9s sur le d\u00e9claratif.<\/p>\n\n<\/div><\/div>\n\n<div class=\"gb-container gb-container-7816fc64 commercial-invoice\"><div class=\"gb-inside-container\">\n<div class=\"gb-container gb-container-a9c937ca\"><div class=\"gb-inside-container\">\n\n<h2 class=\"wp-block-heading header-underline-white\"><strong>Le comparateur FedEx, TNT, UPS et Aramex en r\u00e9sum\u00e9?<\/strong><\/h2>\n\n\n<div class=\"gb-container gb-container-b2191a2a\"><div class=\"gb-inside-container\">\n\n<p>Pour r\u00e9sumer, Expedismart c\u2019est:<\/p>\n\n<\/div><\/div>\n<\/div><\/div>\n\n<div class=\"gb-container gb-container-4c990c48\"><div class=\"gb-inside-container\">\n\n<ul class=\"wp-block-list\">\n<li>Une cr\u00e9ation de compte gratuite ;<\/li>\n\n\n\n<li>Des tarifs r\u00e9duits sur des envois de lettres et de colis \u00e0 l\u2019international sans engagement ;<\/li>\n\n\n\n<li>Une offre adapt\u00e9e aux sites de e-commerce : profitez du r\u00e9seau de La Poste et de ses tarifs coupl\u00e9s \u00e0 l\u2019enl\u00e8vement de vos colis au sein de votre soci\u00e9t\u00e9 ;<\/li>\n\n\n\n<li>Des envois pas chers depuis la Suisse ;<\/li>\n\n\n\n<li>Un gain de temps lors de la r\u00e9servation (quelques minutes seulement) ;<\/li>\n\n\n\n<li>Un service client sans frais suppl\u00e9mentaire bas\u00e9 \u00e0 Gen\u00e8ve qui s\u2019occupe du suivi du tracking de vos envois ainsi que de la gestion des colis bloqu\u00e9s en douane.<\/li>\n<\/ul>\n\n<\/div><\/div>\n<\/div><\/div>\n<\/div><\/div><\/div>\n\n<div class=\"gb-grid-column gb-grid-column-51b8048d\"><div class=\"gb-container gb-container-51b8048d\"><div class=\"gb-inside-container\"><\/div><\/div><\/div>\n<\/div>\n\n\n<div class=\"wp-block-group alignfull margin-top:30px has-base-background-color has-background has-medium-font-size\"><div class=\"wp-block-group__inner-container is-layout-flow wp-block-group-is-layout-flow\"><div class=\"gb-button-wrapper gb-button-wrapper-385aab1f\">\n\n<a class=\"gb-button gb-button-a9cc083f gb-button-text special_red_button_gp\" href=\"\/\" target=\"_blank\" rel=\"noopener noreferrer\" id=\"compare-prices-3\"><strong>Envoyez vos colis en toute s\u00e9curit\u00e9<\/strong><\/a>\n\n<\/div><\/div><\/div>\n","protected":false},"excerpt":{"rendered":"<p>Quelle solution logistique pour le e-commerce depuis la Suisse?<\/p>\n","protected":false},"author":2,"featured_media":0,"parent":4653,"menu_order":0,"comment_status":"closed","ping_status":"closed","template":"","meta":{"_seopress_robots_primary_cat":"","_seopress_titles_title":"Quelle solution logistique pour le e-commerce depuis la Suisse?","_seopress_titles_desc":"\r\nGestion des colis bloqu\u00e9s en douane : Solutions logistiques pour le e-commerce depuis la Suisse","_seopress_robots_index":"","inline_featured_image":false,"footnotes":""},"class_list":["post-5670","page","type-page","status-publish"],"_links":{"self":[{"href":"https:\/\/www.expedismart.ch\/pages\/wp-json\/wp\/v2\/pages\/5670","targetHints":{"allow":["GET"]}}],"collection":[{"href":"https:\/\/www.expedismart.ch\/pages\/wp-json\/wp\/v2\/pages"}],"about":[{"href":"https:\/\/www.expedismart.ch\/pages\/wp-json\/wp\/v2\/types\/page"}],"author":[{"embeddable":true,"href":"https:\/\/www.expedismart.ch\/pages\/wp-json\/wp\/v2\/users\/2"}],"replies":[{"embeddable":true,"href":"https:\/\/www.expedismart.ch\/pages\/wp-json\/wp\/v2\/comments?post=5670"}],"version-history":[{"count":2,"href":"https:\/\/www.expedismart.ch\/pages\/wp-json\/wp\/v2\/pages\/5670\/revisions"}],"predecessor-version":[{"id":7464,"href":"https:\/\/www.expedismart.ch\/pages\/wp-json\/wp\/v2\/pages\/5670\/revisions\/7464"}],"up":[{"embeddable":true,"href":"https:\/\/www.expedismart.ch\/pages\/wp-json\/wp\/v2\/pages\/4653"}],"wp:attachment":[{"href":"https:\/\/www.expedismart.ch\/pages\/wp-json\/wp\/v2\/media?parent=5670"}],"curies":[{"name":"wp","href":"https:\/\/api.w.org\/{rel}","templated":true}]}}