{"id":5624,"date":"2023-01-24T18:35:45","date_gmt":"2023-01-24T18:35:45","guid":{"rendered":"https:\/\/www.expedismart.ch\/pages\/?page_id=5624"},"modified":"2023-03-14T13:47:22","modified_gmt":"2023-03-14T13:47:22","slug":"retard-coursier","status":"publish","type":"page","link":"https:\/\/www.expedismart.ch\/pages\/infos-pratiques\/envoi\/retard-coursier\/","title":{"rendered":"retard coursier"},"content":{"rendered":"\n<h1 class=\"gb-headline gb-headline-e4f7b0a9 gb-headline-text\">Vous attendez le coursier? Comment \u00e9viter qu&#8217;il n&#8217;arrive en retard<\/h1>\n\n\n<div class=\"gb-container gb-container-4ca4c369\"><div class=\"gb-inside-container\">\n\n<figure class=\"wp-block-image alignfull size-large is-style-default\"><img decoding=\"async\" width=\"1024\" height=\"227\" src=\"https:\/\/www.expedismart.ch\/pages\/wp-content\/uploads\/2023\/01\/waiting_courier-1024x227.webp\" alt=\"Vous attendez le coursier? Comment \u00e9viter qu'il n'arrive en retard\" class=\"wp-image-5617\" srcset=\"https:\/\/www.expedismart.ch\/pages\/wp-content\/uploads\/2023\/01\/waiting_courier-1024x227.webp 1024w, https:\/\/www.expedismart.ch\/pages\/wp-content\/uploads\/2023\/01\/waiting_courier-300x67.webp 300w, https:\/\/www.expedismart.ch\/pages\/wp-content\/uploads\/2023\/01\/waiting_courier-768x170.webp 768w, https:\/\/www.expedismart.ch\/pages\/wp-content\/uploads\/2023\/01\/waiting_courier-1536x341.webp 1536w, https:\/\/www.expedismart.ch\/pages\/wp-content\/uploads\/2023\/01\/waiting_courier.webp 1920w\" sizes=\"(max-width: 1024px) 100vw, 1024px\" \/><\/figure>\n\n<\/div><\/div>\n\n\n<div class=\"wp-block-group alignfull margin-top:30px button_link_exp has-base-background-color has-background has-large-font-size\"><div class=\"wp-block-group__inner-container is-layout-flow wp-block-group-is-layout-flow\"><div class=\"gb-button-wrapper gb-button-wrapper-23b9fd11\">\n\n<a class=\"gb-button gb-button-c29a233a gb-button-text special_red_button_gp\" href=\"\/\" target=\"_blank\" rel=\"noopener noreferrer\" id=\"compare-prices-1\"><strong>Exp\u00e9diez vos marchandises en Express depuis Expedismart<\/strong><\/a>\n\n<\/div><\/div><\/div>\n\n\n<div class=\"gb-grid-wrapper gb-grid-wrapper-9335b011\">\n<div class=\"gb-grid-column gb-grid-column-124dd388\"><div class=\"gb-container gb-container-124dd388\"><div class=\"gb-inside-container\"><\/div><\/div><\/div>\n\n<div class=\"gb-grid-column gb-grid-column-b401532d\"><div class=\"gb-container gb-container-b401532d\"><div class=\"gb-inside-container\">\n\n<h2 class=\"header-underline-red has-contrast-color has-text-color wp-block-heading\"><strong>Vous attendez le coursier? <\/strong><br><strong>Comment \u00e9viter qu&#8217;il n&#8217;arrive en retard<\/strong><\/h2>\n\n<\/div><\/div><\/div>\n\n<div class=\"gb-grid-column gb-grid-column-f718cc8e\"><div class=\"gb-container gb-container-f718cc8e\"><div class=\"gb-inside-container\"><\/div><\/div><\/div>\n<\/div>\n\n<div class=\"gb-grid-wrapper gb-grid-wrapper-7139b796\">\n<div class=\"gb-grid-column gb-grid-column-f16ee891\"><div class=\"gb-container gb-container-f16ee891\"><div class=\"gb-inside-container\"><\/div><\/div><\/div>\n\n<div class=\"gb-grid-column gb-grid-column-fa585d50\"><div class=\"gb-container gb-container-fa585d50\"><div class=\"gb-inside-container\">\n<div class=\"gb-container gb-container-6c7c0ad8\"><div class=\"gb-inside-container\">\n\n<p>Votre courrier ou votre colis doit absolument partir aujourd&#8217;hui sous peine de ne pas \u00eatre livr\u00e9 dans les d\u00e9lais? Encore faut-il que le coursier passe chez vous le prendre. Voici quelques conseils pour \u00eatre presque CERTAIN que votre envoi sera enlev\u00e9 dans la journ\u00e9e<\/p>\n\n<\/div><\/div>\n\n<div class=\"gb-container gb-container-82e4b234\"><div class=\"gb-inside-container\">\n\n<h3 class=\"wp-block-heading\"><strong><strong><strong>R\u00e9servez votre envoi de pr\u00e9f\u00e9rence entre 9h00 et 13h00<\/strong><\/strong><\/strong><\/h3>\n\n<\/div><\/div>\n\n<div class=\"gb-container gb-container-67c44f4c\"><div class=\"gb-inside-container\">\n\n<p>Pourquoi? Simplement parce qu&#8217;en cas d&#8217;impr\u00e9vu (ce qui peut arriver pour une camionnette qui circule sur une route) le chauffeur a le temps de vous contacter pour vous pr\u00e9venir et convenir avec vous d&#8217;un autre moment.<\/p>\n\n<\/div><\/div>\n\n<div class=\"gb-container gb-container-ee65bc38\"><div class=\"gb-inside-container\">\n\n<h3 class=\"wp-block-heading\"><strong><strong><strong>V\u00e9rifiez ou vous vous trouvez<\/strong><\/strong><\/strong><\/h3>\n\n<\/div><\/div>\n\n<div class=\"gb-container gb-container-ae890e8e\"><div class=\"gb-inside-container\">\n\n<p>Si vous vous trouvez proche d&#8217;une grande ville de Suisse, les transporteurs vous laisserons plus de temps pour effectuer une r\u00e9servation, par exemple jusqu&#8217;\u00e0 18h. En revanche, si vous vous trouvez dans une zone plus \u00e9loign\u00e9e, il se peut que l&#8217;heure limite de r\u00e9servation soit 14h. Lorsque vous faites un test de prix sur Expedismart, vous pouvez voir l&#8217;heure limite \u00e0 laquelle vous pouvez r\u00e9server.<\/p>\n\n<\/div><\/div>\n\n<div class=\"gb-container gb-container-66777df0\"><div class=\"gb-inside-container\">\n\n<h3 class=\"wp-block-heading\"><strong><strong><strong>Donne-lui un maximum d&#8217;informations<\/strong><\/strong><\/strong><\/h3>\n\n<\/div><\/div>\n\n<div class=\"gb-container gb-container-d7fc011d\"><div class=\"gb-inside-container\">\n\n<p>Pensez que les chauffeurs sont press\u00e9s, les clients leurs demandent d&#8217;\u00eatre l\u00e0 tr\u00e8s rapidement. Pensez \u00e0 leur donner toutes les informations possibles lors de votre r\u00e9servation. Code de la porte d&#8217;entr\u00e9e, n\u00b0d&#8217;\u00e9tage, num\u00e9ro de t\u00e9l\u00e9phone. Le but est de lui faciliter la vie et surtout d&#8217;\u00e9viter qu&#8217;il ne reparte sas votre courrier ou votre colis<\/p>\n\n<\/div><\/div>\n\n<div class=\"gb-container gb-container-6a6499c0\"><div class=\"gb-inside-container\">\n\n<h3 class=\"wp-block-heading\"><strong><strong><strong>Laissez-lui une fourchette d&#8217;horaires suffisamment longue<\/strong><\/strong><\/strong><\/h3>\n\n<\/div><\/div>\n\n<div class=\"gb-container gb-container-12e8eb1c\"><div class=\"gb-inside-container\">\n\n<p>Deux heures, c&#8217;est le temps minimum que vous devez pr\u00e9voir pour que l&#8217;enl\u00e8vement soit valid\u00e9 par le transporteur lors de votre r\u00e9servation. Si vous \u00eatre pr\u00e9sent toute la journ\u00e9e, n&#8217;h\u00e9sitez pas \u00e0 mettre une fourchette de temps beaucoup plus longue, mais nous vous conseillons un &#8220;closing time&#8221; d&#8217;au maximum une heure avant la fin de l&#8217;heure limite.<\/p>\n\n<\/div><\/div>\n\n<div class=\"gb-container gb-container-66269bc8\"><div class=\"gb-inside-container\">\n\n<p><strong>NB: les coursier prennent souvent leur pause entre 13h00 et 15h00. Si vous choisissez cette tranche horaire, il y a plus de chance que celui-ci appelle pour d\u00e9caler l&#8217;enl\u00e8vement.<\/strong><\/p>\n\n<\/div><\/div>\n\n<div class=\"gb-container gb-container-339fe336\"><div class=\"gb-inside-container\">\n\n<p><strong>Tant que l&#8217;envoi arrive avant 18h00 au d\u00e9p\u00f4t du transporteur, votre envoi partira le jour-m\u00eame.<br><\/strong><\/p>\n\n<\/div><\/div>\n<\/div><\/div><\/div>\n\n<div class=\"gb-grid-column gb-grid-column-e373b842\"><div class=\"gb-container gb-container-e373b842\"><div class=\"gb-inside-container\"><\/div><\/div><\/div>\n<\/div>\n\n\n<div class=\"wp-block-group alignfull margin-top:30px button_link_exp has-base-background-color has-background has-large-font-size\"><div class=\"wp-block-group__inner-container is-layout-flow wp-block-group-is-layout-flow\"><div class=\"gb-button-wrapper gb-button-wrapper-289f742d\">\n\n<a class=\"gb-button gb-button-c9f14dcb gb-button-text special_red_button_gp\" href=\"\/\" target=\"_blank\" rel=\"noopener noreferrer\" id=\"compare-prices-1\"><strong>Exp\u00e9diez vos marchandises en Express depuis Expedismart<\/strong><\/a>\n\n<\/div><\/div><\/div>\n","protected":false},"excerpt":{"rendered":"<p>Vous attendez le coursier? Comment \u00e9viter qu&#8217;il n&#8217;arrive en retard<\/p>\n","protected":false},"author":2,"featured_media":0,"parent":4641,"menu_order":0,"comment_status":"closed","ping_status":"closed","template":"","meta":{"_seopress_robots_primary_cat":"","_seopress_titles_title":"Comment \u00e9viter un retard du coursier?","_seopress_titles_desc":"","_seopress_robots_index":"","inline_featured_image":false,"footnotes":""},"class_list":["post-5624","page","type-page","status-publish"],"_links":{"self":[{"href":"https:\/\/www.expedismart.ch\/pages\/wp-json\/wp\/v2\/pages\/5624","targetHints":{"allow":["GET"]}}],"collection":[{"href":"https:\/\/www.expedismart.ch\/pages\/wp-json\/wp\/v2\/pages"}],"about":[{"href":"https:\/\/www.expedismart.ch\/pages\/wp-json\/wp\/v2\/types\/page"}],"author":[{"embeddable":true,"href":"https:\/\/www.expedismart.ch\/pages\/wp-json\/wp\/v2\/users\/2"}],"replies":[{"embeddable":true,"href":"https:\/\/www.expedismart.ch\/pages\/wp-json\/wp\/v2\/comments?post=5624"}],"version-history":[{"count":3,"href":"https:\/\/www.expedismart.ch\/pages\/wp-json\/wp\/v2\/pages\/5624\/revisions"}],"predecessor-version":[{"id":6781,"href":"https:\/\/www.expedismart.ch\/pages\/wp-json\/wp\/v2\/pages\/5624\/revisions\/6781"}],"up":[{"embeddable":true,"href":"https:\/\/www.expedismart.ch\/pages\/wp-json\/wp\/v2\/pages\/4641"}],"wp:attachment":[{"href":"https:\/\/www.expedismart.ch\/pages\/wp-json\/wp\/v2\/media?parent=5624"}],"curies":[{"name":"wp","href":"https:\/\/api.w.org\/{rel}","templated":true}]}}