{"id":5170,"date":"2023-01-19T12:02:45","date_gmt":"2023-01-19T12:02:45","guid":{"rendered":"https:\/\/www.expedismart.ch\/pages\/?page_id=5170"},"modified":"2023-03-23T09:09:54","modified_gmt":"2023-03-23T09:09:54","slug":"envoi-pas-cher","status":"publish","type":"page","link":"https:\/\/www.expedismart.ch\/pages\/infos-pratiques\/envoi\/envoi-pas-cher\/","title":{"rendered":"envoi pas cher"},"content":{"rendered":"\n<h1 class=\"gb-headline gb-headline-e4f7b0a9 gb-headline-text\">Comment envoyer un colis pas cher depuis la Suisse?<\/h1>\n\n\n<div class=\"gb-container gb-container-4ca4c369\"><div class=\"gb-inside-container\">\n\n<figure class=\"wp-block-image alignfull size-large is-style-default\"><img decoding=\"async\" width=\"1024\" height=\"227\" src=\"https:\/\/www.expedismart.ch\/pages\/wp-content\/uploads\/2023\/01\/original_grosser-aletsch-glacier-2808275_1921-1024x227.webp\" alt=\"\" class=\"wp-image-5367\" srcset=\"https:\/\/www.expedismart.ch\/pages\/wp-content\/uploads\/2023\/01\/original_grosser-aletsch-glacier-2808275_1921-1024x227.webp 1024w, https:\/\/www.expedismart.ch\/pages\/wp-content\/uploads\/2023\/01\/original_grosser-aletsch-glacier-2808275_1921-300x67.webp 300w, https:\/\/www.expedismart.ch\/pages\/wp-content\/uploads\/2023\/01\/original_grosser-aletsch-glacier-2808275_1921-768x170.webp 768w, https:\/\/www.expedismart.ch\/pages\/wp-content\/uploads\/2023\/01\/original_grosser-aletsch-glacier-2808275_1921-1536x341.webp 1536w, https:\/\/www.expedismart.ch\/pages\/wp-content\/uploads\/2023\/01\/original_grosser-aletsch-glacier-2808275_1921.webp 1920w\" sizes=\"(max-width: 1024px) 100vw, 1024px\" \/><\/figure>\n\n<\/div><\/div>\n\n<div class=\"gb-grid-wrapper gb-grid-wrapper-9335b011\">\n<div class=\"gb-grid-column gb-grid-column-124dd388\"><div class=\"gb-container gb-container-124dd388\"><div class=\"gb-inside-container\"><\/div><\/div><\/div>\n\n<div class=\"gb-grid-column gb-grid-column-b401532d\"><div class=\"gb-container gb-container-b401532d\"><div class=\"gb-inside-container\"><\/div><\/div><\/div>\n\n<div class=\"gb-grid-column gb-grid-column-f718cc8e\"><div class=\"gb-container gb-container-f718cc8e\"><div class=\"gb-inside-container\"><\/div><\/div><\/div>\n<\/div>\n\n<div class=\"gb-grid-wrapper gb-grid-wrapper-7139b796\">\n<div class=\"gb-grid-column gb-grid-column-f16ee891\"><div class=\"gb-container gb-container-f16ee891\"><div class=\"gb-inside-container\"><\/div><\/div><\/div>\n\n<div class=\"gb-grid-column gb-grid-column-fa585d50\"><div class=\"gb-container gb-container-fa585d50\"><div class=\"gb-inside-container\">\n\n<p>Vous \u00eates une&nbsp;<strong>PME Suisse<\/strong>&nbsp;ou un<strong>&nbsp;particulier<\/strong>? Saviez-vous qu&#8217;il existait de nombreuses options qui s\u2019offrent \u00e0 vous lorsqu&#8217;il&nbsp;s\u2019agit de faire un envoi de colis. Alors si vous cherchez \u00e0 trouver le meilleur moyen d\u2019envoyer un colis en Suisse ou \u00e0 l&#8217;\u00e9tranger en b\u00e9n\u00e9ficiant d&#8217;excellents tarifs, cet article est fait pour vous.<\/p>\n\n<\/div><\/div><\/div>\n\n<div class=\"gb-grid-column gb-grid-column-e373b842\"><div class=\"gb-container gb-container-e373b842\"><div class=\"gb-inside-container\"><\/div><\/div><\/div>\n<\/div>\n\n\n<div class=\"wp-block-group alignfull margin-top:30px button_link_exp has-base-background-color has-background has-large-font-size\"><div class=\"wp-block-group__inner-container is-layout-flow wp-block-group-is-layout-flow\"><div class=\"gb-button-wrapper gb-button-wrapper-289f742d\">\n\n<a class=\"gb-button gb-button-c9f14dcb gb-button-text special_red_button_gp\" href=\"\/\" target=\"_blank\" rel=\"noopener noreferrer\" id=\"compare-prices-1\"><strong>Comparez en direct les prix des transports<\/strong><\/a>\n\n<\/div><\/div><\/div>\n\n\n<div class=\"gb-grid-wrapper gb-grid-wrapper-eb6a6c34\">\n<div class=\"gb-grid-column gb-grid-column-dc3bd0f4\"><div class=\"gb-container gb-container-dc3bd0f4\"><div class=\"gb-inside-container\"><\/div><\/div><\/div>\n\n<div class=\"gb-grid-column gb-grid-column-cc9e5cc3\"><div class=\"gb-container gb-container-cc9e5cc3\"><div class=\"gb-inside-container\">\n<div class=\"gb-container gb-container-82e4b234\"><div class=\"gb-inside-container\">\n\n<h2 class=\"header-underline-red wp-block-heading\"><strong>Premi\u00e8re Option:<br><mark style=\"background-color:rgba(0, 0, 0, 0)\" class=\"has-inline-color has-red-exp-color\">la Poste,&nbsp;pour les envois de petits colis en Suisse<\/mark><\/strong><\/h2>\n\n<\/div><\/div>\n\n\n<p>Les services postaux&nbsp;suisses sont reconnus pour leur fiabilit\u00e9 et leur taux de perte inf\u00e9rieur \u00e0 0.1% quand on consid\u00e8re que la Poste a exp\u00e9di\u00e9 plus de 120 millions de colis l\u2019ann\u00e9e pass\u00e9e. Voici les diff\u00e9rents services que propose la Poste pour les envois en Suisse:<\/p>\n\n\n<div class=\"gb-container gb-container-2d04cbec\"><div class=\"gb-inside-container\">\n<div class=\"wp-block-image\">\n<figure class=\"aligncenter size-full is-resized\"><img decoding=\"async\" src=\"https:\/\/www.expedismart.ch\/pages\/wp-content\/uploads\/2023\/01\/One_fr_1.webp\" alt=\"\" class=\"wp-image-5200\" width=\"521\" height=\"398\" srcset=\"https:\/\/www.expedismart.ch\/pages\/wp-content\/uploads\/2023\/01\/One_fr_1.webp 386w, https:\/\/www.expedismart.ch\/pages\/wp-content\/uploads\/2023\/01\/One_fr_1-300x229.webp 300w\" sizes=\"(max-width: 521px) 100vw, 521px\" \/><\/figure>\n<\/div>\n<\/div><\/div>\n\n<div class=\"gb-container gb-container-302bea57\"><div class=\"gb-inside-container\">\n\n<ul class=\"wp-block-list\">\n<li>PostPac PRIORITY (<em>source: www.post.ch<\/em>)<\/li>\n<\/ul>\n\n<\/div><\/div>\n\n<div class=\"gb-container gb-container-8989eca8\"><div class=\"gb-inside-container\">\n<div class=\"wp-block-image\">\n<figure class=\"aligncenter size-full is-resized\"><img decoding=\"async\" src=\"https:\/\/www.expedismart.ch\/pages\/wp-content\/uploads\/2023\/01\/One_fr_2.webp\" alt=\"\" class=\"wp-image-5203\" width=\"521\" height=\"397\" srcset=\"https:\/\/www.expedismart.ch\/pages\/wp-content\/uploads\/2023\/01\/One_fr_2.webp 387w, https:\/\/www.expedismart.ch\/pages\/wp-content\/uploads\/2023\/01\/One_fr_2-300x229.webp 300w\" sizes=\"(max-width: 521px) 100vw, 521px\" \/><\/figure>\n<\/div>\n<\/div><\/div>\n\n<div class=\"gb-container gb-container-583de58e\"><div class=\"gb-inside-container\">\n\n<ul class=\"wp-block-list\">\n<li>Postpac ECONOMY (<em>source: www.post.ch<\/em>)<\/li>\n<\/ul>\n\n<\/div><\/div>\n\n<div class=\"gb-container gb-container-9ff86be1\"><div class=\"gb-inside-container\">\n\n<p>Comme pour le PostPac ECONOMY, il vous faut&nbsp;<strong>ajouter \u00e0 cela 2 francs pour la remise contre signature<\/strong>. Ces services d\u2019envois postaux contresignatures sont tr\u00e8s utiles pour les envois de colis pour les entreprises. En effet, \u00e9conomiser sur les envois de colis, c\u2019est tr\u00e8s bien, mais parfois, mieux vaut payer quelques francs de plus et obtenir une garantie suppl\u00e9mentaire que le colis sera livr\u00e9 \u00e0 la bonne personne.<\/p>\n\n<\/div><\/div>\n\n<div class=\"gb-container gb-container-920e8d0f\"><div class=\"gb-inside-container\">\n\n<p>La Poste ne prend pas en charge les colis pour des envois en Suisse de plus de 30 kg, il vous faudra utiliser un transporteur priv\u00e9 pour cela. Expedismart.ch vous propose d&#8217;excellent prix pour les envois de gros colis en Suisse.<\/p>\n\n<\/div><\/div>\n<\/div><\/div><\/div>\n\n<div class=\"gb-grid-column gb-grid-column-d4e39d2d\"><div class=\"gb-container gb-container-d4e39d2d\"><div class=\"gb-inside-container\"><\/div><\/div><\/div>\n<\/div>\n\n\n<div class=\"wp-block-group alignfull margin-top:30px has-base-background-color has-background has-large-font-size\"><div class=\"wp-block-group__inner-container is-layout-flow wp-block-group-is-layout-flow\"><div class=\"gb-button-wrapper gb-button-wrapper-e1aeeb32\">\n\n<a class=\"gb-button gb-button-9118eb2e gb-button-text special_red_button_gp\" href=\"\/\" target=\"_blank\" rel=\"noopener noreferrer\" id=\"compare-prices-2\"><strong>Envoyez votre colis depuis la Suisse \u00e0 tr\u00e8s bon prix<\/strong><\/a>\n\n<\/div><\/div><\/div>\n\n\n<div class=\"gb-grid-wrapper gb-grid-wrapper-61a5a940 red-line-overflow\">\n<div class=\"gb-grid-column gb-grid-column-b3e310c4\"><div class=\"gb-container gb-container-b3e310c4\"><div class=\"gb-inside-container\"><\/div><\/div><\/div>\n\n<div class=\"gb-grid-column gb-grid-column-2fc51738\"><div class=\"gb-container gb-container-2fc51738 header-margin-bottom-parent\"><div class=\"gb-inside-container\">\n<div class=\"gb-container gb-container-2df7f4a7\"><div class=\"gb-inside-container\">\n\n<h2 class=\"header-underline-red wp-block-heading\"><strong>Seconde option:<\/strong><br><strong><mark style=\"background-color:rgba(0, 0, 0, 0)\" class=\"has-inline-color has-red-exp-color\">Les transporteurs internationaux pour les envois \u00e0 l\u2019\u00e9tranger<\/mark><\/strong><\/h2>\n\n<\/div><\/div>\n\n<div class=\"gb-container gb-container-53173bbc\"><div class=\"gb-inside-container\">\n<div class=\"gb-container gb-container-df027109\"><div class=\"gb-inside-container\">\n\n<p><strong>En revanche pour les envois internationaux, ce n\u2019est plus la Poste Suisse qui va s\u2019occuper de prendre en charge vos colis mais les postes locales.<\/strong>&nbsp;Si votre colis se perd, quel que soit le prix que vous aurez pay\u00e9, vous aurez pay\u00e9 trop cher la livraison de votre colis<strong>.<\/strong><\/p>\n\n<\/div><\/div>\n\n<div class=\"gb-container gb-container-0778ffd9\"><div class=\"gb-inside-container\">\n\n<p>Il existe des&nbsp;<strong>avantages<\/strong>&nbsp;\u00e0 utiliser les transporteurs priv\u00e9s pour les envois de colis&nbsp;\u00e0 l\u2019\u00e9tranger. D&#8217;abord&nbsp;<strong>la fiabilit\u00e9&nbsp;<\/strong>: les transporteurs poss\u00e8dent leur propre r\u00e9seau routier et fret a\u00e9rien, ce qui garantit un excellent suivi de l\u2019envoi jusqu\u2019\u00e0 la livraison du colis \u00e0 domicile dans le pays de destination. Second avantage, le&nbsp;<strong>pickup \u00e0 domicile<\/strong>&nbsp;: quel que soit le transporteur choisi, l\u2019enl\u00e8vement du colis se fait directement au bureau ou \u00e0 domicile dans la tranche horaire que vous aurez choisie, ce qui \u00e9vite de se d\u00e9placer \u00e0 la Poste et une attente interminable au guichet. C\u2019est pour ce type d\u2019envois qu\u2019il existe de grands groupes de transporteurs internationaux dont les plus connus sont&nbsp;:<\/p>\n\n<\/div><\/div>\n<\/div><\/div>\n\n<div class=\"gb-container gb-container-f8e550d6 holidays-of-countries \"><div class=\"gb-inside-container\">\n<div class=\"gb-container gb-container-eef283e4\"><div class=\"gb-inside-container\"><\/div><\/div>\n\n<div class=\"gb-container gb-container-fb43e401\"><div class=\"gb-inside-container\">\n<div class=\"gb-grid-wrapper gb-grid-wrapper-7b12cbc0\">\n<div class=\"gb-grid-column gb-grid-column-682b5c6e\"><div class=\"gb-container gb-container-682b5c6e ul-red-dots\"><div class=\"gb-inside-container\">\n\n<ul class=\"wp-block-list\">\n<li>DHL<\/li>\n\n\n\n<li>FedEx<\/li>\n\n\n\n<li>UPS<\/li>\n\n\n\n<li>TNT<\/li>\n\n\n\n<li>DPD<\/li>\n\n\n\n<li>Aramex<\/li>\n<\/ul>\n\n<\/div><\/div><\/div>\n<\/div>\n<\/div><\/div>\n<\/div><\/div>\n\n<div class=\"gb-container gb-container-023d7593\"><div class=\"gb-inside-container\">\n\n<p>Chaque transporteur poss\u00e8de des points forts dans des endroits pr\u00e9cis dans le monde. Par exemple, DHL est tr\u00e8s efficace pour les envois de colis en Afrique. FedEx et UPS poss\u00e8dent un excellent r\u00e9seau de distribution en Am\u00e9rique du Nord et du Sud. Pensez \u00e0 eux pour vos envois de colis aux USA.&nbsp;En ce qui concerne les envois de colis en Europe, TNT offre un excellent service.<\/p>\n\n<\/div><\/div>\n\n<div class=\"gb-container gb-container-f97cbe6f\"><div class=\"gb-inside-container\">\n\n<p>Connaissez-vous Aramex&nbsp;? Si vous avez des envois pour le Moyen-Orient, sachez qu\u2019 Aramex est sp\u00e9cialis\u00e9 dans ce type d\u2019envois. Ces transporteurs internationaux proposent des services tr\u00e8s fiables<strong>, mais comment faire pour les utiliser en payant moins cher?<\/strong><\/p>\n\n<\/div><\/div>\n\n<div class=\"gb-container gb-container-c004cd65\"><div class=\"gb-inside-container\">\n\n<p>Expedismart.ch permet aux entreprises qui r\u00e9alisent&nbsp;peu d\u2019envois mais aussi aux particuliers de b\u00e9n\u00e9ficier de rabais jusqu&#8217;\u00e0 -70% du&nbsp;prix public propos\u00e9 par les transporteurs. Cela est possible gr\u00e2ce \u00e0 la masse d\u2019envoi r\u00e9alis\u00e9 par Expedismart.ch qui lui permet de n\u00e9gocier des rabais li\u00e9s aux volumes aupr\u00e8s de chaque transporteur.<\/p>\n\n<\/div><\/div>\n\n<div class=\"gb-container gb-container-0546cfb9\"><div class=\"gb-inside-container\">\n\n<h3 class=\"header-underline-red wp-block-heading\"><strong>Comment emballer mon colis pour \u00e9conomiser sur les frais d&#8217;envois?<\/strong><\/h3>\n\n<\/div><\/div>\n\n<div class=\"gb-container gb-container-01dca540 holidays-of-countries commercial-invoice\"><div class=\"gb-inside-container\">\n<div class=\"gb-container gb-container-86b7eb2f\"><div class=\"gb-inside-container\">\n\n<p>Le plus important est de choisir un emballage bien adapt\u00e9 \u00e0 votre marchandise:<\/p>\n\n<\/div><\/div>\n\n<div class=\"gb-container gb-container-8aac6115\"><div class=\"gb-inside-container\">\n<div class=\"gb-grid-wrapper gb-grid-wrapper-c9b9386e\">\n<div class=\"gb-grid-column gb-grid-column-6163e3bc\"><div class=\"gb-container gb-container-6163e3bc ul-red-dots\"><div class=\"gb-inside-container\">\n\n<ol class=\"wp-block-list\">\n<li>Pour emballer son colis par ses propres moyens, v\u00e9rifiez que l\u2019objet \u00e0 exp\u00e9dier est dispos\u00e9 dans un carton solide, rien ne doit d\u00e9passer de votre emballage.<\/li>\n\n\n\n<li>Vous pouvez utiliser des anciens cartons de d\u00e9m\u00e9nagement, un carton de votre derni\u00e8re commande Zalando ou Amazon<\/li>\n\n\n\n<li>Evitez les emballages avec des formes trop complexes et privil\u00e9giez directement les boites en carton.<\/li>\n\n\n\n<li>La marchandise doit \u00e9galement \u00eatre bien cal\u00e9e dans le carton. N\u2019h\u00e9sitez pas \u00e0 utiliser des vieux journaux pour l\u2019immobiliser.<\/li>\n\n\n\n<li>Prot\u00e9gez correctement les angles de votre colis<\/li>\n<\/ol>\n\n<\/div><\/div><\/div>\n<\/div>\n<\/div><\/div>\n<\/div><\/div>\n\n<div class=\"gb-container gb-container-99c97cf4 holidays-of-countries commercial-invoice\"><div class=\"gb-inside-container\">\n<div class=\"gb-container gb-container-3d1d59f6\"><div class=\"gb-inside-container\">\n\n<p>Si vous optez pour un carton pr\u00eat \u00e0 envoyer, plusieurs choix&nbsp;:<\/p>\n\n<\/div><\/div>\n\n<div class=\"gb-container gb-container-099994a3\"><div class=\"gb-inside-container\">\n<div class=\"gb-grid-wrapper gb-grid-wrapper-216459c2\">\n<div class=\"gb-grid-column gb-grid-column-d740fb1c\"><div class=\"gb-container gb-container-d740fb1c ul-red-dots\"><div class=\"gb-inside-container\">\n\n<ol class=\"wp-block-list\">\n<li>La Poste Suisse propose des emballages de diff\u00e9rents formats que vous pouvez acheter directement dans l\u2019office de poste le plus proche ou sur leur&nbsp;<a href=\"https:\/\/www.postshop.ch\/fr\/Produits\/Emballer-expedier\" target=\"_blank\" rel=\"noreferrer noopener\">site internet<\/a>. La livraison s&#8217;effectue sous 48h.<\/li>\n\n\n\n<li>Les transporteurs internationaux&nbsp;priv\u00e9s, DHL, TNT, FedEx, UPS, DPD, Aramex peuvent \u00e9galement vous fournir des cartons d\u2019exp\u00e9ditions gratuits si vous r\u00e9servez depuis Expedismart.ch.<\/li>\n<\/ol>\n\n<\/div><\/div><\/div>\n<\/div>\n<\/div><\/div>\n<\/div><\/div>\n\n<div class=\"gb-container gb-container-d078085f\"><div class=\"gb-inside-container\">\n\n<p>Pour \u00e9conomiser sur votre emballage vous devez \u00e9galement \u00eatre familier avec la notion de&nbsp;<strong>poids volum\u00e9trique.<\/strong>&nbsp;D\u00e9couvrez&nbsp;<a href=\"https:\/\/www.expedismart.ch\/pages\/infos-pratiques\/envoi\/envoi-pas-cher\/\" target=\"_blank\" rel=\"noreferrer noopener\">notre article sur la mani\u00e8re d&#8217;\u00e9conomiser sur votre envoi en calculant son poids volum\u00e9trique<\/a>. d&#8217;une exp\u00e9dition est un calcul qui exprime la densit\u00e9 d&#8217;un colis. Un article de faible densit\u00e9 peut occuper davantage d&#8217;espace par rapport \u00e0 son poids r\u00e9el. Le poids volum\u00e9trique est calcul\u00e9 puis compar\u00e9 au poids r\u00e9el de l&#8217;exp\u00e9dition pour identifier lequel est le plus important ; le poids sup\u00e9rieur sert au calcul du co\u00fbt de l&#8217;envoi.<\/p>\n\n<\/div><\/div>\n<\/div><\/div><\/div>\n\n<div class=\"gb-grid-column gb-grid-column-51b8048d\"><div class=\"gb-container gb-container-51b8048d\"><div class=\"gb-inside-container\"><\/div><\/div><\/div>\n<\/div>\n\n\n<div class=\"wp-block-group alignfull margin-top:30px has-base-background-color has-background has-large-font-size\"><div class=\"wp-block-group__inner-container is-layout-flow wp-block-group-is-layout-flow\"><div class=\"gb-button-wrapper gb-button-wrapper-385aab1f\">\n\n<a class=\"gb-button gb-button-a9cc083f gb-button-text special_red_button_gp\" href=\"\/\" target=\"_blank\" rel=\"noopener noreferrer\" id=\"compare-prices-3\"><strong>Exp\u00e9diez votre colis \u00e0 l&#8217;\u00e9tranger avec Expedismart<\/strong><\/a>\n\n<\/div><\/div><\/div>\n\n\n<div class=\"gb-grid-wrapper gb-grid-wrapper-123acdfb red-line-overflow\">\n<div class=\"gb-grid-column gb-grid-column-ee35e2c8\"><div class=\"gb-container gb-container-ee35e2c8\"><div class=\"gb-inside-container\"><\/div><\/div><\/div>\n\n<div class=\"gb-grid-column gb-grid-column-08eb2875\"><div class=\"gb-container gb-container-08eb2875 header-margin-bottom-parent\"><div class=\"gb-inside-container\">\n<div class=\"gb-container gb-container-f792ea00\"><div class=\"gb-inside-container\">\n\n<h2 class=\"header-underline-red wp-block-heading\"><strong>\u00c9conomiser sur ses envois,<\/strong><br><strong><mark style=\"background-color:rgba(0, 0, 0, 0)\" class=\"has-inline-color has-red-exp-color\">c&#8217;est surtout se poser les bonnes questions<\/mark><\/strong><\/h2>\n\n<\/div><\/div>\n\n<div class=\"gb-container gb-container-b36be8aa\"><div class=\"gb-inside-container\">\n\n<ul class=\"wp-block-list\">\n<li><strong>Est-ce un envoi national&nbsp;ou un envoi international&nbsp;?<\/strong><\/li>\n<\/ul>\n\n<\/div><\/div>\n\n<div class=\"gb-container gb-container-0def9de3\"><div class=\"gb-inside-container\">\n\n<p>Pour un envoi standard en suisse les services de la Poste sont certainement moins chers et tout aussi rapide qu\u2019un transporteur priv\u00e9. Pour un envoi \u00e0 l\u2019\u00e9tranger il est d\u00e9conseill\u00e9 d\u2019utiliser les services postaux, vous vous exposez \u00e0 la perte de votre colis ou \u00e0 des retards importants.<\/p>\n\n<\/div><\/div>\n\n<div class=\"gb-container gb-container-aa497afc\"><div class=\"gb-inside-container\">\n\n<ul class=\"wp-block-list\">\n<li><strong>Mon envoi est-il de grande valeur?<\/strong><\/li>\n<\/ul>\n\n<\/div><\/div>\n\n<div class=\"gb-container gb-container-6ce3df64\"><div class=\"gb-inside-container\">\n\n<p>Si oui, il est conseill\u00e9 d\u2019utiliser un transporteur priv\u00e9 et d\u2019assurer votre colis. Voir notre article sur les assurances de transport<\/p>\n\n<\/div><\/div>\n\n<div class=\"gb-container gb-container-27a9b41b\"><div class=\"gb-inside-container\">\n\n<ul class=\"wp-block-list\">\n<li><strong>Mon envoi est-il volumineux?<\/strong><\/li>\n<\/ul>\n\n<\/div><\/div>\n\n<div class=\"gb-container gb-container-46a4e658\"><div class=\"gb-inside-container\">\n\n<p>Si oui, ne pr\u00e9f\u00e9rez-vous pas faire appel \u00e0 un coursier qui viendra selon votre convenance, enlever votre colis \u00e0 domicile. Ce qui vous \u00e9vitera un trajet, dans un v\u00e9hicule adapt\u00e9. Tout le monde n\u2019a pas un utilitaire \u00e0 disposition.<\/p>\n\n<\/div><\/div>\n\n<div class=\"gb-container gb-container-501e8a08\"><div class=\"gb-inside-container\">\n\n<ul class=\"wp-block-list\">\n<li><strong>Mon colis fait-il plus de 30 kg?<\/strong><\/li>\n<\/ul>\n\n<\/div><\/div>\n\n<div class=\"gb-container gb-container-a4b8b05b\"><div class=\"gb-inside-container\">\n\n<p>Pour les envois de plus de 30 kg, la Poste ne les prend plus en charge. Regardez sur&nbsp;<a rel=\"noreferrer noopener\" href=\"https:\/\/www.expedismart.ch\/\" target=\"_blank\">Expedismart<\/a>&nbsp;et choisissez un transporteurs \u00e0 moindre co\u00fbts.<\/p>\n\n<\/div><\/div>\n\n<div class=\"gb-container gb-container-1b548dce\"><div class=\"gb-inside-container\">\n\n<h2 class=\"header-underline-red wp-block-heading\"><strong><mark style=\"background-color:rgba(0, 0, 0, 0)\" class=\"has-inline-color has-red-exp-color\"><strong>Mon colis est-il urgent?<\/strong><\/mark><\/strong><\/h2>\n\n<\/div><\/div>\n\n<div class=\"gb-container gb-container-bf1e8d59\"><div class=\"gb-inside-container\">\n\n<p>Nous vous proposons ici un exemple du prix d&#8217;un&nbsp;<strong>envoi de colis urgent pour la France&nbsp;avec la Poste suisse:<\/strong><\/p>\n\n<\/div><\/div>\n\n<div class=\"gb-container gb-container-7378709b\"><div class=\"gb-inside-container\">\n<div class=\"wp-block-image\">\n<figure class=\"aligncenter size-full is-resized\"><img decoding=\"async\" src=\"https:\/\/www.expedismart.ch\/pages\/wp-content\/uploads\/2023\/01\/urgent_fr_1.webp\" alt=\"\" class=\"wp-image-5218\" width=\"567\" height=\"441\" srcset=\"https:\/\/www.expedismart.ch\/pages\/wp-content\/uploads\/2023\/01\/urgent_fr_1.webp 386w, https:\/\/www.expedismart.ch\/pages\/wp-content\/uploads\/2023\/01\/urgent_fr_1-300x233.webp 300w\" sizes=\"(max-width: 567px) 100vw, 567px\" \/><figcaption class=\"wp-element-caption\"><em>source: www.post.ch<\/em><\/figcaption><\/figure>\n<\/div>\n<\/div><\/div>\n\n<div class=\"gb-container gb-container-9156b37b\"><div class=\"gb-inside-container\">\n\n<p>Et voici un exemple de prix que vous pouvez trouver sur&nbsp;<strong>Expedismart du prix d&#8217;un envoi de colis urgent pour la France<\/strong>, livr\u00e9 sour 24h, avec des transporteurs comme FedEx, UPS ou TNT:<\/p>\n\n<\/div><\/div>\n\n<div class=\"gb-container gb-container-c076dbc4\"><div class=\"gb-inside-container\">\n<div class=\"wp-block-image\">\n<figure class=\"aligncenter size-full is-resized\"><img decoding=\"async\" src=\"https:\/\/www.expedismart.ch\/pages\/wp-content\/uploads\/2023\/01\/urgent_fr_2.webp\" alt=\"\" class=\"wp-image-5221\" width=\"828\" height=\"383\" srcset=\"https:\/\/www.expedismart.ch\/pages\/wp-content\/uploads\/2023\/01\/urgent_fr_2.webp 490w, https:\/\/www.expedismart.ch\/pages\/wp-content\/uploads\/2023\/01\/urgent_fr_2-300x139.webp 300w\" sizes=\"(max-width: 828px) 100vw, 828px\" \/><\/figure>\n<\/div>\n<\/div><\/div>\n\n<div class=\"gb-container gb-container-1f9ca27a\"><div class=\"gb-inside-container\">\n\n<p>Expedismart peut&nbsp; proposer des prix attractifs avec des transporteurs express tels que FedEx, DHL, ou UPS car l&#8217;entreprise&nbsp;<strong>regroupe<\/strong>&nbsp;<strong>les envois de colis et de documents de milliers de PME suisses et de particuliers<\/strong>&nbsp;et n\u00e9gocie pour elles les prix que vous verrez affich\u00e9s sur le&nbsp;<a href=\"https:\/\/www.expedismart.ch\/\" target=\"_blank\" rel=\"noreferrer noopener\">comparateurs en ligne<\/a>. Tous les clients Expedismart b\u00e9n\u00e9ficient ainsi de prix comp\u00e9titifs et d&#8217;un&nbsp;<strong>service client \u00e0 l&#8217;\u00e9coute<\/strong>&nbsp;de leurs moindres questions en lien avec leurs exp\u00e9ditions. L&#8217;utilisation du site est totalement gratuite, les utilisateurs ne payent que le prix de l&#8217;envoi.<\/p>\n\n<\/div><\/div>\n\n<div class=\"gb-container gb-container-fa7657a5\"><div class=\"gb-inside-container\">\n\n<p>Important : \u00e9vitez&nbsp;les fausses \u00e9conomies. Il est des fois pr\u00e9f\u00e9rables de payer quelques francs de plus pour b\u00e9n\u00e9ficier d&#8217;une assurance. Sur Expedismart,&nbsp;<strong>vous pouvez assurer votre marchandise jusqu\u2019\u00e0&nbsp;une valeur d\u00e9clar\u00e9e de 100&#8217;000 CHF.<\/strong>&nbsp;Un colis perdu, endommag\u00e9 peut vous co\u00fbter beaucoup plus cher.<\/p>\n\n<\/div><\/div>\n<\/div><\/div><\/div>\n\n<div class=\"gb-grid-column gb-grid-column-e3aa4e02\"><div class=\"gb-container gb-container-e3aa4e02\"><div class=\"gb-inside-container\"><\/div><\/div><\/div>\n<\/div>\n\n\n<div class=\"wp-block-group alignfull margin-top:30px has-base-background-color has-background has-large-font-size\"><div class=\"wp-block-group__inner-container is-layout-flow wp-block-group-is-layout-flow\"><div class=\"gb-button-wrapper gb-button-wrapper-77e4fbd8\">\n\n<a class=\"gb-button gb-button-7a7a99fd gb-button-text special_red_button_gp\" href=\"\/\" target=\"_blank\" rel=\"noopener noreferrer\" id=\"compare-prices-4\"><strong>Exp\u00e9diez votre colis \u00e0 l&#8217;\u00e9tranger avec Expedismart<\/strong><\/a>\n\n<\/div><\/div><\/div>\n","protected":false},"excerpt":{"rendered":"<p>Comment envoyer un colis pas cher depuis la Suisse?<\/p>\n","protected":false},"author":2,"featured_media":0,"parent":4641,"menu_order":0,"comment_status":"closed","ping_status":"closed","template":"","meta":{"_seopress_robots_primary_cat":"","_seopress_titles_title":"Comment envoyer un colis pas cher depuis la Suisse?","_seopress_titles_desc":"Pour PME et particuliers, envois express nationaux et internationaux. Devis 1 min. Plus fiable qu&#039; envoyer un colis par la Poste .Livr\u00e9 porte-\u00e0-porte.","_seopress_robots_index":"","inline_featured_image":false,"footnotes":""},"class_list":["post-5170","page","type-page","status-publish"],"_links":{"self":[{"href":"https:\/\/www.expedismart.ch\/pages\/wp-json\/wp\/v2\/pages\/5170","targetHints":{"allow":["GET"]}}],"collection":[{"href":"https:\/\/www.expedismart.ch\/pages\/wp-json\/wp\/v2\/pages"}],"about":[{"href":"https:\/\/www.expedismart.ch\/pages\/wp-json\/wp\/v2\/types\/page"}],"author":[{"embeddable":true,"href":"https:\/\/www.expedismart.ch\/pages\/wp-json\/wp\/v2\/users\/2"}],"replies":[{"embeddable":true,"href":"https:\/\/www.expedismart.ch\/pages\/wp-json\/wp\/v2\/comments?post=5170"}],"version-history":[{"count":14,"href":"https:\/\/www.expedismart.ch\/pages\/wp-json\/wp\/v2\/pages\/5170\/revisions"}],"predecessor-version":[{"id":6830,"href":"https:\/\/www.expedismart.ch\/pages\/wp-json\/wp\/v2\/pages\/5170\/revisions\/6830"}],"up":[{"embeddable":true,"href":"https:\/\/www.expedismart.ch\/pages\/wp-json\/wp\/v2\/pages\/4641"}],"wp:attachment":[{"href":"https:\/\/www.expedismart.ch\/pages\/wp-json\/wp\/v2\/media?parent=5170"}],"curies":[{"name":"wp","href":"https:\/\/api.w.org\/{rel}","templated":true}]}}