{"id":4214,"date":"2023-01-05T14:56:18","date_gmt":"2023-01-05T14:56:18","guid":{"rendered":"https:\/\/www.expedismart.ch\/pages\/?page_id=4214"},"modified":"2023-01-17T16:43:35","modified_gmt":"2023-01-17T16:43:35","slug":"canada","status":"publish","type":"page","link":"https:\/\/www.expedismart.ch\/pages\/infos-pratiques\/pays\/canada\/","title":{"rendered":"Canada"},"content":{"rendered":"\n<h1 class=\"gb-headline gb-headline-e4f7b0a9 gb-headline-text\">Envoyer un colis au Canada en toute s\u00e9curit\u00e9. Nos conseils et nos offres.<\/h1>\n\n\n<div class=\"gb-container gb-container-4ca4c369\"><div class=\"gb-inside-container\">\n\n<figure class=\"wp-block-image alignfull size-large is-style-default\"><img decoding=\"async\" width=\"1024\" height=\"227\" src=\"https:\/\/www.expedismart.ch\/pages\/wp-content\/uploads\/2023\/01\/Canada-1024x227.webp\" alt=\"Exp\u00e9dition et livraison de colis au Canada\" class=\"wp-image-4199\" srcset=\"https:\/\/www.expedismart.ch\/pages\/wp-content\/uploads\/2023\/01\/Canada-1024x227.webp 1024w, https:\/\/www.expedismart.ch\/pages\/wp-content\/uploads\/2023\/01\/Canada-300x67.webp 300w, https:\/\/www.expedismart.ch\/pages\/wp-content\/uploads\/2023\/01\/Canada-768x170.webp 768w, https:\/\/www.expedismart.ch\/pages\/wp-content\/uploads\/2023\/01\/Canada-1536x341.webp 1536w, https:\/\/www.expedismart.ch\/pages\/wp-content\/uploads\/2023\/01\/Canada.webp 1920w\" sizes=\"(max-width: 1024px) 100vw, 1024px\" \/><\/figure>\n\n<\/div><\/div>\n\n<div class=\"gb-grid-wrapper gb-grid-wrapper-9335b011\">\n<div class=\"gb-grid-column gb-grid-column-124dd388\"><div class=\"gb-container gb-container-124dd388\"><div class=\"gb-inside-container\"><\/div><\/div><\/div>\n\n<div class=\"gb-grid-column gb-grid-column-b401532d\"><div class=\"gb-container gb-container-b401532d\"><div class=\"gb-inside-container\">\n\n<h2 class=\"header-underline-red wp-block-heading\"><strong><strong>Vous \u00eates une entreprise ou un particulier<\/strong><br><strong>et vous souhaitez faire un envoi postal au Canada ou utiliser des transports express<\/strong>?<\/strong><\/h2>\n\n<\/div><\/div><\/div>\n\n<div class=\"gb-grid-column gb-grid-column-f718cc8e\"><div class=\"gb-container gb-container-f718cc8e\"><div class=\"gb-inside-container\"><\/div><\/div><\/div>\n<\/div>\n\n<div class=\"gb-grid-wrapper gb-grid-wrapper-7139b796\">\n<div class=\"gb-grid-column gb-grid-column-f16ee891\"><div class=\"gb-container gb-container-f16ee891\"><div class=\"gb-inside-container\"><\/div><\/div><\/div>\n\n<div class=\"gb-grid-column gb-grid-column-fa585d50\"><div class=\"gb-container gb-container-fa585d50\"><div class=\"gb-inside-container\">\n\n<p>Vous \u00eates une&nbsp;<strong>PME suisse<\/strong>&nbsp;ou&nbsp;<strong>un particulier<\/strong>&nbsp;et vous souhaitez exp\u00e9dier r\u00e9guli\u00e8rement ou occasionnellement de la marchandise ou des documents au Canada de mani\u00e8re fiable, rapide \u00e0 des prix avantageux? Gr\u00e2ce \u00e0&nbsp;<a href=\"https:\/\/www.expedismart.ch\/pages\/lequipe\/\" target=\"_blank\" rel=\"noreferrer noopener\">Expedismart.ch<\/a>, le premier comparateur d&#8217;envois de Suisse, vous r\u00e9servez en ligne les services de transporteurs professionnels comme DHL, FedEx, UPS ou TNT. Vous&nbsp;<a href=\"https:\/\/www.expedismart.ch\/user\/register\/\" target=\"_blank\" rel=\"noreferrer noopener\">ouvrez un compte en gratuit<\/a>&nbsp;en une minute et vous r\u00e9servez votre envoi. Vous b\u00e9n\u00e9ficiez de rabais pouvant atteindre -70% du prix public gr\u00e2ce aux accords que nous avons n\u00e9goci\u00e9s avec nos transporteurs partenaires, FedEx, UPS, TNT et Aramex.<\/p>\n\n\n<div class=\"gb-container gb-container-b3c7dca0\"><div class=\"gb-inside-container\">\n\n<p>Si vous exp\u00e9diez des marchandises de la Suisse vers le Canada, vous devez fournir au transporteur certains documents qui permettrons aux douanes d&#8217;identifier les marchandises que vous envoyez.&nbsp; Vous trouverez ci-dessous toutes les informations n\u00e9cessaires.<\/p>\n\n<\/div><\/div>\n<\/div><\/div><\/div>\n\n<div class=\"gb-grid-column gb-grid-column-e373b842\"><div class=\"gb-container gb-container-e373b842\"><div class=\"gb-inside-container\"><\/div><\/div><\/div>\n<\/div>\n\n\n<div class=\"wp-block-group alignfull margin-top:30px button_link_exp has-base-background-color has-background has-medium-font-size\"><div class=\"wp-block-group__inner-container is-layout-flow wp-block-group-is-layout-flow\"><div class=\"gb-button-wrapper gb-button-wrapper-289f742d\">\n\n<a class=\"gb-button gb-button-c9f14dcb gb-button-text special_red_button_gp\" href=\"\/\" target=\"_blank\" rel=\"noopener noreferrer\" id=\"compare-prices-1\"><strong>Comparez les prix des envois au Canada<\/strong><\/a>\n\n<\/div><\/div><\/div>\n\n\n<div class=\"gb-grid-wrapper gb-grid-wrapper-3a6bc2c1\">\n<div class=\"gb-grid-column gb-grid-column-7c490523\"><div class=\"gb-container gb-container-7c490523\"><div class=\"gb-inside-container\"><\/div><\/div><\/div>\n\n<div class=\"gb-grid-column gb-grid-column-4778a816\"><div class=\"gb-container gb-container-4778a816\"><div class=\"gb-inside-container\">\n\n<h2 class=\"header-underline-red wp-block-heading\"><strong>Comment envoyer un colis <strong>au Canada<\/strong>?<\/strong><br><strong><mark style=\"background-color:rgba(0, 0, 0, 0)\" class=\"has-inline-color has-red-exp-color\">Les documents n\u00e9cessaires<\/mark><\/strong><\/h2>\n\n<\/div><\/div><\/div>\n\n<div class=\"gb-grid-column gb-grid-column-c032c900\"><div class=\"gb-container gb-container-c032c900\"><div class=\"gb-inside-container\"><\/div><\/div><\/div>\n<\/div>\n\n<div class=\"gb-grid-wrapper gb-grid-wrapper-9280569f\">\n<div class=\"gb-grid-column gb-grid-column-e80cf07d\"><div class=\"gb-container gb-container-e80cf07d\"><div class=\"gb-inside-container\"><\/div><\/div><\/div>\n\n<div class=\"gb-grid-column gb-grid-column-b2960938\"><div class=\"gb-container gb-container-b2960938\"><div class=\"gb-inside-container\">\n\n<p>Comme exp\u00e9diteur, vous devez transmettre au coursier du transporteur que vous aurez choisi, DHL, FedEx, UPS , TNT ou Aramex, le bordereau d\u2019exp\u00e9dition et une facture pro forma. La facture pro forma est un document que vous devez produire et qui indique aux douanes canadiennes le contenu de votre colis. Si la marchandise est vendue au Canada, le document \u00e0 fournir est une facture commerciale, que vous pouvez aussi r\u00e9aliser vous-m\u00eame ou qui sera remplie automatiquement si vous r\u00e9servez votre envoi sur Expedismart.ch.<\/p>\n\n<\/div><\/div><\/div>\n\n<div class=\"gb-grid-column gb-grid-column-fe72609c\"><div class=\"gb-container gb-container-fe72609c\"><div class=\"gb-inside-container\"><\/div><\/div><\/div>\n<\/div>\n\n<div class=\"gb-container gb-container-c560e87b\"><div class=\"gb-inside-container\">\n<div class=\"gb-grid-wrapper gb-grid-wrapper-260897b9\">\n<div class=\"gb-grid-column gb-grid-column-4baed686\"><div class=\"gb-container gb-container-4baed686\"><div class=\"gb-inside-container\"><\/div><\/div><\/div>\n\n<div class=\"gb-grid-column gb-grid-column-ed542513\"><div class=\"gb-container gb-container-ed542513\"><div class=\"gb-inside-container\">\n<div class=\"gb-grid-wrapper gb-grid-wrapper-45d58127 grid-gap\">\n<div class=\"gb-grid-column gb-grid-column-ada8d777\"><div class=\"gb-container gb-container-ada8d777 commercial-invoice ul-red-dots\"><div class=\"gb-inside-container\">\n<div class=\"gb-container gb-container-a88c0644\"><div class=\"gb-inside-container\">\n\n<h3 class=\"wp-block-heading\">Informations indispensables \u00e0 mettre dans votre facture commerciale ou Pro-forma\u00a0pour un envoi de colis pour le Canada<\/h3>\n\n<\/div><\/div>\n\n\n<ul class=\"wp-block-list\">\n<li>&nbsp;&nbsp;Exp\u00e9diteur (adresse en Suisse)<\/li>\n\n\n\n<li>&nbsp;Destinataire (adresse en Canada)Entreprise&nbsp;: indiquez leur n\u00b0EORI (num\u00e9ro d\u2019identification douani\u00e8re dans UE \u00e9quivalent de notre num\u00e9ro de TVA)<br>Description globale de la marchandiseNombre de colis, nombre de pi\u00e8ce(s)Valeur unitaire de la marchandise, et valeur totale<\/li>\n\n\n\n<li>&nbsp;Devise (EUR, CHF, USD, GBP, etc.)<\/li>\n\n\n\n<li>&nbsp;Date, signature<\/li>\n\n\n\n<li><strong>Comme toutes les factures en douane, elle doit \u00eatre r\u00e9dig\u00e9e en Anglais ou dans la langue du pays de destination<\/strong>.<\/li>\n<\/ul>\n\n<\/div><\/div><\/div>\n\n<div class=\"gb-grid-column gb-grid-column-7deef15c\"><div class=\"gb-container gb-container-7deef15c check-list-red\"><div class=\"gb-inside-container\">\n<div class=\"gb-container gb-container-c2d24eb4\"><div class=\"gb-inside-container\">\n\n<h3 class=\"header-underline-white-only wp-block-heading\"><strong>CHECK-LIST<\/strong><\/h3>\n\n<\/div><\/div>\n\n\n<ul class=\"wp-block-list\">\n<li><strong>Adresse postale compl\u00e8te<\/strong><\/li>\n\n\n\n<li><strong>Document Pro forma<\/strong><\/li>\n\n\n\n<li><strong>D\u00e9claration en douane<\/strong><\/li>\n\n\n\n<li><strong>Pas de biens prohib\u00e9s<\/strong><\/li>\n<\/ul>\n\n<\/div><\/div><\/div>\n<\/div>\n<\/div><\/div><\/div>\n\n<div class=\"gb-grid-column gb-grid-column-7631307e\"><div class=\"gb-container gb-container-7631307e\"><div class=\"gb-inside-container\"><\/div><\/div><\/div>\n<\/div>\n<\/div><\/div>\n\n<div class=\"gb-grid-wrapper gb-grid-wrapper-58fc2b05\">\n<div class=\"gb-grid-column gb-grid-column-f3513540\"><div class=\"gb-container gb-container-f3513540\"><div class=\"gb-inside-container\"><\/div><\/div><\/div>\n\n<div class=\"gb-grid-column gb-grid-column-5bd1be55\"><div class=\"gb-container gb-container-5bd1be55\"><div class=\"gb-inside-container\">\n\n<p>NB : Si vous envoyez des bouteilles de vin au Canada, indiquez la couleur et le volume d&#8217;alcool dans la description de la marchandise. Contactez directement Expedismart au 022.575.61.16 pour plus d&#8217;informations. Seules les entreprises d\u00e9tentrices d&#8217;une licence d&#8217;importation sont autoris\u00e9es recevoir des bouteilles de vins.<\/p>\n\n<\/div><\/div><\/div>\n\n<div class=\"gb-grid-column gb-grid-column-b632f6bd\"><div class=\"gb-container gb-container-b632f6bd\"><div class=\"gb-inside-container\"><\/div><\/div><\/div>\n<\/div>\n\n\n<div class=\"wp-block-group alignfull margin-top:30px has-base-background-color has-background has-medium-font-size\"><div class=\"wp-block-group__inner-container is-layout-flow wp-block-group-is-layout-flow\"><div class=\"gb-button-wrapper gb-button-wrapper-bdc14425\">\n\n<a class=\"gb-button gb-button-80cbe65e gb-button-text special_red_button_gp\" href=\"\/\" target=\"_blank\" rel=\"noopener noreferrer\" id=\"compare-prices-2\">Envoyez vos marchandises au Canada<\/a>\n\n<\/div><\/div><\/div>\n\n\n<div class=\"gb-grid-wrapper gb-grid-wrapper-61a5a940 red-line-overflow\">\n<div class=\"gb-grid-column gb-grid-column-b3e310c4\"><div class=\"gb-container gb-container-b3e310c4\"><div class=\"gb-inside-container\"><\/div><\/div><\/div>\n\n<div class=\"gb-grid-column gb-grid-column-2fc51738\"><div class=\"gb-container gb-container-2fc51738 header-margin-bottom-parent\"><div class=\"gb-inside-container\">\n<div class=\"gb-container gb-container-2df7f4a7\"><div class=\"gb-inside-container\">\n\n<h2 class=\"header-underline-red wp-block-heading\"><strong>Comment envoyer un colis <strong>au Canada<\/strong>?<\/strong><br><strong><mark style=\"background-color:rgba(0, 0, 0, 0)\" class=\"has-inline-color has-red-exp-color\">les sp\u00e9cificit\u00e9s<\/mark><\/strong><\/h2>\n\n<\/div><\/div>\n\n<div class=\"gb-container gb-container-53173bbc\"><div class=\"gb-inside-container\">\n\n<p>Chaque pays poss\u00e8de des r\u00e8gles douani\u00e8res sp\u00e9cifiques selon les produits et chaque transporteur se r\u00e9serve \u00e9galement le droit d\u2019accepter ou non son transport. Voici la liste des produits que vous pouvez envoyer au Canada&nbsp;<strong>avec quelques restrictions<\/strong>. En cas de doutes sur le produit que vous exp\u00e9diez, n&#8217;h\u00e9sitez jamais \u00e0 nous contacter par email \u00e0 service@expedismart.ch ou au 022.575.61.16.<\/p>\n\n<\/div><\/div>\n\n<div class=\"gb-container gb-container-3ddff145\"><div class=\"gb-inside-container\">\n<div class=\"gb-container gb-container-7816fc64\"><div class=\"gb-inside-container\">\n<div class=\"gb-container gb-container-a9c937ca\"><div class=\"gb-inside-container\">\n\n<h3 class=\"header-underline-white wp-block-heading\"><strong>Voici les informations importantes \u00e0 conna\u00eetre si vous souhaitez envoyer les marchandises suivantes:<\/strong><\/h3>\n\n<\/div><\/div>\n\n<div class=\"gb-container gb-container-85fe5475\"><div class=\"gb-inside-container\">\n<div class=\"gb-grid-wrapper gb-grid-wrapper-e51f2cfc\">\n<div class=\"gb-grid-column gb-grid-column-dbd6837f\"><div class=\"gb-container gb-container-dbd6837f\"><div class=\"gb-inside-container\">\n<div class=\"gb-container gb-container-26821cf6\"><div class=\"gb-inside-container\">\n\n<p><strong>Du chocolat:<\/strong><\/p>\n\n<\/div><\/div>\n\n<div class=\"gb-container gb-container-4c990c48 ul-red-dots\"><div class=\"gb-inside-container\">\n\n<ul class=\"wp-block-list\">\n<li>FedEx : pour le Canada, le chocolat doit avoir une date de p\u00e9remption sup\u00e9rieure \u00e0 six mois et doit \u00eatre accompagn\u00e9 d&#8217;une facture pro forma<\/li>\n\n\n\n<li>UPS : n\u2019exp\u00e9die pas de chocolat au Canada<\/li>\n\n\n\n<li>TNT : n\u2019exp\u00e9die pas le chocolat au Canada<\/li>\n<\/ul>\n\n<\/div><\/div>\n<\/div><\/div><\/div>\n\n<div class=\"gb-grid-column gb-grid-column-9bb4dc11\"><div class=\"gb-container gb-container-9bb4dc11\"><div class=\"gb-inside-container\">\n<div class=\"gb-container gb-container-801fdcbc\"><div class=\"gb-inside-container\">\n\n<p>Un ordinateur:<\/p>\n\n<\/div><\/div>\n\n<div class=\"gb-container gb-container-bba57736 ul-red-dots\"><div class=\"gb-inside-container\">\n\n<ul class=\"wp-block-list\">\n<li>FedEx : si l\u2019ordinateur contient une batterie, vous devez produire une d\u00e9claration de mati\u00e8res dangereuses (contactez Expedismart pour en savoir plus) et une facture pro forma. Il est possible que des droits et taxes soient factur\u00e9s au destinataire \u00e0 r\u00e9ception de la marchandise.<\/li>\n\n\n\n<li>UPS : vous devez produire une facture commerciale ou pro forma. Le poids du mat\u00e9riel informatique ne doit pas exc\u00e9der 70 kg.<\/li>\n\n\n\n<li>TNT : vous devez fournir une facture pro forma. Le destinataire sera tax\u00e9 en douane et TVA sur la valeur de marchandise d\u00e9clar\u00e9e.<\/li>\n<\/ul>\n\n<\/div><\/div>\n<\/div><\/div><\/div>\n<\/div>\n<\/div><\/div>\n\n<div class=\"gb-container gb-container-5b46fbab\"><div class=\"gb-inside-container\">\n<div class=\"gb-grid-wrapper gb-grid-wrapper-286af3a7\">\n<div class=\"gb-grid-column gb-grid-column-55986155\"><div class=\"gb-container gb-container-55986155\"><div class=\"gb-inside-container\">\n<div class=\"gb-container gb-container-9c96ba02\"><div class=\"gb-inside-container\">\n\n<p>Des effets de d\u00e9m\u00e9nagement:<\/p>\n\n<\/div><\/div>\n\n<div class=\"gb-container gb-container-ccc7dfe6 ul-red-dots\"><div class=\"gb-inside-container\">\n\n<ul class=\"wp-block-list\">\n<li>FedEx : les effets personnels doivent \u00eatre d\u00e9clar\u00e9s sur la facture pro forma et confirm\u00e9s par le destinataire. Des frais de TVA peuvent \u00eatre factur\u00e9s par les douanes. Il doit \u00e9galement pr\u00e9ciser clairement la raison de son envoi &#8220;d\u00e9m\u00e9nagement&#8221; sur la pro forma<\/li>\n\n\n\n<li>UPS : n\u2019exp\u00e9die pas les effets de d\u00e9m\u00e9nagement.<\/li>\n\n\n\n<li>TNT : le destinataire sera tax\u00e9 en douane et TVA sur la valeur de marchandise d\u00e9clar\u00e9e.<\/li>\n<\/ul>\n\n<\/div><\/div>\n<\/div><\/div><\/div>\n\n<div class=\"gb-grid-column gb-grid-column-b4ae4877\"><div class=\"gb-container gb-container-b4ae4877\"><div class=\"gb-inside-container\">\n<div class=\"gb-container gb-container-69eef9ee\"><div class=\"gb-inside-container\">\n\n<p>Des clefs (effet personnel):<\/p>\n\n<\/div><\/div>\n\n<div class=\"gb-container gb-container-13de509f ul-red-dots\"><div class=\"gb-inside-container\">\n\n<ul class=\"wp-block-list\">\n<li>FedEx : une facture pro forma sera demand\u00e9e \u00e0 l\u2019exp\u00e9diteur. Il est possible que des droits et taxes soient factur\u00e9s au destinataire \u00e0 r\u00e9ception de la marchandise.<\/li>\n\n\n\n<li>UPS: n\u2019exp\u00e9die pas d\u2019 effets personnels ou de clefs.<\/li>\n\n\n\n<li>TNT : une facture pro forma est n\u00e9cessaire et des frais de TVA peuvent \u00eatre factur\u00e9s au destinataire.<\/li>\n<\/ul>\n\n<\/div><\/div>\n<\/div><\/div><\/div>\n<\/div>\n<\/div><\/div>\n\n<div class=\"gb-container gb-container-181e6a1f\"><div class=\"gb-inside-container\">\n<div class=\"gb-grid-wrapper gb-grid-wrapper-0f82dc5a\">\n<div class=\"gb-grid-column gb-grid-column-c4c43fb8\"><div class=\"gb-container gb-container-c4c43fb8\"><div class=\"gb-inside-container\">\n<div class=\"gb-container gb-container-71776ad5\"><div class=\"gb-inside-container\">\n\n<p><strong><strong><strong>Un meuble:<\/strong><\/strong><\/strong><\/p>\n\n<\/div><\/div>\n\n<div class=\"gb-container gb-container-be878958 ul-red-dots\"><div class=\"gb-inside-container\">\n\n<ul class=\"wp-block-list\">\n<li>FedEx : l\u2019exp\u00e9diteur devra fournir une facture pro forma. Il est possible que des droits et taxes soient factur\u00e9s au destinataire \u00e0 r\u00e9ception de la marchandise.<\/li>\n\n\n\n<li>UPS : n\u2019exp\u00e9die pas de meubles.<\/li>\n\n\n\n<li>TNT : il est possible que des droits et taxes soient factur\u00e9s au destinataire \u00e0 r\u00e9ception de la marchandise.<\/li>\n<\/ul>\n\n<\/div><\/div>\n<\/div><\/div><\/div>\n\n<div class=\"gb-grid-column gb-grid-column-81120233\"><div class=\"gb-container gb-container-81120233\"><div class=\"gb-inside-container\">\n<div class=\"gb-container gb-container-f3e49876\"><div class=\"gb-inside-container\">\n\n<p><strong><strong><strong>Une valise:<\/strong><\/strong><\/strong><\/p>\n\n<\/div><\/div>\n\n<div class=\"gb-container gb-container-5f79ad71 ul-red-dots\"><div class=\"gb-inside-container\">\n\n<ul class=\"wp-block-list\">\n<li>FedEx : l\u2019exp\u00e9diteur doit avoir une facture pro forma. Le poids de la valise de doit pas exc\u00e9der 25 kg. Une facture pro forma est n\u00e9cessaire et des frais de TVA peuvent \u00eatre factur\u00e9s au destinataire. Il est possible que des droits et taxes soient factur\u00e9s au destinataire \u00e0 r\u00e9ception de la marchandise.<\/li>\n\n\n\n<li>UPS : n\u2019exp\u00e9die pas les valises.<\/li>\n\n\n\n<li>TNT : une facture pro forma est n\u00e9cessaire \u00e0 ce type d\u2019exp\u00e9dition. Il est possible que des droits et taxes soient factur\u00e9s au destinataire \u00e0 r\u00e9ception de la marchandise.<\/li>\n<\/ul>\n\n<\/div><\/div>\n<\/div><\/div><\/div>\n<\/div>\n<\/div><\/div>\n\n<div class=\"gb-container gb-container-bef62ede\"><div class=\"gb-inside-container\">\n<div class=\"gb-grid-wrapper gb-grid-wrapper-b8854e07\">\n<div class=\"gb-grid-column gb-grid-column-cfc4f14c\"><div class=\"gb-container gb-container-cfc4f14c\"><div class=\"gb-inside-container\">\n<div class=\"gb-container gb-container-b15bdb21\"><div class=\"gb-inside-container\">\n\n<p><strong><strong><strong><strong>Des documents:<\/strong><\/strong><\/strong><\/strong><\/p>\n\n<\/div><\/div>\n\n<div class=\"gb-container gb-container-df4ea529 ul-red-dots\"><div class=\"gb-inside-container\">\n\n<ul class=\"wp-block-list\">\n<li>FedEx : l\u2019exp\u00e9diteur doit pr\u00e9senter le bordereau d\u2019exp\u00e9dition.<\/li>\n\n\n\n<li>UPS : l&#8217;exp\u00e9diteur doit fournir le bordereau d&#8217;exp\u00e9dition. Si le poids d\u00e9passe 2.5 kg, l&#8217;exp\u00e9diteur doit fournir une facture pro forma.<\/li>\n\n\n\n<li>TNT : l&#8217;exp\u00e9diteur doit fournir le bordereau d&#8217;exp\u00e9dition. Si les documents p\u00e8sent plus de plus de 5 kg, une facture pro forma est n\u00e9cessaire.<\/li>\n<\/ul>\n\n<\/div><\/div>\n<\/div><\/div><\/div>\n\n<div class=\"gb-grid-column gb-grid-column-4ea0fa7e\"><div class=\"gb-container gb-container-4ea0fa7e\"><div class=\"gb-inside-container\">\n<div class=\"gb-container gb-container-d66181be\"><div class=\"gb-inside-container\">\n\n<p><strong><strong><strong><strong>Une carte de cr\u00e9dit:<\/strong><\/strong><\/strong><\/strong><\/p>\n\n<\/div><\/div>\n\n<div class=\"gb-container gb-container-9631e89a ul-red-dots\"><div class=\"gb-inside-container\">\n\n<ul class=\"wp-block-list\">\n<li>FedEx : une facture pro forma est n\u00e9cessaire<\/li>\n\n\n\n<li>UPS : n\u2019exp\u00e9die pas les cartes de cr\u00e9dit.<\/li>\n\n\n\n<li>TNT : n\u2019exp\u00e9die pas les cartes de cr\u00e9dit.<\/li>\n<\/ul>\n\n<\/div><\/div>\n<\/div><\/div><\/div>\n<\/div>\n<\/div><\/div>\n\n<div class=\"gb-container gb-container-db77e443\"><div class=\"gb-inside-container\">\n<div class=\"gb-grid-wrapper gb-grid-wrapper-cb319acf\">\n<div class=\"gb-grid-column gb-grid-column-7f068a96\"><div class=\"gb-container gb-container-7f068a96\"><div class=\"gb-inside-container\">\n<div class=\"gb-container gb-container-d39a59ad\"><div class=\"gb-inside-container\">\n\n<p><strong><strong><strong><strong><strong>Des bouteilles de vin:<\/strong><\/strong><\/strong><\/strong><\/strong><\/p>\n\n<\/div><\/div>\n\n<div class=\"gb-container gb-container-5ce14754 ul-red-dots\"><div class=\"gb-inside-container\">\n\n<ul class=\"wp-block-list\">\n<li>FedEx : l\u2019envoi de vin pour le Canada est seulement possible d\u2019entreprise \u00e0 entreprise. Pour les vins et spiritueux il est obligatoire de pr\u00e9senter une licence d\u2019exportation pour l\u2019exp\u00e9diteur et une licence d\u2019importation pour le destinataire. La facture pro forma doit contenir la description de la marchandise, la couleur et le degr\u00e9 d&#8217;alcool.<\/li>\n\n\n\n<li>UPS : n\u2019exp\u00e9die pas le vin au Canada.<\/li>\n\n\n\n<li>TNT : l\u2019envoi de vin pour le Canada, comme pour les USA, est seulement possible d\u2019entreprise \u00e0 entreprise. Pour les vins et spiritueux il est obligatoire de pr\u00e9senter une licence d\u2019exportation pour l\u2019exp\u00e9diteur et une licence d\u2019importation pour le destinataire. Il y a des limites \u00e0 ce type d\u2019envoi : 3 bouteilles, un poids maximum de 4 kg et une valeur unitaire maximum de CHF 20.<\/li>\n<\/ul>\n\n<\/div><\/div>\n<\/div><\/div><\/div>\n\n<div class=\"gb-grid-column gb-grid-column-b4eb026c\"><div class=\"gb-container gb-container-b4eb026c\"><div class=\"gb-inside-container\">\n<div class=\"gb-container gb-container-04c633e0\"><div class=\"gb-inside-container\">\n\n<p><strong>Clefs USB:<\/strong><\/p>\n\n<\/div><\/div>\n\n<div class=\"gb-container gb-container-e6ce870d ul-red-dots\"><div class=\"gb-inside-container\">\n\n<ul class=\"wp-block-list\">\n<li>FedEx : une facture pro forma est n\u00e9cessaire \u00e0 ce type d\u2019envoi.<\/li>\n\n\n\n<li>UPS : n\u2019exp\u00e9die pas des clefs USB.<\/li>\n\n\n\n<li>TNT : une facture pro forma est n\u00e9cessaire \u00e0 ce type d\u2019envoi.<\/li>\n<\/ul>\n\n<\/div><\/div>\n<\/div><\/div><\/div>\n<\/div>\n<\/div><\/div>\n<\/div><\/div>\n<\/div><\/div>\n<\/div><\/div><\/div>\n\n<div class=\"gb-grid-column gb-grid-column-51b8048d\"><div class=\"gb-container gb-container-51b8048d\"><div class=\"gb-inside-container\"><\/div><\/div><\/div>\n<\/div>\n\n\n<div class=\"wp-block-group alignfull margin-top:30px has-base-background-color has-background has-medium-font-size\"><div class=\"wp-block-group__inner-container is-layout-flow wp-block-group-is-layout-flow\"><div class=\"gb-button-wrapper gb-button-wrapper-fb1edc8b\">\n\n<a class=\"gb-button gb-button-3e044745 gb-button-text special_red_button_gp\" href=\"\/\" target=\"_blank\" rel=\"noopener noreferrer\" id=\"compare-prices-3\"><strong>Voir les prix des envois au Canada<\/strong><\/a>\n\n<\/div><\/div><\/div>\n","protected":false},"excerpt":{"rendered":"<p>Envoyer un colis au Canada en toute s\u00e9curit\u00e9. Nos conseils et nos offres.<\/p>\n","protected":false},"author":2,"featured_media":0,"parent":3153,"menu_order":0,"comment_status":"closed","ping_status":"closed","template":"","meta":{"_seopress_robots_primary_cat":"","_seopress_titles_title":"Comment envoyer un colis au Canada","_seopress_titles_desc":"Des conseils utiles pour votre envoi au canada. Un comparateur de services de transport. Devis gratuit en ligne.","_seopress_robots_index":"","inline_featured_image":false,"footnotes":""},"class_list":["post-4214","page","type-page","status-publish"],"_links":{"self":[{"href":"https:\/\/www.expedismart.ch\/pages\/wp-json\/wp\/v2\/pages\/4214","targetHints":{"allow":["GET"]}}],"collection":[{"href":"https:\/\/www.expedismart.ch\/pages\/wp-json\/wp\/v2\/pages"}],"about":[{"href":"https:\/\/www.expedismart.ch\/pages\/wp-json\/wp\/v2\/types\/page"}],"author":[{"embeddable":true,"href":"https:\/\/www.expedismart.ch\/pages\/wp-json\/wp\/v2\/users\/2"}],"replies":[{"embeddable":true,"href":"https:\/\/www.expedismart.ch\/pages\/wp-json\/wp\/v2\/comments?post=4214"}],"version-history":[{"count":7,"href":"https:\/\/www.expedismart.ch\/pages\/wp-json\/wp\/v2\/pages\/4214\/revisions"}],"predecessor-version":[{"id":5003,"href":"https:\/\/www.expedismart.ch\/pages\/wp-json\/wp\/v2\/pages\/4214\/revisions\/5003"}],"up":[{"embeddable":true,"href":"https:\/\/www.expedismart.ch\/pages\/wp-json\/wp\/v2\/pages\/3153"}],"wp:attachment":[{"href":"https:\/\/www.expedismart.ch\/pages\/wp-json\/wp\/v2\/media?parent=4214"}],"curies":[{"name":"wp","href":"https:\/\/api.w.org\/{rel}","templated":true}]}}