{"id":4170,"date":"2023-01-05T06:22:08","date_gmt":"2023-01-05T06:22:08","guid":{"rendered":"https:\/\/www.expedismart.ch\/pages\/?page_id=4170"},"modified":"2023-01-12T09:04:54","modified_gmt":"2023-01-12T09:04:54","slug":"ukraine","status":"publish","type":"page","link":"https:\/\/www.expedismart.ch\/pages\/infos-pratiques\/pays\/ukraine\/","title":{"rendered":"Ukraine"},"content":{"rendered":"\n<h1 class=\"gb-headline gb-headline-e4f7b0a9 gb-headline-text\">Les questions douani\u00e8res pour vos envois de colis en Ukraine<\/h1>\n\n\n<div class=\"gb-container gb-container-4ca4c369\"><div class=\"gb-inside-container\">\n\n<figure class=\"wp-block-image alignfull size-large is-style-default\"><img decoding=\"async\" width=\"1024\" height=\"227\" src=\"https:\/\/www.expedismart.ch\/pages\/wp-content\/uploads\/2023\/01\/Ukraine-1024x227.webp\" alt=\"Les questions douani\u00e8res pour vos envois de colis en Ukraine\" class=\"wp-image-4136\" srcset=\"https:\/\/www.expedismart.ch\/pages\/wp-content\/uploads\/2023\/01\/Ukraine-1024x227.webp 1024w, https:\/\/www.expedismart.ch\/pages\/wp-content\/uploads\/2023\/01\/Ukraine-300x67.webp 300w, https:\/\/www.expedismart.ch\/pages\/wp-content\/uploads\/2023\/01\/Ukraine-768x170.webp 768w, https:\/\/www.expedismart.ch\/pages\/wp-content\/uploads\/2023\/01\/Ukraine-1536x341.webp 1536w, https:\/\/www.expedismart.ch\/pages\/wp-content\/uploads\/2023\/01\/Ukraine.webp 1920w\" sizes=\"(max-width: 1024px) 100vw, 1024px\" \/><\/figure>\n\n<\/div><\/div>\n\n<div class=\"gb-grid-wrapper gb-grid-wrapper-9335b011\">\n<div class=\"gb-grid-column gb-grid-column-124dd388\"><div class=\"gb-container gb-container-124dd388\"><div class=\"gb-inside-container\"><\/div><\/div><\/div>\n\n<div class=\"gb-grid-column gb-grid-column-b401532d\"><div class=\"gb-container gb-container-b401532d\"><div class=\"gb-inside-container\">\n\n<h2 class=\"header-underline-red wp-block-heading\"><strong><strong>Vous \u00eates une entreprise ou un particulier<\/strong><br><strong>et vous envoyez des colis ou des documents <\/strong>en Ukraine?<\/strong><\/h2>\n\n<\/div><\/div><\/div>\n\n<div class=\"gb-grid-column gb-grid-column-f718cc8e\"><div class=\"gb-container gb-container-f718cc8e\"><div class=\"gb-inside-container\"><\/div><\/div><\/div>\n<\/div>\n\n<div class=\"gb-grid-wrapper gb-grid-wrapper-7139b796\">\n<div class=\"gb-grid-column gb-grid-column-f16ee891\"><div class=\"gb-container gb-container-f16ee891\"><div class=\"gb-inside-container\"><\/div><\/div><\/div>\n\n<div class=\"gb-grid-column gb-grid-column-fa585d50\"><div class=\"gb-container gb-container-fa585d50\"><div class=\"gb-inside-container\">\n\n<p>Chez\u00a0<a rel=\"noreferrer noopener\" href=\"https:\/\/www.expedismart.ch\/\" target=\"_blank\">Expedismart.ch<\/a>, le premier comparateur d&#8217;exp\u00e9ditions en Suisse, vous b\u00e9n\u00e9ficiez d&#8217;un service client convivial et de prix attractifs. Vous \u00eates une entreprise ou un particulier qui exp\u00e9die r\u00e9guli\u00e8rement ou occasionnellement des marchandises en Ukraine ?\u00a0<a href=\"https:\/\/www.expedismart.ch\/user\/login\/?next=page_view\" target=\"_blank\" rel=\"noreferrer noopener\">Ouvrez un nouveau compte client<\/a>\u00a0avec Expedismart.ch en quelques minutes seulement.<\/p>\n\n\n<div class=\"gb-container gb-container-9e60513b\"><div class=\"gb-inside-container\">\n\n<p>Gr\u00e2ce aux accords que nous avons n\u00e9goci\u00e9s avec nos entreprises partenaires,&nbsp;<strong>vous pouvez b\u00e9n\u00e9ficier de r\u00e9ductions allant jusqu&#8217;\u00e0 70% sur les tarifs publics.<\/strong><\/p>\n\n<\/div><\/div>\n<\/div><\/div><\/div>\n\n<div class=\"gb-grid-column gb-grid-column-e373b842\"><div class=\"gb-container gb-container-e373b842\"><div class=\"gb-inside-container\"><\/div><\/div><\/div>\n<\/div>\n\n\n<div class=\"wp-block-group alignfull margin-top:30px button_link_exp has-base-background-color has-background has-medium-font-size\"><div class=\"wp-block-group__inner-container is-layout-flow wp-block-group-is-layout-flow\"><div class=\"gb-button-wrapper gb-button-wrapper-289f742d\">\n\n<a class=\"gb-button gb-button-c9f14dcb gb-button-text special_red_button_gp\" href=\"\/\" target=\"_blank\" rel=\"noopener noreferrer\" id=\"compare-prices-1\"><strong>Livraison en Ukraine<\/strong><\/a>\n\n<\/div><\/div><\/div>\n\n\n<div class=\"gb-grid-wrapper gb-grid-wrapper-eb6a6c34\">\n<div class=\"gb-grid-column gb-grid-column-dc3bd0f4\"><div class=\"gb-container gb-container-dc3bd0f4\"><div class=\"gb-inside-container\"><\/div><\/div><\/div>\n\n<div class=\"gb-grid-column gb-grid-column-cc9e5cc3\"><div class=\"gb-container gb-container-cc9e5cc3\"><div class=\"gb-inside-container\">\n<div class=\"gb-container gb-container-82e4b234\"><div class=\"gb-inside-container\">\n\n<h2 class=\"header-underline-red wp-block-heading\"><strong>Les formalit\u00e9s douani\u00e8res pour l\u2019Ukraine<\/strong><br><strong><mark style=\"background-color:rgba(0, 0, 0, 0)\" class=\"has-inline-color has-red-exp-color\">Documents requis<\/mark><\/strong><\/h2>\n\n<\/div><\/div>\n\n\n<p>Pour envoyer un colis de la Suisse vers l&#8217;Ukraine, veuillez joindre&nbsp;<a href=\"https:\/\/www.expedismart.ch\/pages\/infos-pratiques\/documentation-technique\/facture-proforma\/\" target=\"_blank\" rel=\"noreferrer noopener\">la facture proforma<\/a>&nbsp;g\u00e9n\u00e9r\u00e9e par Expedismart.ch, mais vous pouvez \u00e9galement joindre votre propre facture lors de la r\u00e9servation en ligne.&nbsp;<strong>Quand on exp\u00e9die un nouveau produit que l&#8217;on vient d&#8217;acheter, la facture pro forma n&#8217;est pas la quittance d\u2019achat que nous recevons au magasin.<\/strong>&nbsp;La facture proforma est notamment utilis\u00e9e pour informer la douane du contenu exact de votre colis. Si les marchandises ont \u00e9t\u00e9 achet\u00e9es par le destinataire ou sont destin\u00e9es \u00e0 \u00eatre revendues apr\u00e8s leur arriv\u00e9e dans le pays, l&#8217;envoi doit \u00eatre accompagn\u00e9 d&#8217;une facture commerciale, qui peut \u00e9galement \u00eatre cr\u00e9\u00e9e sur Expedismart.ch.&nbsp;<a href=\"https:\/\/www.expedismart.ch\/pages\/infos-pratiques\/assurance-et-remboursement\/comment-assurer-un-colis\/\" target=\"_blank\" rel=\"noreferrer noopener\">Pour les biens de valeur, il est conseill\u00e9 de souscrire une assurance.<\/a>&nbsp;<strong>Le co\u00fbt de l&#8217;assurance est de 1% de la valeur des marchandises.<\/strong>&nbsp;Vous pouvez souscrire l&#8217;assurance directement aupr\u00e8s de notre soci\u00e9t\u00e9 partenaire AXA Winterthur lors de la pr\u00e9paration de l&#8217;envoi.<\/p>\n\n\n<div class=\"gb-container gb-container-3714b5f7\"><div class=\"gb-inside-container\">\n\n<p><strong>Veillez \u00e0 conserver une copie de la facture pro forma ou commerciale !<\/strong><\/p>\n\n<\/div><\/div>\n\n<div class=\"gb-container gb-container-9dbdb23f\"><div class=\"gb-inside-container\">\n\n<p><a href=\"https:\/\/www.expedismart.ch\/\" target=\"_blank\" rel=\"noreferrer noopener\">Comparez nos services et nos prix<\/a>&nbsp;pour l&#8217;Ukraine. En outre, vous pouvez choisir le transporteur (Aramex, FedEx, TNT ou UPS) qui viendra chercher votre envoi \u00e0 votre domicile ou au bureau et l&#8217;exp\u00e9diera en toute s\u00e9curit\u00e9 en Ukraine.<\/p>\n\n<\/div><\/div>\n<\/div><\/div><\/div>\n\n<div class=\"gb-grid-column gb-grid-column-d4e39d2d\"><div class=\"gb-container gb-container-d4e39d2d\"><div class=\"gb-inside-container\"><\/div><\/div><\/div>\n<\/div>\n\n<div class=\"gb-grid-wrapper gb-grid-wrapper-b28747bd\">\n<div class=\"gb-grid-column gb-grid-column-78d3f07a\"><div class=\"gb-container gb-container-78d3f07a\"><div class=\"gb-inside-container\"><\/div><\/div><\/div>\n\n<div class=\"gb-grid-column gb-grid-column-ed542513\"><div class=\"gb-container gb-container-ed542513\"><div class=\"gb-inside-container\">\n<div class=\"gb-grid-wrapper gb-grid-wrapper-45d58127 grid-gap\">\n<div class=\"gb-grid-column gb-grid-column-ada8d777\"><div class=\"gb-container gb-container-ada8d777 commercial-invoice ul-red-dots\"><div class=\"gb-inside-container\">\n<div class=\"gb-container gb-container-a88c0644\"><div class=\"gb-inside-container\">\n\n<h3 class=\"header-underline-white wp-block-heading\"><strong>Informations obligatoires pour la facture pro forma ou commerciale<\/strong><\/h3>\n\n<\/div><\/div>\n\n\n<ul class=\"wp-block-list\">\n<li>&nbsp;Adresse du destinataire et de l&#8217;exp\u00e9diteur (y compris l&#8217;adresse e-mail et le num\u00e9ro de t\u00e9l\u00e9phone).<\/li>\n\n\n\n<li>&nbsp;Description exacte du contenude sa valeur e en CHF et son origine.<\/li>\n\n\n\n<li>&nbsp;Date et signature<\/li>\n\n\n\n<li><strong>Compl\u00e9tez les documents en ukrainien ou en anglais.<\/strong><\/li>\n<\/ul>\n\n<\/div><\/div><\/div>\n\n<div class=\"gb-grid-column gb-grid-column-5efd30ed\"><div class=\"gb-container gb-container-5efd30ed check-list-red\"><div class=\"gb-inside-container\">\n<div class=\"gb-container gb-container-8d7fc0cb\"><div class=\"gb-inside-container\">\n\n<h3 class=\"header-underline-white-only wp-block-heading\"><strong>CHECK-LIST<\/strong><\/h3>\n\n<\/div><\/div>\n\n\n<ul class=\"wp-block-list\">\n<li><strong>Adresse postale compl\u00e8te<\/strong><\/li>\n\n\n\n<li><strong>Document Pro forma<\/strong><\/li>\n\n\n\n<li><strong>D\u00e9claration en douane<\/strong><\/li>\n\n\n\n<li><strong>Pas de biens prohib\u00e9s<\/strong><\/li>\n<\/ul>\n\n<\/div><\/div><\/div>\n<\/div>\n<\/div><\/div><\/div>\n\n<div class=\"gb-grid-column gb-grid-column-a1c9fb29\"><div class=\"gb-container gb-container-a1c9fb29\"><div class=\"gb-inside-container\"><\/div><\/div><\/div>\n<\/div>\n\n\n<div class=\"wp-block-group alignfull margin-top:30px has-base-background-color has-background has-medium-font-size\"><div class=\"wp-block-group__inner-container is-layout-flow wp-block-group-is-layout-flow\"><div class=\"gb-button-wrapper gb-button-wrapper-e1aeeb32\">\n\n<a class=\"gb-button gb-button-9118eb2e gb-button-text special_red_button_gp\" href=\"\/\" target=\"_blank\" rel=\"noopener noreferrer\" id=\"compare-prices-2\"><strong>Comparer les offres<\/strong><\/a>\n\n<\/div><\/div><\/div>\n\n\n<div class=\"gb-grid-wrapper gb-grid-wrapper-61a5a940 red-line-overflow\">\n<div class=\"gb-grid-column gb-grid-column-b3e310c4\"><div class=\"gb-container gb-container-b3e310c4\"><div class=\"gb-inside-container\"><\/div><\/div><\/div>\n\n<div class=\"gb-grid-column gb-grid-column-2fc51738\"><div class=\"gb-container gb-container-2fc51738 header-margin-bottom-parent\"><div class=\"gb-inside-container\">\n<div class=\"gb-container gb-container-2df7f4a7\"><div class=\"gb-inside-container\">\n\n<h2 class=\"header-underline-red wp-block-heading\"><strong>Livraison de marchandises en Ukraine?<\/strong><br><strong><mark style=\"background-color:rgba(0, 0, 0, 0)\" class=\"has-inline-color has-red-exp-color\">Tarifs douaniers<\/mark><\/strong><\/h2>\n\n<\/div><\/div>\n\n<div class=\"gb-container gb-container-53173bbc\"><div class=\"gb-inside-container\">\n<div class=\"gb-container gb-container-df027109\"><div class=\"gb-inside-container\">\n\n<p>Les droits d&#8217;importation en Ukraine sont bas\u00e9s sur la taxe locale sur les biens et services et la TVA standard de 20 %. Ils d\u00e9pendent \u00e9galement de la valeur d\u00e9clar\u00e9e, du type d&#8217;envoi et de son origine.<\/p>\n\n<\/div><\/div>\n\n<div class=\"gb-container gb-container-9a8c0ceb\"><div class=\"gb-inside-container\">\n\n<p><strong>En principe, aucun droit n&#8217;est per\u00e7u sur les articles \u00e0 usage personnel.<\/strong>&nbsp;Il s&#8217;agit notamment de v\u00eatements et d&#8217;articles de toilette. Cependant, nous recommandons vivement de d\u00e9clarer toutes les marchandises sur le proforma\/document commercial.<\/p>\n\n<\/div><\/div>\n\n<div class=\"gb-container gb-container-0778ffd9\"><div class=\"gb-inside-container\">\n\n<p>Pr\u00e9cisez bien l\u2019adresse e-mail et le t\u00e9l\u00e9phone du destinataire sur votre facture proforma. Il est tr\u00e8s fr\u00e9quent que les douanes le contact pour avoir des pr\u00e9cisions sur le contenu du colis.<\/p>\n\n<\/div><\/div>\n<\/div><\/div>\n\n<div class=\"gb-container gb-container-3ddff145\"><div class=\"gb-inside-container\">\n<div class=\"gb-container gb-container-7816fc64\"><div class=\"gb-inside-container\">\n<div class=\"gb-container gb-container-a9c937ca\"><div class=\"gb-inside-container\">\n\n<h2 class=\"header-underline-white wp-block-heading\"><strong>En Ukraine, certaines marchandises ne sont pas autoris\u00e9es \u00e0 \u00eatre import\u00e9es.<\/strong><\/h2>\n\n\n<div class=\"gb-container gb-container-b2191a2a\"><div class=\"gb-inside-container\">\n\n<p>N&#8217;envoyez pas de marchandises interdites en Ukraine. L&#8217;aper\u00e7u suivant peut varier en fonction de la soci\u00e9t\u00e9 d&#8217;exp\u00e9dition (FedEx, DHL, UPS, TNT ou Aramex). Les frais de blocage et le retour de la marchandise se fera \u00e0 vos frais.<\/p>\n\n<\/div><\/div>\n<\/div><\/div>\n\n<div class=\"gb-container gb-container-4c990c48\"><div class=\"gb-inside-container\">\n\n<ul class=\"wp-block-list\">\n<li>Mat\u00e9riel pornographique<\/li>\n\n\n\n<li>Exp\u00e9dition d&#8217;animaux vivants<\/li>\n\n\n\n<li>Importation de biens culturels sous le statut \u00ab recherch\u00e9 \u00bb<\/li>\n\n\n\n<li>Stup\u00e9fiants, substances psychotropes et pr\u00e9curseurs.<\/li>\n\n\n\n<li>Agents pathog\u00e8nes des plantes, cultures vivantes de champignons, bact\u00e9ries, virus, insectes, tiques, n\u00e9matodes qui endommagent les plantes (\u00e0 l&#8217;exception des \u00e9chantillons pr\u00e9lev\u00e9s pour la recherche scientifique)<\/li>\n\n\n\n<li>Mat\u00e9riel de semences<\/li>\n\n\n\n<li>Le bois d&#8217;emballage qui n&#8217;a pas \u00e9t\u00e9 d\u00e9barrass\u00e9 de sa cro\u00fbte et qui n&#8217;a pas subi de traitement thermique ou chimique<\/li>\n\n\n\n<li>L&#8217;importation de p\u00e9trole au plomb et d&#8217;additifs au plomb pour le p\u00e9trole, \u00e0 l&#8217;exception du carburant d&#8217;aviation, est interdite<\/li>\n\n\n\n<li>Armes \u00e0 feu de tous types et munitions (armes froides et autres objets sp\u00e9cialement con\u00e7us pour l&#8217;attaque et la d\u00e9fense)<\/li>\n\n\n\n<li>Substances explosives, inflammables ou autres substances dangereuses<\/li>\n\n\n\n<li>Syst\u00e8mes de galvanisation (fils \u00e9lectriques), filets monofilament (lignes cappilaires) et pi\u00e8ges de chasse<\/li>\n<\/ul>\n\n<\/div><\/div>\n\n\n<p>* Cette liste peut \u00eatre modifi\u00e9e par le pays de destination. Pour plus d&#8217;informations,&nbsp;<a rel=\"noreferrer noopener\" href=\"http:\/\/sfs.gov.ua\/en\/custom-clearance\/arriving-individuals-citizens\/prohibitions-and-restrictions\/\" target=\"_blank\">consultez le site web du gouvernement de l&#8217;Ukraine.<\/a><\/p>\n\n\n<div class=\"gb-container gb-container-4b37f35a\"><div class=\"gb-inside-container\">\n\n<p>Si vous n&#8217;\u00eates pas s\u00fbr que votre article entre dans la cat\u00e9gorie des &#8220;marchandises interdites&#8221;, veuillez nous contacter par t\u00e9l\u00e9phone ou par e-mail. Nous serons heureux de vous fournir des informations !<\/p>\n\n<\/div><\/div>\n<\/div><\/div>\n\n<div class=\"gb-container gb-container-1692184d\"><div class=\"gb-inside-container\">\n\n<h2 class=\"header-underline-red wp-block-heading\"><strong>Faire des envois express en Ukraine<\/strong><br><strong><mark style=\"background-color:rgba(0, 0, 0, 0)\" class=\"has-inline-color has-red-exp-color\">Biens fragiles<\/mark><\/strong><\/h2>\n\n<\/div><\/div>\n\n<div class=\"gb-container gb-container-ae6e7327\"><div class=\"gb-inside-container\">\n\n<p>En cas d&#8217;envoi d&#8217;articles fragiles ou d\u00e9licats en Ukraine, il est essentiel d&#8217;<a href=\"https:\/\/www.expedismart.ch\/pages\/infos-pratiques\/astuces\/emballage\/\" target=\"_blank\" rel=\"noreferrer noopener\">emballer correctement le contenu afin de prot\u00e9ger la marchandise.<\/a>&nbsp;Utilisez suffisamment de mat\u00e9riaux de rembourrage tels que des journaux, de la mousse ou du papier bulle.<\/p>\n\n\n<div class=\"gb-container gb-container-d6dfc286\"><div class=\"gb-inside-container\">\n\n<h2 class=\"header-underline-red delivery-delay wp-block-heading\"><strong>D\u00e9lais de livraison<\/strong><\/h2>\n\n<\/div><\/div>\n\n<div class=\"gb-container gb-container-b7f28427\"><div class=\"gb-inside-container\">\n\n<p>Pour \u00e9viter des blocages en douane ou des retards dans la livraison, veuillez fournir l&#8217;adresse compl\u00e8te et correcte ainsi que l&#8217;adresse \u00e9lectronique du destinataire et un num\u00e9ro de t\u00e9l\u00e9phone mobile ou fixe.<\/p>\n\n<\/div><\/div>\n<\/div><\/div>\n<\/div><\/div>\n\n<div class=\"gb-container gb-container-f8e550d6 holidays-of-countries\"><div class=\"gb-inside-container\">\n<div class=\"gb-container gb-container-eef283e4\"><div class=\"gb-inside-container\">\n\n<h2 class=\"header-underline-white wp-block-heading\"><strong>Enl\u00e8vements et livraisons en Ukraine<\/strong><br><strong><mark style=\"background-color:rgba(0, 0, 0, 0)\" class=\"has-inline-color has-red-exp-color\">Journ\u00e9es festives<\/mark><\/strong><\/h2>\n\n<\/div><\/div>\n\n<div class=\"gb-container gb-container-4d9aab56\"><div class=\"gb-inside-container\">\n\n<p>Veuillez tenir compte des jours f\u00e9ri\u00e9s en Ukraine pour la livraison de votre colis. Sachez que vos colis ne seront pas livr\u00e9s ces jours-l\u00e0.<\/p>\n\n<\/div><\/div>\n\n<div class=\"gb-container gb-container-fb43e401\"><div class=\"gb-inside-container\">\n<div class=\"gb-grid-wrapper gb-grid-wrapper-7b12cbc0\">\n<div class=\"gb-grid-column gb-grid-column-682b5c6e\"><div class=\"gb-container gb-container-682b5c6e ul-red-dots\"><div class=\"gb-inside-container\">\n\n<ul class=\"wp-block-list\">\n<li><strong>1er janvier<\/strong>&nbsp;&#8211; Jour de l&#8217;an<\/li>\n\n\n\n<li><strong>7 janvier<\/strong>&nbsp;&#8211; No\u00ebl orthodoxe<\/li>\n\n\n\n<li><strong>8 mars<\/strong>&nbsp;&#8211; Journ\u00e9e internationale de la femme<\/li>\n\n\n\n<li><strong>1er mai<\/strong>&nbsp;&#8211; F\u00eate du travail<\/li>\n\n\n\n<li>2 mai (d\u00e9pla\u00e7able) &#8211; Jour de P\u00e2ques orthodoxe<\/li>\n\n\n\n<li>3 mai (d\u00e9pla\u00e7able) &#8211; Lundi de P\u00e2ques orthodoxe<\/li>\n\n\n\n<li><strong>9 mai<\/strong>&nbsp;&#8211; Jour de la Victoire (comm\u00e9more la fin de la Seconde Guerre mondiale et la victoire des Alli\u00e9s sur l&#8217;Allemagne nazie)<\/li>\n<\/ul>\n\n<\/div><\/div><\/div>\n\n<div class=\"gb-grid-column gb-grid-column-ca64b596\"><div class=\"gb-container gb-container-ca64b596 ul-red-dots\"><div class=\"gb-inside-container\">\n\n<ul class=\"wp-block-list\">\n<li>21 juin (d\u00e9pla\u00e7able) &#8211; Lundi de Pentec\u00f4te orthodoxe<\/li>\n\n\n\n<li><strong>28 juin<\/strong>&nbsp;&#8211; Jour de la Constitution<\/li>\n\n\n\n<li><strong>24 ao\u00fbt<\/strong>&nbsp;&#8211; Jour de l&#8217;ind\u00e9pendance<\/li>\n\n\n\n<li><strong>14 octobre<\/strong>&nbsp;&#8211; Jour du D\u00e9fenseur<\/li>\n\n\n\n<li><strong>25 d\u00e9cembre<\/strong>&nbsp;&#8211; Jour de No\u00ebl<\/li>\n\n\n\n<li><strong>27 d\u00e9cembre<\/strong>&nbsp;&#8211; Jour de No\u00ebl<\/li>\n<\/ul>\n\n<\/div><\/div><\/div>\n<\/div>\n<\/div><\/div>\n<\/div><\/div>\n\n<div class=\"gb-container gb-container-285596a9\"><div class=\"gb-inside-container\">\n\n<h2 class=\"header-underline-red wp-block-heading\"><strong>Tracking de colis express vers&nbsp;l\u2019Ukraine<\/strong><br><strong><mark style=\"background-color:rgba(0, 0, 0, 0)\" class=\"has-inline-color has-red-exp-color\">Suivez votre envoi<\/mark><\/strong><\/h2>\n\n<\/div><\/div>\n\n<div class=\"gb-container gb-container-51af6782\"><div class=\"gb-inside-container\">\n\n<p>Vous avez d\u00e9j\u00e0 exp\u00e9di\u00e9 un colis en Ukraine ? Utilisez le&nbsp;<a rel=\"noreferrer noopener\" href=\"https:\/\/www.expedismart.ch\/pages\/infos-pratiques\/suivi\/tracking\/\" target=\"_blank\">suivi de votre envoi<\/a>&nbsp;sur Expedismart.ch.<\/p>\n\n\n<div class=\"gb-container gb-container-43235abb\"><div class=\"gb-inside-container\">\n\n<p>La majorit\u00e9 de nos clients envoient leurs colis \u00e0 Kiev et Kharkov.<\/p>\n\n<\/div><\/div>\n\n<div class=\"gb-container gb-container-8cb6b783\"><div class=\"gb-inside-container\">\n\n<p>N&#8217;h\u00e9sitez pas \u00e0 nous contacter par t\u00e9l\u00e9phone (+41 022 575 61 16), par e-mail (admin@expedismart.ch) ou via le&nbsp;<a href=\"https:\/\/www.expedismart.ch\/pages\/nous-contacter\/\" target=\"_blank\" rel=\"noreferrer noopener\">formulaire de contact<\/a>&nbsp;si vous avez des questions ou des incertitudes.<\/p>\n\n<\/div><\/div>\n<\/div><\/div>\n<\/div><\/div><\/div>\n\n<div class=\"gb-grid-column gb-grid-column-51b8048d\"><div class=\"gb-container gb-container-51b8048d\"><div class=\"gb-inside-container\"><\/div><\/div><\/div>\n<\/div>\n\n\n<div class=\"wp-block-group alignfull margin-top:30px has-base-background-color has-background has-medium-font-size\"><div class=\"wp-block-group__inner-container is-layout-flow wp-block-group-is-layout-flow\"><div class=\"gb-button-wrapper gb-button-wrapper-385aab1f\">\n\n<a class=\"gb-button gb-button-a9cc083f gb-button-text special_red_button_gp\" href=\"\/\" target=\"_blank\" rel=\"noopener noreferrer\" id=\"compare-prices-3\"><strong>Faire un envoi en Ukraine<\/strong><\/a>\n\n<\/div><\/div><\/div>\n","protected":false},"excerpt":{"rendered":"<p>Les questions douani\u00e8res pour vos envois de colis en Ukraine<\/p>\n","protected":false},"author":2,"featured_media":0,"parent":3153,"menu_order":0,"comment_status":"closed","ping_status":"closed","template":"","meta":{"_seopress_robots_primary_cat":"","_seopress_titles_title":"Comment envoyer un colis en Ukraine","_seopress_titles_desc":"Conseils en ligne. Envoyez des colis en Ukraine facilement et moins cher. Comparez les prix et les d\u00e9lais de livraison en 1 minute.","_seopress_robots_index":"","inline_featured_image":false,"footnotes":""},"class_list":["post-4170","page","type-page","status-publish"],"_links":{"self":[{"href":"https:\/\/www.expedismart.ch\/pages\/wp-json\/wp\/v2\/pages\/4170","targetHints":{"allow":["GET"]}}],"collection":[{"href":"https:\/\/www.expedismart.ch\/pages\/wp-json\/wp\/v2\/pages"}],"about":[{"href":"https:\/\/www.expedismart.ch\/pages\/wp-json\/wp\/v2\/types\/page"}],"author":[{"embeddable":true,"href":"https:\/\/www.expedismart.ch\/pages\/wp-json\/wp\/v2\/users\/2"}],"replies":[{"embeddable":true,"href":"https:\/\/www.expedismart.ch\/pages\/wp-json\/wp\/v2\/comments?post=4170"}],"version-history":[{"count":3,"href":"https:\/\/www.expedismart.ch\/pages\/wp-json\/wp\/v2\/pages\/4170\/revisions"}],"predecessor-version":[{"id":4362,"href":"https:\/\/www.expedismart.ch\/pages\/wp-json\/wp\/v2\/pages\/4170\/revisions\/4362"}],"up":[{"embeddable":true,"href":"https:\/\/www.expedismart.ch\/pages\/wp-json\/wp\/v2\/pages\/3153"}],"wp:attachment":[{"href":"https:\/\/www.expedismart.ch\/pages\/wp-json\/wp\/v2\/media?parent=4170"}],"curies":[{"name":"wp","href":"https:\/\/api.w.org\/{rel}","templated":true}]}}