{"id":7434,"date":"2023-02-14T11:51:43","date_gmt":"2023-02-14T11:51:43","guid":{"rendered":"https:\/\/www.expedismart.ch\/pages\/i-nostri-partner\/"},"modified":"2023-05-02T09:55:48","modified_gmt":"2023-05-02T09:55:48","slug":"i-nostri-partner","status":"publish","type":"page","link":"https:\/\/www.expedismart.ch\/pages\/it\/i-nostri-partner\/","title":{"rendered":"I nostri partner"},"content":{"rendered":"\n<h1 class=\"gb-headline gb-headline-6fe0395d gb-headline-text\"><strong>I nostri partner<\/strong><\/h1>\n\n\n<div class=\"gb-grid-wrapper gb-grid-wrapper-2088f2b7\">\n<div class=\"gb-grid-column gb-grid-column-0888354e\"><div class=\"gb-container gb-container-0888354e\"><div class=\"gb-inside-container\"><\/div><\/div><\/div>\n\n<div class=\"gb-grid-column gb-grid-column-9267e3de\"><div class=\"gb-container gb-container-9267e3de\"><div class=\"gb-inside-container\">\n\n<p class=\"has-text-align-center\">Utilizzando Expedismart per le vostre spedizioni, beneficiate automaticamente degli sconti che abbiamo negoziato con questi vettori.<\/p>\n\n<\/div><\/div><\/div>\n\n<div class=\"gb-grid-column gb-grid-column-7765cda4\"><div class=\"gb-container gb-container-7765cda4\"><div class=\"gb-inside-container\"><\/div><\/div><\/div>\n<\/div>\n\n<div class=\"gb-grid-wrapper gb-grid-wrapper-f4f000bd\">\n<div class=\"gb-grid-column gb-grid-column-76fc280a\"><div class=\"gb-container gb-container-76fc280a\"><div class=\"gb-inside-container\"><\/div><\/div><\/div>\n\n<div class=\"gb-grid-column gb-grid-column-e0ce59c7\"><div class=\"gb-container gb-container-e0ce59c7\"><div class=\"gb-inside-container\">\n<div class=\"gb-container gb-container-689ddd07\"><div class=\"gb-inside-container\">\n\n<div class=\"our-partners why-use-us-container\">\n      <div class=\"why-use-us-grid\">\n    \n        <div class=\"why-use-us-item\">\n          <div class=\"why-use-us-item-front\">\n            <div class=\"why-use-us-front-inside\">\n              <div class=\"why-use-us-img-parent\">\n                <img decoding=\"async\" src=\"https:\/\/www.expedismart.ch\/pages\/wp-content\/uploads\/2023\/02\/fedex.webp\" alt=\"Immagine\" class=\"why-use-us-img\"\/><\/div>\n            <\/div>\n          <\/div>\n          \n          <div class=\"why-use-us-hover\">\n            <p class=\"why-use-us-hover-content\">\n  FedEx \u00e8 una societ\u00e0 di trasporti e logistica globale fondata nel 1971. Con una flotta di oltre 650 aerei e pi\u00f9 di 300.000 dipendenti in tutto il mondo, FedEx spedisce ogni giorno pi\u00f9 di 15 milioni di pacchi in oltre 220 Paesi e territori. Il fatturato dell&#8217;azienda supera i 70 miliardi di dollari all&#8217;anno. FedEx punta sull&#8217;innovazione e sugli investimenti in tecnologia per fornire ai clienti soluzioni di consegna rapide e affidabili.\n          <\/p><\/div>\n        <\/div>\n    \n        <div class=\"why-use-us-item\">\n          <div class=\"why-use-us-item-front\">\n            <div class=\"why-use-us-front-inside\">\n              <div class=\"why-use-us-img-parent\">\n                <img decoding=\"async\" src=\"https:\/\/www.expedismart.ch\/pages\/wp-content\/uploads\/2023\/02\/aramex.webp\" alt=\"Immagine\" class=\"why-use-us-img\"\/><\/div>\n            <\/div>\n          <\/div>\n          \n          <div class=\"why-use-us-hover\">\n            <p class=\"why-use-us-hover-content\">\n  Aramex \u00e8 una societ\u00e0 di logistica e trasporti fondata nel 1982 con sede in Medio Oriente. Fornisce servizi di corriere, logistica e soluzioni per il commercio elettronico in oltre 60 paesi del mondo. Aramex ha pi\u00f9 di 11.000 dipendenti e una flotta di veicoli che trasportano pi\u00f9 di 500.000 pacchi al giorno. Il fatturato dell&#8217;azienda supera il miliardo di dollari all&#8217;anno. Aramex si impegna a fornire l&#8217;eccellenza ai propri clienti attraverso continui investimenti in tecnologia e innovazione.\n            <\/p>\n          <\/div>\n        <\/div>\n    \n        <div class=\"why-use-us-item\">\n          <div class=\"why-use-us-item-front\">\n            <div class=\"why-use-us-front-inside\">\n              <div class=\"why-use-us-img-parent\">\n                <img decoding=\"async\" src=\"https:\/\/www.expedismart.ch\/pages\/wp-content\/uploads\/2023\/02\/ups.webp\" alt=\"Immagine\" class=\"why-use-us-img\"\/><\/div>\n            <\/div>\n          <\/div>\n          \n          <div class=\"why-use-us-hover\">\n            <p class=\"why-use-us-hover-content\">\n  UPS (United Parcel Service) \u00e8 una societ\u00e0 internazionale di consegna pacchi fondata nel 1907. \u00c8 considerato uno dei maggiori trasportatori di pacchi al mondo, con pi\u00f9 di 110.000 veicoli e oltre 500.000 dipendenti in tutto il mondo. In termini numerici, nel 2020 UPS ha consegnato pi\u00f9 di 22 milioni di pacchi in tutto il mondo, generando un fatturato di oltre 74 miliardi di dollari. In sintesi, UPS \u00e8 un&#8217;azienda leader nella consegna di pacchi, che fornisce soluzioni di consegna affidabili ed efficienti ai clienti di tutto il mondo.\n            <\/p>\n          <\/div>\n        <\/div>\n    \n        <div class=\"why-use-us-item\">\n          <div class=\"why-use-us-item-front\">\n            <div class=\"why-use-us-front-inside\">\n              <div class=\"why-use-us-img-parent\">\n                <img decoding=\"async\" src=\"https:\/\/www.expedismart.ch\/pages\/wp-content\/uploads\/2023\/02\/fretcargo.webp\" alt=\"Immagine\" class=\"why-use-us-img\"\/><\/div>\n            <\/div>\n          <\/div>\n          \n          <div class=\"why-use-us-hover\">\n            <p class=\"why-use-us-hover-content\">\n  L&#8217;Agenzia Fret Cargo trasporta le vostre merci in modo sicuro e trasparente per via aerea, terrestre e marittima dalla Svizzera al mondo intero e dal mondo intero alla Svizzera. L&#8217;Agenzia Fret Cargo, con sede all&#8217;aeroporto di Ginevra da oltre 30 anni, \u00e8 specializzata nel trasporto e nell&#8217;amministrazione delle merci in arrivo e in partenza da Ginevra per tutto il mondo. La nostra agenzia ha creato una rete di oltre 5.000 agenti di fiducia in tutto il mondo, in grado di garantire consegne sicure, trasparenti e affidabili ai nostri esigenti clienti.\n            <\/p>\n          <\/div>\n        <\/div>\n    \n        <div class=\"why-use-us-item\">\n          <div class=\"why-use-us-item-front\">\n            <div class=\"why-use-us-front-inside\">\n              <div class=\"why-use-us-img-parent\">\n                <img decoding=\"async\" src=\"https:\/\/www.expedismart.ch\/pages\/wp-content\/uploads\/2023\/02\/spring.webp\" alt=\"Immagine\" class=\"why-use-us-img\"\/><\/div>\n            <\/div>\n          <\/div>\n          \n          <div class=\"why-use-us-hover\">\n            <p class=\"why-use-us-hover-content\">\n  Spring \u00e8 una societ\u00e0 di consegna pacchi fondata nel 2014. Offre una piattaforma online per la consegna di pacchi e la logistica, con una forte presenza negli Stati Uniti. Spring ha rivoluzionato il settore delle consegne di pacchi concentrandosi sull&#8217;esperienza del cliente, utilizzando la tecnologia per semplificare i processi di consegna e offrendo consegne rapide e affidabili. In termini di numeri, Spring ha consegnato finora oltre 100 milioni di pacchi e ha un fatturato annuo di diversi miliardi di dollari. L&#8217;azienda continua a crescere rapidamente e ad espandersi in nuovi mercati per offrire i propri servizi a un maggior numero di clienti.\n            <\/p>\n          <\/div>\n        <\/div>\n    \n        <div class=\"why-use-us-item\">\n          <div class=\"why-use-us-item-front\">\n            <div class=\"why-use-us-front-inside\">\n              <div class=\"why-use-us-img-parent\">\n                <img decoding=\"async\" src=\"https:\/\/www.expedismart.ch\/pages\/wp-content\/uploads\/2023\/02\/transnat.webp\" alt=\"Immagine\" class=\"why-use-us-img\"\/><\/div>\n            <\/div>\n          <\/div>\n          \n          <div class=\"why-use-us-hover\">\n            <p class=\"why-use-us-hover-content\">\n  TransNat offre servizi di trasporto pallet in tutta la Svizzera per aziende di ogni dimensione. Con una moderna flotta di autocarri e un team di autisti esperti, TransNat \u00e8 in grado di gestire consegne puntuali e garantire la sicurezza delle merci. L&#8217;azienda continua a crescere e ad espandersi per offrire i propri servizi a un maggior numero di clienti in tutta la Svizzera e in Europa.\n            <\/p>\n          <\/div>\n        <\/div>\n    \n      <\/div>\n    <\/div>\n\n<\/div><\/div>\n<\/div><\/div><\/div>\n\n<div class=\"gb-grid-column gb-grid-column-f78d1274\"><div class=\"gb-container gb-container-f78d1274\"><div class=\"gb-inside-container\"><\/div><\/div><\/div>\n<\/div>\n\n\n<div class=\"wp-block-group alignfull margin-top:30px has-base-background-color has-background has-large-font-size\"><div class=\"wp-block-group__inner-container is-layout-flow wp-block-group-is-layout-flow\"><div class=\"gb-button-wrapper gb-button-wrapper-dddd8864\">\n\n<a class=\"gb-button gb-button-df1b7aa7 gb-button-text special_red_button_gp\" href=\"\/\" target=\"_blank\" rel=\"noopener noreferrer\" id=\"compare-prices-1\"><strong>Confronta i prezzi di spedizione!<\/strong><\/a>\n\n<\/div><\/div><\/div>\n","protected":false},"excerpt":{"rendered":"<p>I nostri partner<\/p>\n","protected":false},"author":2,"featured_media":0,"parent":0,"menu_order":0,"comment_status":"closed","ping_status":"closed","template":"","meta":{"_seopress_robots_primary_cat":"","_seopress_titles_title":"I nostri partner - EXPEDISMART","_seopress_titles_desc":"","_seopress_robots_index":"","inline_featured_image":false,"footnotes":""},"class_list":["post-7434","page","type-page","status-publish"],"_links":{"self":[{"href":"https:\/\/www.expedismart.ch\/pages\/it\/wp-json\/wp\/v2\/pages\/7434","targetHints":{"allow":["GET"]}}],"collection":[{"href":"https:\/\/www.expedismart.ch\/pages\/it\/wp-json\/wp\/v2\/pages"}],"about":[{"href":"https:\/\/www.expedismart.ch\/pages\/it\/wp-json\/wp\/v2\/types\/page"}],"author":[{"embeddable":true,"href":"https:\/\/www.expedismart.ch\/pages\/it\/wp-json\/wp\/v2\/users\/2"}],"replies":[{"embeddable":true,"href":"https:\/\/www.expedismart.ch\/pages\/it\/wp-json\/wp\/v2\/comments?post=7434"}],"version-history":[{"count":5,"href":"https:\/\/www.expedismart.ch\/pages\/it\/wp-json\/wp\/v2\/pages\/7434\/revisions"}],"predecessor-version":[{"id":7807,"href":"https:\/\/www.expedismart.ch\/pages\/it\/wp-json\/wp\/v2\/pages\/7434\/revisions\/7807"}],"wp:attachment":[{"href":"https:\/\/www.expedismart.ch\/pages\/it\/wp-json\/wp\/v2\/media?parent=7434"}],"curies":[{"name":"wp","href":"https:\/\/api.w.org\/{rel}","templated":true}]}}