{"id":7342,"date":"2023-01-05T12:11:50","date_gmt":"2023-01-05T12:11:50","guid":{"rendered":"https:\/\/www.expedismart.ch\/pages\/informazioni-pratiche\/paese\/cina\/"},"modified":"2023-03-29T08:27:52","modified_gmt":"2023-03-29T08:27:52","slug":"cina","status":"publish","type":"page","link":"https:\/\/www.expedismart.ch\/pages\/it\/informazioni-pratiche\/paese\/cina\/","title":{"rendered":"Cina"},"content":{"rendered":"\n<h1 class=\"gb-headline gb-headline-e4f7b0a9 gb-headline-text\">Consigli e tariffe per l&#8217;invio di un pacco in Cina con i corrieri espressi.<\/h1>\n<div class=\"gb-container gb-container-4ca4c369\"><div class=\"gb-inside-container\">\n\n<figure class=\"wp-block-image alignfull size-large is-style-default\"><img decoding=\"async\" width=\"1024\" height=\"227\" src=\"https:\/\/www.expedismart.ch\/pages\/wp-content\/uploads\/2023\/01\/China-1024x227.webp\" alt=\"Consegna espressa di pacchi in Cina al miglior prezzo\" class=\"wp-image-4202\" srcset=\"https:\/\/www.expedismart.ch\/pages\/wp-content\/uploads\/2023\/01\/China-1024x227.webp 1024w, https:\/\/www.expedismart.ch\/pages\/wp-content\/uploads\/2023\/01\/China-300x67.webp 300w, https:\/\/www.expedismart.ch\/pages\/wp-content\/uploads\/2023\/01\/China-768x170.webp 768w, https:\/\/www.expedismart.ch\/pages\/wp-content\/uploads\/2023\/01\/China-1536x341.webp 1536w, https:\/\/www.expedismart.ch\/pages\/wp-content\/uploads\/2023\/01\/China.webp 1920w\" sizes=\"(max-width: 1024px) 100vw, 1024px\" \/><\/figure>\n<\/div><\/div><div class=\"gb-grid-wrapper gb-grid-wrapper-9335b011\">\n<div class=\"gb-grid-column gb-grid-column-124dd388\"><div class=\"gb-container gb-container-124dd388\"><div class=\"gb-inside-container\"><\/div><\/div><\/div>\n\n<div class=\"gb-grid-column gb-grid-column-b401532d\"><div class=\"gb-container gb-container-b401532d\"><div class=\"gb-inside-container\">\n\n<h2 class=\"header-underline-red wp-block-heading\"><strong><strong>Siete un&#8217;azienda o un individuo<\/strong><br\/><strong>e inviate pacchi o documenti <\/strong>in Cina?<\/strong><\/h2>\n\n<\/div><\/div><\/div>\n\n<div class=\"gb-grid-column gb-grid-column-f718cc8e\"><div class=\"gb-container gb-container-f718cc8e\"><div class=\"gb-inside-container\"><\/div><\/div><\/div>\n<\/div><div class=\"gb-grid-wrapper gb-grid-wrapper-902a15a4\">\n<div class=\"gb-grid-column gb-grid-column-59af1187\"><div class=\"gb-container gb-container-59af1187\"><div class=\"gb-inside-container\"><\/div><\/div><\/div>\n\n<div class=\"gb-grid-column gb-grid-column-d4791704\"><div class=\"gb-container gb-container-d4791704\"><div class=\"gb-inside-container\">\n\n<p>Siete una <strong>PMI svizzera<\/strong> o <strong>un privato<\/strong> che desidera inviare regolarmente o occasionalmente merci o documenti in Cina in modo affidabile, rapido ed economico? Con <a href=\"https:\/\/www.expedismart.ch\/\" target=\"_blank\" rel=\"noreferrer noopener\">Expedismart.<\/a>ch, il servizio di confronto spedizioni leader in Svizzera, potete prenotare online i servizi di vettori professionali come DHL, FedEx, UPS o TNT. Potete <a rel=\"noreferrer noopener\" href=\"https:\/\/www.expedismart.ch\/user\/register\/\" target=\"_blank\">aprire un account gratuito<\/a> in un minuto e prenotare la vostra spedizione. Potete beneficiare di sconti fino al 70% sul prezzo al dettaglio grazie agli accordi che abbiamo negoziato con i nostri vettori partner, FedEx, UPS, TNT e Aramex.<\/p>\n\n<\/div><\/div><\/div>\n\n<div class=\"gb-grid-column gb-grid-column-f6aa068b\"><div class=\"gb-container gb-container-f6aa068b\"><div class=\"gb-inside-container\"><\/div><\/div><\/div>\n<\/div>\n<div class=\"wp-block-group alignfull margin-top:30px button_link_exp has-base-background-color has-background has-medium-font-size\"><div class=\"wp-block-group__inner-container is-layout-flow wp-block-group-is-layout-flow\"><div class=\"gb-button-wrapper gb-button-wrapper-289f742d\">\n\n<a class=\"gb-button gb-button-c9f14dcb gb-button-text special_red_button_gp\" href=\"\/\" target=\"_blank\" rel=\"noopener noreferrer\" id=\"compare-prices-1\"><strong>Confronta i prezzi per la spedizione in Cina<\/strong><\/a>\n\n<\/div><\/div><\/div>\n<div class=\"gb-grid-wrapper gb-grid-wrapper-a3164fc6\">\n<div class=\"gb-grid-column gb-grid-column-7c06471f\"><div class=\"gb-container gb-container-7c06471f\"><div class=\"gb-inside-container\"><\/div><\/div><\/div>\n\n<div class=\"gb-grid-column gb-grid-column-769233a0\"><div class=\"gb-container gb-container-769233a0\"><div class=\"gb-inside-container\">\n\n<h2 class=\"header-underline-red wp-block-heading\"><strong>Come inviare un pacco <strong>in Cina<\/strong>?<\/strong><br\/><strong><mark style=\"background-color:rgba(0, 0, 0, 0)\" class=\"has-inline-color has-red-exp-color\">I documenti necessari<\/mark><\/strong><\/h2>\n\n<\/div><\/div><\/div>\n\n<div class=\"gb-grid-column gb-grid-column-69f72fe2\"><div class=\"gb-container gb-container-69f72fe2\"><div class=\"gb-inside-container\"><\/div><\/div><\/div>\n<\/div><div class=\"gb-grid-wrapper gb-grid-wrapper-0ac653d1\">\n<div class=\"gb-grid-column gb-grid-column-c998e976\"><div class=\"gb-container gb-container-c998e976\"><div class=\"gb-inside-container\"><\/div><\/div><\/div>\n\n<div class=\"gb-grid-column gb-grid-column-1fdcc953\"><div class=\"gb-container gb-container-1fdcc953\"><div class=\"gb-inside-container\">\n\n<p>In qualit\u00e0 di mittente, dovrete inviare al corriere di vostra scelta, DHL, FedEx, UPS, TNT o Aramex, la bolla di spedizione e una fattura proforma. La fattura proforma \u00e8 un documento che dovete produrre e che indica alla dogana cinese il contenuto del vostro pacco. Se la merce \u00e8 venduta in Cina, il documento da fornire \u00e8 una fattura commerciale, che potete anche realizzare voi stessi o che verr\u00e0 compilata automaticamente se prenotate la spedizione su Expedismart.ch.<\/p>\n\n\n<div class=\"gb-container gb-container-6c46d2e6\"><div class=\"gb-inside-container\">\n\n<p>Le seguenti informazioni devono essere incluse nella fattura commerciale o proforma per una spedizione:<\/p>\n\n<\/div><\/div>\n<\/div><\/div><\/div>\n\n<div class=\"gb-grid-column gb-grid-column-e753785d\"><div class=\"gb-container gb-container-e753785d\"><div class=\"gb-inside-container\"><\/div><\/div><\/div>\n<\/div><div class=\"gb-container gb-container-c560e87b\"><div class=\"gb-inside-container\">\n<div class=\"gb-grid-wrapper gb-grid-wrapper-260897b9\">\n<div class=\"gb-grid-column gb-grid-column-4baed686\"><div class=\"gb-container gb-container-4baed686\"><div class=\"gb-inside-container\"><\/div><\/div><\/div>\n\n<div class=\"gb-grid-column gb-grid-column-ed542513\"><div class=\"gb-container gb-container-ed542513\"><div class=\"gb-inside-container\">\n<div class=\"gb-grid-wrapper gb-grid-wrapper-45d58127 grid-gap\">\n<div class=\"gb-grid-column gb-grid-column-ada8d777\"><div class=\"gb-container gb-container-ada8d777 commercial-invoice ul-red-dots\"><div class=\"gb-inside-container\">\n<div class=\"gb-container gb-container-a88c0644\"><div class=\"gb-inside-container\">\n\n<h3 class=\"header-underline-white wp-block-heading\"><strong>Informazioni essenziali da includere nella fattura proforma o commerciale per una spedizione in Cina:<\/strong><\/h3>\n\n<\/div><\/div>\n\n\n<ul class=\"wp-block-list\">\n<li>  L&#8217;indirizzo completo del mittente (voi) e del destinatario<\/li>\n\n\n\n<li>  Una descrizione precisa della merce, il numero di colli e il valore della merce in franchi svizzeri.<\/li>\n\n\n\n<li>  Se il destinatario \u00e8 un&#8217;azienda, il numero di partita IVA dell&#8217;azienda.<\/li>\n\n\n\n<li>  Non dimenticate di firmare e datare la fattura<\/li>\n\n\n\n<li><strong>Come tutte le fatture proforma, deve essere redatta in inglese o nella lingua del Paese di destinazione.<\/strong><\/li>\n<\/ul>\n\n<\/div><\/div><\/div>\n\n<div class=\"gb-grid-column gb-grid-column-7deef15c\"><div class=\"gb-container gb-container-7deef15c check-list-red\"><div class=\"gb-inside-container\">\n<div class=\"gb-container gb-container-c2d24eb4\"><div class=\"gb-inside-container\">\n\n<h3 class=\"header-underline-white-only wp-block-heading\"><strong>LISTA DI CONTROLLO<\/strong><\/h3>\n\n<\/div><\/div>\n\n\n<ul class=\"wp-block-list\">\n<li><strong>Indirizzo postale completo<\/strong><\/li>\n\n\n\n<li><strong>Documento proforma<\/strong><\/li>\n\n\n\n<li><strong>Dichiarazione doganale<\/strong><\/li>\n\n\n\n<li><strong>Nessuna merce proibita<\/strong><\/li>\n<\/ul>\n\n<\/div><\/div><\/div>\n<\/div>\n<\/div><\/div><\/div>\n\n<div class=\"gb-grid-column gb-grid-column-7631307e\"><div class=\"gb-container gb-container-7631307e\"><div class=\"gb-inside-container\"><\/div><\/div><\/div>\n<\/div>\n<\/div><\/div><div class=\"gb-grid-wrapper gb-grid-wrapper-58fc2b05\">\n<div class=\"gb-grid-column gb-grid-column-f3513540\"><div class=\"gb-container gb-container-f3513540\"><div class=\"gb-inside-container\"><\/div><\/div><\/div>\n\n<div class=\"gb-grid-column gb-grid-column-5bd1be55\"><div class=\"gb-container gb-container-5bd1be55\"><div class=\"gb-inside-container\">\n\n<p>NB: Se si inviano bottiglie di vino in Cina, indicare il colore e il volume dell&#8217;alcol nella descrizione della merce. Per ulteriori informazioni, contattare direttamente Expedismart al numero 022.575.61.16. Solo le aziende con licenza di importazione possono ricevere bottiglie di vino.<\/p>\n\n<\/div><\/div><\/div>\n\n<div class=\"gb-grid-column gb-grid-column-b632f6bd\"><div class=\"gb-container gb-container-b632f6bd\"><div class=\"gb-inside-container\"><\/div><\/div><\/div>\n<\/div>\n<div class=\"wp-block-group alignfull margin-top:30px has-base-background-color has-background has-medium-font-size\"><div class=\"wp-block-group__inner-container is-layout-flow wp-block-group-is-layout-flow\"><div class=\"gb-button-wrapper gb-button-wrapper-bdc14425\">\n\n<a class=\"gb-button gb-button-80cbe65e gb-button-text special_red_button_gp\" href=\"\/\" target=\"_blank\" rel=\"noopener noreferrer\" id=\"compare-prices-2\"><strong>Inviate le vostre merci in Cina<\/strong><\/a>\n\n<\/div><\/div><\/div>\n<div class=\"gb-grid-wrapper gb-grid-wrapper-61a5a940 red-line-overflow\">\n<div class=\"gb-grid-column gb-grid-column-b3e310c4\"><div class=\"gb-container gb-container-b3e310c4\"><div class=\"gb-inside-container\"><\/div><\/div><\/div>\n\n<div class=\"gb-grid-column gb-grid-column-2fc51738\"><div class=\"gb-container gb-container-2fc51738 header-margin-bottom-parent\"><div class=\"gb-inside-container\">\n<div class=\"gb-container gb-container-2df7f4a7\"><div class=\"gb-inside-container\">\n\n<h2 class=\"header-underline-red wp-block-heading\"><strong>Come inviare un pacco <strong>in Cina<\/strong>?<\/strong><br\/><strong><mark style=\"background-color:rgba(0, 0, 0, 0)\" class=\"has-inline-color has-red-exp-color\">Le specificit\u00e0<\/mark><\/strong><\/h2>\n\n<\/div><\/div>\n\n<div class=\"gb-container gb-container-53173bbc\"><div class=\"gb-inside-container\">\n\n<p>Ogni Paese ha norme doganali specifiche a seconda del prodotto importato. Inoltre, ogni vettore si riserva il diritto di accettare o rifiutare il trasporto di un prodotto.<\/p>\n\n<\/div><\/div>\n\n<div class=\"gb-container gb-container-3ddff145\"><div class=\"gb-inside-container\">\n<div class=\"gb-container gb-container-7816fc64\"><div class=\"gb-inside-container\">\n<div class=\"gb-container gb-container-a9c937ca\"><div class=\"gb-inside-container\">\n\n<h3 class=\"header-underline-white wp-block-heading\"><strong>Ecco le informazioni importanti da sapere se volete spedire le seguenti merci:<\/strong><\/h3>\n\n<\/div><\/div>\n\n<div class=\"gb-container gb-container-1848afbd\"><div class=\"gb-inside-container\">\n\n<p>Se la merce che desiderate spedire non rientra tra i prodotti descritti di seguito, vi preghiamo di contattarci.<\/p>\n\n<\/div><\/div>\n\n<div class=\"gb-container gb-container-85fe5475\"><div class=\"gb-inside-container\">\n<div class=\"gb-grid-wrapper gb-grid-wrapper-e51f2cfc\">\n<div class=\"gb-grid-column gb-grid-column-dbd6837f\"><div class=\"gb-container gb-container-dbd6837f\"><div class=\"gb-inside-container\">\n<div class=\"gb-container gb-container-26821cf6\"><div class=\"gb-inside-container\">\n\n<p><strong>Cioccolato:<\/strong><\/p>\n\n<\/div><\/div>\n\n<div class=\"gb-container gb-container-4c990c48 ul-red-dots\"><div class=\"gb-inside-container\">\n\n<ul class=\"wp-block-list\">\n<li>FedEx: per la Cina, il cioccolato deve avere una data di scadenza superiore a sei mesi e deve essere accompagnato da una fattura pro forma.<\/li>\n\n\n\n<li>UPS: non spedite cioccolato in Cina<\/li>\n\n\n\n<li>TNT: non spedire cioccolato in Cina<\/li>\n<\/ul>\n\n<\/div><\/div>\n<\/div><\/div><\/div>\n\n<div class=\"gb-grid-column gb-grid-column-9bb4dc11\"><div class=\"gb-container gb-container-9bb4dc11\"><div class=\"gb-inside-container\">\n<div class=\"gb-container gb-container-801fdcbc\"><div class=\"gb-inside-container\">\n\n<p><strong>Un computer:<\/strong><\/p>\n\n<\/div><\/div>\n\n<div class=\"gb-container gb-container-bba57736 ul-red-dots\"><div class=\"gb-inside-container\">\n\n<ul class=\"wp-block-list\">\n<li>FedEx: se il computer contiene una batteria, \u00e8 necessario presentare una dichiarazione di materiali pericolosi (contattare Expedismart per maggiori informazioni) e una fattura proforma. Dazi e tasse possono essere addebitati al destinatario al momento del ricevimento della merce.<\/li>\n\n\n\n<li>UPS: \u00e8 necessario produrre una fattura commerciale o proforma. Il peso dell&#8217;apparecchiatura informatica non deve superare i 70 kg.<\/li>\n\n\n\n<li>TNT: \u00e8 necessario fornire una fattura proforma. Al destinatario saranno addebitate le spese doganali e l&#8217;IVA sul valore delle merci dichiarate.<\/li>\n<\/ul>\n\n<\/div><\/div>\n<\/div><\/div><\/div>\n<\/div>\n<\/div><\/div>\n\n<div class=\"gb-container gb-container-5b46fbab\"><div class=\"gb-inside-container\">\n<div class=\"gb-grid-wrapper gb-grid-wrapper-286af3a7\">\n<div class=\"gb-grid-column gb-grid-column-55986155\"><div class=\"gb-container gb-container-55986155\"><div class=\"gb-inside-container\">\n<div class=\"gb-container gb-container-9c96ba02\"><div class=\"gb-inside-container\">\n\n<p><strong>Effetti di movimento:<\/strong><\/p>\n\n<\/div><\/div>\n\n<div class=\"gb-container gb-container-ccc7dfe6 ul-red-dots\"><div class=\"gb-inside-container\">\n\n<ul class=\"wp-block-list\">\n<li>FedEx: Gli effetti personali devono essere dichiarati sulla fattura proforma e confermati dal destinatario. La dogana pu\u00f2 applicare l&#8217;IVA. Il mittente deve inoltre fornire una copia del proprio passaporto o documento d&#8217;identit\u00e0.<\/li>\n\n\n\n<li>UPS: non spedisce articoli in movimento.<\/li>\n\n\n\n<li>TNT: al destinatario verranno addebitati i costi doganali e l&#8217;IVA sul valore della merce dichiarata.<\/li>\n<\/ul>\n\n<\/div><\/div>\n<\/div><\/div><\/div>\n\n<div class=\"gb-grid-column gb-grid-column-b4ae4877\"><div class=\"gb-container gb-container-b4ae4877\"><div class=\"gb-inside-container\">\n<div class=\"gb-container gb-container-69eef9ee\"><div class=\"gb-inside-container\">\n\n<p><strong>Chiavi (effetto personale):<\/strong><\/p>\n\n<\/div><\/div>\n\n<div class=\"gb-container gb-container-13de509f ul-red-dots\"><div class=\"gb-inside-container\">\n\n<ul class=\"wp-block-list\">\n<li>FedEx: verr\u00e0 richiesta una fattura proforma al mittente. Dazi e tasse possono essere addebitati al destinatario al momento del ricevimento della merce.<\/li>\n\n\n\n<li>UPS: non spedisce effetti personali o chiavi.<\/li>\n\n\n\n<li>TNT: \u00e8 richiesta una fattura proforma e al destinatario potrebbe essere addebitata l&#8217;IVA.<\/li>\n<\/ul>\n\n<\/div><\/div>\n<\/div><\/div><\/div>\n<\/div>\n<\/div><\/div>\n\n<div class=\"gb-container gb-container-181e6a1f\"><div class=\"gb-inside-container\">\n<div class=\"gb-grid-wrapper gb-grid-wrapper-0f82dc5a\">\n<div class=\"gb-grid-column gb-grid-column-c4c43fb8\"><div class=\"gb-container gb-container-c4c43fb8\"><div class=\"gb-inside-container\">\n<div class=\"gb-container gb-container-71776ad5\"><div class=\"gb-inside-container\">\n\n<p><strong>Un mobile:<\/strong><\/p>\n\n<\/div><\/div>\n\n<div class=\"gb-container gb-container-be878958 ul-red-dots\"><div class=\"gb-inside-container\">\n\n<ul class=\"wp-block-list\">\n<li>FedEx: il mittente deve fornire una fattura proforma. Dazi e tasse possono essere addebitati al destinatario al momento del ricevimento della merce.<\/li>\n\n\n\n<li>UPS: non spedisce mobili.<\/li>\n\n\n\n<li>TNT: i dazi e le tasse possono essere addebitati al destinatario al momento del ricevimento della merce.<\/li>\n<\/ul>\n\n<\/div><\/div>\n<\/div><\/div><\/div>\n\n<div class=\"gb-grid-column gb-grid-column-81120233\"><div class=\"gb-container gb-container-81120233\"><div class=\"gb-inside-container\">\n<div class=\"gb-container gb-container-f3e49876\"><div class=\"gb-inside-container\">\n\n<p><strong>Una valigia:<\/strong><\/p>\n\n<\/div><\/div>\n\n<div class=\"gb-container gb-container-5f79ad71 ul-red-dots\"><div class=\"gb-inside-container\">\n\n<ul class=\"wp-block-list\">\n<li>FedEx: il mittente deve avere una fattura proforma. Il peso della valigia non deve superare i 25 kg. \u00c8 richiesta una fattura proforma e al destinatario pu\u00f2 essere addebitata l&#8217;IVA. Dazi e tasse possono essere addebitati al destinatario al momento del ricevimento della merce.<\/li>\n\n\n\n<li>UPS: non spedisce valigie.<\/li>\n\n\n\n<li>TNT: per questo tipo di spedizione \u00e8 necessaria una fattura proforma. Dazi e tasse possono essere addebitati al destinatario al momento del ricevimento della merce.<\/li>\n<\/ul>\n\n<\/div><\/div>\n<\/div><\/div><\/div>\n<\/div>\n<\/div><\/div>\n\n<div class=\"gb-container gb-container-bef62ede\"><div class=\"gb-inside-container\">\n<div class=\"gb-grid-wrapper gb-grid-wrapper-b8854e07\">\n<div class=\"gb-grid-column gb-grid-column-cfc4f14c\"><div class=\"gb-container gb-container-cfc4f14c\"><div class=\"gb-inside-container\">\n<div class=\"gb-container gb-container-b15bdb21\"><div class=\"gb-inside-container\">\n\n<p><strong>Documenti:<\/strong><\/p>\n\n<\/div><\/div>\n\n<div class=\"gb-container gb-container-df4ea529 ul-red-dots\"><div class=\"gb-inside-container\">\n\n<ul class=\"wp-block-list\">\n<li>FedEx: il mittente deve presentare la bolla di accompagnamento.<\/li>\n\n\n\n<li>UPS: il mittente deve fornire la bolla di accompagnamento. Se il peso supera i 2,5 kg, il mittente deve fornire una fattura proforma.<\/li>\n\n\n\n<li>TNT: il mittente deve fornire la lettera di vettura. Se i documenti pesano pi\u00f9 di 5 kg, \u00e8 necessaria una fattura proforma.<\/li>\n<\/ul>\n\n<\/div><\/div>\n<\/div><\/div><\/div>\n\n<div class=\"gb-grid-column gb-grid-column-4ea0fa7e\"><div class=\"gb-container gb-container-4ea0fa7e\"><div class=\"gb-inside-container\">\n<div class=\"gb-container gb-container-d66181be\"><div class=\"gb-inside-container\">\n\n<p><strong>Una carta di credito:<\/strong><\/p>\n\n<\/div><\/div>\n\n<div class=\"gb-container gb-container-9631e89a ul-red-dots\"><div class=\"gb-inside-container\">\n\n<ul class=\"wp-block-list\">\n<li>FedEx: \u00e8 richiesta una fattura proforma<\/li>\n\n\n\n<li>UPS: non spedisce carte di credito.<\/li>\n\n\n\n<li>TNT: non spedisce carte di credito.<\/li>\n<\/ul>\n\n<\/div><\/div>\n<\/div><\/div><\/div>\n<\/div>\n<\/div><\/div>\n\n<div class=\"gb-container gb-container-db77e443\"><div class=\"gb-inside-container\">\n<div class=\"gb-grid-wrapper gb-grid-wrapper-cb319acf\">\n<div class=\"gb-grid-column gb-grid-column-7f068a96\"><div class=\"gb-container gb-container-7f068a96\"><div class=\"gb-inside-container\">\n<div class=\"gb-container gb-container-d39a59ad\"><div class=\"gb-inside-container\">\n\n<p><strong>Bottiglie di vino:<\/strong><\/p>\n\n<\/div><\/div>\n\n<div class=\"gb-container gb-container-5ce14754 ul-red-dots\"><div class=\"gb-inside-container\">\n\n<ul class=\"wp-block-list\">\n<li>FedEx: la spedizione di vino in Cina \u00e8 possibile solo su base business to business. Per i vini e gli alcolici \u00e8 obbligatorio presentare una licenza di esportazione per il mittente e una licenza di importazione per il destinatario. La fattura proforma deve contenere la descrizione della merce, il colore e il contenuto alcolico.<\/li>\n\n\n\n<li>UPS: non spedisce vino.<\/li>\n\n\n\n<li>TNT: la spedizione di vino \u00e8 possibile solo su base business-to-business. Per i vini e gli alcolici \u00e8 obbligatorio presentare una licenza di esportazione per il mittente e una licenza di importazione per il destinatario. Questo tipo di spedizione ha dei limiti: tre bottiglie, un peso massimo di 4 kg e un valore unitario massimo di 20 franchi svizzeri.<\/li>\n<\/ul>\n\n<\/div><\/div>\n<\/div><\/div><\/div>\n\n<div class=\"gb-grid-column gb-grid-column-b4eb026c\"><div class=\"gb-container gb-container-b4eb026c\"><div class=\"gb-inside-container\">\n<div class=\"gb-container gb-container-04c633e0\"><div class=\"gb-inside-container\">\n\n<p><strong>Una chiavetta USB:<\/strong><\/p>\n\n<\/div><\/div>\n\n<div class=\"gb-container gb-container-e6ce870d ul-red-dots\"><div class=\"gb-inside-container\">\n\n<ul class=\"wp-block-list\">\n<li>FedEx: per questo tipo di spedizione \u00e8 necessaria una fattura proforma.<\/li>\n\n\n\n<li>UPS: non spedisce chiavette USB.<\/li>\n\n\n\n<li>TNT: per questo tipo di spedizione \u00e8 necessaria una fattura proforma.<\/li>\n<\/ul>\n\n<\/div><\/div>\n<\/div><\/div><\/div>\n<\/div>\n<\/div><\/div>\n\n<div class=\"gb-container gb-container-b74b62e3\"><div class=\"gb-inside-container\">\n<div class=\"gb-grid-wrapper gb-grid-wrapper-71e616c2\">\n<div class=\"gb-grid-column gb-grid-column-a6f5302f\"><div class=\"gb-container gb-container-a6f5302f\"><div class=\"gb-inside-container\">\n<div class=\"gb-container gb-container-36abbf7c\"><div class=\"gb-inside-container\">\n\n<p><strong>Un&#8217;opera d&#8217;arte:<\/strong><\/p>\n\n<\/div><\/div>\n\n<div class=\"gb-container gb-container-295ccff3 ul-red-dots\"><div class=\"gb-inside-container\">\n\n<ul class=\"wp-block-list\">\n<li>Aramex: non \u00e8 possibile spedire opere d&#8217;arte in Cina con Aramex.<\/li>\n\n\n\n<li>UPS: \u00e8 possibile spedire opere d&#8217;arte in Cina alle seguenti condizioni: l&#8217;artista deve essere ancora vivo, l&#8217;opera deve essere sostituibile, una galleria ha valutato l&#8217;opera nell&#8217;ultimo anno e se il valore dichiarato \u00e8 superiore a 100 dollari, \u00e8 necessario fornire una copia della fattura o un documento che attesti il prezzo effettivo dell&#8217;opera.<\/li>\n<\/ul>\n\n<\/div><\/div>\n<\/div><\/div><\/div>\n<\/div>\n<\/div><\/div>\n<\/div><\/div>\n<\/div><\/div>\n<\/div><\/div><\/div>\n\n<div class=\"gb-grid-column gb-grid-column-51b8048d\"><div class=\"gb-container gb-container-51b8048d\"><div class=\"gb-inside-container\"><\/div><\/div><\/div>\n<\/div>\n<div class=\"wp-block-group alignfull margin-top:30px has-base-background-color has-background has-medium-font-size\"><div class=\"wp-block-group__inner-container is-layout-flow wp-block-group-is-layout-flow\"><div class=\"gb-button-wrapper gb-button-wrapper-fb1edc8b\">\n\n<a class=\"gb-button gb-button-3e044745 gb-button-text special_red_button_gp\" href=\"\/\" target=\"_blank\" rel=\"noopener noreferrer\" id=\"compare-prices-3\"><strong>Vedere i prezzi per la spedizione in Cina<\/strong><\/a>\n\n<\/div><\/div><\/div>\n","protected":false},"excerpt":{"rendered":"<p>Consigli e tariffe per l&#8217;invio di un pacco in Cina con i corrieri espressi.<\/p>\n","protected":false},"author":2,"featured_media":0,"parent":7236,"menu_order":0,"comment_status":"closed","ping_status":"closed","template":"","meta":{"_seopress_robots_primary_cat":"","_seopress_titles_title":"Come inviare un pacco in Cina?","_seopress_titles_desc":"Inviate un pacco in Cina con vettori come DHL, FedEx o UPS. Problemi doganali. Confronta i prezzi. Prenotazione online.","_seopress_robots_index":"","inline_featured_image":false,"footnotes":""},"class_list":["post-7342","page","type-page","status-publish"],"_links":{"self":[{"href":"https:\/\/www.expedismart.ch\/pages\/it\/wp-json\/wp\/v2\/pages\/7342","targetHints":{"allow":["GET"]}}],"collection":[{"href":"https:\/\/www.expedismart.ch\/pages\/it\/wp-json\/wp\/v2\/pages"}],"about":[{"href":"https:\/\/www.expedismart.ch\/pages\/it\/wp-json\/wp\/v2\/types\/page"}],"author":[{"embeddable":true,"href":"https:\/\/www.expedismart.ch\/pages\/it\/wp-json\/wp\/v2\/users\/2"}],"replies":[{"embeddable":true,"href":"https:\/\/www.expedismart.ch\/pages\/it\/wp-json\/wp\/v2\/comments?post=7342"}],"version-history":[{"count":2,"href":"https:\/\/www.expedismart.ch\/pages\/it\/wp-json\/wp\/v2\/pages\/7342\/revisions"}],"predecessor-version":[{"id":7962,"href":"https:\/\/www.expedismart.ch\/pages\/it\/wp-json\/wp\/v2\/pages\/7342\/revisions\/7962"}],"up":[{"embeddable":true,"href":"https:\/\/www.expedismart.ch\/pages\/it\/wp-json\/wp\/v2\/pages\/7236"}],"wp:attachment":[{"href":"https:\/\/www.expedismart.ch\/pages\/it\/wp-json\/wp\/v2\/media?parent=7342"}],"curies":[{"name":"wp","href":"https:\/\/api.w.org\/{rel}","templated":true}]}}