{"id":7340,"date":"2022-12-26T19:00:35","date_gmt":"2022-12-26T19:00:35","guid":{"rendered":"https:\/\/www.expedismart.ch\/pages\/informazioni-pratiche\/paese\/cile\/"},"modified":"2023-07-13T15:31:13","modified_gmt":"2023-07-13T15:31:13","slug":"cile","status":"publish","type":"page","link":"https:\/\/www.expedismart.ch\/pages\/it\/informazioni-pratiche\/paese\/cile\/","title":{"rendered":"Cile"},"content":{"rendered":"\n<h1 class=\"gb-headline gb-headline-e4f7b0a9 gb-headline-text\">Consegna di pacchi porta a porta in Cile contro firma<\/h1>\n\n\n<div class=\"gb-container gb-container-4ca4c369\"><div class=\"gb-inside-container\">\n\n<figure class=\"wp-block-image alignfull size-large is-style-default\"><img decoding=\"async\" width=\"1024\" height=\"227\" src=\"https:\/\/www.expedismart.ch\/pages\/wp-content\/uploads\/2022\/12\/Chile-1024x227.png\" alt=\"Consegna di pacchi porta a porta in Cile contro firma\" class=\"wp-image-3584\" srcset=\"https:\/\/www.expedismart.ch\/pages\/wp-content\/uploads\/2022\/12\/Chile-1024x227.png 1024w, https:\/\/www.expedismart.ch\/pages\/wp-content\/uploads\/2022\/12\/Chile-300x67.png 300w, https:\/\/www.expedismart.ch\/pages\/wp-content\/uploads\/2022\/12\/Chile-768x170.png 768w, https:\/\/www.expedismart.ch\/pages\/wp-content\/uploads\/2022\/12\/Chile-1536x341.png 1536w, https:\/\/www.expedismart.ch\/pages\/wp-content\/uploads\/2022\/12\/Chile.png 1920w\" sizes=\"(max-width: 1024px) 100vw, 1024px\" \/><\/figure>\n\n<\/div><\/div>\n\n<div class=\"gb-grid-wrapper gb-grid-wrapper-9335b011\">\n<div class=\"gb-grid-column gb-grid-column-124dd388\"><div class=\"gb-container gb-container-124dd388\"><div class=\"gb-inside-container\"><\/div><\/div><\/div>\n\n<div class=\"gb-grid-column gb-grid-column-b401532d\"><div class=\"gb-container gb-container-b401532d\"><div class=\"gb-inside-container\">\n\n<h2 class=\"wp-block-heading header-underline-red\"><strong><strong>PMI svizzere<\/strong> o<strong> privati<\/strong> con famiglia in Cile, volete inviare un pacco in Cile?<\/strong><\/h2>\n\n<\/div><\/div><\/div>\n\n<div class=\"gb-grid-column gb-grid-column-f718cc8e\"><div class=\"gb-container gb-container-f718cc8e\"><div class=\"gb-inside-container\"><\/div><\/div><\/div>\n<\/div>\n\n<div class=\"gb-grid-wrapper gb-grid-wrapper-7139b796\">\n<div class=\"gb-grid-column gb-grid-column-f16ee891\"><div class=\"gb-container gb-container-f16ee891\"><div class=\"gb-inside-container\"><\/div><\/div><\/div>\n\n<div class=\"gb-grid-column gb-grid-column-fa585d50\"><div class=\"gb-container gb-container-fa585d50\"><div class=\"gb-inside-container\">\n\n<p>Si prega di notare che con la Posta Svizzera i tempi di consegna possono arrivare a 20 giorni. Questo non tiene conto dell&#8217;efficienza dell&#8217;ufficio postale locale, che pu\u00f2 allungare ulteriormente i tempi. Con <a rel=\"noreferrer noopener\" href=\"https:\/\/www.expedismart.ch\/\" target=\"_blank\">expedismart.<\/a>ch potete confrontare i prezzi e i tempi di consegna dei principali corrieri espressi del mondo, come DHL, FedEx, UPS, TNT o Aramex.<\/p>\n\n\n<div class=\"gb-container gb-container-9e60513b\"><div class=\"gb-inside-container\">\n\n<p>Se inviate un pacco in Cile dalla Svizzera con uno di questi corrieri espressi di<a href=\"https:\/\/www.expedismart.ch\/\" target=\"_blank\" rel=\"noreferrer noopener\"> expedismart.ch<\/a>, potete inviare fino a 20 pacchi da 70 kg ciascuno. I prezzi che possiamo offrirvi sulla piattaforma <strong>vi fanno risparmiare fino al 70% del prezzo<\/strong> che trovereste rivolgendovi direttamente a questi vettori. Tuttavia, se siete una start-up e intendete inviare pi\u00f9 di 20 spedizioni al mese in Cile o altrove con vettori come DHL, FedEx, UPS, TNT o Aramex, <a href=\"https:\/\/www.expedismart.ch\/pages\/nous-contacter\/\" target=\"_blank\" rel=\"noreferrer noopener\">contattateci<\/a> e saremo in grado di fornirvi un preventivo personalizzato.<\/p>\n\n<\/div><\/div>\n<\/div><\/div><\/div>\n\n<div class=\"gb-grid-column gb-grid-column-e373b842\"><div class=\"gb-container gb-container-e373b842\"><div class=\"gb-inside-container\"><\/div><\/div><\/div>\n<\/div>\n\n\n<div class=\"wp-block-group alignfull margin-top:30px button_link_exp has-base-background-color has-background has-medium-font-size\"><div class=\"wp-block-group__inner-container is-layout-flow wp-block-group-is-layout-flow\"><div class=\"gb-button-wrapper gb-button-wrapper-7ec2d861\">\n\n<a class=\"gb-button gb-button-a27a6983 gb-button-text\" href=\"\/\" target=\"_blank\" rel=\"noopener noreferrer\" id=\"compare-prices-1\"><strong>Inviare un pacco in Cile<\/strong><\/a>\n\n<\/div><\/div><\/div>\n\n\n<div class=\"gb-grid-wrapper gb-grid-wrapper-eb6a6c34\">\n<div class=\"gb-grid-column gb-grid-column-dc3bd0f4\"><div class=\"gb-container gb-container-dc3bd0f4\"><div class=\"gb-inside-container\"><\/div><\/div><\/div>\n\n<div class=\"gb-grid-column gb-grid-column-cc9e5cc3\"><div class=\"gb-container gb-container-cc9e5cc3\"><div class=\"gb-inside-container\">\n<div class=\"gb-container gb-container-82e4b234\"><div class=\"gb-inside-container\">\n\n<h2 class=\"wp-block-heading header-underline-red\"><strong>Formalit\u00e0 doganali per il Cile<\/strong><br><strong><mark style=\"background-color:rgba(0, 0, 0, 0)\" class=\"has-inline-color has-red-exp-color\">Documenti richiesti<\/mark><\/strong><\/h2>\n\n<\/div><\/div>\n\n\n<p>Spedire pacchi di peso inferiore a 70 kg in Cile con expedismart.ch \u00e8 facile. Tutti i documenti doganali saranno compilati automaticamente al termine della prenotazione e potranno essere scaricati in formato PDF. Sia che scegliate DHL, FedEx, UPS, TNT o Aramex, i documenti doganali richiesti saranno identici. Si tratta di una<a href=\"https:\/\/www.expedismart.ch\/pages\/it\/informazioni-pratiche\/documentazione-tecnica\/fattura-proforma\/\" target=\"_blank\" rel=\"noreferrer noopener\"> fattura proforma<\/a> o commerciale.<\/p>\n\n\n<div class=\"gb-container gb-container-3714b5f7\"><div class=\"gb-inside-container\">\n\n<p>La fattura proforma non \u00e8 una fattura classica, \u00e8 un documento che vi permette di <strong>indicare alla dogana il contenuto dei vostri pacchi<\/strong>, ma anche il valore della merce e il nome del mittente e del destinatario. Per quanto riguarda la fattura commerciale, vengono richieste le stesse informazioni, ma bisogna scegliere quando si tratta di una vendita, ad esempio quando si \u00e8 una PMI svizzera e si spediscono pacchi in Cile nell&#8217;ambito della propria attivit\u00e0 commerciale.<\/p>\n\n<\/div><\/div>\n\n<div class=\"gb-container gb-container-acd4f706\"><div class=\"gb-inside-container\">\n\n<p>Un altro documento essenziale \u00e8 la<strong>fattura Airways<\/strong>, altrimenti nota come lettera di vettura. Proprio come la fattura proforma o commerciale, se prenotate la vostra spedizione di pacchi (o documenti) per il Cile su expedismart.ch, questo documento verr\u00e0 generato automaticamente nel PDF sopra citato.<\/p>\n\n<\/div><\/div>\n<\/div><\/div><\/div>\n\n<div class=\"gb-grid-column gb-grid-column-d4e39d2d\"><div class=\"gb-container gb-container-d4e39d2d\"><div class=\"gb-inside-container\"><\/div><\/div><\/div>\n<\/div>\n\n<div class=\"gb-grid-wrapper gb-grid-wrapper-b28747bd\">\n<div class=\"gb-grid-column gb-grid-column-78d3f07a\"><div class=\"gb-container gb-container-78d3f07a\"><div class=\"gb-inside-container\"><\/div><\/div><\/div>\n\n<div class=\"gb-grid-column gb-grid-column-ed542513\"><div class=\"gb-container gb-container-ed542513\"><div class=\"gb-inside-container\">\n<div class=\"gb-grid-wrapper gb-grid-wrapper-45d58127 grid-gap\">\n<div class=\"gb-grid-column gb-grid-column-ada8d777\"><div class=\"gb-container gb-container-ada8d777 commercial-invoice ul-red-dots\"><div class=\"gb-inside-container\">\n<div class=\"gb-container gb-container-a88c0644\"><div class=\"gb-inside-container\">\n\n<h3 class=\"wp-block-heading header-underline-white\"><strong>Come scrivere una fattura commerciale o proforma per spedire un pacco in Cile?<\/strong><\/h3>\n\n<\/div><\/div>\n\n<div class=\"gb-container gb-container-648ed07f\"><div class=\"gb-inside-container\">\n\n<p>La fattura proforma o commerciale deve contenere alcune informazioni essenziali:<\/p>\n\n<\/div><\/div>\n\n\n<ul class=\"wp-block-list\">\n<li>  Deve essere presentato al corriere del vettore scelto in 3 copie<\/li>\n\n\n\n<li>  Deve contenere l&#8217;indirizzo completo del mittente e l&#8217;indirizzo completo del destinatario, ovvero cognome, nome, numero di telefono ed e-mail.<\/li>\n\n\n\n<li>  La descrizione pi\u00f9 accurata della merce, nonch\u00e9 le quantit\u00e0 di ciascun prodotto. La descrizione deve essere sempre in inglese o nella lingua del paese di destinazione, ad esempio lo spagnolo. Vi consigliamo di utilizzare la lingua del paese di destinazione, in quanto pi\u00f9 semplice per la dogana.<\/li>\n\n\n\n<li>  Se il destinatario della spedizione di pacchi in Cile \u00e8 un&#8217;azienda, \u00e8 necessario fornire anche il numero di partita IVA del destinatario.<\/li>\n\n\n\n<li>  Non dimenticate di firmare e datare la fattura commerciale o proforma.<\/li>\n\n\n\n<li>  Un&#8217;ultima cosa: se il vostro cliente \u00e8 una persona fisica, dovreste anche chiedergli di fornire una copia della carta d&#8217;identit\u00e0 o del passaporto. Questo accelera i tempi di sdoganamento in caso di blocco doganale.<\/li>\n<\/ul>\n\n<\/div><\/div><\/div>\n\n<div class=\"gb-grid-column gb-grid-column-5efd30ed\"><div class=\"gb-container gb-container-5efd30ed check-list-red\"><div class=\"gb-inside-container\">\n<div class=\"gb-container gb-container-8d7fc0cb\"><div class=\"gb-inside-container\">\n\n<h3 class=\"wp-block-heading header-underline-white-only\"><strong>LISTA DI CONTROLLO<\/strong><\/h3>\n\n<\/div><\/div>\n\n\n<ul class=\"wp-block-list\">\n<li><strong>Indirizzo postale completo<\/strong><\/li>\n\n\n\n<li><strong>Documento proforma<\/strong><\/li>\n\n\n\n<li><strong>Dichiarazione doganale<\/strong><\/li>\n\n\n\n<li><strong>Nessuna merce proibita<\/strong><\/li>\n<\/ul>\n\n<\/div><\/div><\/div>\n<\/div>\n<\/div><\/div><\/div>\n\n<div class=\"gb-grid-column gb-grid-column-a1c9fb29\"><div class=\"gb-container gb-container-a1c9fb29\"><div class=\"gb-inside-container\"><\/div><\/div><\/div>\n<\/div>\n\n\n<div class=\"wp-block-group alignfull margin-top:30px has-base-background-color has-background has-medium-font-size\"><div class=\"wp-block-group__inner-container is-layout-flow wp-block-group-is-layout-flow\"><div class=\"gb-button-wrapper gb-button-wrapper-40567c90\">\n\n<a class=\"gb-button gb-button-d66ef7de gb-button-text\" href=\"\/\" target=\"_blank\" rel=\"noopener noreferrer\" id=\"compare-prices-2\"><strong>Spedite il vostro pacco in Cile in modo semplice<\/strong><\/a>\n\n<\/div><\/div><\/div>\n\n\n<div class=\"gb-grid-wrapper gb-grid-wrapper-61a5a940 red-line-overflow\">\n<div class=\"gb-grid-column gb-grid-column-b3e310c4\"><div class=\"gb-container gb-container-b3e310c4\"><div class=\"gb-inside-container\"><\/div><\/div><\/div>\n\n<div class=\"gb-grid-column gb-grid-column-2fc51738\"><div class=\"gb-container gb-container-2fc51738 header-margin-bottom-parent\"><div class=\"gb-inside-container\">\n<div class=\"gb-container gb-container-2df7f4a7\"><div class=\"gb-inside-container\">\n\n<h2 class=\"wp-block-heading header-underline-red\"><strong>Consegna di merci in Cile?<\/strong><br><strong><mark style=\"background-color:rgba(0, 0, 0, 0)\" class=\"has-inline-color has-red-exp-color\">Tariffe doganali<\/mark><\/strong><\/h2>\n\n<\/div><\/div>\n\n<div class=\"gb-container gb-container-53173bbc\"><div class=\"gb-inside-container\">\n\n<p>Nel caso di una spedizione in Cile, al destinatario verranno normalmente addebitati i dazi doganali. Se siete un&#8217;azienda e desiderate pagare queste spese doganali, potete chiedere a expedismart.ch di aprire un&#8217;opzione speciale sul vostro conto. Si prega di notare che in questa situazione non sar\u00e0 possibile ottenere il rimborso. Queste tasse doganali sono composte principalmente <a rel=\"noreferrer noopener\" href=\"https:\/\/www.expedismart.ch\/pages\/it\/informazioni-pratiche\/documentazione-tecnica\/iva-allesportazione\/\" target=\"_blank\">dall&#8217;IVA<\/a>, ma pu\u00f2 essere addebitato anche un piccolo importo per le spese di elaborazione.<\/p>\n\n\n<div class=\"gb-container gb-container-d05ae930\"><div class=\"gb-inside-container\">\n\n<p>Quando si spedisce un pacco in Cile, queste spese sono applicate da vettori come DHL, FedEx, UPS e TNT. In Cile, l&#8217;<strong> IVA \u00e8 normalmente del 19%<\/strong>. Per quanto riguarda le tariffe<strong>, esse sono del 6%<\/strong>, in quanto il Cile \u00e8 membro dell&#8217;ALS, un accordo di libero scambio che abbassa notevolmente le barriere doganali. Tuttavia, questi costi potrebbero essere pi\u00f9 elevati a seconda del tipo di merce che state inviando in Cile, quindi vi consigliamo di informarvi prima.<\/p>\n\n<\/div><\/div>\n<\/div><\/div>\n\n<div class=\"gb-container gb-container-3ddff145\"><div class=\"gb-inside-container\">\n<div class=\"gb-container gb-container-7816fc64\"><div class=\"gb-inside-container\">\n<div class=\"gb-container gb-container-a9c937ca\"><div class=\"gb-inside-container\">\n\n<h2 class=\"wp-block-heading header-underline-white\"><strong>  Cosa \u00e8 vietato importare in Cile?<\/strong><\/h2>\n\n<\/div><\/div>\n\n<div class=\"gb-container gb-container-4c990c48\"><div class=\"gb-inside-container\">\n\n<ul class=\"wp-block-list\">\n<li>Bevande contenenti alcol<\/li>\n\n\n\n<li>Prodotti animali<\/li>\n\n\n\n<li>Pelli di animali<\/li>\n\n\n\n<li>Amianto<\/li>\n\n\n\n<li>Prodotti pericolosi (esplosivi, ecc.)<\/li>\n\n\n\n<li>Profumi<\/li>\n\n\n\n<li>Caff\u00e8, anche campioni<\/li>\n\n\n\n<li>Cotone, ma anche i suoi semi<\/li>\n\n\n\n<li>Componenti per computer, CD, dischetti<\/li>\n\n\n\n<li>I film<\/li>\n\n\n\n<li>Cibi deperibili che devono essere conservati al freddo<\/li>\n\n\n\n<li>Armi da fuoco e coltelli<\/li>\n\n\n\n<li>Farmaci<\/li>\n\n\n\n<li>Tabacco<\/li>\n\n\n\n<li>Articoli pornografici<\/li>\n<\/ul>\n\n<\/div><\/div>\n\n\n<p><strong>Informazione importante<\/strong>: questo elenco \u00e8 puramente indicativo e non \u00e8 esaustivo. \u00c8 vostra responsabilit\u00e0 verificare con il vettore scelto che la merce che desiderate spedire in Cile sia legale e che il vettore accetti di trasportarla.<\/p>\n\n<\/div><\/div>\n\n<div class=\"gb-container gb-container-1692184d\"><div class=\"gb-inside-container\">\n\n<h2 class=\"wp-block-heading header-underline-red\"><strong>Spedizione espressa in Cile<\/strong><br><strong><mark style=\"background-color:rgba(0, 0, 0, 0)\" class=\"has-inline-color has-red-exp-color\">Prodotti fragili<\/mark><\/strong><\/h2>\n\n<\/div><\/div>\n\n<div class=\"gb-container gb-container-ae6e7327\"><div class=\"gb-inside-container\">\n\n<p>Se volete spedire merci delicate in Cile, dovete tenere conto di alcuni elementi.<a href=\"https:\/\/www.expedismart.ch\/pages\/it\/informazioni-pratiche\/astucci\/imballaggio\/\" target=\"_blank\" rel=\"noreferrer noopener\"> Uno dei nostri articoli<\/a> spiega gli elementi chiave che vi permetteranno di imballare correttamente un pacco. \u00c8 bene sapere che vettori come FedEx o UPS offrono guide all&#8217;imballaggio. Non esitate a chiederci di inviarvelo. Uno degli elementi chiave \u00e8 che le merci non si muovono nella scatola, quindi ci sono diversi materiali per ammortizzarle.<\/p>\n\n\n<div class=\"gb-container gb-container-4a5d0d70\"><div class=\"gb-inside-container\">\n\n<p>Il pi\u00f9 accessibile e facile da <strong>usare \u00e8 il giornale<\/strong>. Strappatela e mettetela intorno alla vostra merce. Quando si agita la confezione, non deve fare alcun rumore. Inoltre, scegliete un imballaggio il pi\u00f9 resistente possibile, ad esempio un cartone a triplo spessore.<\/p>\n\n<\/div><\/div>\n\n<div class=\"gb-container gb-container-d6dfc286\"><div class=\"gb-inside-container\">\n\n<h2 class=\"wp-block-heading header-underline-red delivery-delay\"><strong>Tempi di consegna<\/strong><\/h2>\n\n<\/div><\/div>\n\n<div class=\"gb-container gb-container-b7f28427\"><div class=\"gb-inside-container\">\n\n<p>Su expedismart.ch, al momento della prenotazione o della prova prezzo, vi forniamo una stima della data di consegna. Nessuno dei nostri vettori partner pu\u00f2 garantire questo tempo di consegna. Perch\u00e9? Perch\u00e9 dipendono dalla buona volont\u00e0 delle dogane dei Paesi di destinazione. Vengono effettuati controlli a campione e il vostro pacco potrebbe essere trattenuto in dogana per essere ispezionato.<\/p>\n\n\n<div class=\"gb-container gb-container-f307c83b\"><div class=\"gb-inside-container\">\n\n<p>I funzionari doganali possono anche chiedere al mittente o al destinatario <strong>ulteriori informazioni<\/strong> sulle merci inviate. Se ci\u00f2 dovesse accadere, non fatevi prendere dal panico. Se prenotate la vostra spedizione da expedismart.ch, il nostro team \u00e8 a vostra disposizione per assistervi nel processo. In generale, i<strong> tempi di<\/strong> consegna<strong> stimati<\/strong> per pacchi o documenti con vettori come DHL, FedEx, UPS o TNT variano <strong>tra i 5 e i 7 giorni<\/strong>. I nostri clienti inviano pacchi nelle principali citt\u00e0 del Cile, ovvero Santiago, Valparaiso e Vina del Mar.<\/p>\n\n<\/div><\/div>\n<\/div><\/div>\n<\/div><\/div>\n<\/div><\/div>\n\n<div class=\"gb-container gb-container-f8e550d6 holidays-of-countries\"><div class=\"gb-inside-container\">\n<div class=\"gb-container gb-container-eef283e4\"><div class=\"gb-inside-container\">\n\n<h2 class=\"wp-block-heading header-underline-white\"><strong>Ritiri e consegne in Cile<\/strong><br><strong><mark style=\"background-color:rgba(0, 0, 0, 0)\" class=\"has-inline-color has-red-exp-color\">Giorni di festa<\/mark><\/strong><\/h2>\n\n<\/div><\/div>\n\n<div class=\"gb-container gb-container-4d9aab56\"><div class=\"gb-inside-container\">\n\n<p>In Cile ci sono diversi giorni festivi, che abbiamo elencato qui perch\u00e9 se il vostro pacco deve arrivare o essere consegnato in uno di questi giorni, potete aspettarvi dei ritardi, oppure potete tenerne conto al momento della prenotazione. Si prega di notare che in Cile ci sono molti giorni festivi.<\/p>\n\n\n\n<p>Eccoli:<\/p>\n\n<\/div><\/div>\n\n<div class=\"gb-container gb-container-fb43e401\"><div class=\"gb-inside-container\">\n<div class=\"gb-grid-wrapper gb-grid-wrapper-7b12cbc0\">\n<div class=\"gb-grid-column gb-grid-column-682b5c6e\"><div class=\"gb-container gb-container-682b5c6e ul-red-dots\"><div class=\"gb-inside-container\">\n\n<ul class=\"wp-block-list\">\n<li>1 gennaio<\/li>\n\n\n\n<li>Venerd\u00ec Santo<\/li>\n\n\n\n<li>Sabato Santo<\/li>\n\n\n\n<li>1 maggio, Festa del Lavoro<\/li>\n\n\n\n<li>Giornata delle glorie navali, 21 maggio<\/li>\n\n\n\n<li>Giornata nazionale dei popoli indigeni in Cile, 21 giugno<\/li>\n\n\n\n<li>Solennit\u00e0 dei Santi Pietro e Paolo, 27 giugno<\/li>\n\n\n\n<li>La festa di Nostra Signora del Monte Carmelo il 16 luglio<\/li>\n<\/ul>\n\n<\/div><\/div><\/div>\n\n<div class=\"gb-grid-column gb-grid-column-ca64b596\"><div class=\"gb-container gb-container-ca64b596 ul-red-dots\"><div class=\"gb-inside-container\">\n\n<ul class=\"wp-block-list\">\n<li>Assunzione il 15 agosto<\/li>\n\n\n\n<li>Giorno dell&#8217;Indipendenza il 18 settembre<\/li>\n\n\n\n<li>Giornata di gara il 12 ottobre<\/li>\n\n\n\n<li>Giornata nazionale delle chiese protestanti il 31 ottobre<\/li>\n\n\n\n<li>Festa di Ognissanti il 1\u00b0 novembre<\/li>\n\n\n\n<li>Festa dell&#8217;Immacolata Concezione l&#8217;8 dicembre<\/li>\n\n\n\n<li>Natale il 25 dicembre<\/li>\n<\/ul>\n\n<\/div><\/div><\/div>\n<\/div>\n<\/div><\/div>\n<\/div><\/div>\n\n<div class=\"gb-container gb-container-285596a9\"><div class=\"gb-inside-container\">\n\n<h2 class=\"wp-block-heading header-underline-red\"><strong>Tracciamento dei pacchi espressi in Cile<\/strong><br><strong><mark style=\"background-color:rgba(0, 0, 0, 0)\" class=\"has-inline-color has-red-exp-color\">Traccia la tua spedizione<\/mark><\/strong><\/h2>\n\n<\/div><\/div>\n\n<div class=\"gb-container gb-container-51af6782\"><div class=\"gb-inside-container\">\n\n<p>Vettori come DHL, FedEx, UPS o TNT consentono una tracciabilit\u00e0 abbastanza precisa del vostro pacco o documento. Se volete saperne di pi\u00f9 su questo argomento, potete <a href=\"https:\/\/www.expedismart.ch\/pages\/infos-pratiques\/suivi\/suivi-colis\/\" target=\"_blank\" rel=\"noreferrer noopener\">leggere il nostro articolo<\/a>.<\/p>\n\n<\/div><\/div>\n<\/div><\/div><\/div>\n\n<div class=\"gb-grid-column gb-grid-column-51b8048d\"><div class=\"gb-container gb-container-51b8048d\"><div class=\"gb-inside-container\"><\/div><\/div><\/div>\n<\/div>\n\n\n<div class=\"wp-block-group alignfull margin-top:30px has-base-background-color has-background has-medium-font-size\"><div class=\"wp-block-group__inner-container is-layout-flow wp-block-group-is-layout-flow\"><div class=\"gb-button-wrapper gb-button-wrapper-6b7ff80c\">\n\n<a class=\"gb-button gb-button-63aba54e gb-button-text\" href=\"\/\" target=\"_blank\" rel=\"noopener noreferrer\" id=\"compare-prices-3\"><strong>Inviare pacchi in Cile<\/strong><\/a>\n\n<\/div><\/div><\/div>\n","protected":false},"excerpt":{"rendered":"<p>Consegna di pacchi porta a porta in Cile contro firma<\/p>\n","protected":false},"author":2,"featured_media":0,"parent":7236,"menu_order":0,"comment_status":"closed","ping_status":"closed","template":"","meta":{"_seopress_robots_primary_cat":"","_seopress_titles_title":"Come posso ottenere una consegna affidabile in Cile?","_seopress_titles_desc":"Spedire un pacco in Cile in modo sicuro: scopri le nostre soluzioni rapide e sicure, confronta i prezzi online.","_seopress_robots_index":"","inline_featured_image":false,"footnotes":""},"class_list":["post-7340","page","type-page","status-publish"],"_links":{"self":[{"href":"https:\/\/www.expedismart.ch\/pages\/it\/wp-json\/wp\/v2\/pages\/7340","targetHints":{"allow":["GET"]}}],"collection":[{"href":"https:\/\/www.expedismart.ch\/pages\/it\/wp-json\/wp\/v2\/pages"}],"about":[{"href":"https:\/\/www.expedismart.ch\/pages\/it\/wp-json\/wp\/v2\/types\/page"}],"author":[{"embeddable":true,"href":"https:\/\/www.expedismart.ch\/pages\/it\/wp-json\/wp\/v2\/users\/2"}],"replies":[{"embeddable":true,"href":"https:\/\/www.expedismart.ch\/pages\/it\/wp-json\/wp\/v2\/comments?post=7340"}],"version-history":[{"count":2,"href":"https:\/\/www.expedismart.ch\/pages\/it\/wp-json\/wp\/v2\/pages\/7340\/revisions"}],"predecessor-version":[{"id":7965,"href":"https:\/\/www.expedismart.ch\/pages\/it\/wp-json\/wp\/v2\/pages\/7340\/revisions\/7965"}],"up":[{"embeddable":true,"href":"https:\/\/www.expedismart.ch\/pages\/it\/wp-json\/wp\/v2\/pages\/7236"}],"wp:attachment":[{"href":"https:\/\/www.expedismart.ch\/pages\/it\/wp-json\/wp\/v2\/media?parent=7340"}],"curies":[{"name":"wp","href":"https:\/\/api.w.org\/{rel}","templated":true}]}}