{"id":7310,"date":"2023-01-19T12:02:45","date_gmt":"2023-01-19T12:02:45","guid":{"rendered":"https:\/\/www.expedismart.ch\/pages\/informazioni-pratiche\/invio\/spedizione-economica\/"},"modified":"2023-03-29T08:04:53","modified_gmt":"2023-03-29T08:04:53","slug":"spedizione-economica","status":"publish","type":"page","link":"https:\/\/www.expedismart.ch\/pages\/it\/informazioni-pratiche\/invio\/spedizione-economica\/","title":{"rendered":"spedizione economica"},"content":{"rendered":"\n<h1 class=\"gb-headline gb-headline-e4f7b0a9 gb-headline-text\">Come inviare un pacco economico dalla Svizzera?<\/h1>\n<div class=\"gb-container gb-container-4ca4c369\"><div class=\"gb-inside-container\">\n\n<figure class=\"wp-block-image alignfull size-large is-style-default\"><img decoding=\"async\" width=\"1024\" height=\"227\" src=\"https:\/\/www.expedismart.ch\/pages\/wp-content\/uploads\/2023\/01\/original_grosser-aletsch-glacier-2808275_1921-1024x227.webp\" alt=\"\" class=\"wp-image-5367\" srcset=\"https:\/\/www.expedismart.ch\/pages\/wp-content\/uploads\/2023\/01\/original_grosser-aletsch-glacier-2808275_1921-1024x227.webp 1024w, https:\/\/www.expedismart.ch\/pages\/wp-content\/uploads\/2023\/01\/original_grosser-aletsch-glacier-2808275_1921-300x67.webp 300w, https:\/\/www.expedismart.ch\/pages\/wp-content\/uploads\/2023\/01\/original_grosser-aletsch-glacier-2808275_1921-768x170.webp 768w, https:\/\/www.expedismart.ch\/pages\/wp-content\/uploads\/2023\/01\/original_grosser-aletsch-glacier-2808275_1921-1536x341.webp 1536w, https:\/\/www.expedismart.ch\/pages\/wp-content\/uploads\/2023\/01\/original_grosser-aletsch-glacier-2808275_1921.webp 1920w\" sizes=\"(max-width: 1024px) 100vw, 1024px\" \/><\/figure>\n<\/div><\/div><div class=\"gb-grid-wrapper gb-grid-wrapper-9335b011\">\n<div class=\"gb-grid-column gb-grid-column-124dd388\"><div class=\"gb-container gb-container-124dd388\"><div class=\"gb-inside-container\"><\/div><\/div><\/div>\n\n<div class=\"gb-grid-column gb-grid-column-b401532d\"><div class=\"gb-container gb-container-b401532d\"><div class=\"gb-inside-container\"><\/div><\/div><\/div>\n\n<div class=\"gb-grid-column gb-grid-column-f718cc8e\"><div class=\"gb-container gb-container-f718cc8e\"><div class=\"gb-inside-container\"><\/div><\/div><\/div>\n<\/div><div class=\"gb-grid-wrapper gb-grid-wrapper-7139b796\">\n<div class=\"gb-grid-column gb-grid-column-f16ee891\"><div class=\"gb-container gb-container-f16ee891\"><div class=\"gb-inside-container\"><\/div><\/div><\/div>\n\n<div class=\"gb-grid-column gb-grid-column-fa585d50\"><div class=\"gb-container gb-container-fa585d50\"><div class=\"gb-inside-container\">\n\n<p>Siete una <strong>PMI svizzera<\/strong> o un<strong> privato<\/strong>? Sapevate che ci sono molte opzioni a vostra disposizione quando si tratta di spedire un pacco? Quindi, se state cercando il modo migliore per inviare un pacco in Svizzera o all&#8217;estero a tariffe eccellenti, questo articolo fa per voi.<\/p>\n\n<\/div><\/div><\/div>\n\n<div class=\"gb-grid-column gb-grid-column-e373b842\"><div class=\"gb-container gb-container-e373b842\"><div class=\"gb-inside-container\"><\/div><\/div><\/div>\n<\/div>\n<div class=\"wp-block-group alignfull margin-top:30px button_link_exp has-base-background-color has-background has-large-font-size\"><div class=\"wp-block-group__inner-container is-layout-flow wp-block-group-is-layout-flow\"><div class=\"gb-button-wrapper gb-button-wrapper-289f742d\">\n\n<a class=\"gb-button gb-button-c9f14dcb gb-button-text special_red_button_gp\" href=\"\/\" target=\"_blank\" rel=\"noopener noreferrer\" id=\"compare-prices-1\"><strong>Confronta i prezzi dei trasporti online<\/strong><\/a>\n\n<\/div><\/div><\/div>\n<div class=\"gb-grid-wrapper gb-grid-wrapper-eb6a6c34\">\n<div class=\"gb-grid-column gb-grid-column-dc3bd0f4\"><div class=\"gb-container gb-container-dc3bd0f4\"><div class=\"gb-inside-container\"><\/div><\/div><\/div>\n\n<div class=\"gb-grid-column gb-grid-column-cc9e5cc3\"><div class=\"gb-container gb-container-cc9e5cc3\"><div class=\"gb-inside-container\">\n<div class=\"gb-container gb-container-82e4b234\"><div class=\"gb-inside-container\">\n\n<h2 class=\"header-underline-red wp-block-heading\"><strong>Opzione 1:<br\/><mark style=\"background-color:rgba(0, 0, 0, 0)\" class=\"has-inline-color has-red-exp-color\">l&#8217;Ufficio postale, per i piccoli pacchi all&#8217;interno della Svizzera<\/mark><\/strong><\/h2>\n\n<\/div><\/div>\n\n\n<p>I servizi postali svizzeri sono noti per la loro affidabilit\u00e0 e per il loro tasso di perdita, inferiore allo 0,1% se si considera che la Posta ha spedito oltre 120 milioni di pacchi l&#8217;anno scorso. Ecco i diversi servizi che la Posta offre per gli invii in Svizzera:<\/p>\n\n\n<div class=\"gb-container gb-container-2d04cbec\"><div class=\"gb-inside-container\">\n<div class=\"wp-block-image\">\n<figure class=\"aligncenter size-full is-resized\"><img decoding=\"async\" src=\"https:\/\/www.expedismart.ch\/pages\/wp-content\/uploads\/2023\/01\/One_fr_1.webp\" alt=\"\" class=\"wp-image-5200\" width=\"521\" height=\"398\" srcset=\"https:\/\/www.expedismart.ch\/pages\/wp-content\/uploads\/2023\/01\/One_fr_1.webp 386w, https:\/\/www.expedismart.ch\/pages\/wp-content\/uploads\/2023\/01\/One_fr_1-300x229.webp 300w\" sizes=\"(max-width: 521px) 100vw, 521px\" \/><\/figure><\/div>\n<\/div><\/div>\n\n<div class=\"gb-container gb-container-302bea57\"><div class=\"gb-inside-container\">\n\n<ul class=\"wp-block-list\">\n<li>PRIORIT\u00c0 POSTPAC (<em>fonte: www.post.ch)<\/em><\/li>\n<\/ul>\n\n<\/div><\/div>\n\n<div class=\"gb-container gb-container-8989eca8\"><div class=\"gb-inside-container\">\n<div class=\"wp-block-image\">\n<figure class=\"aligncenter size-full is-resized\"><img decoding=\"async\" src=\"https:\/\/www.expedismart.ch\/pages\/wp-content\/uploads\/2023\/01\/One_fr_2.webp\" alt=\"\" class=\"wp-image-5203\" width=\"521\" height=\"397\" srcset=\"https:\/\/www.expedismart.ch\/pages\/wp-content\/uploads\/2023\/01\/One_fr_2.webp 387w, https:\/\/www.expedismart.ch\/pages\/wp-content\/uploads\/2023\/01\/One_fr_2-300x229.webp 300w\" sizes=\"(max-width: 521px) 100vw, 521px\" \/><\/figure><\/div>\n<\/div><\/div>\n\n<div class=\"gb-container gb-container-583de58e\"><div class=\"gb-inside-container\">\n\n<ul class=\"wp-block-list\">\n<li>Postpac ECONOMIA<em>(fonte: www.post.ch)<\/em><\/li>\n<\/ul>\n\n<\/div><\/div>\n\n<div class=\"gb-container gb-container-9ff86be1\"><div class=\"gb-inside-container\">\n\n<p>Come per PostPac ECONOMY, dovrete <strong>aggiungere 2 franchi per la consegna contro firma<\/strong>. Questi servizi di postalizzazione con controfirma sono molto utili per le spedizioni di pacchi aziendali. Risparmiare sulla consegna dei pacchi va benissimo, ma a volte \u00e8 meglio pagare qualche franco in pi\u00f9 e avere una garanzia in pi\u00f9 che il pacco venga consegnato alla persona giusta.<\/p>\n\n<\/div><\/div>\n\n<div class=\"gb-container gb-container-920e8d0f\"><div class=\"gb-inside-container\">\n\n<p>Le Poste Svizzere non si occupano dei pacchi in Svizzera di peso superiore a 30 kg, per cui dovrete utilizzare un corriere privato. Expedismart.ch vi offre prezzi eccellenti per l&#8217;invio di pacchi di grandi dimensioni in Svizzera.<\/p>\n\n<\/div><\/div>\n<\/div><\/div><\/div>\n\n<div class=\"gb-grid-column gb-grid-column-d4e39d2d\"><div class=\"gb-container gb-container-d4e39d2d\"><div class=\"gb-inside-container\"><\/div><\/div><\/div>\n<\/div>\n<div class=\"wp-block-group alignfull margin-top:30px has-base-background-color has-background has-large-font-size\"><div class=\"wp-block-group__inner-container is-layout-flow wp-block-group-is-layout-flow\"><div class=\"gb-button-wrapper gb-button-wrapper-e1aeeb32\">\n\n<a class=\"gb-button gb-button-9118eb2e gb-button-text special_red_button_gp\" href=\"\/\" target=\"_blank\" rel=\"noopener noreferrer\" id=\"compare-prices-2\"><strong>Inviate il vostro pacco dalla Svizzera a un prezzo molto conveniente<\/strong><\/a>\n\n<\/div><\/div><\/div>\n<div class=\"gb-grid-wrapper gb-grid-wrapper-61a5a940 red-line-overflow\">\n<div class=\"gb-grid-column gb-grid-column-b3e310c4\"><div class=\"gb-container gb-container-b3e310c4\"><div class=\"gb-inside-container\"><\/div><\/div><\/div>\n\n<div class=\"gb-grid-column gb-grid-column-2fc51738\"><div class=\"gb-container gb-container-2fc51738 header-margin-bottom-parent\"><div class=\"gb-inside-container\">\n<div class=\"gb-container gb-container-2df7f4a7\"><div class=\"gb-inside-container\">\n\n<h2 class=\"header-underline-red wp-block-heading\"><strong>Seconda opzione:<\/strong><br\/><strong><mark style=\"background-color:rgba(0, 0, 0, 0)\" class=\"has-inline-color has-red-exp-color\">Vettori internazionali per le spedizioni all&#8217;estero<\/mark><\/strong><\/h2>\n\n<\/div><\/div>\n\n<div class=\"gb-container gb-container-53173bbc\"><div class=\"gb-inside-container\">\n<div class=\"gb-container gb-container-df027109\"><div class=\"gb-inside-container\">\n\n<p><strong>Tuttavia, per le spedizioni internazionali, non sar\u00e0 pi\u00f9 la Posta a occuparsi dei vostri pacchi, ma gli uffici postali locali.<\/strong> Se il vostro pacco viene smarrito, non importa quanto pagate, avrete pagato troppo per la consegna del vostro pacco<strong>.<\/strong><\/p>\n\n<\/div><\/div>\n\n<div class=\"gb-container gb-container-0778ffd9\"><div class=\"gb-inside-container\">\n\n<p>L&#8217;utilizzo di vettori privati per le spedizioni di pacchi all&#8217;estero presenta dei <strong>vantaggi<\/strong>. Innanzitutto, l&#8217;<strong>affidabilit\u00e0 <\/strong>: i vettori dispongono di una propria rete di trasporto stradale e aereo, che garantisce un&#8217;ottima tracciabilit\u00e0 della spedizione fino alla consegna nel Paese d&#8217;origine. Il secondo vantaggio \u00e8 il <strong>ritiro a domicilio<\/strong>: qualunque sia il corriere scelto, il pacco viene ritirato direttamente in ufficio o a casa nella fascia oraria prescelta, evitando cos\u00ec di recarsi all&#8217;ufficio postale e di dover fare interminabili attese allo sportello. Per questo tipo di spedizione esistono numerosi gruppi di vettori internazionali, i pi\u00f9 noti dei quali sono<\/p>\n\n<\/div><\/div>\n<\/div><\/div>\n\n<div class=\"gb-container gb-container-f8e550d6 holidays-of-countries \"><div class=\"gb-inside-container\">\n<div class=\"gb-container gb-container-eef283e4\"><div class=\"gb-inside-container\"><\/div><\/div>\n\n<div class=\"gb-container gb-container-fb43e401\"><div class=\"gb-inside-container\">\n<div class=\"gb-grid-wrapper gb-grid-wrapper-7b12cbc0\">\n<div class=\"gb-grid-column gb-grid-column-682b5c6e\"><div class=\"gb-container gb-container-682b5c6e ul-red-dots\"><div class=\"gb-inside-container\">\n\n<ul class=\"wp-block-list\">\n<li>DHL<\/li>\n\n\n\n<li>FedEx<\/li>\n\n\n\n<li>UPS<\/li>\n\n\n\n<li>TNT<\/li>\n\n\n\n<li>DPD<\/li>\n\n\n\n<li>Aramex<\/li>\n<\/ul>\n\n<\/div><\/div><\/div>\n<\/div>\n<\/div><\/div>\n<\/div><\/div>\n\n<div class=\"gb-container gb-container-023d7593\"><div class=\"gb-inside-container\">\n\n<p>Ogni vettore ha punti di forza in specifiche localit\u00e0 del mondo. Ad esempio, DHL \u00e8 molto efficiente nell&#8217;invio di pacchi in Africa. FedEx e UPS dispongono di un&#8217;eccellente rete di distribuzione in Nord e Sud America. Pensate a loro per le vostre spedizioni di pacchi negli Stati Uniti. Quando si tratta di spedire pacchi in Europa, TNT offre un servizio eccellente.<\/p>\n\n<\/div><\/div>\n\n<div class=\"gb-container gb-container-f97cbe6f\"><div class=\"gb-inside-container\">\n\n<p>Conosce Aramex? Se avete spedizioni verso il Medio Oriente, Aramex \u00e8 specializzata in questo tipo di spedizioni. Questi vettori internazionali offrono servizi molto affidabili<strong>, ma come si fa a usarli per meno?<\/strong><\/p>\n\n<\/div><\/div>\n\n<div class=\"gb-container gb-container-c004cd65\"><div class=\"gb-inside-container\">\n\n<p>Expedismart.ch permette alle aziende che non inviano molte spedizioni, ma anche ai privati, di beneficiare di sconti fino al 70% sul prezzo al pubblico offerto dai vettori. Questo \u00e8 possibile perch\u00e9 Expedismart.ch \u00e8 in grado di negoziare sconti sul volume con ogni vettore.<\/p>\n\n<\/div><\/div>\n\n<div class=\"gb-container gb-container-0546cfb9\"><div class=\"gb-inside-container\">\n\n<h3 class=\"header-underline-red wp-block-heading\"><strong>Come posso imballare il mio pacco per risparmiare sulle spese di spedizione?<\/strong><\/h3>\n\n<\/div><\/div>\n\n<div class=\"gb-container gb-container-01dca540 holidays-of-countries commercial-invoice\"><div class=\"gb-inside-container\">\n<div class=\"gb-container gb-container-86b7eb2f\"><div class=\"gb-inside-container\">\n\n<p>La cosa pi\u00f9 importante \u00e8 scegliere l&#8217;imballaggio giusto per le vostre merci:<\/p>\n\n<\/div><\/div>\n\n<div class=\"gb-container gb-container-8aac6115\"><div class=\"gb-inside-container\">\n<div class=\"gb-grid-wrapper gb-grid-wrapper-c9b9386e\">\n<div class=\"gb-grid-column gb-grid-column-6163e3bc\"><div class=\"gb-container gb-container-6163e3bc ul-red-dots\"><div class=\"gb-inside-container\">\n\n<ol class=\"wp-block-list\">\n<li>Per imballare da soli il vostro pacco, assicuratevi che l&#8217;articolo da spedire sia in una scatola robusta, senza che nulla fuoriesca dall&#8217;imballaggio.<\/li>\n\n\n\n<li>Si possono utilizzare vecchie scatole per il trasloco, una scatola dell&#8217;ultimo ordine di Zalando o di Amazon.<\/li>\n\n\n\n<li>Evitate gli imballaggi dalle forme troppo complesse e optate per le scatole di cartone.<\/li>\n\n\n\n<li>La merce deve essere ben fissata nella scatola. Non esitate a utilizzare vecchi giornali per immobilizzarlo.<\/li>\n\n\n\n<li>Proteggere adeguatamente gli angoli della confezione<\/li>\n<\/ol>\n\n<\/div><\/div><\/div>\n<\/div>\n<\/div><\/div>\n<\/div><\/div>\n\n<div class=\"gb-container gb-container-99c97cf4 holidays-of-countries commercial-invoice\"><div class=\"gb-inside-container\">\n<div class=\"gb-container gb-container-3d1d59f6\"><div class=\"gb-inside-container\">\n\n<p>Se optate per una scatola pronta per l&#8217;invio, ci sono diverse scelte:<\/p>\n\n<\/div><\/div>\n\n<div class=\"gb-container gb-container-099994a3\"><div class=\"gb-inside-container\">\n<div class=\"gb-grid-wrapper gb-grid-wrapper-216459c2\">\n<div class=\"gb-grid-column gb-grid-column-d740fb1c\"><div class=\"gb-container gb-container-d740fb1c ul-red-dots\"><div class=\"gb-inside-container\">\n\n<ol class=\"wp-block-list\">\n<li>La Posta offre imballaggi di varie dimensioni, che possono essere acquistati direttamente presso l&#8217;ufficio postale pi\u00f9 vicino o sul <a href=\"https:\/\/www.postshop.ch\/fr\/Produits\/Emballer-expedier\" target=\"_blank\" rel=\"noreferrer noopener\">sito web<\/a>. La consegna avviene entro 48 ore.<\/li>\n\n\n\n<li>I vettori privati internazionali, DHL, TNT, FedEx, UPS, DPD, Aramex possono anche fornirvi cartoni di spedizione gratuiti se prenotate da Expedismart.ch.<\/li>\n<\/ol>\n\n<\/div><\/div><\/div>\n<\/div>\n<\/div><\/div>\n<\/div><\/div>\n\n<div class=\"gb-container gb-container-d078085f\"><div class=\"gb-inside-container\">\n\n<p>Per risparmiare sull&#8217;imballaggio \u00e8 necessario conoscere il concetto di <strong>peso volumetrico<\/strong>. Leggete il <a href=\"https:\/\/www.expedismart.ch\/pages\/it\/informazioni-pratiche\/invio\/spedizione-economica\/\" target=\"_blank\" rel=\"noreferrer noopener\">nostro articolo su come risparmiare sulla vostra spedizione calcolando il peso volumetrico<\/a>. di una spedizione \u00e8 un calcolo che esprime la densit\u00e0 di una confezione. Un articolo a bassa densit\u00e0 pu\u00f2 occupare pi\u00f9 spazio del suo peso effettivo. Il peso volumetrico viene calcolato e confrontato con il peso effettivo della spedizione per stabilire quale sia il maggiore; il peso maggiore viene utilizzato per calcolare il costo della spedizione.<\/p>\n\n<\/div><\/div>\n<\/div><\/div><\/div>\n\n<div class=\"gb-grid-column gb-grid-column-51b8048d\"><div class=\"gb-container gb-container-51b8048d\"><div class=\"gb-inside-container\"><\/div><\/div><\/div>\n<\/div>\n<div class=\"wp-block-group alignfull margin-top:30px has-base-background-color has-background has-large-font-size\"><div class=\"wp-block-group__inner-container is-layout-flow wp-block-group-is-layout-flow\"><div class=\"gb-button-wrapper gb-button-wrapper-385aab1f\">\n\n<a class=\"gb-button gb-button-a9cc083f gb-button-text special_red_button_gp\" href=\"\/\" target=\"_blank\" rel=\"noopener noreferrer\" id=\"compare-prices-3\"><strong>Spedite il vostro pacco all&#8217;estero con Expedismart<\/strong><\/a>\n\n<\/div><\/div><\/div>\n<div class=\"gb-grid-wrapper gb-grid-wrapper-123acdfb red-line-overflow\">\n<div class=\"gb-grid-column gb-grid-column-ee35e2c8\"><div class=\"gb-container gb-container-ee35e2c8\"><div class=\"gb-inside-container\"><\/div><\/div><\/div>\n\n<div class=\"gb-grid-column gb-grid-column-08eb2875\"><div class=\"gb-container gb-container-08eb2875 header-margin-bottom-parent\"><div class=\"gb-inside-container\">\n<div class=\"gb-container gb-container-f792ea00\"><div class=\"gb-inside-container\">\n\n<h2 class=\"header-underline-red wp-block-heading\"><strong>Risparmia sulla spedizione,<\/strong><br\/><strong><mark style=\"background-color:rgba(0, 0, 0, 0)\" class=\"has-inline-color has-red-exp-color\">\u00e8 soprattutto porre le domande giuste<\/mark><\/strong><\/h2>\n\n<\/div><\/div>\n\n<div class=\"gb-container gb-container-b36be8aa\"><div class=\"gb-inside-container\">\n\n<ul class=\"wp-block-list\">\n<li><strong>Si tratta di una spedizione nazionale o internazionale?<\/strong><\/li>\n<\/ul>\n\n<\/div><\/div>\n\n<div class=\"gb-container gb-container-0def9de3\"><div class=\"gb-inside-container\">\n\n<p>Per una spedizione standard in Svizzera, i servizi della Posta sono sicuramente pi\u00f9 economici e altrettanto veloci di un corriere privato. Per una spedizione all&#8217;estero, non \u00e8 consigliabile utilizzare i servizi postali, poich\u00e9 si rischia di perdere il pacco o di subire forti ritardi.<\/p>\n\n<\/div><\/div>\n\n<div class=\"gb-container gb-container-aa497afc\"><div class=\"gb-inside-container\">\n\n<ul class=\"wp-block-list\">\n<li><strong>La mia spedizione ha un valore elevato?<\/strong><\/li>\n<\/ul>\n\n<\/div><\/div>\n\n<div class=\"gb-container gb-container-6ce3df64\"><div class=\"gb-inside-container\">\n\n<p>In tal caso, \u00e8 consigliabile utilizzare un vettore privato e assicurare il pacco. Consulta il nostro articolo sull&#8217;assicurazione dei trasporti<\/p>\n\n<\/div><\/div>\n\n<div class=\"gb-container gb-container-27a9b41b\"><div class=\"gb-inside-container\">\n\n<ul class=\"wp-block-list\">\n<li><strong>La mia spedizione \u00e8 grande?<\/strong><\/li>\n<\/ul>\n\n<\/div><\/div>\n\n<div class=\"gb-container gb-container-46a4e658\"><div class=\"gb-inside-container\">\n\n<p>In tal caso, non preferireste che un corriere venisse a casa vostra per ritirare il pacco a vostro piacimento? Questo vi far\u00e0 risparmiare un viaggio in un veicolo adatto. Non tutti hanno a disposizione un&#8217;utility.<\/p>\n\n<\/div><\/div>\n\n<div class=\"gb-container gb-container-501e8a08\"><div class=\"gb-inside-container\">\n\n<ul class=\"wp-block-list\">\n<li><strong>Il mio pacco supera i 30 kg?<\/strong><\/li>\n<\/ul>\n\n<\/div><\/div>\n\n<div class=\"gb-container gb-container-a4b8b05b\"><div class=\"gb-inside-container\">\n\n<p>Per le spedizioni superiori a 30 kg, le Poste non le gestiscono pi\u00f9. Guardate <a rel=\"noreferrer noopener\" href=\"https:\/\/www.expedismart.ch\/\" target=\"_blank\">Expedismart<\/a> e scegliete un vettore low-cost.<\/p>\n\n<\/div><\/div>\n\n<div class=\"gb-container gb-container-1b548dce\"><div class=\"gb-inside-container\">\n\n<h2 class=\"header-underline-red wp-block-heading\"><strong><mark style=\"background-color:rgba(0, 0, 0, 0)\" class=\"has-inline-color has-red-exp-color\"><strong>Il mio pacco \u00e8 urgente?<\/strong><\/mark><\/strong><\/h2>\n\n<\/div><\/div>\n\n<div class=\"gb-container gb-container-bf1e8d59\"><div class=\"gb-inside-container\">\n\n<p>Ecco un esempio di prezzo per l&#8217;<strong>invio di un pacco urgente in Francia con la Posta Svizzera<\/strong>:<\/p>\n\n<\/div><\/div>\n\n<div class=\"gb-container gb-container-7378709b\"><div class=\"gb-inside-container\">\n<div class=\"wp-block-image\">\n<figure class=\"aligncenter size-full is-resized\"><img decoding=\"async\" src=\"https:\/\/www.expedismart.ch\/pages\/wp-content\/uploads\/2023\/01\/urgent_fr_1.webp\" alt=\"\" class=\"wp-image-5218\" width=\"567\" height=\"441\" srcset=\"https:\/\/www.expedismart.ch\/pages\/wp-content\/uploads\/2023\/01\/urgent_fr_1.webp 386w, https:\/\/www.expedismart.ch\/pages\/wp-content\/uploads\/2023\/01\/urgent_fr_1-300x233.webp 300w\" sizes=\"(max-width: 567px) 100vw, 567px\" \/><figcaption class=\"wp-element-caption\"><em>fonte: www.post.ch<\/em><\/figcaption><\/figure><\/div>\n<\/div><\/div>\n\n<div class=\"gb-container gb-container-9156b37b\"><div class=\"gb-inside-container\">\n\n<p>Ecco un esempio del prezzo che potete trovare su <strong>Expedismart per un pacco urgente in Francia<\/strong>, consegnato entro 24 ore, con corrieri come FedEx, UPS o TNT:<\/p>\n\n<\/div><\/div>\n\n<div class=\"gb-container gb-container-c076dbc4\"><div class=\"gb-inside-container\">\n<div class=\"wp-block-image\">\n<figure class=\"aligncenter size-full is-resized\"><img decoding=\"async\" src=\"https:\/\/www.expedismart.ch\/pages\/wp-content\/uploads\/2023\/01\/urgent_fr_2.webp\" alt=\"\" class=\"wp-image-5221\" width=\"828\" height=\"383\" srcset=\"https:\/\/www.expedismart.ch\/pages\/wp-content\/uploads\/2023\/01\/urgent_fr_2.webp 490w, https:\/\/www.expedismart.ch\/pages\/wp-content\/uploads\/2023\/01\/urgent_fr_2-300x139.webp 300w\" sizes=\"(max-width: 828px) 100vw, 828px\" \/><\/figure><\/div>\n<\/div><\/div>\n\n<div class=\"gb-container gb-container-1f9ca27a\"><div class=\"gb-inside-container\">\n\n<p>Expedismart \u00e8 in grado di offrire prezzi interessanti con corrieri espressi come FedEx, DHL o UPS perch\u00e9 l&#8217;azienda <strong>consolida<\/strong> <strong>le spedizioni di pacchi e documenti di migliaia di PMI e privati svizzeri<\/strong> e negozia i prezzi che vedrete visualizzati sul <a href=\"https:\/\/www.expedismart.ch\/\" target=\"_blank\" rel=\"noreferrer noopener\">comparatore online<\/a>. Tutti i clienti di Expedismart beneficiano di prezzi competitivi e di un <strong>servizio clienti<\/strong> che ascolta ogni loro domanda sulle spedizioni. L&#8217;uso del sito \u00e8 completamente gratuito, gli utenti pagano solo il prezzo della spedizione.<\/p>\n\n<\/div><\/div>\n\n<div class=\"gb-container gb-container-fa7657a5\"><div class=\"gb-inside-container\">\n\n<p>Importante: evitare le false economie. A volte \u00e8 meglio pagare qualche franco in pi\u00f9 per l&#8217;assicurazione. Con Expedismart <strong>potete assicurare la vostra merce fino a un valore dichiarato di 100&#8217;000 franchi svizzeri.<\/strong> Un pacco perso o danneggiato pu\u00f2 costare molto di pi\u00f9.<\/p>\n\n<\/div><\/div>\n<\/div><\/div><\/div>\n\n<div class=\"gb-grid-column gb-grid-column-e3aa4e02\"><div class=\"gb-container gb-container-e3aa4e02\"><div class=\"gb-inside-container\"><\/div><\/div><\/div>\n<\/div>\n<div class=\"wp-block-group alignfull margin-top:30px has-base-background-color has-background has-large-font-size\"><div class=\"wp-block-group__inner-container is-layout-flow wp-block-group-is-layout-flow\"><div class=\"gb-button-wrapper gb-button-wrapper-77e4fbd8\">\n\n<a class=\"gb-button gb-button-7a7a99fd gb-button-text special_red_button_gp\" href=\"\/\" target=\"_blank\" rel=\"noopener noreferrer\" id=\"compare-prices-4\"><strong>Spedisci il tuo pacco all&#8217;estero con Expedismart<\/strong><\/a>\n\n<\/div><\/div><\/div>\n","protected":false},"excerpt":{"rendered":"<p>Come inviare un pacco economico dalla Svizzera?<\/p>\n","protected":false},"author":2,"featured_media":0,"parent":7211,"menu_order":0,"comment_status":"closed","ping_status":"closed","template":"","meta":{"_seopress_robots_primary_cat":"","_seopress_titles_title":"Come inviare un pacco economico dalla Svizzera?","_seopress_titles_desc":"Per PMI e privati, spedizioni espresse nazionali e internazionali. Preventivo in 1 minuto. Pi\u00f9 affidabile dell'invio di un pacco per posta, con consegna porta a porta.","_seopress_robots_index":"","inline_featured_image":false,"footnotes":""},"class_list":["post-7310","page","type-page","status-publish"],"_links":{"self":[{"href":"https:\/\/www.expedismart.ch\/pages\/it\/wp-json\/wp\/v2\/pages\/7310","targetHints":{"allow":["GET"]}}],"collection":[{"href":"https:\/\/www.expedismart.ch\/pages\/it\/wp-json\/wp\/v2\/pages"}],"about":[{"href":"https:\/\/www.expedismart.ch\/pages\/it\/wp-json\/wp\/v2\/types\/page"}],"author":[{"embeddable":true,"href":"https:\/\/www.expedismart.ch\/pages\/it\/wp-json\/wp\/v2\/users\/2"}],"replies":[{"embeddable":true,"href":"https:\/\/www.expedismart.ch\/pages\/it\/wp-json\/wp\/v2\/comments?post=7310"}],"version-history":[{"count":1,"href":"https:\/\/www.expedismart.ch\/pages\/it\/wp-json\/wp\/v2\/pages\/7310\/revisions"}],"predecessor-version":[{"id":7311,"href":"https:\/\/www.expedismart.ch\/pages\/it\/wp-json\/wp\/v2\/pages\/7310\/revisions\/7311"}],"up":[{"embeddable":true,"href":"https:\/\/www.expedismart.ch\/pages\/it\/wp-json\/wp\/v2\/pages\/7211"}],"wp:attachment":[{"href":"https:\/\/www.expedismart.ch\/pages\/it\/wp-json\/wp\/v2\/media?parent=7310"}],"curies":[{"name":"wp","href":"https:\/\/api.w.org\/{rel}","templated":true}]}}