{"id":7298,"date":"2023-01-15T18:59:08","date_gmt":"2023-01-15T18:59:08","guid":{"rendered":"https:\/\/www.expedismart.ch\/pages\/informazioni-pratiche\/personalizzazioni\/ioss\/"},"modified":"2023-03-29T08:01:53","modified_gmt":"2023-03-29T08:01:53","slug":"ioss","status":"publish","type":"page","link":"https:\/\/www.expedismart.ch\/pages\/it\/informazioni-pratiche\/personalizzazioni\/ioss\/","title":{"rendered":"IOSS"},"content":{"rendered":"\n<h1 class=\"gb-headline gb-headline-e4f7b0a9 gb-headline-text\">Qual \u00e8 lo scopo di IOSS in Svizzera?<\/h1>\n<div class=\"gb-container gb-container-4ca4c369\"><div class=\"gb-inside-container\">\n\n<figure class=\"wp-block-image alignfull size-large is-style-default\"><img decoding=\"async\" width=\"1024\" height=\"227\" src=\"https:\/\/www.expedismart.ch\/pages\/wp-content\/uploads\/2023\/01\/IOSS-1024x227.webp\" alt=\"Qual &#xE8; lo scopo di IOSS in Svizzera?\" class=\"wp-image-4476\" srcset=\"https:\/\/www.expedismart.ch\/pages\/wp-content\/uploads\/2023\/01\/IOSS-1024x227.webp 1024w, https:\/\/www.expedismart.ch\/pages\/wp-content\/uploads\/2023\/01\/IOSS-300x67.webp 300w, https:\/\/www.expedismart.ch\/pages\/wp-content\/uploads\/2023\/01\/IOSS-768x170.webp 768w, https:\/\/www.expedismart.ch\/pages\/wp-content\/uploads\/2023\/01\/IOSS-1536x341.webp 1536w, https:\/\/www.expedismart.ch\/pages\/wp-content\/uploads\/2023\/01\/IOSS.webp 1920w\" sizes=\"(max-width: 1024px) 100vw, 1024px\" \/><\/figure>\n<\/div><\/div><div class=\"gb-grid-wrapper gb-grid-wrapper-9335b011\">\n<div class=\"gb-grid-column gb-grid-column-124dd388\"><div class=\"gb-container gb-container-124dd388\"><div class=\"gb-inside-container\"><\/div><\/div><\/div>\n\n<div class=\"gb-grid-column gb-grid-column-b401532d\"><div class=\"gb-container gb-container-b401532d\"><div class=\"gb-inside-container\">\n\n<h2 class=\"header-underline-red wp-block-heading\"><strong>IOSS spiegato (per gli utenti svizzeri e internazionali)<\/strong><\/h2>\n\n<\/div><\/div><\/div>\n\n<div class=\"gb-grid-column gb-grid-column-f718cc8e\"><div class=\"gb-container gb-container-f718cc8e\"><div class=\"gb-inside-container\"><\/div><\/div><\/div>\n<\/div><div class=\"gb-grid-wrapper gb-grid-wrapper-7139b796\">\n<div class=\"gb-grid-column gb-grid-column-f16ee891\"><div class=\"gb-container gb-container-f16ee891\"><div class=\"gb-inside-container\"><\/div><\/div><\/div>\n\n<div class=\"gb-grid-column gb-grid-column-fa585d50\"><div class=\"gb-container gb-container-fa585d50\"><div class=\"gb-inside-container\">\n\n<p>Il commercio elettronico si sta sviluppando a ritmo sostenuto a livello nazionale e internazionale. La nuova piattaforma Import One-Stop Shop rende pi\u00f9 facile raggiungere e rifornire i consumatori oltre confine.<\/p>\n\n\n<div class=\"gb-container gb-container-9e60513b\"><div class=\"gb-inside-container\">\n\n<p>Import One-Stop Shop si riferisce a un portale elettronico dell&#8217;UE disponibile per le imprese dal 1\u00b0 luglio 2021. Semplifica la registrazione e il pagamento dell&#8217;IVA quando  <strong>l&#8217;importazione di merci nell&#8217;UE da un Paese terzo. La Svizzera \u00e8 considerata un Paese terzo.<\/strong><\/p>\n\n<\/div><\/div>\n<\/div><\/div><\/div>\n\n<div class=\"gb-grid-column gb-grid-column-e373b842\"><div class=\"gb-container gb-container-e373b842\"><div class=\"gb-inside-container\"><\/div><\/div><\/div>\n<\/div>\n<div class=\"wp-block-group alignfull margin-top:30px button_link_exp has-base-background-color has-background has-large-font-size\"><div class=\"wp-block-group__inner-container is-layout-flow wp-block-group-is-layout-flow\"><div class=\"gb-button-wrapper gb-button-wrapper-289f742d\">\n\n<a class=\"gb-button gb-button-c9f14dcb gb-button-text special_red_button_gp\" href=\"\/en\/discover-our-rates\/\" target=\"_blank\" rel=\"noopener noreferrer\" id=\"compare-prices-1\"><strong>Guarda i prezzi delle spedizioni<\/strong><\/a>\n\n<\/div><\/div><\/div>\n<div class=\"gb-grid-wrapper gb-grid-wrapper-eb6a6c34\">\n<div class=\"gb-grid-column gb-grid-column-dc3bd0f4\"><div class=\"gb-container gb-container-dc3bd0f4\"><div class=\"gb-inside-container\"><\/div><\/div><\/div>\n\n<div class=\"gb-grid-column gb-grid-column-cc9e5cc3\"><div class=\"gb-container gb-container-cc9e5cc3\"><div class=\"gb-inside-container\">\n<div class=\"gb-container gb-container-82e4b234\"><div class=\"gb-inside-container\">\n\n<h2 class=\"header-underline-red wp-block-heading\"><strong><mark style=\"background-color:rgba(0, 0, 0, 0)\" class=\"has-inline-color has-red-exp-color\">IOSS e i suoi vantaggi<\/mark><\/strong><\/h2>\n\n<\/div><\/div>\n\n\n<p>IOSS consente a fornitori e commercianti di vendere beni importati ad acquirenti dell&#8217;UE. In questo modo, dichiarano le merci, riscuotono l&#8217;IVA tramite la piattaforma online e la versano alle autorit\u00e0 fiscali. In questo modo, IOSS semplifica la procedura per l&#8217;acquirente, che viene fatturato solo al momento dell&#8217;acquisto e non deve quindi affrontare spese a sorpresa al momento della consegna della merce. Se il venditore non \u00e8 registrato in IOSS, l&#8217;acquirente deve pagare l&#8217;IVA al momento dell&#8217;importazione della merce nell&#8217;UE, come avveniva in precedenza. Ove applicabile, si aggiungono le spese di sdoganamento addebitate dal vettore.<\/p>\n\n\n<div class=\"gb-container gb-container-3714b5f7\"><div class=\"gb-inside-container\">\n\n<p>Inoltre, i commercianti online devono indicare nel negozio online le aliquote IVA del Paese di destinazione. Poich\u00e9 con IOSS non ci sono spese aggiuntive di sdoganamento, questo garantisce una maggiore trasparenza per i potenziali clienti.<\/p>\n\n<\/div><\/div>\n<\/div><\/div><\/div>\n\n<div class=\"gb-grid-column gb-grid-column-d4e39d2d\"><div class=\"gb-container gb-container-d4e39d2d\"><div class=\"gb-inside-container\"><\/div><\/div><\/div>\n<\/div><div class=\"gb-grid-wrapper gb-grid-wrapper-b28747bd\">\n<div class=\"gb-grid-column gb-grid-column-78d3f07a\"><div class=\"gb-container gb-container-78d3f07a\"><div class=\"gb-inside-container\"><\/div><\/div><\/div>\n\n<div class=\"gb-grid-column gb-grid-column-ed542513\"><div class=\"gb-container gb-container-ed542513\"><div class=\"gb-inside-container\">\n<div class=\"gb-grid-wrapper gb-grid-wrapper-45d58127 grid-gap\">\n<div class=\"gb-grid-column gb-grid-column-ada8d777\"><div class=\"gb-container gb-container-ada8d777 commercial-invoice ul-red-dots\"><div class=\"gb-inside-container\">\n<div class=\"gb-container gb-container-a88c0644\"><div class=\"gb-inside-container\">\n\n<h3 class=\"header-underline-white wp-block-heading\"><strong>4 passi per utilizzare IOSS<\/strong><\/h3>\n\n<\/div><\/div>\n\n\n<ol class=\"wp-block-list\">\n<li>Vendita a un consumatore finale privato (B2C)<\/li>\n\n\n\n<li>Il trasporto delle merci inizia in un Paese terzo e termina in uno Stato dell&#8217;UE.<\/li>\n\n\n\n<li>Il valore intrinseco della spedizione non supera i 150 euro.<\/li>\n\n\n\n<li>Il commerciante online \u00e8 registrato presso IOSS<\/li>\n<\/ol>\n\n<\/div><\/div><\/div>\n<\/div>\n\n<div class=\"gb-container gb-container-0674eb55\"><div class=\"gb-inside-container\">\n\n<p>In questo esempio, le merci vengono importate da un Paese terzo (Svizzera) nell&#8217;UE utilizzando l&#8217;Import One-Shop Stop. L&#8217;azienda svizzera \u00e8 registrata e ha un ID IOSS. Tutti i documenti vengono compilati tramite la piattaforma elettronica di elaborazione dell&#8217;IVA.<\/p>\n\n<\/div><\/div>\n\n<div class=\"gb-container gb-container-f4c5d55e\"><div class=\"gb-inside-container\">\n\n<figure class=\"wp-block-image size-full\"><img decoding=\"async\" width=\"940\" height=\"585\" src=\"https:\/\/www.expedismart.ch\/pages\/wp-content\/uploads\/2023\/01\/use_IOSS.webp\" alt=\"4 passi per utilizzare IOSS\" class=\"wp-image-4548\" srcset=\"https:\/\/www.expedismart.ch\/pages\/wp-content\/uploads\/2023\/01\/use_IOSS.webp 940w, https:\/\/www.expedismart.ch\/pages\/wp-content\/uploads\/2023\/01\/use_IOSS-300x187.webp 300w, https:\/\/www.expedismart.ch\/pages\/wp-content\/uploads\/2023\/01\/use_IOSS-768x478.webp 768w\" sizes=\"(max-width: 940px) 100vw, 940px\" \/><\/figure>\n<\/div><\/div>\n<\/div><\/div><\/div>\n\n<div class=\"gb-grid-column gb-grid-column-a1c9fb29\"><div class=\"gb-container gb-container-a1c9fb29\"><div class=\"gb-inside-container\"><\/div><\/div><\/div>\n<\/div>\n<div class=\"wp-block-group alignfull margin-top:30px has-base-background-color has-background has-large-font-size\"><div class=\"wp-block-group__inner-container is-layout-flow wp-block-group-is-layout-flow\"><div class=\"gb-button-wrapper gb-button-wrapper-e1aeeb32\">\n\n<a class=\"gb-button gb-button-9118eb2e gb-button-text special_red_button_gp\" href=\"\/en\/discover-our-rates\/\" target=\"_blank\" rel=\"noopener noreferrer\" id=\"compare-prices-2\"><strong>Spedite il vostro pacco con Expedismart.ch<\/strong><\/a>\n\n<\/div><\/div><\/div>\n<div class=\"gb-grid-wrapper gb-grid-wrapper-61a5a940 red-line-overflow\">\n<div class=\"gb-grid-column gb-grid-column-b3e310c4\"><div class=\"gb-container gb-container-b3e310c4\"><div class=\"gb-inside-container\"><\/div><\/div><\/div>\n\n<div class=\"gb-grid-column gb-grid-column-2fc51738\"><div class=\"gb-container gb-container-2fc51738 header-margin-bottom-parent\"><div class=\"gb-inside-container\">\n<div class=\"gb-container gb-container-2df7f4a7\"><div class=\"gb-inside-container\">\n\n<h2 class=\"header-underline-red wp-block-heading\"><strong><mark style=\"background-color:rgba(0, 0, 0, 0)\" class=\"has-inline-color has-red-exp-color\">Registrazione IOSS<\/mark><\/strong><\/h2>\n\n<\/div><\/div>\n\n<div class=\"gb-container gb-container-53173bbc\"><div class=\"gb-inside-container\">\n<div class=\"gb-container gb-container-df027109\"><div class=\"gb-inside-container\">\n\n<p>Le societ\u00e0 dell&#8217;UE possono registrarsi presso IOSS tramite le rispettive autorit\u00e0 fiscali nazionali. A questo punto verr\u00e0 assegnato un numero IOSS, in modo che il debito IVA possa essere saldato direttamente tramite la piattaforma digitale.<\/p>\n\n<\/div><\/div>\n\n<div class=\"gb-container gb-container-9a8c0ceb\"><div class=\"gb-inside-container\">\n\n<p>Gli e-trader dell&#8217;UE si registrano nel loro Paese di residenza. I commercianti elettronici di Paesi terzi che vendono nell&#8217;UE possono scegliere il Paese in cui desiderano registrarsi. Tuttavia, \u00e8 necessario un rappresentante fiscale.<\/p>\n\n<\/div><\/div>\n\n<div class=\"gb-container gb-container-0778ffd9\"><div class=\"gb-inside-container\">\n\n<p>Per la registrazione dei Paesi non appartenenti all&#8217;UE, ad esempio la Svizzera, \u00e8 necessario un rappresentante fiscale. \u00c8 possibile trovare una societ\u00e0 fiduciaria situata in uno Stato dell&#8217;UE, che registrer\u00e0 l&#8217;operatore svizzero sul portale IOSS dell&#8217;UE e si occuper\u00e0 della fatturazione mensile dell&#8217;IVA UE per la societ\u00e0.<\/p>\n\n<\/div><\/div>\n<\/div><\/div>\n\n<div class=\"gb-container gb-container-d6dfc286\"><div class=\"gb-inside-container\">\n\n<h2 class=\"header-underline-red delivery-delay wp-block-heading\"><strong><strong>Il numero IOSS<\/strong><\/strong><\/h2>\n\n<\/div><\/div>\n\n<div class=\"gb-container gb-container-c769292f\"><div class=\"gb-inside-container\">\n<div class=\"gb-container gb-container-3dbc6945\"><div class=\"gb-inside-container\">\n\n<p>I commercianti online ottengono un numero IOSS, noto anche come IOSS ID, quando registrano la loro societ\u00e0 presso l&#8217;autorit\u00e0 fiscale competente. Il numero IOSS \u00e8 unico e rilevante per le autorit\u00e0 doganali, che hanno accesso a un database europeo di tutti gli ID IOSS validi.<\/p>\n\n<\/div><\/div>\n\n<div class=\"gb-container gb-container-1b324dbc\"><div class=\"gb-inside-container\">\n\n<p>La spedizione \u00e8 esente da IVA all&#8217;importazione se l&#8217;ID IOSS obbligatorio e tutte le altre informazioni pertinenti sono fornite come parte della dichiarazione doganale.<\/p>\n\n<\/div><\/div>\n\n<div class=\"gb-container gb-container-041eb1a1\"><div class=\"gb-inside-container\">\n\n<p>Garantire il trattamento riservato dell&#8217;ID IOSS!<\/p>\n\n<\/div><\/div>\n<\/div><\/div>\n\n<div class=\"gb-container gb-container-3ddff145\"><div class=\"gb-inside-container\">\n<div class=\"gb-container gb-container-f8e550d6 holidays-of-countries\"><div class=\"gb-inside-container\">\n<div class=\"gb-container gb-container-eef283e4\"><div class=\"gb-inside-container\">\n\n<h2 class=\"header-underline-white wp-block-heading\"><strong><mark style=\"background-color:rgba(0, 0, 0, 0)\" class=\"has-inline-color has-red-exp-color\">Cosa contiene una dichiarazione IOSS?<\/mark><\/strong><\/h2>\n\n<\/div><\/div>\n\n<div class=\"gb-container gb-container-fb43e401\"><div class=\"gb-inside-container\">\n<div class=\"gb-grid-wrapper gb-grid-wrapper-7b12cbc0\">\n<div class=\"gb-grid-column gb-grid-column-682b5c6e\"><div class=\"gb-container gb-container-682b5c6e ul-red-dots\"><div class=\"gb-inside-container\">\n\n<ol class=\"wp-block-list\">\n<li>Paese di consumo<\/li>\n\n\n\n<li>Tipo di IVA<\/li>\n\n\n\n<li>Aliquota IVA applicata (nel paese di destinazione)<\/li>\n\n\n\n<li>Importo netto<\/li>\n\n\n\n<li>Importo totale dell&#8217;IVA<\/li>\n<\/ol>\n\n<\/div><\/div><\/div>\n<\/div>\n<\/div><\/div>\n<\/div><\/div>\n\n<div class=\"gb-container gb-container-ae6e7327\"><div class=\"gb-inside-container\">\n<div class=\"gb-container gb-container-571af6f9\"><div class=\"gb-inside-container\">\n\n<h2 class=\"header-underline-red delivery-delay wp-block-heading\"><strong><strong>Passo dopo passo per i venditori online<\/strong><\/strong><\/h2>\n\n<\/div><\/div>\n\n<div class=\"gb-container gb-container-b7f28427\"><div class=\"gb-inside-container\">\n\n<p>Fornire tutte le informazioni necessarie per lo sdoganamento, compreso il numero di identificazione IVA IOSS. Indicare l&#8217;importo dell&#8217;IVA che l&#8217;acquirente deve pagare nell&#8217;UE e riscuotere l&#8217;IVA dall&#8217;acquirente. Inoltre, assicuratevi di non superare la soglia di 150 euro. Se possibile, includere nella fattura il prezzo pagato dall&#8217;acquirente in euro. Inoltre, presentare una dichiarazione IVA elettronica mensile tramite il portale IOSS dello Stato membro in cui si \u00e8 registrati. Assicuratevi di presentare ogni mese il pagamento dell&#8217;IVA al Paese in cui siete registrati. Infine, conservate tutti i registri delle vendite IOSS e\/o delle vendite di intermediazione per un periodo di 10 anni.<\/p>\n\n<\/div><\/div>\n<\/div><\/div>\n\n<div class=\"gb-container gb-container-a228b821\"><div class=\"gb-inside-container\">\n<div class=\"gb-container gb-container-600d3c8d\"><div class=\"gb-inside-container\">\n\n<h2 class=\"header-underline-red delivery-delay wp-block-heading\"><strong><strong>Quando l&#8217;IVA non viene versata tramite IOSS?<\/strong><\/strong><\/h2>\n\n<\/div><\/div>\n\n<div class=\"gb-container gb-container-cb1889ef\"><div class=\"gb-inside-container\">\n\n<p>Il sistema IOSS pu\u00f2 essere utilizzato solo per prodotti il cui valore intrinseco (valore del bene) non supera i 150 euro. Inoltre, l&#8217;IVA non pu\u00f2 essere addebitata quando pi\u00f9 beni sono venduti allo stesso acquirente e questi beni sono inviati in un pacco di valore superiore a 150 euro. In questi casi, si applica il vecchio regolamento e le merci sono tassate quando vengono importate nello Stato membro dell&#8217;UE. Spesso l&#8217;azienda di trasporto deve sostenere costi aggiuntivi per lo sdoganamento.<\/p>\n\n<\/div><\/div>\n\n<div class=\"gb-container gb-container-f5aa937d\"><div class=\"gb-inside-container\">\n\n<p>Inoltre, per le vendite a distanza di beni attraverso un&#8217;interfaccia elettronica come un marketplace o una piattaforma. In questo caso, l&#8217;IVA non deve essere pagata con IOSS, poich\u00e9 l&#8217;interfaccia elettronica \u00e8 responsabile dell&#8217;IVA dovuta.<\/p>\n\n<\/div><\/div>\n<\/div><\/div>\n\n<div class=\"gb-container gb-container-86e59ded\"><div class=\"gb-inside-container\">\n<div class=\"gb-container gb-container-f07b5d66\"><div class=\"gb-inside-container\">\n\n<h2 class=\"header-underline-red delivery-delay wp-block-heading\"><strong><strong>IOSS \u00e8 obbligatorio?<\/strong><\/strong><\/h2>\n\n<\/div><\/div>\n\n<div class=\"gb-container gb-container-a7bee60f\"><div class=\"gb-inside-container\">\n\n<p>Lo sportello unico per l&#8217;importazione non \u00e8 obbligatorio per le imprese, ma semplicemente abbrevia il processo. Se decidete di non utilizzare IOSS, il fornitore locale di servizi di consegna dei pacchi richieder\u00e0 al cliente l&#8217;IVA dovuta prima di consegnare la merce. Ci\u00f2 pu\u00f2 comportare costi aggiuntivi, come le spese di gestione o di elaborazione.<\/p>\n\n<\/div><\/div>\n<\/div><\/div>\n<\/div><\/div>\n\n<div class=\"gb-container gb-container-a1bca49c\"><div class=\"gb-inside-container\">\n<div class=\"gb-container gb-container-7db47903\"><div class=\"gb-inside-container\">\n\n<h2 class=\"header-underline-white wp-block-heading\"><strong>Deve essere preso in considerazione per IOSS:<\/strong><\/h2>\n\n<\/div><\/div>\n\n<div class=\"gb-container gb-container-406c93fc\"><div class=\"gb-inside-container\">\n\n<ul class=\"wp-block-list\">\n<li>  Valore incorporato di max. 150 EURO (valore intrinseco = valore dell&#8217;immobile)<\/li>\n\n\n\n<li>  La registrazione avviene in un paese dell&#8217;UE<\/li>\n\n\n\n<li>  Il numero IOSS deve essere rilasciato prima di poterlo utilizzare.<\/li>\n\n\n\n<li>  Le dichiarazioni IOSS devono essere presentate e pagate mensilmente.<\/li>\n\n\n\n<li>  Non pu\u00f2 essere utilizzato per prodotti soggetti ad accise (come alcolici o tabacco).<\/li>\n\n\n\n<li>  L&#8217;IVA da prendere in considerazione \u00e8 quella del paese di destinazione.<\/li>\n<\/ul>\n\n<\/div><\/div>\n<\/div><\/div>\n\n<div class=\"gb-container gb-container-51af6782\"><div class=\"gb-inside-container\">\n\n<p><strong><a href=\"https:\/\/www.youtube.com\/watch?v=XEybccPODS0\" target=\"_blank\" rel=\"noreferrer noopener\">Video riassuntivo<\/a> di <a href=\"https:\/\/www.youtube.com\/watch?v=XEybccPODS0\" target=\"_blank\" rel=\"noreferrer noopener\">5 minuti di<\/a> Taxdoo: &#8220;Numero IOSS, registrazione IOSS, sistema IOSS: i fatti pi\u00f9 importanti sull&#8217;Import One Stop Shop&#8221; (in inglese)<\/strong><\/p>\n\n\n<div class=\"gb-container gb-container-906fb437\"><div class=\"gb-inside-container\">\n\n<p>Se avete domande sul numero IOSS o sulla registrazione, non esitate a <a href=\"https:\/\/www.expedismart.ch\/pages\/nous-contacter\/\" target=\"_blank\" rel=\"noreferrer noopener\">contattarci<\/a>.<\/p>\n\n<\/div><\/div>\n\n<div class=\"gb-container gb-container-bd8d94a6\"><div class=\"gb-inside-container\">\n\n<p><strong>Per scoprire cosa \u00e8 cambiato da OSS a IOSS, <a href=\"https:\/\/ec.europa.eu\/taxation_customs\/ioss_fr\" target=\"_blank\" rel=\"noreferrer noopener\">visitate il sito della Commissione europea<\/a>.<\/strong><\/p>\n\n<\/div><\/div>\n<\/div><\/div>\n<\/div><\/div><\/div>\n\n<div class=\"gb-grid-column gb-grid-column-51b8048d\"><div class=\"gb-container gb-container-51b8048d\"><div class=\"gb-inside-container\"><\/div><\/div><\/div>\n<\/div>\n<div class=\"wp-block-group alignfull margin-top:30px has-base-background-color has-background has-large-font-size\"><div class=\"wp-block-group__inner-container is-layout-flow wp-block-group-is-layout-flow\"><div class=\"gb-button-wrapper gb-button-wrapper-385aab1f\">\n\n<a class=\"gb-button gb-button-a9cc083f gb-button-text special_red_button_gp\" href=\"\/en\/discover-our-rates\/\" target=\"_blank\" rel=\"noopener noreferrer\" id=\"compare-prices-3\"><strong>Controllare l&#8217;IVA del paese<\/strong><\/a>\n\n<\/div><\/div><\/div>\n","protected":false},"excerpt":{"rendered":"<p>Qual \u00e8 lo scopo di IOSS in Svizzera?<\/p>\n","protected":false},"author":2,"featured_media":0,"parent":7224,"menu_order":0,"comment_status":"closed","ping_status":"closed","template":"","meta":{"_seopress_robots_primary_cat":"","_seopress_titles_title":"Che cos'\u00e8 IOSS?","_seopress_titles_desc":"2 minuti per imparare tutto su IOSS e sulle sue implicazioni per la vostra attivit\u00e0 in Svizzera.  ","_seopress_robots_index":"","inline_featured_image":false,"footnotes":""},"class_list":["post-7298","page","type-page","status-publish"],"_links":{"self":[{"href":"https:\/\/www.expedismart.ch\/pages\/it\/wp-json\/wp\/v2\/pages\/7298","targetHints":{"allow":["GET"]}}],"collection":[{"href":"https:\/\/www.expedismart.ch\/pages\/it\/wp-json\/wp\/v2\/pages"}],"about":[{"href":"https:\/\/www.expedismart.ch\/pages\/it\/wp-json\/wp\/v2\/types\/page"}],"author":[{"embeddable":true,"href":"https:\/\/www.expedismart.ch\/pages\/it\/wp-json\/wp\/v2\/users\/2"}],"replies":[{"embeddable":true,"href":"https:\/\/www.expedismart.ch\/pages\/it\/wp-json\/wp\/v2\/comments?post=7298"}],"version-history":[{"count":1,"href":"https:\/\/www.expedismart.ch\/pages\/it\/wp-json\/wp\/v2\/pages\/7298\/revisions"}],"predecessor-version":[{"id":7299,"href":"https:\/\/www.expedismart.ch\/pages\/it\/wp-json\/wp\/v2\/pages\/7298\/revisions\/7299"}],"up":[{"embeddable":true,"href":"https:\/\/www.expedismart.ch\/pages\/it\/wp-json\/wp\/v2\/pages\/7224"}],"wp:attachment":[{"href":"https:\/\/www.expedismart.ch\/pages\/it\/wp-json\/wp\/v2\/media?parent=7298"}],"curies":[{"name":"wp","href":"https:\/\/api.w.org\/{rel}","templated":true}]}}