{"id":7256,"date":"2023-01-22T17:49:27","date_gmt":"2023-01-22T17:49:27","guid":{"rendered":"https:\/\/www.expedismart.ch\/pages\/informazioni-pratiche\/documentazione-tecnica\/fattura-proforma\/"},"modified":"2023-03-28T15:04:28","modified_gmt":"2023-03-28T15:04:28","slug":"fattura-proforma","status":"publish","type":"page","link":"https:\/\/www.expedismart.ch\/pages\/it\/informazioni-pratiche\/documentazione-tecnica\/fattura-proforma\/","title":{"rendered":"Fattura proforma"},"content":{"rendered":"\n<h1 class=\"gb-headline gb-headline-e4f7b0a9 gb-headline-text\">Come fare una fattura proforma?<\/h1>\n<div class=\"gb-container gb-container-4ca4c369\"><div class=\"gb-inside-container\">\n\n<figure class=\"wp-block-image alignfull size-large is-style-default\"><img decoding=\"async\" width=\"1024\" height=\"227\" src=\"https:\/\/www.expedismart.ch\/pages\/wp-content\/uploads\/2023\/01\/calc_invoice-1024x227.webp\" alt=\"Come compilare una fattura proforma per la dogana svizzera\" class=\"wp-image-5391\" srcset=\"https:\/\/www.expedismart.ch\/pages\/wp-content\/uploads\/2023\/01\/calc_invoice-1024x227.webp 1024w, https:\/\/www.expedismart.ch\/pages\/wp-content\/uploads\/2023\/01\/calc_invoice-300x67.webp 300w, https:\/\/www.expedismart.ch\/pages\/wp-content\/uploads\/2023\/01\/calc_invoice-768x170.webp 768w, https:\/\/www.expedismart.ch\/pages\/wp-content\/uploads\/2023\/01\/calc_invoice-1536x341.webp 1536w, https:\/\/www.expedismart.ch\/pages\/wp-content\/uploads\/2023\/01\/calc_invoice.webp 1920w\" sizes=\"(max-width: 1024px) 100vw, 1024px\" \/><\/figure>\n<\/div><\/div><div class=\"gb-grid-wrapper gb-grid-wrapper-9335b011\">\n<div class=\"gb-grid-column gb-grid-column-124dd388\"><div class=\"gb-container gb-container-124dd388\"><div class=\"gb-inside-container\"><\/div><\/div><\/div>\n\n<div class=\"gb-grid-column gb-grid-column-b401532d\"><div class=\"gb-container gb-container-b401532d\"><div class=\"gb-inside-container\"><\/div><\/div><\/div>\n\n<div class=\"gb-grid-column gb-grid-column-f718cc8e\"><div class=\"gb-container gb-container-f718cc8e\"><div class=\"gb-inside-container\"><\/div><\/div><\/div>\n<\/div><div class=\"gb-grid-wrapper gb-grid-wrapper-7139b796\">\n<div class=\"gb-grid-column gb-grid-column-f16ee891\"><div class=\"gb-container gb-container-f16ee891\"><div class=\"gb-inside-container\"><\/div><\/div><\/div>\n\n<div class=\"gb-grid-column gb-grid-column-fa585d50\"><div class=\"gb-container gb-container-fa585d50\"><div class=\"gb-inside-container\">\n\n<p>Seguendo le istruzioni contenute in questo articolo, saprete a cosa serve una fattura proforma, quali informazioni dovete inserirvi e quando dovete allegare una fattura proforma alla vostra spedizione. Una fattura proforma correttamente compilata limita i blocchi doganali e vi risparmia anche eventuali oneri doganali. Infine, qual \u00e8 la differenza tra una fattura proforma e una fattura commerciale?<\/p>\n\n<\/div><\/div><\/div>\n\n<div class=\"gb-grid-column gb-grid-column-e373b842\"><div class=\"gb-container gb-container-e373b842\"><div class=\"gb-inside-container\"><\/div><\/div><\/div>\n<\/div>\n<div class=\"wp-block-group alignfull margin-top:30px button_link_exp has-base-background-color has-background has-medium-font-size\"><div class=\"wp-block-group__inner-container is-layout-flow wp-block-group-is-layout-flow\"><div class=\"gb-button-wrapper gb-button-wrapper-289f742d\">\n\n<a class=\"gb-button gb-button-c9f14dcb gb-button-text special_red_button_gp\" href=\"\/\" target=\"_blank\" rel=\"noopener noreferrer\" id=\"compare-prices-1\"><strong>Confronta i prezzi dei trasportatori<\/strong><\/a>\n\n<\/div><\/div><\/div>\n<div class=\"gb-grid-wrapper gb-grid-wrapper-eb6a6c34\">\n<div class=\"gb-grid-column gb-grid-column-dc3bd0f4\"><div class=\"gb-container gb-container-dc3bd0f4\"><div class=\"gb-inside-container\"><\/div><\/div><\/div>\n\n<div class=\"gb-grid-column gb-grid-column-cc9e5cc3\"><div class=\"gb-container gb-container-cc9e5cc3\"><div class=\"gb-inside-container\">\n<div class=\"gb-container gb-container-82e4b234\"><div class=\"gb-inside-container\">\n\n<h2 class=\"header-underline-red wp-block-heading\"><strong>Fattura proforma vs. fattura commerciale,<br\/><mark style=\"background-color:rgba(0, 0, 0, 0)\" class=\"has-inline-color has-red-exp-color\">ma cos&#8217;\u00e8 una fattura proforma?<\/mark><\/strong><\/h2>\n\n<\/div><\/div>\n\n<div class=\"gb-container gb-container-3714b5f7\"><div class=\"gb-inside-container\">\n\n<p>Come suggerisce il nome, la fattura proforma \u00e8 una fattura per modulo. Ci\u00f2 significa che, a differenza della fattura commerciale, la fattura proforma non ha valore commerciale e non \u00e8 soggetta a pagamento. Non sar\u00e0 contabilizzato.<\/p>\n\n<\/div><\/div>\n\n<div class=\"gb-container gb-container-134f7daa\"><div class=\"gb-inside-container\">\n\n<p>Quando si vendono merci per l&#8217;esportazione, si emette una fattura commerciale. Conterr\u00e0 le stesse informazioni della fattura proforma, ma dovr\u00e0 essere pagata dal destinatario e sar\u00e0 registrata nella vostra contabilit\u00e0.<\/p>\n\n<\/div><\/div>\n\n<div class=\"gb-container gb-container-fa6fc948\"><div class=\"gb-inside-container\">\n\n<p>Tuttavia, se si restituisce la merce al fornitore o si invia un campione che non si desidera fatturare, \u00e8 necessario allegare una fattura proforma.<\/p>\n\n<\/div><\/div>\n\n<div class=\"gb-container gb-container-cbba0fb3\"><div class=\"gb-inside-container\">\n\n<p><strong>Se alla spedizione viene allegata una fattura commerciale, non \u00e8 necessario allegare una fattura proforma.<\/strong><\/p>\n\n<\/div><\/div>\n<\/div><\/div><\/div>\n\n<div class=\"gb-grid-column gb-grid-column-d4e39d2d\"><div class=\"gb-container gb-container-d4e39d2d\"><div class=\"gb-inside-container\"><\/div><\/div><\/div>\n<\/div><div class=\"gb-grid-wrapper gb-grid-wrapper-b28747bd\">\n<div class=\"gb-grid-column gb-grid-column-78d3f07a\"><div class=\"gb-container gb-container-78d3f07a\"><div class=\"gb-inside-container\"><\/div><\/div><\/div>\n\n<div class=\"gb-grid-column gb-grid-column-ed542513\"><div class=\"gb-container gb-container-ed542513\"><div class=\"gb-inside-container\">\n<div class=\"gb-grid-wrapper gb-grid-wrapper-45d58127 grid-gap\">\n<div class=\"gb-grid-column gb-grid-column-ada8d777\"><div class=\"gb-container gb-container-ada8d777 commercial-invoice ul-red-dots\"><div class=\"gb-inside-container\">\n<div class=\"gb-container gb-container-a88c0644\"><div class=\"gb-inside-container\">\n\n<h3 class=\"header-underline-white wp-block-heading\"><strong>Lo scopo della fattura proforma<\/strong><\/h3>\n\n<\/div><\/div>\n\n\n<ul class=\"wp-block-list\">\n<li>Per le spedizioni internazionali, la dogana deve conoscere la descrizione della merce (il contenuto della spedizione), la quantit\u00e0, il peso, l&#8217;<a rel=\"noreferrer noopener\" href=\"https:\/\/www.expedismart.ch\/pages\/infos-pratiques\/douane\/eur1\/\" target=\"_blank\">origine del prodotto<\/a>, il prezzo, l&#8217;indirizzo del mittente e quello del destinatario.<\/li>\n\n\n\n<li>\u00c8 proprio sulla fattura proforma che i servizi doganali troveranno tutte queste informazioni. Sulla base di queste informazioni, le autorit\u00e0 doganali stabiliranno il dazio doganale sulla vostra spedizione.<\/li>\n\n\n\n<li>Ogni volta che un bene deve passare attraverso la dogana, \u00e8 necessario attribuirgli un valore affinch\u00e9 la dogana possa applicare le imposte a cui \u00e8 soggetto.<\/li>\n\n\n\n<li><strong>Importante:<\/strong> Come per la fattura commerciale, la fattura proforma deve essere redatta nella <strong>lingua del paese di destinazione o in inglese<\/strong>. Fattura proforma.<\/li>\n<\/ul>\n\n<\/div><\/div><\/div>\n<\/div>\n<\/div><\/div><\/div>\n\n<div class=\"gb-grid-column gb-grid-column-a1c9fb29\"><div class=\"gb-container gb-container-a1c9fb29\"><div class=\"gb-inside-container\"><\/div><\/div><\/div>\n<\/div>\n<div class=\"wp-block-group alignfull margin-top:30px has-base-background-color has-background has-medium-font-size\"><div class=\"wp-block-group__inner-container is-layout-flow wp-block-group-is-layout-flow\"><div class=\"gb-button-wrapper gb-button-wrapper-e1aeeb32\">\n\n<a class=\"gb-button gb-button-9118eb2e gb-button-text special_red_button_gp\" href=\"\/\" target=\"_blank\" rel=\"noopener noreferrer\" id=\"compare-prices-2\"><strong>Fare un preventivo per una spedizione<\/strong><\/a>\n\n<\/div><\/div><\/div>\n<div class=\"gb-grid-wrapper gb-grid-wrapper-61a5a940 red-line-overflow\">\n<div class=\"gb-grid-column gb-grid-column-b3e310c4\"><div class=\"gb-container gb-container-b3e310c4\"><div class=\"gb-inside-container\"><\/div><\/div><\/div>\n\n<div class=\"gb-grid-column gb-grid-column-2fc51738\"><div class=\"gb-container gb-container-2fc51738 header-margin-bottom-parent\"><div class=\"gb-inside-container\">\n<div class=\"gb-container gb-container-2df7f4a7\"><div class=\"gb-inside-container\">\n\n<h2 class=\"header-underline-red wp-block-heading\"><strong>Cosa deve contenere una fattura proforma?<\/strong><\/h2>\n\n<\/div><\/div>\n\n<div class=\"gb-container gb-container-53173bbc\"><div class=\"gb-inside-container\">\n<div class=\"gb-container gb-container-df027109\"><div class=\"gb-inside-container\">\n\n<p>Ad eccezione di alcune informazioni come le coordinate bancarie o il periodo di pagamento, il contenuto della fattura proforma sar\u00e0 molto simile a quello della fattura commerciale.<\/p>\n\n<\/div><\/div>\n<\/div><\/div>\n\n<div class=\"gb-container gb-container-3ddff145\"><div class=\"gb-inside-container\">\n<div class=\"gb-container gb-container-7816fc64\"><div class=\"gb-inside-container\">\n<div class=\"gb-container gb-container-a9c937ca\"><div class=\"gb-inside-container\">\n\n<h2 class=\"header-underline-white wp-block-heading\"><strong>Informazioni da includere nella fattura proforma:<\/strong><\/h2>\n\n<\/div><\/div>\n\n<div class=\"gb-container gb-container-4c990c48\"><div class=\"gb-inside-container\">\n\n<ul class=\"wp-block-list\">\n<li>  La dicitura &#8220;Fattura proforma&#8221; con un numero di fattura proforma.<\/li>\n\n\n\n<li>  La data di emissione.<\/li>\n\n\n\n<li>  Nome, indirizzo e dati di contatto del mittente.<\/li>\n\n\n\n<li>  Nome, indirizzo, dati di contatto e numero di partita IVA (o EORI nell&#8217;Unione Europea) del destinatario.<\/li>\n\n\n\n<li>  Incoterms scelti per la spedizione <a href=\"https:\/\/www.expedismart.ch\/pages\/infos-pratiques\/douane\/quest-ce-que-les-incoterms\/\" target=\"_blank\" rel=\"noreferrer noopener\">(Expedismart.ch propone DAP o DDP)<\/a>.<\/li>\n\n\n\n<li>  Motivo dell&#8217;invio: restituzione della merce, effetti personali, regalo, vendita, campione.<\/li>\n\n\n\n<li>  Descrizione dettagliata del contenuto della vostra spedizione (se conoscete il codice HS, specificatelo).<\/li>\n\n\n\n<li>  Quantit\u00e0, peso, prezzo unitario e prezzo totale. In caso di esportazione, il prezzo \u00e8 sempre al netto delle imposte <a href=\"https:\/\/www.expedismart.ch\/pages\/infos-pratiques\/documentation-technique\/tva-a-lexport\/\" target=\"_blank\" rel=\"noreferrer noopener\">(senza IVA)<\/a>.<\/li>\n\n\n\n<li>  Valore totale della spedizione.<\/li>\n\n\n\n<li>  La valuta utilizzata.<\/li>\n\n\n\n<li>  Il Paese <a href=\"https:\/\/www.expedismart.ch\/pages\/infos-pratiques\/douane\/eur1\/\" target=\"_blank\" rel=\"noreferrer noopener\">di origine della merce<\/a>. Si tratta del Paese di produzione della merce e pu\u00f2 essere diverso dal Paese di spedizione. *<\/li>\n\n\n\n<li>  Firma.<\/li>\n<\/ul>\n\n<\/div><\/div>\n\n<div class=\"gb-container gb-container-4e8d0915\"><div class=\"gb-inside-container\">\n\n<p>*Normalmente \u00e8 necessario allegare un certificato di origine rilasciato dalla propria camera di commercio. Tuttavia, la Svizzera ha concluso accordi internazionali che consentono di semplificare la dichiarazione di origine, indicando semplicemente l&#8217;origine del prodotto in fondo alla fattura con la seguente frase standard<\/p>\n\n<\/div><\/div>\n<\/div><\/div>\n\n<div class=\"gb-container gb-container-760a1b45\"><div class=\"gb-inside-container\">\n\n<p><em>&#8220;L&#8217;esportatore dei prodotti oggetto del presente documento dichiara che, salvo diversa e chiara indicazione, tali prodotti sono di <strong>&#8220;(INSERIRE PAESE DI ORIGINE)&#8221;<\/strong> origine preferenziale&#8221;.<\/em><\/p>\n\n<\/div><\/div>\n\n<div class=\"gb-container gb-container-42ac8adb\"><div class=\"gb-inside-container\">\n\n<p>Le regole sono diverse per ogni Paese, ma nel 90% dei casi questa indicazione \u00e8 sufficiente quando il valore della spedizione \u00e8 inferiore a 6&#8217;000 euro (al tasso giornaliero del franco svizzero). Se volete saperne di pi\u00f9 sulla dichiarazione di origine dei prodotti, potete consultare la nostra sezione dedicata a questo argomento. <a href=\"https:\/\/www.expedismart.ch\/pages\/infos-pratiques\/douane\/eur1\/\" target=\"_blank\" rel=\"noreferrer noopener\">Origine dei prodotti<\/a>.<\/p>\n\n<\/div><\/div>\n<\/div><\/div>\n\n<div class=\"gb-container gb-container-285596a9\"><div class=\"gb-inside-container\">\n\n<h3 class=\"header-underline-red wp-block-heading\"><strong>Non ho una fattura proforma&#8230;<\/strong><\/h3>\n\n<\/div><\/div>\n\n<div class=\"gb-container gb-container-51af6782\"><div class=\"gb-inside-container\">\n\n<p>Non esitate a scaricare il nostro modello di fattura proforma in word (in arrivo)<\/p>\n\n<\/div><\/div>\n\n<div class=\"gb-container gb-container-383a739c\"><div class=\"gb-inside-container\">\n\n<h2 class=\"header-underline-red wp-block-heading\"><strong>Devo allegare una fattura proforma quando invio un regalo o degli effetti personali?<\/strong><\/h2>\n\n<\/div><\/div>\n\n<div class=\"gb-container gb-container-5bc011b0\"><div class=\"gb-inside-container\">\n\n<p><strong>S\u00ec, purtroppo anche se state inviando effetti personali usati o un regalo a vostro nipote negli Stati Uniti o in Francia, dovrete allegare alla spedizione una fattura proforma<\/strong>. Che si tratti di un regalo o di effetti personali, il destinatario dovr\u00e0 pagare i dazi doganali. Si tratta principalmente dell&#8217;<a href=\"https:\/\/www.expedismart.ch\/pages\/infos-pratiques\/documentation-technique\/tva-a-lexport\/\" target=\"_blank\" rel=\"noreferrer noopener\">IVA<\/a> applicabile nel Paese di destinazione.<\/p>\n\n<\/div><\/div>\n\n<div class=\"gb-container gb-container-c59fab16\"><div class=\"gb-inside-container\">\n\n<p>Poich\u00e9 \u00e8 sempre spiacevole per il destinatario di un regalo ricevere una fattura dalla dogana, avete la possibilit\u00e0 di pagare le tasse doganali del paese di destinazione. A tal fine, \u00e8 necessario inoltrare una richiesta a<a href=\"https:\/\/www.expedismart.ch\/pages\/nous-contacter\/\" target=\"_blank\" rel=\"noreferrer noopener\">Expedismart.<\/a> ch in modo che possiamo darvi la possibilit\u00e0 di effettuare una prenotazione e pagare le spese doganali. Questi saranno nuovamente fatturati al cliente, una volta che il corriere li avr\u00e0 inviati a noi.<\/p>\n\n<\/div><\/div>\n\n<div class=\"gb-container gb-container-4eaca737\"><div class=\"gb-inside-container\">\n\n<p><strong>Importante:<\/strong> Se decidete di pagare voi stessi le tasse doganali, non potrete chiederne il rimborso nella vostra dichiarazione IVA.<\/p>\n\n<\/div><\/div>\n\n<div class=\"gb-container gb-container-bcfa7fc2\"><div class=\"gb-inside-container\">\n\n<p>Quando si effettua un trasloco, \u00e8 possibile evitare alcune spese doganali fornendo alcune informazioni alla dogana del paese di destinazione. Molto spesso vi chiedono di dimostrare che vi state trasferendo in modo permanente. Questi documenti variano a seconda del Paese di espulsione. Si consiglia pertanto di contattare direttamente il servizio doganale del Paese di destinazione.<\/p>\n\n<\/div><\/div>\n\n<div class=\"gb-container gb-container-142e5126\"><div class=\"gb-inside-container\">\n\n<p><strong>!!! Se allegate una fattura commerciale alla vostra spedizione, non dovete allegare una fattura proforma!<\/strong><\/p>\n\n<\/div><\/div>\n<\/div><\/div><\/div>\n\n<div class=\"gb-grid-column gb-grid-column-51b8048d\"><div class=\"gb-container gb-container-51b8048d\"><div class=\"gb-inside-container\"><\/div><\/div><\/div>\n<\/div>\n<div class=\"wp-block-group alignfull margin-top:30px has-base-background-color has-background has-medium-font-size\"><div class=\"wp-block-group__inner-container is-layout-flow wp-block-group-is-layout-flow\"><div class=\"gb-button-wrapper gb-button-wrapper-385aab1f\">\n\n<a class=\"gb-button gb-button-a9cc083f gb-button-text special_red_button_gp\" href=\"\/\" target=\"_blank\" rel=\"noopener noreferrer\" id=\"compare-prices-3\"><strong>Fare un preventivo per una spedizione<\/strong><\/a>\n\n<\/div><\/div><\/div>\n","protected":false},"excerpt":{"rendered":"<p>Come fare una fattura proforma?<\/p>\n","protected":false},"author":2,"featured_media":0,"parent":7228,"menu_order":0,"comment_status":"closed","ping_status":"closed","template":"","meta":{"_seopress_robots_primary_cat":"","_seopress_titles_title":"Come fare una fattura proforma","_seopress_titles_desc":"2 minuti per capire cosa deve contenere una fattura proforma per garantire che le vostre merci passino la dogana senza problemi.","_seopress_robots_index":"","inline_featured_image":false,"footnotes":""},"class_list":["post-7256","page","type-page","status-publish"],"_links":{"self":[{"href":"https:\/\/www.expedismart.ch\/pages\/it\/wp-json\/wp\/v2\/pages\/7256","targetHints":{"allow":["GET"]}}],"collection":[{"href":"https:\/\/www.expedismart.ch\/pages\/it\/wp-json\/wp\/v2\/pages"}],"about":[{"href":"https:\/\/www.expedismart.ch\/pages\/it\/wp-json\/wp\/v2\/types\/page"}],"author":[{"embeddable":true,"href":"https:\/\/www.expedismart.ch\/pages\/it\/wp-json\/wp\/v2\/users\/2"}],"replies":[{"embeddable":true,"href":"https:\/\/www.expedismart.ch\/pages\/it\/wp-json\/wp\/v2\/comments?post=7256"}],"version-history":[{"count":1,"href":"https:\/\/www.expedismart.ch\/pages\/it\/wp-json\/wp\/v2\/pages\/7256\/revisions"}],"predecessor-version":[{"id":7257,"href":"https:\/\/www.expedismart.ch\/pages\/it\/wp-json\/wp\/v2\/pages\/7256\/revisions\/7257"}],"up":[{"embeddable":true,"href":"https:\/\/www.expedismart.ch\/pages\/it\/wp-json\/wp\/v2\/pages\/7228"}],"wp:attachment":[{"href":"https:\/\/www.expedismart.ch\/pages\/it\/wp-json\/wp\/v2\/media?parent=7256"}],"curies":[{"name":"wp","href":"https:\/\/api.w.org\/{rel}","templated":true}]}}