{"id":5511,"date":"2023-01-23T18:38:21","date_gmt":"2023-01-23T18:38:21","guid":{"rendered":"https:\/\/www.expedismart.ch\/pages\/?page_id=5511"},"modified":"2023-01-23T18:59:16","modified_gmt":"2023-01-23T18:59:16","slug":"zollblockade-1","status":"publish","type":"page","link":"https:\/\/www.expedismart.ch\/pages\/de\/praktische-infos\/zoll\/zollblockade-1\/","title":{"rendered":"Zollblockade 1"},"content":{"rendered":"\n<h1 class=\"gb-headline gb-headline-e4f7b0a9 gb-headline-text\">Weniger Zollblockaden bei der Versendung von pers\u00f6nlichen Effekten. Teil 1<\/h1>\n\n\n<div class=\"gb-container gb-container-4ca4c369\"><div class=\"gb-inside-container\">\n\n<figure class=\"wp-block-image alignfull size-large is-style-default\"><img decoding=\"async\" width=\"1024\" height=\"227\" src=\"https:\/\/www.expedismart.ch\/pages\/wp-content\/uploads\/2023\/01\/block_customs_Part_1-1024x227.webp\" alt=\"Weniger Zollblockaden bei der Versendung von pers\u00f6nlichen Effekten. Teil 1\" class=\"wp-image-5467\" srcset=\"https:\/\/www.expedismart.ch\/pages\/wp-content\/uploads\/2023\/01\/block_customs_Part_1-1024x227.webp 1024w, https:\/\/www.expedismart.ch\/pages\/wp-content\/uploads\/2023\/01\/block_customs_Part_1-300x67.webp 300w, https:\/\/www.expedismart.ch\/pages\/wp-content\/uploads\/2023\/01\/block_customs_Part_1-768x170.webp 768w, https:\/\/www.expedismart.ch\/pages\/wp-content\/uploads\/2023\/01\/block_customs_Part_1-1536x341.webp 1536w, https:\/\/www.expedismart.ch\/pages\/wp-content\/uploads\/2023\/01\/block_customs_Part_1.webp 1920w\" sizes=\"(max-width: 1024px) 100vw, 1024px\" \/><\/figure>\n\n<\/div><\/div>\n\n<div class=\"gb-grid-wrapper gb-grid-wrapper-9335b011\">\n<div class=\"gb-grid-column gb-grid-column-124dd388\"><div class=\"gb-container gb-container-124dd388\"><div class=\"gb-inside-container\"><\/div><\/div><\/div>\n\n<div class=\"gb-grid-column gb-grid-column-b401532d\"><div class=\"gb-container gb-container-b401532d\"><div class=\"gb-inside-container\">\n\n<h2 class=\"header-underline-red wp-block-heading\"><strong><strong>Paketversand ins Ausland:<\/strong><\/strong><br><strong>Wie kann das Risiko einer Zollblockade begrenzt werden?<\/strong><\/h2>\n\n<\/div><\/div><\/div>\n\n<div class=\"gb-grid-column gb-grid-column-f718cc8e\"><div class=\"gb-container gb-container-f718cc8e\"><div class=\"gb-inside-container\"><\/div><\/div><\/div>\n<\/div>\n\n<div class=\"gb-grid-wrapper gb-grid-wrapper-7139b796\">\n<div class=\"gb-grid-column gb-grid-column-f16ee891\"><div class=\"gb-container gb-container-f16ee891\"><div class=\"gb-inside-container\"><\/div><\/div><\/div>\n\n<div class=\"gb-grid-column gb-grid-column-fa585d50\"><div class=\"gb-container gb-container-fa585d50\"><div class=\"gb-inside-container\">\n\n<p>Wir starten hier unsere Reihe von Stationen, die es Ihnen erm\u00f6glichen, das Risiko einer Zollblockade so weit wie m\u00f6glich zu begrenzen (aber leider nicht auszuschlie\u00dfen). Viel Spa\u00df beim Lesen. <\/p>\n\n<\/div><\/div><\/div>\n\n<div class=\"gb-grid-column gb-grid-column-e373b842\"><div class=\"gb-container gb-container-e373b842\"><div class=\"gb-inside-container\"><\/div><\/div><\/div>\n<\/div>\n\n\n<div class=\"wp-block-group alignfull margin-top:30px button_link_exp has-base-background-color has-background has-medium-font-size\"><div class=\"wp-block-group__inner-container is-layout-flow wp-block-group-is-layout-flow\"><div class=\"gb-button-wrapper gb-button-wrapper-289f742d\">\n\n<a class=\"gb-button gb-button-c9f14dcb gb-button-text special_red_button_gp\" href=\"\/de\/entdecken-sie-unsere-preise\/\" target=\"_blank\" rel=\"noopener noreferrer\" id=\"compare-prices-1\"><strong>Senden Sie Ihre Waren sicher mit Expedismart.<\/strong><\/a>\n\n<\/div><\/div><\/div>\n\n\n<div class=\"gb-grid-wrapper gb-grid-wrapper-eb6a6c34\">\n<div class=\"gb-grid-column gb-grid-column-dc3bd0f4\"><div class=\"gb-container gb-container-dc3bd0f4\"><div class=\"gb-inside-container\"><\/div><\/div><\/div>\n\n<div class=\"gb-grid-column gb-grid-column-cc9e5cc3\"><div class=\"gb-container gb-container-cc9e5cc3\"><div class=\"gb-inside-container\">\n<div class=\"gb-container gb-container-82e4b234\"><div class=\"gb-inside-container\">\n\n<h2 class=\"header-underline-red wp-block-heading\"><strong>Nehmen Sie sich die Zeit,<\/strong><br><strong><mark style=\"background-color:rgba(0, 0, 0, 0)\" class=\"has-inline-color has-red-exp-color\">die Liste der von den Spediteuren verbotenen Waren zu lesen.<\/mark><\/strong><\/h2>\n\n<\/div><\/div>\n\n\n<p>Spediteure wie DHL, FedEx, UPS, TNT oder Aramex haben alle eine Liste der Waren erstellt, die sie nicht transportieren wollen. Warum? Warum? Warum? Einfach weil einige gef\u00e4hrlich sind, weil sie w\u00e4hrend des Transports Sch\u00e4den verursachen k\u00f6nnen oder weil der Zoll ihre Einfuhr in bestimmte L\u00e4nder einschr\u00e4nkt oder verbietet.<\/p>\n\n\n<div class=\"gb-container gb-container-3714b5f7\"><div class=\"gb-inside-container\">\n\n<p>Nehmen wir ein einfaches Beispiel: In einigen L\u00e4ndern verbietet der Zoll die Einfuhr von Spirituosenprodukten ohne besondere Lizenz, akzeptiert aber den Versand einer Probe von einer oder zwei Flaschen. Diese Einschr\u00e4nkungen finden Sie auf Expedismart und auf den Websites von UPS, FedEx, TNT Carriern. <\/p>\n\n<\/div><\/div>\n\n<div class=\"gb-container gb-container-f8e550d6 holidays-of-countries commercial-invoice\"><div class=\"gb-inside-container\">\n<div class=\"gb-container gb-container-eef283e4\"><div class=\"gb-inside-container\">\n\n<h3 class=\"header-underline-white wp-block-heading\"><strong>Jedes Land hat seine eigenen Normen oder Besonderheiten, unabh\u00e4ngig von den versandten Produkten&#8230;&#8230;<\/strong><\/h3>\n\n<\/div><\/div>\n\n<div class=\"gb-container gb-container-fb43e401\"><div class=\"gb-inside-container\">\n<div class=\"gb-grid-wrapper gb-grid-wrapper-7b12cbc0\">\n<div class=\"gb-grid-column gb-grid-column-682b5c6e\"><div class=\"gb-container gb-container-682b5c6e ul-red-dots\"><div class=\"gb-inside-container\">\n\n<ul class=\"wp-block-list\">\n<li>USV-Bedingungen und -Einschr\u00e4nkungen: hier<\/li>\n\n\n\n<li>FedEx-Bedingungen und -Einschr\u00e4nkungen: hier<\/li>\n\n\n\n<li>TNT Bedingungen und Einschr\u00e4nkungen: hier<\/li>\n<\/ul>\n\n<\/div><\/div><\/div>\n<\/div>\n<\/div><\/div>\n<\/div><\/div>\n\n<div class=\"gb-container gb-container-0d1f482f\"><div class=\"gb-inside-container\">\n\n<p><strong>Weitere Informationen zu wissen. Die Zollabfertigung eines Pakets ist (zu unserem gro\u00dfen Bedauern) keine exakte Wissenschaft. Es kann vorkommen, dass Sie eine Ware einmal problemlos versenden, aber bei einer absolut identischen Sendung einen Monat sp\u00e4ter wird der Zoll das Paket aufbewahren und um zus\u00e4tzliche Informationen zur Zollabfertigung bitten.<\/strong><\/p>\n\n<\/div><\/div>\n\n<div class=\"gb-container gb-container-4259fdb2\"><div class=\"gb-inside-container\">\n\n<p>Zus\u00e4tzlich zu einer guten Kontrolle der Art der versendeten Ware und wenn Ihr Paket dringend ist, empfehlen wir Ihnen, Vorsichtsma\u00dfnahmen zu treffen und, wenn m\u00f6glich, ein oder zwei Tage Marge einzuplanen, um Ihre Reservierung vorzunehmen.<\/p>\n\n<\/div><\/div>\n\n<div class=\"gb-container gb-container-5ff0e7cd\"><div class=\"gb-inside-container\">\n\n<p>Im n\u00e4chsten Punkt werden wir auf einen entscheidenden Punkt eingehen, um das Risiko einer Zollblockade zu begrenzen, die Zollrechnung.<\/p>\n\n<\/div><\/div>\n\n<div class=\"gb-container gb-container-55c48e14\"><div class=\"gb-inside-container\">\n\n<p>Diese Rechnung muss in 3 Exemplaren unterschrieben und kopiert werden. Das sind 4 Rechnungen (einschlie\u00dflich des Originals).<\/p>\n\n<\/div><\/div>\n<\/div><\/div><\/div>\n\n<div class=\"gb-grid-column gb-grid-column-d4e39d2d\"><div class=\"gb-container gb-container-d4e39d2d\"><div class=\"gb-inside-container\"><\/div><\/div><\/div>\n<\/div>\n\n\n<div class=\"wp-block-group alignfull margin-top:30px has-base-background-color has-background has-medium-font-size\"><div class=\"wp-block-group__inner-container is-layout-flow wp-block-group-is-layout-flow\"><div class=\"gb-button-wrapper gb-button-wrapper-e1aeeb32\">\n\n<a class=\"gb-button gb-button-9118eb2e gb-button-text special_red_button_gp\" href=\"\/de\/entdecken-sie-unsere-preise\/\" target=\"_blank\" rel=\"noopener noreferrer\" id=\"compare-prices-2\"><strong>Senden Sie Ihre Waren sicher mit Expedismart.<\/strong><\/a>\n\n<\/div><\/div><\/div>\n","protected":false},"excerpt":{"rendered":"<p>Weniger Zollblockaden bei der Versendung von pers\u00f6nlichen Effekten. Teil 1<\/p>\n","protected":false},"author":2,"featured_media":0,"parent":4686,"menu_order":0,"comment_status":"closed","ping_status":"closed","template":"","meta":{"_seopress_robots_primary_cat":"","_seopress_titles_title":"Paketversand ins Ausland: Wie kann das Risiko einer Zollblockade begrenzt werden? Teil 1.","_seopress_titles_desc":"Zoll kann Ihre Pakete f\u00fcr die Kontrolle blockieren. Wie vermeiden Sie das? Unser schneller Rat.","_seopress_robots_index":"","inline_featured_image":false,"footnotes":""},"class_list":["post-5511","page","type-page","status-publish"],"_links":{"self":[{"href":"https:\/\/www.expedismart.ch\/pages\/de\/wp-json\/wp\/v2\/pages\/5511","targetHints":{"allow":["GET"]}}],"collection":[{"href":"https:\/\/www.expedismart.ch\/pages\/de\/wp-json\/wp\/v2\/pages"}],"about":[{"href":"https:\/\/www.expedismart.ch\/pages\/de\/wp-json\/wp\/v2\/types\/page"}],"author":[{"embeddable":true,"href":"https:\/\/www.expedismart.ch\/pages\/de\/wp-json\/wp\/v2\/users\/2"}],"replies":[{"embeddable":true,"href":"https:\/\/www.expedismart.ch\/pages\/de\/wp-json\/wp\/v2\/comments?post=5511"}],"version-history":[{"count":3,"href":"https:\/\/www.expedismart.ch\/pages\/de\/wp-json\/wp\/v2\/pages\/5511\/revisions"}],"predecessor-version":[{"id":5588,"href":"https:\/\/www.expedismart.ch\/pages\/de\/wp-json\/wp\/v2\/pages\/5511\/revisions\/5588"}],"up":[{"embeddable":true,"href":"https:\/\/www.expedismart.ch\/pages\/de\/wp-json\/wp\/v2\/pages\/4686"}],"wp:attachment":[{"href":"https:\/\/www.expedismart.ch\/pages\/de\/wp-json\/wp\/v2\/media?parent=5511"}],"curies":[{"name":"wp","href":"https:\/\/api.w.org\/{rel}","templated":true}]}}