{"id":4212,"date":"2023-01-04T18:37:38","date_gmt":"2023-01-04T18:37:38","guid":{"rendered":"https:\/\/www.expedismart.ch\/pages\/?page_id=4212"},"modified":"2023-01-04T18:37:55","modified_gmt":"2023-01-04T18:37:55","slug":"england","status":"publish","type":"page","link":"https:\/\/www.expedismart.ch\/pages\/de\/praktische-infos\/land\/england\/","title":{"rendered":"England"},"content":{"rendered":"\n<h1 class=\"gb-headline gb-headline-e4f7b0a9 gb-headline-text\">L\u00f6sungen f\u00fcr den Versand von Paketen nach Gro\u00dfbritannien<\/h1>\n\n\n<div class=\"gb-container gb-container-4ca4c369\"><div class=\"gb-inside-container\">\n\n<figure class=\"wp-block-image alignfull size-large is-style-default\"><img decoding=\"async\" width=\"1024\" height=\"227\" src=\"https:\/\/www.expedismart.ch\/pages\/wp-content\/uploads\/2023\/01\/England-1024x227.webp\" alt=\"L\u00f6sungen f\u00fcr den Versand von Paketen nach Gro\u00dfbritannien\" class=\"wp-image-4191\" srcset=\"https:\/\/www.expedismart.ch\/pages\/wp-content\/uploads\/2023\/01\/England-1024x227.webp 1024w, https:\/\/www.expedismart.ch\/pages\/wp-content\/uploads\/2023\/01\/England-300x67.webp 300w, https:\/\/www.expedismart.ch\/pages\/wp-content\/uploads\/2023\/01\/England-768x170.webp 768w, https:\/\/www.expedismart.ch\/pages\/wp-content\/uploads\/2023\/01\/England-1536x341.webp 1536w, https:\/\/www.expedismart.ch\/pages\/wp-content\/uploads\/2023\/01\/England.webp 1920w\" sizes=\"(max-width: 1024px) 100vw, 1024px\" \/><\/figure>\n\n<\/div><\/div>\n\n<div class=\"gb-grid-wrapper gb-grid-wrapper-9335b011\">\n<div class=\"gb-grid-column gb-grid-column-124dd388\"><div class=\"gb-container gb-container-124dd388\"><div class=\"gb-inside-container\"><\/div><\/div><\/div>\n\n<div class=\"gb-grid-column gb-grid-column-b401532d\"><div class=\"gb-container gb-container-b401532d\"><div class=\"gb-inside-container\">\n\n<h2 class=\"header-underline-red wp-block-heading\"><strong><strong>Sie sind ein Unternehmen oder eine Einzelperson<\/strong><\/strong><br><strong>und Sie senden Pakete oder Dokumente nach England?<\/strong><\/h2>\n\n<\/div><\/div><\/div>\n\n<div class=\"gb-grid-column gb-grid-column-f718cc8e\"><div class=\"gb-container gb-container-f718cc8e\"><div class=\"gb-inside-container\"><\/div><\/div><\/div>\n<\/div>\n\n<div class=\"gb-grid-wrapper gb-grid-wrapper-7139b796\">\n<div class=\"gb-grid-column gb-grid-column-f16ee891\"><div class=\"gb-container gb-container-f16ee891\"><div class=\"gb-inside-container\"><\/div><\/div><\/div>\n\n<div class=\"gb-grid-column gb-grid-column-fa585d50\"><div class=\"gb-container gb-container-fa585d50\"><div class=\"gb-inside-container\">\n\n<p>Sie sind ein<strong>&nbsp;Schweizer KMU<\/strong>&nbsp;oder&nbsp;<strong>eine Privatperson<\/strong>&nbsp;und m\u00f6chten regelm\u00e4ssig oder gelegentlich Waren oder Dokumente nach Singapur zuverl\u00e4ssig, schnell und g\u00fcnstig versenden? Mit&nbsp;<a href=\"https:\/\/www.expedismart.ch\/de\/entdecken-sie-unsere-preise\/\" target=\"_blank\" rel=\"noreferrer noopener\">Expedismart.ch<\/a>, dem ersten Schweizer Sendungsvergleicher, buchen Sie online Dienstleistungen von professionellen Spediteuren wie DHL, FedEx, UPS oder TNT. Sie k\u00f6nnen in einer Minute ein kostenloses Konto er\u00f6ffnen und Ihre Sendung buchen. Sie k\u00f6nnen ein Rabatt bis zu 70% erhalten dank unseren Vereinbarungen mit unseren Partnern, FedEx, UPS, TNT und Aramex.<\/p>\n\n<\/div><\/div><\/div>\n\n<div class=\"gb-grid-column gb-grid-column-e373b842\"><div class=\"gb-container gb-container-e373b842\"><div class=\"gb-inside-container\"><\/div><\/div><\/div>\n<\/div>\n\n\n<div class=\"wp-block-group alignfull margin-top:30px button_link_exp has-base-background-color has-background has-medium-font-size\"><div class=\"wp-block-group__inner-container is-layout-flow wp-block-group-is-layout-flow\"><div class=\"gb-button-wrapper gb-button-wrapper-289f742d\">\n\n<a class=\"gb-button gb-button-c9f14dcb gb-button-text special_red_button_gp\" href=\"\/de\/entdecken-sie-unsere-preise\/\" target=\"_blank\" rel=\"noopener noreferrer\" id=\"compare-prices-1\"><strong>Vergleichen Sie die Paketpreise f\u00fcr England !<\/strong><\/a>\n\n<\/div><\/div><\/div>\n\n\n<div class=\"gb-grid-wrapper gb-grid-wrapper-4900af3f\">\n<div class=\"gb-grid-column gb-grid-column-8c27c435\"><div class=\"gb-container gb-container-8c27c435\"><div class=\"gb-inside-container\"><\/div><\/div><\/div>\n\n<div class=\"gb-grid-column gb-grid-column-c19def7a\"><div class=\"gb-container gb-container-c19def7a\"><div class=\"gb-inside-container\">\n\n<h2 class=\"header-underline-red wp-block-heading\"><strong><strong>Wie versendet man ein Paket nach England?<\/strong><\/strong><br><strong><mark style=\"background-color:rgba(0, 0, 0, 0)\" class=\"has-inline-color has-red-exp-color\"><strong>Die erforderlichen Dokumente<\/strong><\/mark><\/strong><\/h2>\n\n<\/div><\/div><\/div>\n\n<div class=\"gb-grid-column gb-grid-column-b5b49fb8\"><div class=\"gb-container gb-container-b5b49fb8\"><div class=\"gb-inside-container\"><\/div><\/div><\/div>\n<\/div>\n\n<div class=\"gb-grid-wrapper gb-grid-wrapper-83b01eda\">\n<div class=\"gb-grid-column gb-grid-column-80443634\"><div class=\"gb-container gb-container-80443634\"><div class=\"gb-inside-container\"><\/div><\/div><\/div>\n\n<div class=\"gb-grid-column gb-grid-column-06f06691\"><div class=\"gb-container gb-container-06f06691\"><div class=\"gb-inside-container\">\n\n<p>Als Absender m\u00fcssen Sie dem Kurier des Spediteurs, den Sie ausgew\u00e4hlt haben (DHL, FedEx, UPS, TNT, Aramex), den Lieferschein und eine Pro-forma-Rechnung \u00fcbertragen. Die Pro-forma-Rechnung ist ein Dokument, das Sie abgeben m\u00fcssen. Sie zeigt den englischen Z\u00f6llen den Inhalt Ihres Pakets. Wenn die Ware in England verkauft wird, ist das Dokument zu liefern eine Handelsrechnung, die Sie selbst machen k\u00f6nnen.<\/p>\n\n<\/div><\/div><\/div>\n\n<div class=\"gb-grid-column gb-grid-column-8301a2fd\"><div class=\"gb-container gb-container-8301a2fd\"><div class=\"gb-inside-container\"><\/div><\/div><\/div>\n<\/div>\n\n<div class=\"gb-container gb-container-c560e87b\"><div class=\"gb-inside-container\">\n<div class=\"gb-grid-wrapper gb-grid-wrapper-260897b9\">\n<div class=\"gb-grid-column gb-grid-column-4baed686\"><div class=\"gb-container gb-container-4baed686\"><div class=\"gb-inside-container\"><\/div><\/div><\/div>\n\n<div class=\"gb-grid-column gb-grid-column-ed542513\"><div class=\"gb-container gb-container-ed542513\"><div class=\"gb-inside-container\">\n<div class=\"gb-grid-wrapper gb-grid-wrapper-45d58127 grid-gap\">\n<div class=\"gb-grid-column gb-grid-column-ada8d777\"><div class=\"gb-container gb-container-ada8d777 commercial-invoice ul-red-dots\"><div class=\"gb-inside-container\">\n<div class=\"gb-container gb-container-a88c0644\"><div class=\"gb-inside-container\">\n\n<h3 class=\"header-underline-white wp-block-heading\"><strong>Notwendige Informationen zu Ihrer Pro-forma-Rechnung oder Handelsrechnung f\u00fcr eine Sendung nach England<\/strong><\/h3>\n\n<\/div><\/div>\n\n\n<ul class=\"wp-block-list\">\n<li>&nbsp;Die umfassende Adresse des Absenders (Sie) und des Empf\u00e4ngers<\/li>\n\n\n\n<li>&nbsp;Eine genaue Beschreibung der Ware, die Anzahl an Paketen und den Wert der Ware in CHF<\/li>\n\n\n\n<li>&nbsp;Wenn der Empf\u00e4nger eine Firma ist, die MwSt. Nummer dieser Firma<\/li>\n\n\n\n<li>&nbsp;Vergessen Sie nicht, die Rechnung zu unterschreiben und zu datieren<\/li>\n\n\n\n<li><strong>Wie alle Pro-forma-Rechnungen muss sie auf English oder in der Sprache des Ziellandes verfasst werden.<\/strong><\/li>\n<\/ul>\n\n<\/div><\/div><\/div>\n\n<div class=\"gb-grid-column gb-grid-column-7deef15c\"><div class=\"gb-container gb-container-7deef15c check-list-red\"><div class=\"gb-inside-container\">\n<div class=\"gb-container gb-container-c2d24eb4\"><div class=\"gb-inside-container\">\n\n<h3 class=\"header-underline-white-only wp-block-heading\"><strong>CHECK-LISTE<\/strong><\/h3>\n\n<\/div><\/div>\n\n\n<ul class=\"wp-block-list\">\n<li><strong>Vollst\u00e4ndige Postanschrift<\/strong><\/li>\n\n\n\n<li><strong>&nbsp;Proforma-Dokument<\/strong><\/li>\n\n\n\n<li><strong>&nbsp;Zollinhaltserkl\u00e4rung<\/strong><\/li>\n\n\n\n<li><strong>&nbsp;Keine verbotenen Waren<\/strong><\/li>\n<\/ul>\n\n<\/div><\/div><\/div>\n<\/div>\n<\/div><\/div><\/div>\n\n<div class=\"gb-grid-column gb-grid-column-7631307e\"><div class=\"gb-container gb-container-7631307e\"><div class=\"gb-inside-container\"><\/div><\/div><\/div>\n<\/div>\n<\/div><\/div>\n\n<div class=\"gb-grid-wrapper gb-grid-wrapper-58fc2b05\">\n<div class=\"gb-grid-column gb-grid-column-f3513540\"><div class=\"gb-container gb-container-f3513540\"><div class=\"gb-inside-container\"><\/div><\/div><\/div>\n\n<div class=\"gb-grid-column gb-grid-column-5bd1be55\"><div class=\"gb-container gb-container-5bd1be55\"><div class=\"gb-inside-container\">\n\n<p>NB: Wenn Sie Weinflaschen nach England versenden, geben Sie die Farbe und den Volumenanteil Alkohols in der Beschreibung der Ware an. Kontaktieren Sie direkt Expedismart (022.575.61.16) f\u00fcr weitere Informationen.<\/p>\n\n\n<div class=\"gb-container gb-container-d9b19076\"><div class=\"gb-inside-container\">\n\n<p>Nur Firmen, die \u00fcber eine Importlizenz verf\u00fcgen, d\u00fcrfen Weinflaschen erhalten.<\/p>\n\n<\/div><\/div>\n<\/div><\/div><\/div>\n\n<div class=\"gb-grid-column gb-grid-column-b632f6bd\"><div class=\"gb-container gb-container-b632f6bd\"><div class=\"gb-inside-container\"><\/div><\/div><\/div>\n<\/div>\n\n\n<div class=\"wp-block-group alignfull margin-top:30px has-base-background-color has-background has-medium-font-size\"><div class=\"wp-block-group__inner-container is-layout-flow wp-block-group-is-layout-flow\"><div class=\"gb-button-wrapper gb-button-wrapper-1cb35bc6\">\n\n<a class=\"gb-button gb-button-3294cc0d gb-button-text special_red_button_gp\" href=\"\/de\/entdecken-sie-unsere-preise\/\" target=\"_blank\" rel=\"noopener noreferrer\" id=\"compare-prices-2\"><strong>Senden Sie Ihre Waren nach England<\/strong><\/a>\n\n<\/div><\/div><\/div>\n\n\n<div class=\"gb-grid-wrapper gb-grid-wrapper-61a5a940 red-line-overflow\">\n<div class=\"gb-grid-column gb-grid-column-b3e310c4\"><div class=\"gb-container gb-container-b3e310c4\"><div class=\"gb-inside-container\"><\/div><\/div><\/div>\n\n<div class=\"gb-grid-column gb-grid-column-2fc51738\"><div class=\"gb-container gb-container-2fc51738 header-margin-bottom-parent\"><div class=\"gb-inside-container\">\n<div class=\"gb-container gb-container-2df7f4a7\"><div class=\"gb-inside-container\">\n\n<h2 class=\"header-underline-red wp-block-heading\"><strong>Wie versendet man ein Paket nach England?<\/strong><br><strong><mark style=\"background-color:rgba(0, 0, 0, 0)\" class=\"has-inline-color has-red-exp-color\">Die Spezifit\u00e4ten<\/mark><\/strong><\/h2>\n\n<\/div><\/div>\n\n<div class=\"gb-container gb-container-53173bbc\"><div class=\"gb-inside-container\">\n\n<p>Jedes Land hat spezifische Zollvorschriften je nach Produkten und jeder Spediteur beh\u00e4lt sich das Recht vor, den Transport anzunehmen oder abzulehnen. Hier ist die Liste der Produkte, die Sie nach England&nbsp;<strong>mit einigen Beschr\u00e4nkungen versenden d\u00fcrfen<\/strong>. Im Zweifelfall am Produkt, das Sie versenden, z\u00f6gern Sie nicht, uns per E-Mail unter service@expedismart.ch oder an der 022.575.61.16 zu kontaktieren.<\/p>\n\n<\/div><\/div>\n\n<div class=\"gb-container gb-container-3ddff145\"><div class=\"gb-inside-container\">\n<div class=\"gb-container gb-container-7816fc64\"><div class=\"gb-inside-container\">\n<div class=\"gb-container gb-container-a9c937ca\"><div class=\"gb-inside-container\">\n\n<h3 class=\"header-underline-white wp-block-heading\"><strong>Hier sind die wichtigen Informationen die Sie wissen sollten, wenn Sie folgende Waren versenden m\u00f6chten:<\/strong><\/h3>\n\n<\/div><\/div>\n\n<div class=\"gb-container gb-container-93217540\"><div class=\"gb-inside-container\">\n\n<p>Wenn sich die gew\u00fcnschte Ware nicht in den unten beschriebenen Produkten befindet, z\u00f6gern Sie bitte nicht, uns zu kontaktieren.<\/p>\n\n<\/div><\/div>\n\n<div class=\"gb-container gb-container-85fe5475\"><div class=\"gb-inside-container\">\n<div class=\"gb-grid-wrapper gb-grid-wrapper-e51f2cfc\">\n<div class=\"gb-grid-column gb-grid-column-dbd6837f\"><div class=\"gb-container gb-container-dbd6837f\"><div class=\"gb-inside-container\">\n<div class=\"gb-container gb-container-26821cf6\"><div class=\"gb-inside-container\">\n\n<p><strong>Schokolade:<\/strong><\/p>\n\n<\/div><\/div>\n\n<div class=\"gb-container gb-container-4c990c48 ul-red-dots\"><div class=\"gb-inside-container\">\n\n<ul class=\"wp-block-list\">\n<li>FedEx: Die Schokolade muss ein Verfallsdatum von mehr als sechs Monate haben und sie muss von einer Pro-forma-Rechnung begleitet werden.<\/li>\n\n\n\n<li>UPS: Versendet keine Schokolade nach England.<\/li>\n\n\n\n<li>TNT: Versendet keine Schokolade nach England.<\/li>\n<\/ul>\n\n<\/div><\/div>\n<\/div><\/div><\/div>\n\n<div class=\"gb-grid-column gb-grid-column-9bb4dc11\"><div class=\"gb-container gb-container-9bb4dc11\"><div class=\"gb-inside-container\">\n<div class=\"gb-container gb-container-801fdcbc\"><div class=\"gb-inside-container\">\n\n<p><strong>Ein Computer:<\/strong><\/p>\n\n<\/div><\/div>\n\n<div class=\"gb-container gb-container-bba57736 ul-red-dots\"><div class=\"gb-inside-container\">\n\n<ul class=\"wp-block-list\">\n<li>FedEx: Wenn der Computer eine Batterie enth\u00e4lt, m\u00fcssen Sie eine Deklaration f\u00fcr gef\u00e4hrliche Stoffe (kontaktieren Sie Expedismart f\u00fcr mehr Informationen) und eine Pro-forma-Rechnung angeben. Achten Sie aber darauf, dass der Empf\u00e4nger bei der Ankunft der Ware m\u00f6glicherweise verplfichtet wird, Rechte und Steuern zu bezahlen.<\/li>\n\n\n\n<li>UPS: Sie m\u00fcssen eine Handelsrechnung oder eine Pro-forma-Rechnung abgeben. Das Computergewicht darf nicht 70kg \u00fcberschreiten.<\/li>\n\n\n\n<li>TNT: Sie m\u00fcssen eine Pro-forma-Rechnung liefern. Der Empf\u00e4nger wird am Zoll besteuert und mit der MwSt. des Wertes der erkl\u00e4rten Ware.<\/li>\n<\/ul>\n\n<\/div><\/div>\n<\/div><\/div><\/div>\n<\/div>\n<\/div><\/div>\n\n<div class=\"gb-container gb-container-5b46fbab\"><div class=\"gb-inside-container\">\n<div class=\"gb-grid-wrapper gb-grid-wrapper-286af3a7\">\n<div class=\"gb-grid-column gb-grid-column-55986155\"><div class=\"gb-container gb-container-55986155\"><div class=\"gb-inside-container\">\n<div class=\"gb-container gb-container-9c96ba02\"><div class=\"gb-inside-container\">\n\n<p><strong>\u00dcbersiedlungsg\u00fcte:<\/strong><\/p>\n\n<\/div><\/div>\n\n<div class=\"gb-container gb-container-ccc7dfe6 ul-red-dots\"><div class=\"gb-inside-container\">\n\n<ul class=\"wp-block-list\">\n<li>FedEx: Die pers\u00f6nlichen Gegenst\u00e4nde m\u00fcssen auf der Pro-forma-Rechnung erkl\u00e4rt werden und vom Empf\u00e4nger best\u00e4tigt. Die Z\u00f6lle k\u00f6nnen MwSt. Kosten fakturieren.<\/li>\n\n\n\n<li>UPS: Versendet keine \u00dcbersiedlungsg\u00fcte.<\/li>\n\n\n\n<li>TNT: Der Empf\u00e4nger wird am Zoll besteuert und mit der MwSt. des Wertes der erkl\u00e4rten Ware.<\/li>\n<\/ul>\n\n<\/div><\/div>\n<\/div><\/div><\/div>\n\n<div class=\"gb-grid-column gb-grid-column-b4ae4877\"><div class=\"gb-container gb-container-b4ae4877\"><div class=\"gb-inside-container\">\n<div class=\"gb-container gb-container-69eef9ee\"><div class=\"gb-inside-container\">\n\n<p><strong>Schl\u00fcssel (pers\u00f6nliche Gegenst\u00e4nde):<\/strong><\/p>\n\n<\/div><\/div>\n\n<div class=\"gb-container gb-container-13de509f ul-red-dots\"><div class=\"gb-inside-container\">\n\n<ul class=\"wp-block-list\">\n<li>FedEx: Eine Pro-forma-Rechnung wird dem Absender verlangt. Wenn er die Ware bekommt, k\u00f6nnte der Empf\u00e4nger Rechte und Steuern bezahlen m\u00fcssen.<\/li>\n\n\n\n<li>UPS: Versendet keine pers\u00f6nlichen Gegenst\u00e4nde oder Schl\u00fcssel.<\/li>\n\n\n\n<li>TNT: Eine Pro-forma-Rechnung ist erforderlich und MwSt. Kosten k\u00f6nnen dem Empf\u00e4nger fakturiert werden.<\/li>\n<\/ul>\n\n<\/div><\/div>\n<\/div><\/div><\/div>\n<\/div>\n<\/div><\/div>\n\n<div class=\"gb-container gb-container-181e6a1f\"><div class=\"gb-inside-container\">\n<div class=\"gb-grid-wrapper gb-grid-wrapper-0f82dc5a\">\n<div class=\"gb-grid-column gb-grid-column-c4c43fb8\"><div class=\"gb-container gb-container-c4c43fb8\"><div class=\"gb-inside-container\">\n<div class=\"gb-container gb-container-71776ad5\"><div class=\"gb-inside-container\">\n\n<p><strong>M\u00f6bel:<\/strong><\/p>\n\n<\/div><\/div>\n\n<div class=\"gb-container gb-container-be878958 ul-red-dots\"><div class=\"gb-inside-container\">\n\n<ul class=\"wp-block-list\">\n<li>FedEx: Der Absender muss eine Pro-forma-Rechnung liefern. Der Empf\u00e4nger k\u00f6nnte darauf verpflichtet werden, Rechte und Steuern zu bezahlen.<\/li>\n\n\n\n<li>UPS: Versendet keine M\u00f6bel.<\/li>\n\n\n\n<li>TNT: Wenn er die Ware bekommt, k\u00f6nnte der Empf\u00e4nger Rechte und Steuern bezahlen m\u00fcssen.<\/li>\n<\/ul>\n\n<\/div><\/div>\n<\/div><\/div><\/div>\n\n<div class=\"gb-grid-column gb-grid-column-81120233\"><div class=\"gb-container gb-container-81120233\"><div class=\"gb-inside-container\">\n<div class=\"gb-container gb-container-f3e49876\"><div class=\"gb-inside-container\">\n\n<p><strong>Ein Koffer:<\/strong><\/p>\n\n<\/div><\/div>\n\n<div class=\"gb-container gb-container-5f79ad71 ul-red-dots\"><div class=\"gb-inside-container\">\n\n<ul class=\"wp-block-list\">\n<li>FedEx: Der Absender muss eine Pro-Forma-Rechnung haben. Das Gewicht des Koffers darf nicht 25 kg \u00fcberschreiten. Eine Pro-forma-Rechnung ist erforderlich und MwSt. Kosten k\u00f6nnen dem Empf\u00e4nger fakturiert werden. Wenn er die Ware bekommt, k\u00f6nnte es sein, dass der Empf\u00e4nger Rechte und Steuern bezahlen muss.<\/li>\n\n\n\n<li>UPS: Versendet keine Koffer.<\/li>\n\n\n\n<li>TNT: Eine Pro-forma-Rechnung ist erforderlich.&nbsp;Achten Sie aber darauf, dass der Empf\u00e4nger bei der Ankunft der Ware m\u00f6glicherweise verplfichtet wird, Rechte und Steuern zu bezahlen.<\/li>\n<\/ul>\n\n<\/div><\/div>\n<\/div><\/div><\/div>\n<\/div>\n<\/div><\/div>\n\n<div class=\"gb-container gb-container-bef62ede\"><div class=\"gb-inside-container\">\n<div class=\"gb-grid-wrapper gb-grid-wrapper-b8854e07\">\n<div class=\"gb-grid-column gb-grid-column-cfc4f14c\"><div class=\"gb-container gb-container-cfc4f14c\"><div class=\"gb-inside-container\">\n<div class=\"gb-container gb-container-b15bdb21\"><div class=\"gb-inside-container\">\n\n<p><strong>Dokumente:<\/strong><\/p>\n\n<\/div><\/div>\n\n<div class=\"gb-container gb-container-df4ea529 ul-red-dots\"><div class=\"gb-inside-container\">\n\n<ul class=\"wp-block-list\">\n<li>FedEx: Der Absender muss den Lieferschein vorlegen.<\/li>\n\n\n\n<li>UPS: Der Absender muss den Lieferschein liefern. Wenn das Gewicht 2,5kg \u00fcberschreitet, muss der Absender eine Pro-forma-Rechnung liefern.<\/li>\n\n\n\n<li>TNT: Der Absender muss den Lieferschein liefern. Wenn die Dokumente mehr als 5kg wiegen, ist eine Pro-forma-Rechnung erforderlich.<\/li>\n<\/ul>\n\n<\/div><\/div>\n<\/div><\/div><\/div>\n\n<div class=\"gb-grid-column gb-grid-column-4ea0fa7e\"><div class=\"gb-container gb-container-4ea0fa7e\"><div class=\"gb-inside-container\">\n<div class=\"gb-container gb-container-d66181be\"><div class=\"gb-inside-container\">\n\n<p><strong>Eine Kreditkarte:<\/strong><\/p>\n\n<\/div><\/div>\n\n<div class=\"gb-container gb-container-9631e89a ul-red-dots\"><div class=\"gb-inside-container\">\n\n<ul class=\"wp-block-list\">\n<li>FedEx: Eine Pro-forma-Rechnung ist erforderlich.<\/li>\n\n\n\n<li>UPS: Versendet keine Kreditkarte.<\/li>\n\n\n\n<li>TNT: Versendet keine Kreditkarte.<\/li>\n<\/ul>\n\n<\/div><\/div>\n<\/div><\/div><\/div>\n<\/div>\n<\/div><\/div>\n\n<div class=\"gb-container gb-container-db77e443\"><div class=\"gb-inside-container\">\n<div class=\"gb-grid-wrapper gb-grid-wrapper-cb319acf\">\n<div class=\"gb-grid-column gb-grid-column-7f068a96\"><div class=\"gb-container gb-container-7f068a96\"><div class=\"gb-inside-container\">\n<div class=\"gb-container gb-container-d39a59ad\"><div class=\"gb-inside-container\">\n\n<p><strong>Weinflaschen:<\/strong><\/p>\n\n<\/div><\/div>\n\n<div class=\"gb-container gb-container-5ce14754 ul-red-dots\"><div class=\"gb-inside-container\">\n\n<ul class=\"wp-block-list\">\n<li>FedEx: Die Sendung von Weinflaschen ist nur zwischen Firmen m\u00f6glich. F\u00fcr Weine und Schnaps ist es obligatorisch, eine Exportlizenz f\u00fcr den Absender und eine Importlizenz f\u00fcr den Empf\u00e4nger vorzulegen. Die Pro-forma-Rechnung muss die Beschreibung der Ware, die Farbe und den Alkoholgehalt enthalten. Es ist auch m\u00f6glich, ohne Lizenz zu versenden, aber nur von Privatperson zu Privatperson oder von Privatperson zu Unternehmen.<\/li>\n\n\n\n<li>UPS: Versendet keinen Wein.<\/li>\n\n\n\n<li>TNT: Die Sendung von Wein ist nur zwischen Firmen m\u00f6glich. F\u00fcr Weine und Schnaps ist es obligatorisch, eine Exportlizenz f\u00fcr den Absender und eine Importlizenz f\u00fcr den Empf\u00e4nger vorzulegen. Es gibt aber Beschr\u00e4nkungen bei dieser Sendung: 3 Flaschen, maximal 4 kg und einen Einheitswert von maximum CHF 20.<\/li>\n<\/ul>\n\n<\/div><\/div>\n<\/div><\/div><\/div>\n\n<div class=\"gb-grid-column gb-grid-column-b4eb026c\"><div class=\"gb-container gb-container-b4eb026c\"><div class=\"gb-inside-container\">\n<div class=\"gb-container gb-container-04c633e0\"><div class=\"gb-inside-container\">\n\n<p><strong>USB-Stick:<\/strong><\/p>\n\n<\/div><\/div>\n\n<div class=\"gb-container gb-container-e6ce870d ul-red-dots\"><div class=\"gb-inside-container\">\n\n<ul class=\"wp-block-list\">\n<li>FedEx: Eine Pro-forma-Rechnung ist erforderlich.<\/li>\n\n\n\n<li>UPS: Versendet keine USB-Sticks.<\/li>\n\n\n\n<li>TNT: Eine Pro-forma-Rechnung ist erforderlich.<\/li>\n<\/ul>\n\n<\/div><\/div>\n<\/div><\/div><\/div>\n<\/div>\n<\/div><\/div>\n<\/div><\/div>\n<\/div><\/div>\n<\/div><\/div><\/div>\n\n<div class=\"gb-grid-column gb-grid-column-51b8048d\"><div class=\"gb-container gb-container-51b8048d\"><div class=\"gb-inside-container\"><\/div><\/div><\/div>\n<\/div>\n\n\n<div class=\"wp-block-group alignfull margin-top:30px has-base-background-color has-background has-medium-font-size\"><div class=\"wp-block-group__inner-container is-layout-flow wp-block-group-is-layout-flow\"><div class=\"gb-button-wrapper gb-button-wrapper-6d745e1b\">\n\n<a class=\"gb-button gb-button-bc0627d1 gb-button-text special_red_button_gp\" href=\"\/de\/entdecken-sie-unsere-preise\/\" target=\"_blank\" rel=\"noopener noreferrer\" id=\"compare-prices-3\"><strong>Ein Paket nach England versenden<\/strong><\/a>\n\n<\/div><\/div><\/div>\n","protected":false},"excerpt":{"rendered":"<p>L\u00f6sungen f\u00fcr den Versand von Paketen nach Gro\u00dfbritannien<\/p>\n","protected":false},"author":2,"featured_media":0,"parent":4389,"menu_order":0,"comment_status":"closed","ping_status":"closed","template":"","meta":{"_seopress_robots_primary_cat":"","_seopress_titles_title":"Wie versendet man ein Paket nach England","_seopress_titles_desc":"Lesen Sie unseren Rat, sicher zu versenden. In 1 Minute finden Sie den billigsten oder schnellsten Expresstransport f\u00fcr England.","_seopress_robots_index":"","inline_featured_image":false,"footnotes":""},"class_list":["post-4212","page","type-page","status-publish"],"_links":{"self":[{"href":"https:\/\/www.expedismart.ch\/pages\/de\/wp-json\/wp\/v2\/pages\/4212","targetHints":{"allow":["GET"]}}],"collection":[{"href":"https:\/\/www.expedismart.ch\/pages\/de\/wp-json\/wp\/v2\/pages"}],"about":[{"href":"https:\/\/www.expedismart.ch\/pages\/de\/wp-json\/wp\/v2\/types\/page"}],"author":[{"embeddable":true,"href":"https:\/\/www.expedismart.ch\/pages\/de\/wp-json\/wp\/v2\/users\/2"}],"replies":[{"embeddable":true,"href":"https:\/\/www.expedismart.ch\/pages\/de\/wp-json\/wp\/v2\/comments?post=4212"}],"version-history":[{"count":4,"href":"https:\/\/www.expedismart.ch\/pages\/de\/wp-json\/wp\/v2\/pages\/4212\/revisions"}],"predecessor-version":[{"id":4253,"href":"https:\/\/www.expedismart.ch\/pages\/de\/wp-json\/wp\/v2\/pages\/4212\/revisions\/4253"}],"up":[{"embeddable":true,"href":"https:\/\/www.expedismart.ch\/pages\/de\/wp-json\/wp\/v2\/pages\/4389"}],"wp:attachment":[{"href":"https:\/\/www.expedismart.ch\/pages\/de\/wp-json\/wp\/v2\/media?parent=4212"}],"curies":[{"name":"wp","href":"https:\/\/api.w.org\/{rel}","templated":true}]}}