{"id":4051,"date":"2023-01-02T18:44:17","date_gmt":"2023-01-02T18:44:17","guid":{"rendered":"https:\/\/www.expedismart.ch\/pages\/?page_id=4051"},"modified":"2023-01-12T10:24:02","modified_gmt":"2023-01-12T10:24:02","slug":"rumaenien","status":"publish","type":"page","link":"https:\/\/www.expedismart.ch\/pages\/de\/praktische-infos\/land\/rumaenien\/","title":{"rendered":"Rum\u00e4nien"},"content":{"rendered":"\n<h1 class=\"gb-headline gb-headline-e4f7b0a9 gb-headline-text\">Versenden Sie ein Paket nach Rum\u00e4nien mit einem Paketdienst wie DHL, FedEx oder UPS? Hier finden Sie alles, was Sie wissen m\u00fcssen.<\/h1>\n\n\n<div class=\"gb-container gb-container-4ca4c369\"><div class=\"gb-inside-container\">\n\n<figure class=\"wp-block-image alignfull size-large is-style-default\"><img decoding=\"async\" width=\"1024\" height=\"227\" src=\"https:\/\/www.expedismart.ch\/pages\/wp-content\/uploads\/2022\/12\/Romania-1024x227.webp\" alt=\"Versenden Sie ein Paket nach Rum\u00e4nien mit einem Paketdienst wie DHL, FedEx oder UPS? Hier finden Sie alles, was Sie wissen m\u00fcssen.\" class=\"wp-image-3980\" srcset=\"https:\/\/www.expedismart.ch\/pages\/wp-content\/uploads\/2022\/12\/Romania-1024x227.webp 1024w, https:\/\/www.expedismart.ch\/pages\/wp-content\/uploads\/2022\/12\/Romania-300x67.webp 300w, https:\/\/www.expedismart.ch\/pages\/wp-content\/uploads\/2022\/12\/Romania-768x170.webp 768w, https:\/\/www.expedismart.ch\/pages\/wp-content\/uploads\/2022\/12\/Romania-1536x341.webp 1536w, https:\/\/www.expedismart.ch\/pages\/wp-content\/uploads\/2022\/12\/Romania.webp 1920w\" sizes=\"(max-width: 1024px) 100vw, 1024px\" \/><\/figure>\n\n<\/div><\/div>\n\n<div class=\"gb-grid-wrapper gb-grid-wrapper-9335b011\">\n<div class=\"gb-grid-column gb-grid-column-124dd388\"><div class=\"gb-container gb-container-124dd388\"><div class=\"gb-inside-container\"><\/div><\/div><\/div>\n\n<div class=\"gb-grid-column gb-grid-column-b401532d\"><div class=\"gb-container gb-container-b401532d\"><div class=\"gb-inside-container\">\n\n<h2 class=\"header-underline-red wp-block-heading\"><strong><strong>Sie sind ein Unternehmen oder eine Einzelperson<\/strong><\/strong><br><strong>und Sie senden Pakete oder Dokumente nach Rum\u00e4nien?<\/strong><\/h2>\n\n<\/div><\/div><\/div>\n\n<div class=\"gb-grid-column gb-grid-column-f718cc8e\"><div class=\"gb-container gb-container-f718cc8e\"><div class=\"gb-inside-container\"><\/div><\/div><\/div>\n<\/div>\n\n<div class=\"gb-grid-wrapper gb-grid-wrapper-7139b796\">\n<div class=\"gb-grid-column gb-grid-column-f16ee891\"><div class=\"gb-container gb-container-f16ee891\"><div class=\"gb-inside-container\"><\/div><\/div><\/div>\n\n<div class=\"gb-grid-column gb-grid-column-fa585d50\"><div class=\"gb-container gb-container-fa585d50\"><div class=\"gb-inside-container\">\n\n<p>Sie suchen einen zuverl\u00e4ssigen und effizienten Transporteur f\u00fcr den Versand eines Pakets oder Dokuments von der Schweiz nach Rum\u00e4nien oder von Rum\u00e4nien in die Schweiz?<a href=\"https:\/\/www.expedismart.ch\/de\/user\/register\/\" target=\"_blank\" rel=\"noreferrer noopener\">\u00a0Er\u00f6ffnen Sie ein kostenloses Konto<\/a>\u00a0und vergleichen Sie die Versandpreise auf Expedismart.ch. Auf\u00a0<a href=\"https:\/\/www.expedismart.ch\/de\/entdecken-sie-unsere-preise\/\" target=\"_blank\" rel=\"noreferrer noopener\">Expedismart<\/a>, dem ersten Versandvergleicher in der Schweiz, k\u00f6nnen Sie als Firma oder als Privatperson einen Versand zu einem g\u00fcnstigen Preis und einem schnellen Service von professionellen Spediteuren wie DHL, FedEx, UPS, Aramex oder TNT buchen. Auf diese Weise profitieren Sie von\u00a0<strong>Rabatten von bis zu -70% auf den \u00f6ffentlichen Preis<\/strong>, dank der Vereinbarungen, die wir mit unseren Partner-Carriern ausgehandelt haben. Wenn Sie ein Unternehmen sind, k\u00f6nnen Sie auch die Zahlung per Rechnung beantragen.<\/p>\n\n<\/div><\/div><\/div>\n\n<div class=\"gb-grid-column gb-grid-column-e373b842\"><div class=\"gb-container gb-container-e373b842\"><div class=\"gb-inside-container\"><\/div><\/div><\/div>\n<\/div>\n\n\n<div class=\"wp-block-group alignfull margin-top:30px button_link_exp has-base-background-color has-background has-medium-font-size\"><div class=\"wp-block-group__inner-container is-layout-flow wp-block-group-is-layout-flow\"><div class=\"gb-button-wrapper gb-button-wrapper-289f742d\">\n\n<a class=\"gb-button gb-button-c9f14dcb gb-button-text special_red_button_gp\" href=\"\/de\/entdecken-sie-unsere-preise\/\" target=\"_blank\" rel=\"noopener noreferrer\" id=\"compare-prices-1\"><strong>Vergleichen Sie die Preise f\u00fcr Sendungen in Rum\u00e4nien<\/strong><\/a>\n\n<\/div><\/div><\/div>\n\n\n<div class=\"gb-grid-wrapper gb-grid-wrapper-eb6a6c34\">\n<div class=\"gb-grid-column gb-grid-column-dc3bd0f4\"><div class=\"gb-container gb-container-dc3bd0f4\"><div class=\"gb-inside-container\"><\/div><\/div><\/div>\n\n<div class=\"gb-grid-column gb-grid-column-cc9e5cc3\"><div class=\"gb-container gb-container-cc9e5cc3\"><div class=\"gb-inside-container\">\n<div class=\"gb-container gb-container-82e4b234\"><div class=\"gb-inside-container\">\n\n<h2 class=\"header-underline-red wp-block-heading\"><strong><strong>Zollformalit\u00e4ten f\u00fcr&nbsp;Rum\u00e4nien<\/strong><\/strong><br><strong><mark style=\"background-color:rgba(0, 0, 0, 0)\" class=\"has-inline-color has-red-exp-color\"><strong>Erforderliche Dokumente<\/strong><\/mark><\/strong><\/h2>\n\n<\/div><\/div>\n\n\n<p>Senden Sie ein Paket von der Schweiz nach Rum\u00e4nien in nur wenigen Klicks zum besten Preis auf unserer Seite. W\u00e4hlen Sie den Spediteur (FedEx, UPS, Aramex oder TNT) und buchen Sie dessen Leistungen mit wenigen Klicks direkt online. Bei der kleinsten Frage ist unser Team f\u00fcr Sie da. Der Kurier holt dann Ihr Dokument oder Paket bei Ihnen zu Hause ab. Ihrer Sendung muss eine&nbsp;<a href=\"https:\/\/www.expedismart.ch\/pages\/de\/praktische-infos\/technische-dokumentation\/proforma-rechnung\/\" target=\"_blank\" rel=\"noreferrer noopener\">Proforma-Rechnung<\/a>&nbsp;beiliegen (wird automatisch von unserem System generiert). Sie zeigt dem rum\u00e4nischen Zoll den Inhalt Ihres Pakets an. F\u00fcr&nbsp;<strong>wertvolle G\u00fcter<\/strong>&nbsp;k\u00f6nnen Sie eine&nbsp;<strong>Paketversicherung<\/strong>&nbsp;abschlie\u00dfen. Wenn die Ware in Rum\u00e4nien verkauft wird, muss eine&nbsp;<strong>Handelsrechnung<\/strong>&nbsp;vorgelegt werden. Sie k\u00f6nnen diese Rechnung selbst erstellen, ansonsten wird sie automatisch ausgef\u00fcllt, wenn Sie Ihre Sendung \u00fcber Expedismart.ch buchen.<\/p>\n\n<\/div><\/div><\/div>\n\n<div class=\"gb-grid-column gb-grid-column-d4e39d2d\"><div class=\"gb-container gb-container-d4e39d2d\"><div class=\"gb-inside-container\"><\/div><\/div><\/div>\n<\/div>\n\n<div class=\"gb-grid-wrapper gb-grid-wrapper-b28747bd\">\n<div class=\"gb-grid-column gb-grid-column-78d3f07a\"><div class=\"gb-container gb-container-78d3f07a\"><div class=\"gb-inside-container\"><\/div><\/div><\/div>\n\n<div class=\"gb-grid-column gb-grid-column-ed542513\"><div class=\"gb-container gb-container-ed542513\"><div class=\"gb-inside-container\">\n<div class=\"gb-grid-wrapper gb-grid-wrapper-45d58127 grid-gap\">\n<div class=\"gb-grid-column gb-grid-column-ada8d777\"><div class=\"gb-container gb-container-ada8d777 commercial-invoice ul-red-dots\"><div class=\"gb-inside-container\">\n<div class=\"gb-container gb-container-a88c0644\"><div class=\"gb-inside-container\">\n\n<h3 class=\"header-underline-white wp-block-heading\"><strong>Wie erstellen Sie Ihre Proforma- oder Handelsrechnung f\u00fcr eine Lieferung nach Rum\u00e4nien?<\/strong><\/h3>\n\n<\/div><\/div>\n\n\n<ul class=\"wp-block-list\">\n<li>&nbsp;Geben Sie die vollst\u00e4ndige Adresse des Empf\u00e4ngers und des Absenders an<\/li>\n\n\n\n<li>&nbsp;Beschreiben Sie genau und pr\u00e4zise Ihre Waren, deren Wert in Schweizer Franken und die Anzahl der Pakete.<\/li>\n\n\n\n<li>&nbsp;Wenn Sie das Paket an ein anderes Unternehmen senden, f\u00fcgen Sie die Umsatzsteuer-Identifikationsnummer dieses Unternehmens in das vorgesehene Feld ein.<\/li>\n\n\n\n<li>&nbsp;Vergessen Sie nicht, die Rechnung zu datieren und zu unterschreiben.<\/li>\n\n\n\n<li>Die Proforma-Rechnung muss in Englisch oder Rum\u00e4nisch verfasst sein.<\/li>\n<\/ul>\n\n<\/div><\/div><\/div>\n\n<div class=\"gb-grid-column gb-grid-column-5efd30ed\"><div class=\"gb-container gb-container-5efd30ed check-list-red\"><div class=\"gb-inside-container\">\n<div class=\"gb-container gb-container-8d7fc0cb\"><div class=\"gb-inside-container\">\n\n<h3 class=\"header-underline-white-only wp-block-heading\"><strong><strong>CHECK-LISTE<\/strong><\/strong><\/h3>\n\n<\/div><\/div>\n\n\n<ul class=\"wp-block-list\">\n<li><strong>&nbsp;Vollst\u00e4ndige Postanschrift<\/strong><\/li>\n\n\n\n<li><strong>&nbsp;Proforma-Dokument<\/strong><\/li>\n\n\n\n<li><strong>&nbsp;Zollinhaltserkl\u00e4rung<\/strong><\/li>\n\n\n\n<li><strong>&nbsp;Keine verbotenen Waren<\/strong><\/li>\n<\/ul>\n\n<\/div><\/div><\/div>\n<\/div>\n<\/div><\/div><\/div>\n\n<div class=\"gb-grid-column gb-grid-column-a1c9fb29\"><div class=\"gb-container gb-container-a1c9fb29\"><div class=\"gb-inside-container\"><\/div><\/div><\/div>\n<\/div>\n\n\n<div class=\"wp-block-group alignfull margin-top:30px has-base-background-color has-background has-medium-font-size\"><div class=\"wp-block-group__inner-container is-layout-flow wp-block-group-is-layout-flow\"><div class=\"gb-button-wrapper gb-button-wrapper-e1aeeb32\">\n\n<a class=\"gb-button gb-button-9118eb2e gb-button-text special_red_button_gp\" href=\"\/de\/entdecken-sie-unsere-preise\/\" target=\"_blank\" rel=\"noopener noreferrer\" id=\"compare-prices-2\"><strong>Ein Paket nach Rum\u00e4nien senden<\/strong><\/a>\n\n<\/div><\/div><\/div>\n\n\n<div class=\"gb-grid-wrapper gb-grid-wrapper-61a5a940 red-line-overflow\">\n<div class=\"gb-grid-column gb-grid-column-b3e310c4\"><div class=\"gb-container gb-container-b3e310c4\"><div class=\"gb-inside-container\"><\/div><\/div><\/div>\n\n<div class=\"gb-grid-column gb-grid-column-2fc51738\"><div class=\"gb-container gb-container-2fc51738 header-margin-bottom-parent\"><div class=\"gb-inside-container\">\n<div class=\"gb-container gb-container-2df7f4a7\"><div class=\"gb-inside-container\">\n\n<h2 class=\"header-underline-red wp-block-heading\"><strong>Warenlieferung in Rum\u00e4nien?<\/strong><br><strong><mark style=\"background-color:rgba(0, 0, 0, 0)\" class=\"has-inline-color has-red-exp-color\"><strong>Zolltarife<\/strong><\/mark><\/strong><\/h2>\n\n<\/div><\/div>\n\n<div class=\"gb-container gb-container-53173bbc\"><div class=\"gb-inside-container\">\n<div class=\"gb-container gb-container-df027109\"><div class=\"gb-inside-container\">\n\n<p>Rum\u00e4nien erhebt keine Einfuhrbeschr\u00e4nkungen oder Zollschranken. F\u00fcr den Import von pharmazeutischen, chemischen und sanit\u00e4ren Produkten sind Importlizenzen vorgeschrieben. Zus\u00e4tzlich zu den Vorschriften zur Bek\u00e4mpfung der Verschmutzung von G\u00fctern, die die Atmosph\u00e4re sch\u00e4digen k\u00f6nnten, gibt es Gesundheits- und Sicherheitsstandards. F\u00fcr die Einfuhr von Waren aus Pflanzen und Fabriken sind Pflanzengesundheitszeugnisse vorgeschrieben.<\/p>\n\n<\/div><\/div>\n\n<div class=\"gb-container gb-container-9a8c0ceb\"><div class=\"gb-inside-container\">\n\n<p>Seit dem EU-Beitritt Rum\u00e4niens sind die Z\u00f6lle abgeschafft worden. Durch die Erlangung des AEO-Status (Traded Economic Operator) k\u00f6nnen die Waren am Bestimmungsort entladen und als zollfrei behandelt werden.<\/p>\n\n<\/div><\/div>\n<\/div><\/div>\n\n<div class=\"gb-container gb-container-3ddff145\"><div class=\"gb-inside-container\">\n<div class=\"gb-container gb-container-7816fc64\"><div class=\"gb-inside-container\">\n<div class=\"gb-container gb-container-a9c937ca\"><div class=\"gb-inside-container\">\n\n<h2 class=\"header-underline-white wp-block-heading\"><strong>Was ist f\u00fcr den Import und Export aus Rum\u00e4nien verboten?<\/strong><\/h2>\n\n\n<div class=\"gb-container gb-container-b2191a2a\"><div class=\"gb-inside-container\">\n\n<p>Achten Sie darauf, dass Sie keine verbotenen Waren versenden. Die Liste der verbotenen Waren variiert je nach Spediteur (FedEx, UPS, TNT, DHL oder Aramex) und Land.<\/p>\n\n<\/div><\/div>\n<\/div><\/div>\n\n<div class=\"gb-container gb-container-4c990c48\"><div class=\"gb-inside-container\">\n\n<ul class=\"wp-block-list\">\n<li>Fossilien<\/li>\n\n\n\n<li>Antiquit\u00e4ten<\/li>\n\n\n\n<li>Narkotika<\/li>\n\n\n\n<li>Entz\u00fcndliches und explosives Produkt<\/li>\n\n\n\n<li>Toxische Substanzen<\/li>\n\n\n\n<li>Zivil- und Dienstwaffen<\/li>\n\n\n\n<li>Verderbliche Waren<\/li>\n\n\n\n<li>Elfenbein<\/li>\n\n\n\n<li>Pornografisches Material<\/li>\n\n\n\n<li>Menschliche Organe<\/li>\n\n\n\n<li>Menschliches Blut<\/li>\n<\/ul>\n\n<\/div><\/div>\n<\/div><\/div>\n\n<div class=\"gb-container gb-container-1692184d\"><div class=\"gb-inside-container\">\n\n<h2 class=\"header-underline-red wp-block-heading\"><strong>Express-Sendungen in Rum\u00e4nien<\/strong> <strong>machen<\/strong><br><strong><mark style=\"background-color:rgba(0, 0, 0, 0)\" class=\"has-inline-color has-red-exp-color\">Zerbrechliche G\u00fcter<\/mark><\/strong><\/h2>\n\n<\/div><\/div>\n\n<div class=\"gb-container gb-container-ae6e7327\"><div class=\"gb-inside-container\">\n\n<p>Wenn Sie m\u00f6chten, dass Ihre Waren sicher ankommen, denken Sie daran, sie gut zu sch\u00fctzen. Aus diesem Grund ist es wichtig, die Ware richtig zu verpacken, wenn Sie ein Paket von der Schweiz nach Rum\u00e4nien versenden. Wenn Sie zerbrechliche oder empfindliche Gegenst\u00e4nde versenden, verwenden Sie ausreichend Polstermaterial wie Zeitungen, Luftpolsterfolie oder Schaumstoffplatten.<\/p>\n\n\n<div class=\"gb-container gb-container-d6dfc286\"><div class=\"gb-inside-container\">\n\n<h2 class=\"header-underline-red delivery-delay wp-block-heading\"><strong>Lieferfristen<\/strong><\/h2>\n\n<\/div><\/div>\n\n<div class=\"gb-container gb-container-b7f28427\"><div class=\"gb-inside-container\">\n\n<p>Auf Expedismart.ch profitieren Sie von einem schnellen und einfachen T\u00fcr-zu-T\u00fcr-Versandservice. Je nach Sendung kann die Zollabfertigung jedoch l\u00e4nger dauern. Die letzten Pakete unserer Kunden wurden aus der Schweiz in die folgenden St\u00e4dte verschickt<strong>: Bukarest, Cluj-Napoca, Brasov und Sibiu.<\/strong><\/p>\n\n<\/div><\/div>\n<\/div><\/div>\n<\/div><\/div>\n\n<div class=\"gb-container gb-container-f8e550d6 holidays-of-countries\"><div class=\"gb-inside-container\">\n<div class=\"gb-container gb-container-eef283e4\"><div class=\"gb-inside-container\">\n\n<h2 class=\"header-underline-white wp-block-heading\"><strong>Abholungen und Lieferungen in Rum\u00e4nien<\/strong><br><strong><mark style=\"background-color:rgba(0, 0, 0, 0)\" class=\"has-inline-color has-red-exp-color\">Festliche Tage<\/mark><\/strong><\/h2>\n\n<\/div><\/div>\n\n<div class=\"gb-container gb-container-4d9aab56\"><div class=\"gb-inside-container\">\n\n<p>Wie in den meisten L\u00e4ndern, in denen die Anzahl der von den Unternehmen zugewiesenen Feiertage relativ gering ist, gibt es in Rum\u00e4nien viele Feiertage. Wenn Sie also ein Expresspaket in dieses Land versenden, achten Sie darauf, dass die Zustellung nicht an einem dieser Tage erfolgt.<\/p>\n\n<\/div><\/div>\n\n<div class=\"gb-container gb-container-fb43e401\"><div class=\"gb-inside-container\">\n<div class=\"gb-grid-wrapper gb-grid-wrapper-7b12cbc0\">\n<div class=\"gb-grid-column gb-grid-column-682b5c6e\"><div class=\"gb-container gb-container-682b5c6e ul-red-dots\"><div class=\"gb-inside-container\">\n\n<ul class=\"wp-block-list\">\n<li>1. Januar: Neujahrstag.<\/li>\n\n\n\n<li>24. Januar: Tag der Vereinigung von Moldawien und der Walachei. Gedenken an die Vereinigung der beiden Territorien am 24. Januar 1859.<\/li>\n\n\n\n<li>24. Februar: Dragobete. Feier des Valentinstages zu Ehren der Liebenden.<\/li>\n\n\n\n<li>1. M\u00e4rz: Martisor. Eine Feier, die das Kommen des Fr\u00fchlings ank\u00fcndigt.<\/li>\n<\/ul>\n\n<\/div><\/div><\/div>\n\n<div class=\"gb-grid-column gb-grid-column-ca64b596\"><div class=\"gb-container gb-container-ca64b596 ul-red-dots\"><div class=\"gb-inside-container\">\n\n<ul class=\"wp-block-list\">\n<li>1. Mai: Internationaler Tag der Arbeit.<\/li>\n\n\n\n<li>1. November: Allerheiligen.<\/li>\n\n\n\n<li>1. Dezember: Nationalfeiertag von Rum\u00e4nien. Gedenken an den 1. Dezember 1918, dem Tag der Unterzeichnung der Vereinigung aller rum\u00e4nischen Provinzen.<\/li>\n\n\n\n<li>25. Dezember: Weihnachten.<\/li>\n<\/ul>\n\n<\/div><\/div><\/div>\n<\/div>\n<\/div><\/div>\n<\/div><\/div>\n\n<div class=\"gb-container gb-container-285596a9\"><div class=\"gb-inside-container\">\n\n<h2 class=\"header-underline-red wp-block-heading\"><strong>Verfolgung von Expresspaketen nach Rum\u00e4nien<\/strong><br><strong><mark style=\"background-color:rgba(0, 0, 0, 0)\" class=\"has-inline-color has-red-exp-color\">Verfolgen Sie Ihre Sendung<\/mark><\/strong><\/h2>\n\n<\/div><\/div>\n\n<div class=\"gb-container gb-container-51af6782\"><div class=\"gb-inside-container\">\n\n<p>Wenn Sie bereits eine Sendung nach Rum\u00e4nien gemacht haben, nutzen Sie die&nbsp;<a rel=\"noreferrer noopener\" href=\"https:\/\/www.expedismart.ch\/pages\/de\/praktische-infos\/verfolgung\/tracking\/\" target=\"_blank\">Sendungsverfolgung<\/a>&nbsp;Ihrer Sendung nach Rum\u00e4nien auf Expedismart.ch.<\/p>\n\n\n<div class=\"gb-container gb-container-ad86e6d5\"><div class=\"gb-inside-container\">\n\n<p>Haben Sie eine Frage?&nbsp;<a href=\"https:\/\/www.expedismart.ch\/de\/contact\/\" target=\"_blank\" rel=\"noreferrer noopener\">Kontaktieren Sie Expedismart direkt.<\/a><\/p>\n\n<\/div><\/div>\n<\/div><\/div>\n<\/div><\/div><\/div>\n\n<div class=\"gb-grid-column gb-grid-column-51b8048d\"><div class=\"gb-container gb-container-51b8048d\"><div class=\"gb-inside-container\"><\/div><\/div><\/div>\n<\/div>\n\n\n<div class=\"wp-block-group alignfull margin-top:30px has-base-background-color has-background has-medium-font-size\"><div class=\"wp-block-group__inner-container is-layout-flow wp-block-group-is-layout-flow\"><div class=\"gb-button-wrapper gb-button-wrapper-385aab1f\">\n\n<a class=\"gb-button gb-button-a9cc083f gb-button-text special_red_button_gp\" href=\"\/de\/entdecken-sie-unsere-preise\/\" target=\"_blank\" rel=\"noopener noreferrer\" id=\"compare-prices-3\"><strong>Versenden Sie Ihre Pakete nach Rum\u00e4nien<\/strong><\/a>\n\n<\/div><\/div><\/div>\n","protected":false},"excerpt":{"rendered":"<p>Versenden Sie ein Paket nach Rum\u00e4nien mit einem Paketdienst wie DHL, FedEx oder UPS? Hier finden Sie alles, was Sie wissen m\u00fcssen.<\/p>\n","protected":false},"author":2,"featured_media":0,"parent":4389,"menu_order":0,"comment_status":"closed","ping_status":"closed","template":"","meta":{"_seopress_robots_primary_cat":"","_seopress_titles_title":"Wie versendet man ein Paket nach Rum\u00e4nien","_seopress_titles_desc":"Informationen in Sendungen. Erwartet bis zu 20 Pakete von jeweils 70 kg. Finden Sie den billigsten Tr\u00e4ger. Preise bereits ausgehandelt.","_seopress_robots_index":"","inline_featured_image":false,"footnotes":""},"class_list":["post-4051","page","type-page","status-publish"],"_links":{"self":[{"href":"https:\/\/www.expedismart.ch\/pages\/de\/wp-json\/wp\/v2\/pages\/4051","targetHints":{"allow":["GET"]}}],"collection":[{"href":"https:\/\/www.expedismart.ch\/pages\/de\/wp-json\/wp\/v2\/pages"}],"about":[{"href":"https:\/\/www.expedismart.ch\/pages\/de\/wp-json\/wp\/v2\/types\/page"}],"author":[{"embeddable":true,"href":"https:\/\/www.expedismart.ch\/pages\/de\/wp-json\/wp\/v2\/users\/2"}],"replies":[{"embeddable":true,"href":"https:\/\/www.expedismart.ch\/pages\/de\/wp-json\/wp\/v2\/comments?post=4051"}],"version-history":[{"count":3,"href":"https:\/\/www.expedismart.ch\/pages\/de\/wp-json\/wp\/v2\/pages\/4051\/revisions"}],"predecessor-version":[{"id":4377,"href":"https:\/\/www.expedismart.ch\/pages\/de\/wp-json\/wp\/v2\/pages\/4051\/revisions\/4377"}],"up":[{"embeddable":true,"href":"https:\/\/www.expedismart.ch\/pages\/de\/wp-json\/wp\/v2\/pages\/4389"}],"wp:attachment":[{"href":"https:\/\/www.expedismart.ch\/pages\/de\/wp-json\/wp\/v2\/media?parent=4051"}],"curies":[{"name":"wp","href":"https:\/\/api.w.org\/{rel}","templated":true}]}}