{"id":4015,"date":"2022-12-30T19:06:51","date_gmt":"2022-12-30T19:06:51","guid":{"rendered":"https:\/\/www.expedismart.ch\/pages\/?page_id=4015"},"modified":"2023-01-19T09:53:26","modified_gmt":"2023-01-19T09:53:26","slug":"peru","status":"publish","type":"page","link":"https:\/\/www.expedismart.ch\/pages\/de\/praktische-infos\/land\/peru\/","title":{"rendered":"Peru"},"content":{"rendered":"\n<h1 class=\"gb-headline gb-headline-e4f7b0a9 gb-headline-text\">Packet und Dokument, versand nach Peru<\/h1>\n\n\n<div class=\"gb-container gb-container-4ca4c369\"><div class=\"gb-inside-container\">\n\n<figure class=\"wp-block-image alignfull size-large is-style-default\"><img decoding=\"async\" width=\"1024\" height=\"227\" src=\"https:\/\/www.expedismart.ch\/pages\/wp-content\/uploads\/2022\/12\/Peru-1024x227.webp\" alt=\"Paketversand nach Peru g\u00fcnstiger als DHL\" class=\"wp-image-3986\" srcset=\"https:\/\/www.expedismart.ch\/pages\/wp-content\/uploads\/2022\/12\/Peru-1024x227.webp 1024w, https:\/\/www.expedismart.ch\/pages\/wp-content\/uploads\/2022\/12\/Peru-300x67.webp 300w, https:\/\/www.expedismart.ch\/pages\/wp-content\/uploads\/2022\/12\/Peru-768x170.webp 768w, https:\/\/www.expedismart.ch\/pages\/wp-content\/uploads\/2022\/12\/Peru-1536x341.webp 1536w, https:\/\/www.expedismart.ch\/pages\/wp-content\/uploads\/2022\/12\/Peru.webp 1920w\" sizes=\"(max-width: 1024px) 100vw, 1024px\" \/><\/figure>\n\n<\/div><\/div>\n\n<div class=\"gb-grid-wrapper gb-grid-wrapper-9335b011\">\n<div class=\"gb-grid-column gb-grid-column-124dd388\"><div class=\"gb-container gb-container-124dd388\"><div class=\"gb-inside-container\"><\/div><\/div><\/div>\n\n<div class=\"gb-grid-column gb-grid-column-b401532d\"><div class=\"gb-container gb-container-b401532d\"><div class=\"gb-inside-container\">\n\n<h2 class=\"header-underline-red wp-block-heading\"><strong><strong>Sie sind ein Unternehmen oder eine Einzelperson<\/strong><\/strong><br><strong>und Sie senden Pakete oder Dokumente nach Peru?<\/strong><\/h2>\n\n<\/div><\/div><\/div>\n\n<div class=\"gb-grid-column gb-grid-column-f718cc8e\"><div class=\"gb-container gb-container-f718cc8e\"><div class=\"gb-inside-container\"><\/div><\/div><\/div>\n<\/div>\n\n<div class=\"gb-grid-wrapper gb-grid-wrapper-7139b796\">\n<div class=\"gb-grid-column gb-grid-column-f16ee891\"><div class=\"gb-container gb-container-f16ee891\"><div class=\"gb-inside-container\"><\/div><\/div><\/div>\n\n<div class=\"gb-grid-column gb-grid-column-fa585d50\"><div class=\"gb-container gb-container-fa585d50\"><div class=\"gb-inside-container\">\n\n<p>Sie arbeiten in einem&nbsp;<strong>Unternehmen<\/strong>&nbsp;oder sind einfach eine<strong>&nbsp;Privatperson<\/strong>, die in der Schweiz lebt, und m\u00f6chten&nbsp;<strong>ein Paket nach Peru schicken<\/strong>? Sie sind sich nicht sicher, ob die beste M\u00f6glichkeit, ein Paket nach Peru zu schicken, die Post ist? Diese Frage stellen Sie sich zu Recht. Tats\u00e4chlich wird die peruanische Post laut dem Bericht des Weltpostvereins im Jahr 2021 als 88\u00e8me von 168 L\u00e4ndern eingestuft. Das bedeutet nicht, dass Ihr Paket nach Peru keine Chance hat, anzukommen, wenn Sie sich f\u00fcr die Postoption entscheiden, aber es ist besser, kein Risiko einzugehen.<\/p>\n\n\n<div class=\"gb-container gb-container-9e60513b\"><div class=\"gb-inside-container\">\n\n<p>Was ist die Alternative?<a href=\"https:\/\/www.expedismart.ch\/de\/entdecken-sie-unsere-preise\/\" target=\"_blank\" rel=\"noreferrer noopener\">&nbsp;Expedismart.ch<\/a>. Mit nur zwei Klicks k\u00f6nnen Sie die&nbsp;<strong>Preise f\u00fcr Sendungen nach Peru<\/strong>&nbsp;mit Expressanbietern wie DHL, FedEx, UPS, TNT, Aramex oder DPD<strong>&nbsp;vergleichen<\/strong>. Sie vergleichen auch die Lieferzeiten. Anschlie\u00dfend k\u00f6nnen Sie mit wenigen Klicks Ihre Sendung online buchen. Der Kurier des Transportunternehmens, das Sie f\u00fcr Ihren Paketversand nach Peru ausgew\u00e4hlt haben, wird zu der von Ihnen festgelegten Zeit bei Ihnen vorbeikommen.<\/p>\n\n<\/div><\/div>\n\n<div class=\"gb-container gb-container-b3c7dca0\"><div class=\"gb-inside-container\">\n\n<p>Auf&nbsp;<a href=\"https:\/\/www.expedismart.ch\/de\/entdecken-sie-unsere-preise\/\" target=\"_blank\" rel=\"noreferrer noopener\">expedismart.ch<\/a>&nbsp;<strong>profitieren Sie von Rabatten<\/strong>, die wir direkt mit unseren auf der Website vertretenen Partnerspediteuren ausgehandelt haben.&nbsp;<strong>Kleines Paket, gro\u00dfes Paket bis zu 70 kg<\/strong>, Sie haben die Wahl. Sie k\u00f6nnen bis zu 20 Pakete gleichzeitig nach Peru versenden.<\/p>\n\n<\/div><\/div>\n<\/div><\/div><\/div>\n\n<div class=\"gb-grid-column gb-grid-column-e373b842\"><div class=\"gb-container gb-container-e373b842\"><div class=\"gb-inside-container\"><\/div><\/div><\/div>\n<\/div>\n\n\n<div class=\"wp-block-group alignfull margin-top:30px button_link_exp has-base-background-color has-background has-medium-font-size\"><div class=\"wp-block-group__inner-container is-layout-flow wp-block-group-is-layout-flow\"><div class=\"gb-button-wrapper gb-button-wrapper-289f742d\">\n\n<a class=\"gb-button gb-button-c9f14dcb gb-button-text special_red_button_gp\" href=\"\/de\/entdecken-sie-unsere-preise\/\" target=\"_blank\" rel=\"noopener noreferrer\" id=\"compare-prices-1\"><strong>Vergleichen Sie die Preise f\u00fcr Sendungen nach Peru mit zwei Klicks.<\/strong><\/a>\n\n<\/div><\/div><\/div>\n\n\n<div class=\"gb-grid-wrapper gb-grid-wrapper-eb6a6c34\">\n<div class=\"gb-grid-column gb-grid-column-dc3bd0f4\"><div class=\"gb-container gb-container-dc3bd0f4\"><div class=\"gb-inside-container\"><\/div><\/div><\/div>\n\n<div class=\"gb-grid-column gb-grid-column-cc9e5cc3\"><div class=\"gb-container gb-container-cc9e5cc3\"><div class=\"gb-inside-container\">\n<div class=\"gb-container gb-container-82e4b234\"><div class=\"gb-inside-container\">\n\n<h2 class=\"header-underline-red wp-block-heading\"><strong>Zollbestimmungen Peru Paket <br><mark style=\"background-color:rgba(0, 0, 0, 0)\" class=\"has-inline-color has-red-exp-color\"><strong>Erforderliche Dokumente<\/strong><\/mark><\/strong><\/h2>\n\n<\/div><\/div>\n\n\n<p>F\u00fcr einen Paketversand nach Peru, wie in jedes andere Land auch, muss der Absender eine Reihe von Zolldokumenten vorlegen. In der Regel handelt es sich dabei um zwei Dokumente. Es kann nat\u00fcrlich sein, dass der peruanische Zoll zus\u00e4tzliche Dokumente verlangt, aber in der Regel braucht man: einen Frachtbrief, auch Versandschein oder Airway Bill genannt.<\/p>\n\n\n<div class=\"gb-container gb-container-3714b5f7\"><div class=\"gb-inside-container\">\n\n<p>Es gibt mehrere M\u00f6glichkeiten, dieses Dokument auszuf\u00fcllen. Manuell, wenn der Kurier vorbeikommt. Das k\u00f6nnen Sie tun, wenn Sie kein Konto bei dem Kurierdienst haben. Direkt auf der Website des Kuriers, aber deren Websites sind oft ziemlich kompliziert und die Gefahr, sich zu irren oder viel Zeit damit zu verbringen, ist gro\u00df. Letzte und einfachste M\u00f6glichkeit: Buchen Sie Ihre Sendung auf&nbsp;<a href=\"https:\/\/www.expedismart.ch\/de\/entdecken-sie-unsere-preise\/\" target=\"_blank\" rel=\"noreferrer noopener\">expedismart.ch.<\/a>&nbsp;Der<strong>&nbsp;Versandschein wird automatisch ausgef\u00fcll<\/strong>t und du erh\u00e4ltst ihn nach Abschluss deiner Sendung nach Peru als PDF-Datei.<\/p>\n\n<\/div><\/div>\n\n<div class=\"gb-container gb-container-4874d6dc\"><div class=\"gb-inside-container\">\n\n<p>Das zweite Dokument ist die<a href=\"https:\/\/www.expedismart.ch\/pages\/de\/praktische-infos\/technische-dokumentation\/proforma-rechnung\/\" target=\"_blank\" rel=\"noreferrer noopener\">&nbsp;Proforma-Rechnung oder Handelsrechnung<\/a>. Wenn Sie ein Schweizer Unternehmen sind und ein Paket nach Peru versenden, um Waren zu verkaufen, dann m\u00fcssen Sie eine Handelsrechnung ausf\u00fcllen. D<strong>ie Handelsrechnung dient dazu, den peruanischen Zollbeamten Informationen zu geben<\/strong>, insbesondere \u00fcber den Inhalt Ihres Pakets und den Wert der von Ihnen versandten Waren, um den Betrag der zu zahlenden Mehrwertsteuer festzulegen.<\/p>\n\n<\/div><\/div>\n\n<div class=\"gb-container gb-container-4e71e7f1\"><div class=\"gb-inside-container\">\n\n<p>Wenn Sie eine Privatperson sind und privat Waren nach Peru versenden, m\u00fcssen Sie eine&nbsp;<strong>Proforma-Rechnung ausf\u00fcllen<\/strong>, oder &#8222;pro forma&#8220;. Wie die Handelsrechnung dient sie dazu, den&nbsp;<strong>Zollbeamten den Inhalt Ihres Pakets mitzuteilen<\/strong>. Ihr Empf\u00e4nger muss auch die Mehrwertsteuer zahlen.<\/p>\n\n<\/div><\/div>\n<\/div><\/div><\/div>\n\n<div class=\"gb-grid-column gb-grid-column-d4e39d2d\"><div class=\"gb-container gb-container-d4e39d2d\"><div class=\"gb-inside-container\"><\/div><\/div><\/div>\n<\/div>\n\n<div class=\"gb-grid-wrapper gb-grid-wrapper-b28747bd\">\n<div class=\"gb-grid-column gb-grid-column-78d3f07a\"><div class=\"gb-container gb-container-78d3f07a\"><div class=\"gb-inside-container\"><\/div><\/div><\/div>\n\n<div class=\"gb-grid-column gb-grid-column-ed542513\"><div class=\"gb-container gb-container-ed542513\"><div class=\"gb-inside-container\">\n<div class=\"gb-grid-wrapper gb-grid-wrapper-45d58127 grid-gap\">\n<div class=\"gb-grid-column gb-grid-column-ada8d777\"><div class=\"gb-container gb-container-ada8d777 commercial-invoice ul-red-dots\"><div class=\"gb-inside-container\">\n<div class=\"gb-container gb-container-a88c0644\"><div class=\"gb-inside-container\">\n\n<h3 class=\"header-underline-white wp-block-heading\"><strong>Welche Informationen m\u00fcssen auf Proforma- oder Handelsrechnungen mit DHL Peru oder FedEx, UPS usw. enthalten sein ?<\/strong><\/h3>\n\n<\/div><\/div>\n\n\n<ul class=\"wp-block-list\">\n<li>Die vollst\u00e4ndige Adresse des Empf\u00e4ngers und des Absenders, mit E-Mail und Telefonnummern<\/li>\n\n\n\n<li>Die Umsatzsteuer-Identifikationsnummer f\u00fcr Handelsrechnungen (Verkauf von Waren)<\/li>\n\n\n\n<li>Wie viel Ihr Paket kostet und wie viele Produkte es enth\u00e4lt, mit dem Wert jedes Produkts<\/li>\n\n\n\n<li>Eventuell eine Kopie des Personalausweises des Empf\u00e4ngers, wenn der Empf\u00e4nger eine Privatperson ist<\/li>\n\n\n\n<li>Sie m\u00fcssen drei Kopien der Rechnungen haben und diese m\u00fcssen unterschrieben sein.<\/li>\n<\/ul>\n\n<\/div><\/div><\/div>\n\n<div class=\"gb-grid-column gb-grid-column-5efd30ed\"><div class=\"gb-container gb-container-5efd30ed check-list-red\"><div class=\"gb-inside-container\">\n<div class=\"gb-container gb-container-8d7fc0cb\"><div class=\"gb-inside-container\">\n\n<h3 class=\"header-underline-white-only wp-block-heading\"><strong><strong>CHECK-LISTE<\/strong><\/strong><\/h3>\n\n<\/div><\/div>\n\n\n<ul class=\"wp-block-list\">\n<li><strong>&nbsp;Vollst\u00e4ndige Postanschrift<\/strong><\/li>\n\n\n\n<li><strong>&nbsp;Proforma-Dokument<\/strong><\/li>\n\n\n\n<li><strong>&nbsp;Zollinhaltserkl\u00e4rung<\/strong><\/li>\n\n\n\n<li><strong>&nbsp;Keine verbotenen Waren<\/strong><\/li>\n<\/ul>\n\n<\/div><\/div><\/div>\n<\/div>\n<\/div><\/div><\/div>\n\n<div class=\"gb-grid-column gb-grid-column-a1c9fb29\"><div class=\"gb-container gb-container-a1c9fb29\"><div class=\"gb-inside-container\"><\/div><\/div><\/div>\n<\/div>\n\n\n<div class=\"wp-block-group alignfull margin-top:30px has-base-background-color has-background has-medium-font-size\"><div class=\"wp-block-group__inner-container is-layout-flow wp-block-group-is-layout-flow\"><div class=\"gb-button-wrapper gb-button-wrapper-e1aeeb32\">\n\n<a class=\"gb-button gb-button-9118eb2e gb-button-text special_red_button_gp\" href=\"\/de\/entdecken-sie-unsere-preise\/\" target=\"_blank\" rel=\"noopener noreferrer\" id=\"compare-prices-2\"><strong>Senden Sie ein Paket sicher nach Peru.<\/strong><\/a>\n\n<\/div><\/div><\/div>\n\n\n<div class=\"gb-grid-wrapper gb-grid-wrapper-61a5a940 red-line-overflow\">\n<div class=\"gb-grid-column gb-grid-column-b3e310c4\"><div class=\"gb-container gb-container-b3e310c4\"><div class=\"gb-inside-container\"><\/div><\/div><\/div>\n\n<div class=\"gb-grid-column gb-grid-column-2fc51738\"><div class=\"gb-container gb-container-2fc51738 header-margin-bottom-parent\"><div class=\"gb-inside-container\">\n<div class=\"gb-container gb-container-2df7f4a7\"><div class=\"gb-inside-container\">\n\n<h2 class=\"header-underline-red wp-block-heading\"><strong>Warenlieferung in Peru?<\/strong><br><strong><mark style=\"background-color:rgba(0, 0, 0, 0)\" class=\"has-inline-color has-red-exp-color\"><strong>Zolltarife<\/strong><\/mark><\/strong><\/h2>\n\n<\/div><\/div>\n\n<div class=\"gb-container gb-container-53173bbc\"><div class=\"gb-inside-container\">\n<div class=\"gb-container gb-container-df027109\"><div class=\"gb-inside-container\">\n\n<p>Unabh\u00e4ngig davon, welche Waren Sie nach Peru versenden, ob zum Verkauf oder nicht, muss Ihr Empf\u00e4nger eine Mehrwertsteuergeb\u00fchr zahlen, die von dem von Ihnen gew\u00e4hlten Transportunternehmen im Auftrag von Peru erhoben wird. Ob Sie nun mit DHL, FedEx, UPS, TNT, Aramex oder DPD versenden, die Mehrwertsteuergeb\u00fchren sind identisch. Nat\u00fcrlich variieren die Mehrwertsteuers\u00e4tze von Land zu Land, aber auch von Ware zu Ware.<\/p>\n\n<\/div><\/div>\n\n<div class=\"gb-container gb-container-9a8c0ceb\"><div class=\"gb-inside-container\">\n\n<p>In Peru k\u00f6nnen zus\u00e4tzlich zur&nbsp;<strong>Mehrwertsteuer, die 16 %<\/strong>&nbsp;betr\u00e4gt, auch&nbsp;<strong>noch Zollgeb\u00fchren<\/strong>&nbsp;anfallen. Je nach Art der Ware&nbsp;<strong>betragen sie 4 %, 6 % bzw. 11 %<\/strong>. Einige Waren sind davon befreit. Wir empfehlen Ihnen, sich zu erkundigen, zu welchem Satz Ihre Waren bei der Lieferung nach Peru besteuert werden.<\/p>\n\n<\/div><\/div>\n\n<div class=\"gb-container gb-container-0778ffd9\"><div class=\"gb-inside-container\">\n\n<p><strong>Wichtige Information<\/strong>: Solange die Zollgeb\u00fchren und die Mehrwertsteuer nicht bezahlt sind, werden Ihre Pakete nicht zugestellt. Denken Sie daran, den Empf\u00e4nger zu benachrichtigen, damit er die n\u00f6tige Summe bereithalten kann. Wenn Sie Ihr Paket bereits nach Peru geschickt haben und der Empf\u00e4nger in der Zwischenzeit nicht mehr bereit ist, diese Geb\u00fchren zu zahlen, bleiben Ihnen zwei M\u00f6glichkeiten.<\/p>\n\n<\/div><\/div>\n\n<div class=\"gb-container gb-container-1fbc44dd\"><div class=\"gb-inside-container\">\n\n<p>Entweder Sie bitten darum, diese Geb\u00fchren selbst zu bezahlen, wobei Sie wissen m\u00fcssen, dass ein Wechsel des&nbsp;<a href=\"https:\/\/www.expedismart.ch\/pages\/de\/praktische-infos\/zoll\/was-sind-incoterms\/\" target=\"_blank\" rel=\"noreferrer noopener\">Incoterms<\/a>&nbsp;Zeit kostet und die Lieferung um mehrere Tage verz\u00f6gert, oder Sie bitten um die R\u00fccksendung des Pakets. Achtung: Wenn Sie sich f\u00fcr letztere Option entscheiden, m\u00fcssen Sie auch die R\u00fccksendung des Pakets bezahlen, aber auch die nicht bezahlte Mehrwertsteuer in Peru sowie die Schweizer Mehrwertsteuer.<\/p>\n\n<\/div><\/div>\n<\/div><\/div>\n\n<div class=\"gb-container gb-container-3ddff145\"><div class=\"gb-inside-container\">\n<div class=\"gb-container gb-container-7816fc64\"><div class=\"gb-inside-container\">\n<div class=\"gb-container gb-container-a9c937ca\"><div class=\"gb-inside-container\">\n\n<h2 class=\"header-underline-white wp-block-heading\"><strong>Waren, die Sie nicht versenden d\u00fcrfen<\/strong><\/h2>\n\n\n<div class=\"gb-container gb-container-b2191a2a\"><div class=\"gb-inside-container\">\n\n<p>Hier ist eine nicht vollst\u00e4ndige Liste von Produkten, die Sie ohnehin nicht nach Peru schicken k\u00f6nnen:<\/p>\n\n<\/div><\/div>\n<\/div><\/div>\n\n<div class=\"gb-container gb-container-4c990c48\"><div class=\"gb-inside-container\">\n\n<ul class=\"wp-block-list\">\n<li>Artikel zur F\u00f6rderung von Produkten<\/li>\n\n\n\n<li>Produkte tierischen Ursprungs<\/li>\n\n\n\n<li>B\u00fccher<\/li>\n\n\n\n<li>Die Kalender<\/li>\n\n\n\n<li>Kataloge in Papierform<\/li>\n\n\n\n<li>K\u00e4se<\/li>\n\n\n\n<li>Chemikalien und andere Duftstoffe<\/li>\n\n\n\n<li>Computer und ihre Bestandteile<\/li>\n\n\n\n<li>\u00c4tzende Produkte<\/li>\n\n\n\n<li>Alle Kosmetikprodukte<\/li>\n\n\n\n<li>Kreditkarten<\/li>\n\n\n\n<li>Alle gef\u00e4hrlichen G\u00fcter (gem\u00e4\u00df der IATA-Liste)<\/li>\n\n\n\n<li>Alle Drogen<\/li>\n\n\n\n<li>Trockenes und feuchtes Eis<\/li>\n\n\n\n<li>Bargeld<\/li>\n\n\n\n<li>Medizinische Produkte<\/li>\n\n\n\n<li>Gifte<\/li>\n\n\n\n<li>Bestimmte Textilien<\/li>\n\n\n\n<li>Radioaktive Elemente<\/li>\n<\/ul>\n\n<\/div><\/div>\n\n\n<p>Die<strong>&nbsp;Liste ist nicht vollst\u00e4ndig<\/strong>. Wir empfehlen Ihnen, sich zu vergewissern, dass das Produkt bzw. die Produkte, die Sie nach Peru schicken m\u00f6chten, legal sind.<\/p>\n\n<\/div><\/div>\n\n<div class=\"gb-container gb-container-1692184d\"><div class=\"gb-inside-container\">\n\n<h2 class=\"header-underline-red wp-block-heading\"><strong>Express-Sendungen in Peru<\/strong> <strong>machen<\/strong><br><strong><mark style=\"background-color:rgba(0, 0, 0, 0)\" class=\"has-inline-color has-red-exp-color\">Zerbrechliche G\u00fcter<\/mark><\/strong><\/h2>\n\n<\/div><\/div>\n\n<div class=\"gb-container gb-container-ae6e7327\"><div class=\"gb-inside-container\">\n\n<p>Alle Spediteure, ob FedEx, UPS, DHL, Aramex oder DPD, alle k\u00fcmmern sich normalerweise um Ihre Pakete. Aber der Transport von zig Millionen Paketen pro Tag bringt nat\u00fcrlich auch Risiken f\u00fcr Ihre Ware mit sich. Wenn Sie also ein Paket nach Peru versenden, sollten Sie einige Informationen beachten. Das Wichtigste ist, dass Sie daf\u00fcr sorgen, dass sich Ihre Ware nicht vom Paket wegbewegt.<\/p>\n\n\n<div class=\"gb-container gb-container-bde1e095\"><div class=\"gb-inside-container\">\n\n<p>Das geht ganz einfach:<strong>&nbsp;F\u00fcllen Sie die L\u00fccken, die sich zwischen Ihrer Ware und dem Paket befinden<\/strong>. Verwenden Sie dazu alles, was Sie zur Hand haben: Zeitungspapier, Luftpolsterfolie, Sagex oder sogar Stoffreste. Wenn Sie mehr \u00fcber diesen Bereich erfahren m\u00f6chten, hat expedismart alles vorbereitet,<a href=\"https:\/\/www.expedismart.ch\/pages\/de\/praktische-infos\/ratschlage\/verpackung\/\" target=\"_blank\" rel=\"noreferrer noopener\">&nbsp;lesen Sie unseren Artikel zu diesem Thema<\/a>. Egal, ob Sie FedEx, UPS oder DHL w\u00e4hlen, markieren Sie Ihr Paket mit einem roten oder schwarzen Filzstift auf allen Seiten des Pakets mit &#8222;zerbrechlich&#8220;. Sie k\u00f6nnen sogar Etiketten auf jede Kante kleben.<\/p>\n\n<\/div><\/div>\n\n<div class=\"gb-container gb-container-d6dfc286\"><div class=\"gb-inside-container\">\n\n<h2 class=\"header-underline-red delivery-delay wp-block-heading\"><strong>Lieferfristen<\/strong><\/h2>\n\n<\/div><\/div>\n\n<div class=\"gb-container gb-container-b7f28427\"><div class=\"gb-inside-container\">\n\n<p>Die Lieferzeit h\u00e4ngt von mehreren Faktoren ab. Zun\u00e4chst einmal von der Serviceart des Transportunternehmens, das Sie auf expedismart.ch ausw\u00e4hlen. Ob FedEx, UPS, DHL oder TNT, jeder bietet einen mehr oder weniger schnellen Service an. Aus diesem Grund werden Sie beim Vergleich unterschiedliche Dienste sehen. Beachten Sie jedoch, dass seit der COVID-19-Pandemie<strong>&nbsp;kein Versandunternehmen eine Garantie f\u00fcr die Lieferzeit gibt<\/strong>. Das bedeutet, dass die Zeitangaben nur Richtwerte sind und dass es nicht m\u00f6glich ist, eine R\u00fcckerstattung zu verlangen, wenn das Paket zu sp\u00e4t geliefert wird. In der Regel versenden unsere Nutzer in die folgenden St\u00e4dte in Peru: Lima, Cuzco und Arequipa.<\/p>\n\n<\/div><\/div>\n<\/div><\/div>\n<\/div><\/div>\n\n<div class=\"gb-container gb-container-f8e550d6 holidays-of-countries\"><div class=\"gb-inside-container\">\n<div class=\"gb-container gb-container-eef283e4\"><div class=\"gb-inside-container\">\n\n<h2 class=\"header-underline-white wp-block-heading\"><strong>Abholungen und Lieferungen in Peru<\/strong><br><strong><mark style=\"background-color:rgba(0, 0, 0, 0)\" class=\"has-inline-color has-red-exp-color\">Festliche Tage<\/mark><\/strong><\/h2>\n\n<\/div><\/div>\n\n<div class=\"gb-container gb-container-4d9aab56\"><div class=\"gb-inside-container\">\n\n<p>Beachten Sie, dass die<strong>&nbsp;Spediteure nur an Werktagen liefern<\/strong>, also nicht am Wochenende oder an Feiertagen. Ber\u00fccksichtigen Sie, dass Ihr Paket, wenn es an einem Feiertag zugestellt werden muss, am n\u00e4chsten Werktag zugestellt wird. Hier sind die Feiertage in Peru :<\/p>\n\n<\/div><\/div>\n\n<div class=\"gb-container gb-container-fb43e401\"><div class=\"gb-inside-container\">\n<div class=\"gb-grid-wrapper gb-grid-wrapper-7b12cbc0\">\n<div class=\"gb-grid-column gb-grid-column-682b5c6e\"><div class=\"gb-container gb-container-682b5c6e ul-red-dots\"><div class=\"gb-inside-container\">\n\n<ul class=\"wp-block-list\">\n<li>1er Januar, Neujahrstage<\/li>\n\n\n\n<li>Am Gr\u00fcndonnerstag<\/li>\n\n\n\n<li>Karfreitag (Ostern)<\/li>\n\n\n\n<li>1er Mai, Tag der Arbeit<\/li>\n\n\n\n<li>Heiligkeit von Peter und Paul, 29. Juni<\/li>\n\n\n\n<li>Der Unabh\u00e4ngigkeitstag von Peru, 28. Juli<\/li>\n\n\n\n<li>Der Tag der Milit\u00e4rparade in Peru, 29. Juli<\/li>\n<\/ul>\n\n<\/div><\/div><\/div>\n\n<div class=\"gb-grid-column gb-grid-column-ca64b596\"><div class=\"gb-container gb-container-ca64b596 ul-red-dots\"><div class=\"gb-inside-container\">\n\n<ul class=\"wp-block-list\">\n<li>Das Fest des Heiligen Rosa von Lima am 30. August<\/li>\n\n\n\n<li>Die Feier der Schlacht von Angamos, 8. Oktober<\/li>\n\n\n\n<li>Reformationstag, 31. Oktober<\/li>\n\n\n\n<li>Allerheiligen, 1er November<\/li>\n\n\n\n<li>Das Fest der unbefleckten Empf\u00e4ngnis, 8. Dezember<\/li>\n\n\n\n<li>Weihnachten, 25. Dezember<\/li>\n<\/ul>\n\n<\/div><\/div><\/div>\n<\/div>\n<\/div><\/div>\n<\/div><\/div>\n\n<div class=\"gb-container gb-container-285596a9\"><div class=\"gb-inside-container\">\n\n<h2 class=\"header-underline-red wp-block-heading\"><strong>Verfolgung von Expresspaketen nach Peru<\/strong><br><strong><mark style=\"background-color:rgba(0, 0, 0, 0)\" class=\"has-inline-color has-red-exp-color\">Verfolgen Sie Ihre Sendung<\/mark><\/strong><\/h2>\n\n<\/div><\/div>\n\n<div class=\"gb-container gb-container-51af6782\"><div class=\"gb-inside-container\">\n\n<p>Die Versandunternehmen UPS, FedEx, DHL oder Aramex bieten eine Sendungsverfolgung an, nutzen Sie diese M\u00f6glichkeit! Manchmal verlangen die Spediteure bestimmte Informationen von Ihnen, damit Ihr Paket so schnell wie m\u00f6glich zugestellt werden kann, wir empfehlen Ihnen, von Zeit zu Zeit einen Blick darauf zu werfen. Ansonsten machen wir auf expedismart.ch dies f\u00fcr Sie die Verfolgung Ihrer Sendungen. Erfahren Sie mehr \u00fcber Tracking, indem Sie&nbsp;<a href=\"https:\/\/www.expedismart.ch\/pages\/de\/praktische-infos\/verfolgung\/tracking\/\" target=\"_blank\" rel=\"noreferrer noopener\">unseren Artikel lesen<\/a>, oder&nbsp;<a href=\"https:\/\/www.expedismart.ch\/de\/contact\/\" target=\"_blank\" rel=\"noreferrer noopener\">kontaktieren Sie uns<\/a>, um mehr zu erfahren.<\/p>\n\n<\/div><\/div>\n<\/div><\/div><\/div>\n\n<div class=\"gb-grid-column gb-grid-column-51b8048d\"><div class=\"gb-container gb-container-51b8048d\"><div class=\"gb-inside-container\"><\/div><\/div><\/div>\n<\/div>\n\n\n<div class=\"wp-block-group alignfull margin-top:30px has-base-background-color has-background has-medium-font-size\"><div class=\"wp-block-group__inner-container is-layout-flow wp-block-group-is-layout-flow\"><div class=\"gb-button-wrapper gb-button-wrapper-385aab1f\">\n\n<a class=\"gb-button gb-button-a9cc083f gb-button-text special_red_button_gp\" href=\"\/de\/entdecken-sie-unsere-preise\/\" target=\"_blank\" rel=\"noopener noreferrer\" id=\"compare-prices-3\"><strong>Versenden Sie Ihre Pakete sicher nach Peru mit Expedismart<\/strong><\/a>\n\n<\/div><\/div><\/div>\n","protected":false},"excerpt":{"rendered":"<p>Packet und Dokument, versand nach Peru<\/p>\n","protected":false},"author":2,"featured_media":0,"parent":4389,"menu_order":0,"comment_status":"closed","ping_status":"closed","template":"","meta":{"_seopress_robots_primary_cat":"","_seopress_titles_title":"Wie versendet man ein Paket nach Peru ","_seopress_titles_desc":"Paket nach Peru schicken. Holen Sie sich ein Angebot online mit FedEx, UPS, TNT oder Aramex. Ausgehandelte Tarife f\u00fcr g\u00fcnstige Pakete nach Peru","_seopress_robots_index":"","inline_featured_image":false,"footnotes":""},"class_list":["post-4015","page","type-page","status-publish"],"_links":{"self":[{"href":"https:\/\/www.expedismart.ch\/pages\/de\/wp-json\/wp\/v2\/pages\/4015","targetHints":{"allow":["GET"]}}],"collection":[{"href":"https:\/\/www.expedismart.ch\/pages\/de\/wp-json\/wp\/v2\/pages"}],"about":[{"href":"https:\/\/www.expedismart.ch\/pages\/de\/wp-json\/wp\/v2\/types\/page"}],"author":[{"embeddable":true,"href":"https:\/\/www.expedismart.ch\/pages\/de\/wp-json\/wp\/v2\/users\/2"}],"replies":[{"embeddable":true,"href":"https:\/\/www.expedismart.ch\/pages\/de\/wp-json\/wp\/v2\/comments?post=4015"}],"version-history":[{"count":5,"href":"https:\/\/www.expedismart.ch\/pages\/de\/wp-json\/wp\/v2\/pages\/4015\/revisions"}],"predecessor-version":[{"id":5254,"href":"https:\/\/www.expedismart.ch\/pages\/de\/wp-json\/wp\/v2\/pages\/4015\/revisions\/5254"}],"up":[{"embeddable":true,"href":"https:\/\/www.expedismart.ch\/pages\/de\/wp-json\/wp\/v2\/pages\/4389"}],"wp:attachment":[{"href":"https:\/\/www.expedismart.ch\/pages\/de\/wp-json\/wp\/v2\/media?parent=4015"}],"curies":[{"name":"wp","href":"https:\/\/api.w.org\/{rel}","templated":true}]}}