{"id":4011,"date":"2022-12-30T18:56:39","date_gmt":"2022-12-30T18:56:39","guid":{"rendered":"https:\/\/www.expedismart.ch\/pages\/?page_id=4011"},"modified":"2023-01-19T10:35:30","modified_gmt":"2023-01-19T10:35:30","slug":"die-niederlande","status":"publish","type":"page","link":"https:\/\/www.expedismart.ch\/pages\/de\/praktische-infos\/land\/die-niederlande\/","title":{"rendered":"Die Niederlande"},"content":{"rendered":"\n<h1 class=\"gb-headline gb-headline-e4f7b0a9 gb-headline-text\">Versand ein Paket nach Holland<\/h1>\n\n\n<div class=\"gb-container gb-container-4ca4c369\"><div class=\"gb-inside-container\">\n\n<figure class=\"wp-block-image alignfull size-large is-style-default\"><img decoding=\"async\" width=\"1024\" height=\"227\" src=\"https:\/\/www.expedismart.ch\/pages\/wp-content\/uploads\/2022\/12\/Netherlands-1024x227.webp\" alt=\"Alles, was Sie \u00fcber Paketversendungen in die Niederlande wissen m\u00fcssen\" class=\"wp-image-3983\" srcset=\"https:\/\/www.expedismart.ch\/pages\/wp-content\/uploads\/2022\/12\/Netherlands-1024x227.webp 1024w, https:\/\/www.expedismart.ch\/pages\/wp-content\/uploads\/2022\/12\/Netherlands-300x67.webp 300w, https:\/\/www.expedismart.ch\/pages\/wp-content\/uploads\/2022\/12\/Netherlands-768x170.webp 768w, https:\/\/www.expedismart.ch\/pages\/wp-content\/uploads\/2022\/12\/Netherlands-1536x341.webp 1536w, https:\/\/www.expedismart.ch\/pages\/wp-content\/uploads\/2022\/12\/Netherlands.webp 1920w\" sizes=\"(max-width: 1024px) 100vw, 1024px\" \/><\/figure>\n\n<\/div><\/div>\n\n<div class=\"gb-grid-wrapper gb-grid-wrapper-9335b011\">\n<div class=\"gb-grid-column gb-grid-column-124dd388\"><div class=\"gb-container gb-container-124dd388\"><div class=\"gb-inside-container\"><\/div><\/div><\/div>\n\n<div class=\"gb-grid-column gb-grid-column-b401532d\"><div class=\"gb-container gb-container-b401532d\"><div class=\"gb-inside-container\">\n\n<h2 class=\"header-underline-red wp-block-heading\"><strong><strong>Sie sind ein Unternehmen oder eine Einzelperson<\/strong><\/strong><br><strong>und Sie senden Pakete oder Dokumente in die Niederlande?<\/strong><\/h2>\n\n<\/div><\/div><\/div>\n\n<div class=\"gb-grid-column gb-grid-column-f718cc8e\"><div class=\"gb-container gb-container-f718cc8e\"><div class=\"gb-inside-container\"><\/div><\/div><\/div>\n<\/div>\n\n<div class=\"gb-grid-wrapper gb-grid-wrapper-7139b796\">\n<div class=\"gb-grid-column gb-grid-column-f16ee891\"><div class=\"gb-container gb-container-f16ee891\"><div class=\"gb-inside-container\"><\/div><\/div><\/div>\n\n<div class=\"gb-grid-column gb-grid-column-fa585d50\"><div class=\"gb-container gb-container-fa585d50\"><div class=\"gb-inside-container\">\n\n<p>Wenn Sie ein\u00a0<strong>Schweizer KMU<\/strong>\u00a0oder eine\u00a0<strong>Privatperson<\/strong>\u00a0sind und regelm\u00e4ssig oder gelegentlich Waren oder Dokumente in die Niederlande versenden, probieren Sie unseren Versandvergleichswarenkorb aus und erhalten Sie die besten Preise von professionellen Spediteuren wie DHL, FedEx, UPS oder TNT. Auf<a href=\"https:\/\/www.expedismart.ch\/de\/entdecken-sie-unsere-preise\/\" target=\"_blank\" rel=\"noreferrer noopener\">\u00a0Expedismart.ch<\/a>\u00a0haben wir dank der Vereinbarungen, die wir mit unseren Partnerspediteuren FedEx, UPS, TNT und Aramex ausgehandelt haben,\u00a0<strong>Rabatte von bis zu -70% auf den \u00f6ffentlichen Preisen<\/strong>\u00a0?\u00a0<a href=\"https:\/\/www.expedismart.ch\/de\/user\/register\/\" target=\"_blank\" rel=\"noreferrer noopener\">Er\u00f6ffnen Sie in einer Minute ein kostenloses Konto<\/a>\u00a0und buchen Sie Ihre schnelle Sendung von der Schweiz in die Niederlande.<\/p>\n\n<\/div><\/div><\/div>\n\n<div class=\"gb-grid-column gb-grid-column-e373b842\"><div class=\"gb-container gb-container-e373b842\"><div class=\"gb-inside-container\"><\/div><\/div><\/div>\n<\/div>\n\n\n<div class=\"wp-block-group alignfull margin-top:30px button_link_exp has-base-background-color has-background has-medium-font-size\"><div class=\"wp-block-group__inner-container is-layout-flow wp-block-group-is-layout-flow\"><div class=\"gb-button-wrapper gb-button-wrapper-289f742d\">\n\n<a class=\"gb-button gb-button-c9f14dcb gb-button-text special_red_button_gp\" href=\"\/de\/entdecken-sie-unsere-preise\/\" target=\"_blank\" rel=\"noopener noreferrer\" id=\"compare-prices-1\"><strong>Ein Paket in die Niederlande schicken<\/strong><\/a>\n\n<\/div><\/div><\/div>\n\n\n<div class=\"gb-grid-wrapper gb-grid-wrapper-eb6a6c34\">\n<div class=\"gb-grid-column gb-grid-column-dc3bd0f4\"><div class=\"gb-container gb-container-dc3bd0f4\"><div class=\"gb-inside-container\"><\/div><\/div><\/div>\n\n<div class=\"gb-grid-column gb-grid-column-cc9e5cc3\"><div class=\"gb-container gb-container-cc9e5cc3\"><div class=\"gb-inside-container\">\n<div class=\"gb-container gb-container-82e4b234\"><div class=\"gb-inside-container\">\n\n<h2 class=\"header-underline-red wp-block-heading\"><strong><strong>Zollformalit\u00e4ten die Niederlande<\/strong><\/strong><br><strong><mark style=\"background-color:rgba(0, 0, 0, 0)\" class=\"has-inline-color has-red-exp-color\"><strong>Erforderliche Dokumente<\/strong><\/mark><\/strong><\/h2>\n\n<\/div><\/div>\n\n\n<p>F\u00fcgen Sie die&nbsp;<a href=\"https:\/\/www.expedismart.ch\/pages\/de\/praktische-infos\/technische-dokumentation\/proforma-rechnung\/\" target=\"_blank\" rel=\"noreferrer noopener\">Proforma-Rechnung<\/a>&nbsp;(automatisch von Expedismart.ch generiert) bei, um ein Paket von der Schweiz in die Niederlande zu senden, um dem niederl\u00e4ndischen Zoll den Inhalt Ihres Pakets anzuzeigen. Sie m\u00fcssen mit Wartezeiten rechnen, da Ihre Waren vom Zoll vor Ort kontrolliert werden. F\u00fcr Ihre<strong>&nbsp;wertvollen G\u00fcter<\/strong>&nbsp;k\u00f6nnen Sie eine<strong>&nbsp;Paketversicherung<\/strong>&nbsp;abschliessen. Wenn Sie die Waren, die Sie aus der Schweiz in die Niederlande versenden, verkaufen, m\u00fcssen Sie eine&nbsp;<strong>Handelsrechnung<\/strong>&nbsp;vorlegen, die Sie selbst erstellen k\u00f6nnen oder die automatisch ausgef\u00fcllt wird, wenn Sie Ihre Sendung \u00fcber Expedismart.ch buchen. Vergleichen Sie auf unserer Website und senden Sie ein Paket von der Schweiz in die Niederlande zum g\u00fcnstigsten Preis. W\u00e4hlen Sie mit wenigen Klicks den Spediteur (DHL, FedEx, UPS, Aramex oder TNT), der Ihr Dokument oder Paket bei Ihnen zu Hause abholt und schnell in die Niederlande versendet.<\/p>\n\n<\/div><\/div><\/div>\n\n<div class=\"gb-grid-column gb-grid-column-d4e39d2d\"><div class=\"gb-container gb-container-d4e39d2d\"><div class=\"gb-inside-container\"><\/div><\/div><\/div>\n<\/div>\n\n<div class=\"gb-grid-wrapper gb-grid-wrapper-b28747bd\">\n<div class=\"gb-grid-column gb-grid-column-78d3f07a\"><div class=\"gb-container gb-container-78d3f07a\"><div class=\"gb-inside-container\"><\/div><\/div><\/div>\n\n<div class=\"gb-grid-column gb-grid-column-ed542513\"><div class=\"gb-container gb-container-ed542513\"><div class=\"gb-inside-container\">\n<div class=\"gb-grid-wrapper gb-grid-wrapper-45d58127 grid-gap\">\n<div class=\"gb-grid-column gb-grid-column-ada8d777\"><div class=\"gb-container gb-container-ada8d777 commercial-invoice ul-red-dots\"><div class=\"gb-inside-container\">\n<div class=\"gb-container gb-container-a88c0644\"><div class=\"gb-inside-container\">\n\n<h3 class=\"header-underline-white wp-block-heading\"><strong>Wichtige Informationen, die Sie auf Ihrer Pro-forma- oder Handelsrechnung f\u00fcr eine Versand nach Niederlande <\/strong><\/h3>\n\n<\/div><\/div>\n\n\n<ul class=\"wp-block-list\">\n<li>&nbsp;Die vollst\u00e4ndige Adresse des Absenders (Sie) und des Empf\u00e4ngers ist sehr wichtig.<\/li>\n\n\n\n<li>&nbsp;Beschreiben Sie genau die Waren, die Anzahl der Packst\u00fccke und den Wert der Waren in CHF<\/li>\n\n\n\n<li>&nbsp;Sie m\u00fcssen die Umsatzsteuernummer angeben, wenn der Empf\u00e4nger eine Firma ist.<\/li>\n\n\n\n<li>&nbsp;Unterschreiben und datieren Sie die Rechnung<\/li>\n\n\n\n<li>Schreiben Sie die Pro-forma-Rechnung entweder in Englisch oder in der Sprache des Ziellandes.<\/li>\n<\/ul>\n\n<\/div><\/div><\/div>\n\n<div class=\"gb-grid-column gb-grid-column-5efd30ed\"><div class=\"gb-container gb-container-5efd30ed check-list-red\"><div class=\"gb-inside-container\">\n<div class=\"gb-container gb-container-8d7fc0cb\"><div class=\"gb-inside-container\">\n\n<h3 class=\"header-underline-white-only wp-block-heading\"><strong><strong>CHECK-LISTE<\/strong><\/strong><\/h3>\n\n<\/div><\/div>\n\n\n<ul class=\"wp-block-list\">\n<li><strong>&nbsp;Vollst\u00e4ndige Postanschrift<\/strong><\/li>\n\n\n\n<li><strong>&nbsp;Proforma-Dokument<\/strong><\/li>\n\n\n\n<li><strong>&nbsp;Zollinhaltserkl\u00e4rung<\/strong><\/li>\n\n\n\n<li><strong>&nbsp;Keine verbotenen Waren<\/strong><\/li>\n<\/ul>\n\n<\/div><\/div><\/div>\n<\/div>\n<\/div><\/div><\/div>\n\n<div class=\"gb-grid-column gb-grid-column-a1c9fb29\"><div class=\"gb-container gb-container-a1c9fb29\"><div class=\"gb-inside-container\"><\/div><\/div><\/div>\n<\/div>\n\n\n<div class=\"wp-block-group alignfull margin-top:30px has-base-background-color has-background has-medium-font-size\"><div class=\"wp-block-group__inner-container is-layout-flow wp-block-group-is-layout-flow\"><div class=\"gb-button-wrapper gb-button-wrapper-e1aeeb32\">\n\n<a class=\"gb-button gb-button-9118eb2e gb-button-text special_red_button_gp\" href=\"\/de\/entdecken-sie-unsere-preise\/\" target=\"_blank\" rel=\"noopener noreferrer\" id=\"compare-prices-2\"><strong>Vergleichen Sie die Preise f\u00fcr Sendungen in die Niederlande<\/strong><\/a>\n\n<\/div><\/div><\/div>\n\n\n<div class=\"gb-grid-wrapper gb-grid-wrapper-61a5a940 red-line-overflow\">\n<div class=\"gb-grid-column gb-grid-column-b3e310c4\"><div class=\"gb-container gb-container-b3e310c4\"><div class=\"gb-inside-container\"><\/div><\/div><\/div>\n\n<div class=\"gb-grid-column gb-grid-column-2fc51738\"><div class=\"gb-container gb-container-2fc51738 header-margin-bottom-parent\"><div class=\"gb-inside-container\">\n<div class=\"gb-container gb-container-2df7f4a7\"><div class=\"gb-inside-container\">\n\n<h2 class=\"header-underline-red wp-block-heading\"><strong>Warenlieferung in den Niederlanden?<\/strong><br><strong><mark style=\"background-color:rgba(0, 0, 0, 0)\" class=\"has-inline-color has-red-exp-color\"><strong>Zolltarife<\/strong><\/mark><\/strong><\/h2>\n\n<\/div><\/div>\n\n<div class=\"gb-container gb-container-53173bbc\"><div class=\"gb-inside-container\">\n<div class=\"gb-container gb-container-df027109\"><div class=\"gb-inside-container\">\n\n<p>Die EU kontrolliert auch einen gewissen Umfang des Handels innerhalb ihrer Grenzen. Sie m\u00fcssen die&nbsp;<strong>Proforma-Rechnung<\/strong>&nbsp;f\u00fcr eine Paketsendung in die Niederlande beif\u00fcgen, unabh\u00e4ngig davon, ob es sich um eine Import- oder Exportsendung handelt. Die Proforma-Rechnung teilt dem niederl\u00e4ndischen Zoll den Inhalt Ihres Pakets mit und wird automatisch von Expedismart.ch generiert. Als Mitglied der Europ\u00e4ischen Union haben die Niederlande mit&nbsp;<strong>4,17%<\/strong>&nbsp;einen der niedrigsten Zollgeb\u00fchren.<\/p>\n\n<\/div><\/div>\n\n<div class=\"gb-container gb-container-9a8c0ceb\"><div class=\"gb-inside-container\">\n\n<p><strong><strong>Beschr\u00e4nkungen und Mehrwertsteuers\u00e4tze auf niederl\u00e4ndische Z\u00f6lle<\/strong><\/strong><\/p>\n\n<\/div><\/div>\n\n<div class=\"gb-container gb-container-0778ffd9\"><div class=\"gb-inside-container\">\n\n<p>Die Beschr\u00e4nkungen f\u00fcr landwirtschaftliche Produkte wurden nach der Schaffung der&nbsp;<strong>Gemeinsamen Agrarpolitik (GAP)<\/strong>&nbsp;eingef\u00fchrt. Um die Entwicklung der Landwirtschaft in der EU zu f\u00f6rdern, wird die GAP auf landwirtschaftliche Produkte angewandt. Die GAP entsch\u00e4digt f\u00fcr die Kosten des Imports und Exports landwirtschaftlicher Produkte. F\u00fcr&nbsp;<strong>Grundbed\u00fcrfnisse<\/strong>&nbsp;wie Lebensmittel und Medikamente etc. gilt der Satz von<strong>&nbsp;6%<\/strong>. F\u00fcr die meisten Waren gilt der allgemeine oder&nbsp;<strong>Normalsatz von 21%<\/strong>.<strong>&nbsp;F\u00fcr Exporte gilt kein Satz.<\/strong><\/p>\n\n<\/div><\/div>\n<\/div><\/div>\n\n<div class=\"gb-container gb-container-3ddff145\"><div class=\"gb-inside-container\">\n<div class=\"gb-container gb-container-7816fc64\"><div class=\"gb-inside-container\">\n<div class=\"gb-container gb-container-a9c937ca\"><div class=\"gb-inside-container\">\n\n<h2 class=\"header-underline-white wp-block-heading\"><strong>Was darf in einem DHL Paket nach Niederlande oder mit anderen Expressdienstleistern nicht importiert werden?<\/strong><\/h2>\n\n\n<div class=\"gb-container gb-container-b2191a2a\"><div class=\"gb-inside-container\">\n\n<p>Stellen Sie sicher, dass Sie keine&nbsp;<strong>verbotenen G\u00fcter<\/strong>&nbsp;in Paketen in die Niederlande schicken. Diese Liste variiert je nach Spediteur (FedEx, UPS, TNT, DHL oder Aramex) und Land.<\/p>\n\n<\/div><\/div>\n<\/div><\/div>\n\n<div class=\"gb-container gb-container-4c990c48\"><div class=\"gb-inside-container\">\n\n<ul class=\"wp-block-list\">\n<li>Pelz<\/li>\n\n\n\n<li>Asbest<\/li>\n\n\n\n<li>Antiquit\u00e4ten<\/li>\n\n\n\n<li>Entz\u00fcndbares und explosives Produkt<\/li>\n\n\n\n<li>Giftige Substanzen<\/li>\n\n\n\n<li>Zivil- und Dienstwaffen<\/li>\n\n\n\n<li>Verderbliche Waren<\/li>\n\n\n\n<li>Elfenbein<\/li>\n\n\n\n<li>Pornographisches Material<\/li>\n\n\n\n<li>Menschliche Organe und Blut<\/li>\n<\/ul>\n\n<\/div><\/div>\n\n\n<p>* Diese Liste unterliegt \u00c4nderungen und kann durch das Bestimmungsland oder den Bef\u00f6rderer ge\u00e4ndert werden.<\/p>\n\n<\/div><\/div>\n\n<div class=\"gb-container gb-container-1692184d\"><div class=\"gb-inside-container\">\n\n<h2 class=\"header-underline-red wp-block-heading\"><strong>Express-Sendungen in den Niederlanden machen<\/strong><br><strong><mark style=\"background-color:rgba(0, 0, 0, 0)\" class=\"has-inline-color has-red-exp-color\">Zerbrechliche G\u00fcter<\/mark><\/strong><\/h2>\n\n<\/div><\/div>\n\n<div class=\"gb-container gb-container-ae6e7327\"><div class=\"gb-inside-container\">\n\n<p>Es ist wichtig,&nbsp;<a href=\"https:\/\/www.expedismart.ch\/pages\/de\/praktische-infos\/ratschlage\/verpackung\/\" target=\"_blank\" rel=\"noreferrer noopener\">Waren richtig zu verpacken<\/a>, um Ihre Waren zu sch\u00fctzen. Wenn Sie&nbsp;<strong>zerbrechliche oder empfindliche Gegenst\u00e4nde<\/strong>&nbsp;versenden, verwenden Sie deshalb ausreichend Polstermaterial wie Zeitungen, Luftpolsterfolie oder Schaumstoffplatten.<\/p>\n\n\n<div class=\"gb-container gb-container-d6dfc286\"><div class=\"gb-inside-container\">\n\n<h2 class=\"header-underline-red delivery-delay wp-block-heading\"><strong>Lieferfristen<\/strong><\/h2>\n\n<\/div><\/div>\n\n<div class=\"gb-container gb-container-b7f28427\"><div class=\"gb-inside-container\">\n\n<p>Profitieren Sie von einem schnellen und einfachen<strong>&nbsp;Haus-zu-Haus-Versandservice<\/strong>&nbsp;in den Niederlanden. Je nach Sendung kann die Zollabfertigung jedoch l\u00e4nger dauern. Die beliebtesten Versandziele f\u00fcr unsere Kunden sind :&nbsp;<strong>Amsterdam, Rotterdam, Den Haag, Utrecht und Eindhoven.<\/strong><\/p>\n\n<\/div><\/div>\n<\/div><\/div>\n<\/div><\/div>\n\n<div class=\"gb-container gb-container-f8e550d6 holidays-of-countries\"><div class=\"gb-inside-container\">\n<div class=\"gb-container gb-container-eef283e4\"><div class=\"gb-inside-container\">\n\n<h2 class=\"header-underline-white wp-block-heading\"><strong>Abholungen und Lieferungen in den Niederlanden<\/strong><br><strong><mark style=\"background-color:rgba(0, 0, 0, 0)\" class=\"has-inline-color has-red-exp-color\">Festliche Tage<\/mark><\/strong><\/h2>\n\n<\/div><\/div>\n\n<div class=\"gb-container gb-container-4d9aab56\"><div class=\"gb-inside-container\">\n\n<p>Wenn Sie ein Expresspaket in dieses Land schicken, stellen Sie sicher, dass die<strong>&nbsp;Zustellung nicht w\u00e4hrend eines dieser Feiertage stattfindet.<\/strong>&nbsp;Eine Liste der Feiertage in den Niederlanden finden Sie hier:<\/p>\n\n<\/div><\/div>\n\n<div class=\"gb-container gb-container-fb43e401\"><div class=\"gb-inside-container\">\n<div class=\"gb-grid-wrapper gb-grid-wrapper-7b12cbc0\">\n<div class=\"gb-grid-column gb-grid-column-682b5c6e\"><div class=\"gb-container gb-container-682b5c6e ul-red-dots\"><div class=\"gb-inside-container\">\n\n<ul class=\"wp-block-list\">\n<li><strong>1. Januar<\/strong>: Neues Jahr<\/li>\n\n\n\n<li><strong>Ostern<\/strong>: Karfreitag und Ostermontag sind beides Feiertage.<\/li>\n\n\n\n<li><strong>27. April<\/strong>: Fest der K\u00f6nige<\/li>\n\n\n\n<li><strong>1. Mai<\/strong>: Tag der Arbeit<\/li>\n\n\n\n<li><strong>5. Mai<\/strong>: Tag der Befreiung in den Niederlanden<\/li>\n<\/ul>\n\n<\/div><\/div><\/div>\n\n<div class=\"gb-grid-column gb-grid-column-ca64b596\"><div class=\"gb-container gb-container-ca64b596 ul-red-dots\"><div class=\"gb-inside-container\">\n\n<ul class=\"wp-block-list\">\n<li><strong>Himmelsfahrt<\/strong>: Variables Datum<\/li>\n\n\n\n<li><strong>Pfingstmontag<\/strong>: Varibal-Datum<\/li>\n\n\n\n<li><strong>25. Dezember<\/strong>: Weihnachten<\/li>\n\n\n\n<li><strong>31. Dezember<\/strong>: Silvester<\/li>\n<\/ul>\n\n<\/div><\/div><\/div>\n<\/div>\n<\/div><\/div>\n<\/div><\/div>\n\n<div class=\"gb-container gb-container-285596a9\"><div class=\"gb-inside-container\">\n\n<h2 class=\"header-underline-red wp-block-heading\"><strong>Verfolgung von Expresspaketen in die Niederlande<\/strong><br><strong><mark style=\"background-color:rgba(0, 0, 0, 0)\" class=\"has-inline-color has-red-exp-color\">Verfolgen Sie Ihre Sendung<\/mark><\/strong><\/h2>\n\n<\/div><\/div>\n\n<div class=\"gb-container gb-container-51af6782\"><div class=\"gb-inside-container\">\n\n<p>F\u00fcr den &#8222;<strong>Track and Trace<\/strong>&#8220; Ihrer Sendung nutzen Sie die&nbsp;<a rel=\"noreferrer noopener\" href=\"https:\/\/www.expedismart.ch\/pages\/de\/praktische-infos\/verfolgung\/tracking\/\" target=\"_blank\">Sendungsverfolgung<\/a>&nbsp;Ihrer Sendung in den Niederlanden auf Expedismart.ch.<\/p>\n\n\n<div class=\"gb-container gb-container-58fb7b6a\"><div class=\"gb-inside-container\">\n\n<p>Haben Sie eine Frage? Wenden Sie sich&nbsp;<a href=\"https:\/\/www.expedismart.ch\/de\/contact\/\" target=\"_blank\" rel=\"noreferrer noopener\">direkt an Expedismart<\/a>.<\/p>\n\n<\/div><\/div>\n<\/div><\/div>\n<\/div><\/div><\/div>\n\n<div class=\"gb-grid-column gb-grid-column-51b8048d\"><div class=\"gb-container gb-container-51b8048d\"><div class=\"gb-inside-container\"><\/div><\/div><\/div>\n<\/div>\n\n\n<div class=\"wp-block-group alignfull margin-top:30px has-base-background-color has-background has-medium-font-size\"><div class=\"wp-block-group__inner-container is-layout-flow wp-block-group-is-layout-flow\"><div class=\"gb-button-wrapper gb-button-wrapper-385aab1f\">\n\n<a class=\"gb-button gb-button-a9cc083f gb-button-text special_red_button_gp\" href=\"\/de\/entdecken-sie-unsere-preise\/\" target=\"_blank\" rel=\"noopener noreferrer\" id=\"compare-prices-3\"><strong>Versenden Sie Ihre Pakete in die Niederlande<\/strong><\/a>\n\n<\/div><\/div><\/div>\n","protected":false},"excerpt":{"rendered":"<p>Versand ein Paket nach Holland<\/p>\n","protected":false},"author":2,"featured_media":0,"parent":4389,"menu_order":0,"comment_status":"closed","ping_status":"closed","template":"","meta":{"_seopress_robots_primary_cat":"","_seopress_titles_title":"Wie versendet man ein Paket nach Holland","_seopress_titles_desc":"Holen Sie sich ein Angebot f\u00fcr Ihre Versand nach Niederlande. Ausgehandelte Tarife mit UPS, FedEx, TNT und Aramex f\u00fcr Ihre Paket sendungen.","_seopress_robots_index":"","inline_featured_image":false,"footnotes":""},"class_list":["post-4011","page","type-page","status-publish"],"_links":{"self":[{"href":"https:\/\/www.expedismart.ch\/pages\/de\/wp-json\/wp\/v2\/pages\/4011","targetHints":{"allow":["GET"]}}],"collection":[{"href":"https:\/\/www.expedismart.ch\/pages\/de\/wp-json\/wp\/v2\/pages"}],"about":[{"href":"https:\/\/www.expedismart.ch\/pages\/de\/wp-json\/wp\/v2\/types\/page"}],"author":[{"embeddable":true,"href":"https:\/\/www.expedismart.ch\/pages\/de\/wp-json\/wp\/v2\/users\/2"}],"replies":[{"embeddable":true,"href":"https:\/\/www.expedismart.ch\/pages\/de\/wp-json\/wp\/v2\/comments?post=4011"}],"version-history":[{"count":5,"href":"https:\/\/www.expedismart.ch\/pages\/de\/wp-json\/wp\/v2\/pages\/4011\/revisions"}],"predecessor-version":[{"id":5283,"href":"https:\/\/www.expedismart.ch\/pages\/de\/wp-json\/wp\/v2\/pages\/4011\/revisions\/5283"}],"up":[{"embeddable":true,"href":"https:\/\/www.expedismart.ch\/pages\/de\/wp-json\/wp\/v2\/pages\/4389"}],"wp:attachment":[{"href":"https:\/\/www.expedismart.ch\/pages\/de\/wp-json\/wp\/v2\/media?parent=4011"}],"curies":[{"name":"wp","href":"https:\/\/api.w.org\/{rel}","templated":true}]}}