{"id":4009,"date":"2022-12-30T18:56:23","date_gmt":"2022-12-30T18:56:23","guid":{"rendered":"https:\/\/www.expedismart.ch\/pages\/?page_id=4009"},"modified":"2022-12-30T18:56:29","modified_gmt":"2022-12-30T18:56:29","slug":"norwegen","status":"publish","type":"page","link":"https:\/\/www.expedismart.ch\/pages\/de\/praktische-infos\/land\/norwegen\/","title":{"rendered":"Norwegen"},"content":{"rendered":"\n<h1 class=\"gb-headline gb-headline-e4f7b0a9 gb-headline-text\">Alle Zollgeb\u00fchren f\u00fcr Sendungen nach Norwegen<\/h1>\n\n\n<div class=\"gb-container gb-container-4ca4c369\"><div class=\"gb-inside-container\">\n\n<figure class=\"wp-block-image alignfull size-large is-style-default\"><img decoding=\"async\" width=\"1024\" height=\"227\" src=\"https:\/\/www.expedismart.ch\/pages\/wp-content\/uploads\/2022\/12\/Norway-1024x227.webp\" alt=\"Alle Zollgeb\u00fchren f\u00fcr Sendungen nach Norwegen\" class=\"wp-image-3905\" srcset=\"https:\/\/www.expedismart.ch\/pages\/wp-content\/uploads\/2022\/12\/Norway-1024x227.webp 1024w, https:\/\/www.expedismart.ch\/pages\/wp-content\/uploads\/2022\/12\/Norway-300x67.webp 300w, https:\/\/www.expedismart.ch\/pages\/wp-content\/uploads\/2022\/12\/Norway-768x170.webp 768w, https:\/\/www.expedismart.ch\/pages\/wp-content\/uploads\/2022\/12\/Norway-1536x341.webp 1536w, https:\/\/www.expedismart.ch\/pages\/wp-content\/uploads\/2022\/12\/Norway.webp 1920w\" sizes=\"(max-width: 1024px) 100vw, 1024px\" \/><\/figure>\n\n<\/div><\/div>\n\n<div class=\"gb-grid-wrapper gb-grid-wrapper-9335b011\">\n<div class=\"gb-grid-column gb-grid-column-124dd388\"><div class=\"gb-container gb-container-124dd388\"><div class=\"gb-inside-container\"><\/div><\/div><\/div>\n\n<div class=\"gb-grid-column gb-grid-column-b401532d\"><div class=\"gb-container gb-container-b401532d\"><div class=\"gb-inside-container\">\n\n<h2 class=\"header-underline-red wp-block-heading\"><strong><strong>Sie sind ein Unternehmen oder eine Einzelperson<\/strong><\/strong><br><strong>und Sie senden Pakete oder Dokumente nach Norwegen?<\/strong><\/h2>\n\n<\/div><\/div><\/div>\n\n<div class=\"gb-grid-column gb-grid-column-f718cc8e\"><div class=\"gb-container gb-container-f718cc8e\"><div class=\"gb-inside-container\"><\/div><\/div><\/div>\n<\/div>\n\n<div class=\"gb-grid-wrapper gb-grid-wrapper-7139b796\">\n<div class=\"gb-grid-column gb-grid-column-f16ee891\"><div class=\"gb-container gb-container-f16ee891\"><div class=\"gb-inside-container\"><\/div><\/div><\/div>\n\n<div class=\"gb-grid-column gb-grid-column-fa585d50\"><div class=\"gb-container gb-container-fa585d50\"><div class=\"gb-inside-container\">\n\n<p>Mit&nbsp;<a rel=\"noreferrer noopener\" href=\"https:\/\/www.expedismart.ch\/de\/entdecken-sie-unsere-preise\/\" target=\"_blank\">Expedismart.ch<\/a>&nbsp;k\u00f6nnen Sie&nbsp;<strong>von einem Dienstleistungsservice mit Qualit\u00e4t profitieren.<\/strong><\/p>\n\n\n<div class=\"gb-container gb-container-9e60513b\"><div class=\"gb-inside-container\">\n\n<p>Mit nur wenigen Klicks k\u00f6nnen Sie ein&nbsp;<a href=\"https:\/\/www.expedismart.ch\/de\/\" target=\"_blank\" rel=\"noreferrer noopener\">neues Kundenkonto er\u00f6ffnen.<\/a>&nbsp;Dar\u00fcber hinaus bieten wir einen&nbsp;<strong>schnellen und einfachen Service zu den besten Preisen,<\/strong>&nbsp;den Sie \u00fcber unsere Partner-Spediteure wie FedEx, UPS, TNT und Aramex buchen k\u00f6nnen.<\/p>\n\n<\/div><\/div>\n<\/div><\/div><\/div>\n\n<div class=\"gb-grid-column gb-grid-column-e373b842\"><div class=\"gb-container gb-container-e373b842\"><div class=\"gb-inside-container\"><\/div><\/div><\/div>\n<\/div>\n\n\n<div class=\"wp-block-group alignfull margin-top:30px button_link_exp has-base-background-color has-background has-medium-font-size\"><div class=\"wp-block-group__inner-container is-layout-flow wp-block-group-is-layout-flow\"><div class=\"gb-button-wrapper gb-button-wrapper-289f742d\">\n\n<a class=\"gb-button gb-button-c9f14dcb gb-button-text special_red_button_gp\" href=\"\/de\/entdecken-sie-unsere-preise\/\" target=\"_blank\" rel=\"noopener noreferrer\" id=\"compare-prices-1\"><strong>Versandtarife nach Norwegen vergleichen<\/strong><\/a>\n\n<\/div><\/div><\/div>\n\n\n<div class=\"gb-grid-wrapper gb-grid-wrapper-eb6a6c34\">\n<div class=\"gb-grid-column gb-grid-column-dc3bd0f4\"><div class=\"gb-container gb-container-dc3bd0f4\"><div class=\"gb-inside-container\"><\/div><\/div><\/div>\n\n<div class=\"gb-grid-column gb-grid-column-cc9e5cc3\"><div class=\"gb-container gb-container-cc9e5cc3\"><div class=\"gb-inside-container\">\n<div class=\"gb-container gb-container-82e4b234\"><div class=\"gb-inside-container\">\n\n<h2 class=\"header-underline-red wp-block-heading\"><strong><strong>Zollformalit\u00e4ten f\u00fcr&nbsp;Norwegen<\/strong><\/strong><br><strong><mark style=\"background-color:rgba(0, 0, 0, 0)\" class=\"has-inline-color has-red-exp-color\"><strong>Erforderliche Dokumente<\/strong><\/mark><\/strong><\/h2>\n\n<\/div><\/div>\n\n\n<p>Beim Versenden eines Pakets von der Schweiz nach Norwegen legen Sie bitte die Proforma-Rechnung bei, die von Expedismart.ch automatisch generiert wird. Mit diesem Dokument erh\u00e4lt der norwegische Zoll alle relevanten Informationen \u00fcber den Inhalt des Pakets. Wird die Ware jedoch nach Ankunft in Norwegen weiterverkauft, muss eine Handelsrechnung beigelegt werden. Diese k\u00f6nnen Sie selbst oder \u00fcber unsere Website erstellen. Bei wertvolleren Gegenst\u00e4nden ist es ratsam, eine Versicherung abzuschliessen.<\/p>\n\n\n<div class=\"gb-container gb-container-3714b5f7\"><div class=\"gb-inside-container\">\n\n<p><a href=\"https:\/\/www.expedismart.ch\/de\/entdecken-sie-unsere-preise\/\" target=\"_blank\" rel=\"noreferrer noopener\">Vergleichen Sie Preis und Leistung<\/a>&nbsp;f\u00fcr ein Paket nach Norwegen auf unserer Website. Dort k\u00f6nnen Sie den Spediteur (FedEx, DHL, Aramex oder TNT) ausw\u00e4hlen, der Ihr Paket zu Ihrer Wunschzeit abholt und direkt nach Norwegen zustellt.<\/p>\n\n<\/div><\/div>\n<\/div><\/div><\/div>\n\n<div class=\"gb-grid-column gb-grid-column-d4e39d2d\"><div class=\"gb-container gb-container-d4e39d2d\"><div class=\"gb-inside-container\"><\/div><\/div><\/div>\n<\/div>\n\n<div class=\"gb-grid-wrapper gb-grid-wrapper-b28747bd\">\n<div class=\"gb-grid-column gb-grid-column-78d3f07a\"><div class=\"gb-container gb-container-78d3f07a\"><div class=\"gb-inside-container\"><\/div><\/div><\/div>\n\n<div class=\"gb-grid-column gb-grid-column-ed542513\"><div class=\"gb-container gb-container-ed542513\"><div class=\"gb-inside-container\">\n<div class=\"gb-grid-wrapper gb-grid-wrapper-45d58127 grid-gap\">\n<div class=\"gb-grid-column gb-grid-column-ada8d777\"><div class=\"gb-container gb-container-ada8d777 commercial-invoice ul-red-dots\"><div class=\"gb-inside-container\">\n<div class=\"gb-container gb-container-a88c0644\"><div class=\"gb-inside-container\">\n\n<h3 class=\"header-underline-white wp-block-heading\"><strong>Erforderliche Angaben f\u00fcr Proforma- oder Handelsrechnung<\/strong><\/h3>\n\n<\/div><\/div>\n\n\n<ul class=\"wp-block-list\">\n<li>&nbsp;Vollst\u00e4ndige Adresse des Empf\u00e4ngers und Absenders (einschliesslich Email und Telefonnummer)<\/li>\n\n\n\n<li>&nbsp;Inhalt der Ware und dessen Wert<\/li>\n\n\n\n<li>&nbsp;Unterschrift und Datum<\/li>\n\n\n\n<li>Bitte f\u00fcllen Sie die Dokumente in der Landessprache oder in Englisch aus<\/li>\n<\/ul>\n\n<\/div><\/div><\/div>\n\n<div class=\"gb-grid-column gb-grid-column-5efd30ed\"><div class=\"gb-container gb-container-5efd30ed check-list-red\"><div class=\"gb-inside-container\">\n<div class=\"gb-container gb-container-8d7fc0cb\"><div class=\"gb-inside-container\">\n\n<h3 class=\"header-underline-white-only wp-block-heading\"><strong><strong>CHECK-LISTE<\/strong><\/strong><\/h3>\n\n<\/div><\/div>\n\n\n<ul class=\"wp-block-list\">\n<li><strong>&nbsp;Vollst\u00e4ndige Postanschrift<\/strong><\/li>\n\n\n\n<li><strong>&nbsp;Proforma-Dokument<\/strong><\/li>\n\n\n\n<li><strong>&nbsp;Zollinhaltserkl\u00e4rung<\/strong><\/li>\n\n\n\n<li><strong>&nbsp;Keine verbotenen Waren<\/strong><\/li>\n<\/ul>\n\n<\/div><\/div><\/div>\n<\/div>\n<\/div><\/div><\/div>\n\n<div class=\"gb-grid-column gb-grid-column-a1c9fb29\"><div class=\"gb-container gb-container-a1c9fb29\"><div class=\"gb-inside-container\"><\/div><\/div><\/div>\n<\/div>\n\n\n<div class=\"wp-block-group alignfull margin-top:30px has-base-background-color has-background has-medium-font-size\"><div class=\"wp-block-group__inner-container is-layout-flow wp-block-group-is-layout-flow\"><div class=\"gb-button-wrapper gb-button-wrapper-e1aeeb32\">\n\n<a class=\"gb-button gb-button-9118eb2e gb-button-text special_red_button_gp\" href=\"\/de\/entdecken-sie-unsere-preise\/\" target=\"_blank\" rel=\"noopener noreferrer\" id=\"compare-prices-2\"><strong>Paket nach Norwegen senden<\/strong><\/a>\n\n<\/div><\/div><\/div>\n\n\n<div class=\"gb-grid-wrapper gb-grid-wrapper-61a5a940 red-line-overflow\">\n<div class=\"gb-grid-column gb-grid-column-b3e310c4\"><div class=\"gb-container gb-container-b3e310c4\"><div class=\"gb-inside-container\"><\/div><\/div><\/div>\n\n<div class=\"gb-grid-column gb-grid-column-2fc51738\"><div class=\"gb-container gb-container-2fc51738 header-margin-bottom-parent\"><div class=\"gb-inside-container\">\n<div class=\"gb-container gb-container-2df7f4a7\"><div class=\"gb-inside-container\">\n\n<h2 class=\"header-underline-red wp-block-heading\"><strong>Warenlieferung in Norwegen?<\/strong><br><strong><mark style=\"background-color:rgba(0, 0, 0, 0)\" class=\"has-inline-color has-red-exp-color\"><strong>Zolltarife<\/strong><\/mark><\/strong><\/h2>\n\n<\/div><\/div>\n\n<div class=\"gb-container gb-container-53173bbc\"><div class=\"gb-inside-container\">\n<div class=\"gb-container gb-container-df027109\"><div class=\"gb-inside-container\">\n\n<p>Die Einfuhrabgaben des Ziellandes sind abh\u00e4ngig von der lokalen Waren- und Dienstleistungssteuer und der Mehrwertsteuer. Auch die Kategorie der Sendung und ihr deklarierter Wert spielen eine Rolle.<\/p>\n\n<\/div><\/div>\n\n<div class=\"gb-container gb-container-9a8c0ceb\"><div class=\"gb-inside-container\">\n\n<p>Die norwegischen Z\u00f6lle auf Industrieprodukte sind niedrig und liegen in der Regel zwischen 3 und 6 %. Waren, die aus EWR-Mitgliedsl\u00e4ndern importiert werden, sind von den Einfuhrz\u00f6llen befreit.<\/p>\n\n<\/div><\/div>\n<\/div><\/div>\n\n<div class=\"gb-container gb-container-3ddff145\"><div class=\"gb-inside-container\">\n<div class=\"gb-container gb-container-7816fc64\"><div class=\"gb-inside-container\">\n<div class=\"gb-container gb-container-a9c937ca\"><div class=\"gb-inside-container\">\n\n<h2 class=\"header-underline-white wp-block-heading\"><strong>Was ist f\u00fcr die Einfuhr nach Norwegen verboten?<\/strong><\/h2>\n\n\n<div class=\"gb-container gb-container-b2191a2a\"><div class=\"gb-inside-container\">\n\n<p>Achten Sie darauf, dass Sie keine verbotenen Waren nach Norwegen versenden. Die Liste kann je nach Transportunternehmen (FedEx, DHL, UPS, TNT oder Aramex) variieren.<\/p>\n\n<\/div><\/div>\n<\/div><\/div>\n\n<div class=\"gb-container gb-container-4c990c48\"><div class=\"gb-inside-container\">\n\n<ul class=\"wp-block-list\">\n<li>Illegale Drogen<\/li>\n\n\n\n<li>Verschreibungspflichtige Medikamente (die nicht f\u00fcr den pers\u00f6nlichen Gebrauch bestimmt sind)<\/li>\n\n\n\n<li>Alkoholische Getr\u00e4nke \u00fcber 60 prozent<\/li>\n\n\n\n<li>Waffen und Munition<\/li>\n\n\n\n<li>Feuerwerksk\u00f6rper<\/li>\n\n\n\n<li>V\u00f6gel und exotische Tiere<\/li>\n\n\n\n<li>Pflanzen f\u00fcr den Anbau<\/li>\n\n\n\n<li>Kartoffeln<\/li>\n<\/ul>\n\n<\/div><\/div>\n\n\n<p>*Die Liste kann durch das Bestimmungsland ge\u00e4ndert werden.<\/p>\n\n<\/div><\/div>\n\n<div class=\"gb-container gb-container-1692184d\"><div class=\"gb-inside-container\">\n\n<h2 class=\"header-underline-red wp-block-heading\"><strong>Express-Sendungen in Norwegen<\/strong> <strong>machen<\/strong><br><strong><mark style=\"background-color:rgba(0, 0, 0, 0)\" class=\"has-inline-color has-red-exp-color\">Zerbrechliche G\u00fcter<\/mark><\/strong><\/h2>\n\n<\/div><\/div>\n\n<div class=\"gb-container gb-container-ae6e7327\"><div class=\"gb-inside-container\">\n\n<p>Achten Sie beim Versand von Gegenst\u00e4nden, die leicht zerbrechen k\u00f6nnen, auf ausreichendes Polstermaterial, zum Beispiel Zeitungen, Luftpolsterfolie oder Schaumstoff. Unsere&nbsp;<a href=\"https:\/\/www.expedismart.ch\/pages\/de\/praktische-infos\/ratschlage\/verpackung\/\" target=\"_blank\" rel=\"noreferrer noopener\">Hinweise zum sorgf\u00e4ltigen Verpacken<\/a>&nbsp;finden Sie hier.<\/p>\n\n\n<div class=\"gb-container gb-container-d6dfc286\"><div class=\"gb-inside-container\">\n\n<h2 class=\"header-underline-red delivery-delay wp-block-heading\"><strong>Lieferfristen<\/strong><\/h2>\n\n<\/div><\/div>\n\n<div class=\"gb-container gb-container-b7f28427\"><div class=\"gb-inside-container\">\n\n<p>Die norwegische Post stellt tags\u00fcber in alle Haushalte zu, ausser an Wochenenden und Feiertagen.<\/p>\n\n<\/div><\/div>\n\n<div class=\"gb-container gb-container-717c1435\"><div class=\"gb-inside-container\">\n\n<p>Mit Expedismart.ch k\u00f6nnen Sie von einem&nbsp;<a href=\"https:\/\/www.expedismart.ch\/de\/entdecken-sie-unsere-preise\/\" target=\"_blank\" rel=\"noreferrer noopener\">schnellen und einfachen Versand<\/a>&nbsp;profitieren.<\/p>\n\n<\/div><\/div>\n<\/div><\/div>\n<\/div><\/div>\n\n<div class=\"gb-container gb-container-f8e550d6 holidays-of-countries\"><div class=\"gb-inside-container\">\n<div class=\"gb-container gb-container-eef283e4\"><div class=\"gb-inside-container\">\n\n<h2 class=\"header-underline-white wp-block-heading\"><strong>Abholungen und Lieferungen in Norwegen<\/strong><br><strong><mark style=\"background-color:rgba(0, 0, 0, 0)\" class=\"has-inline-color has-red-exp-color\">Festliche Tage<\/mark><\/strong><\/h2>\n\n<\/div><\/div>\n\n<div class=\"gb-container gb-container-4d9aab56\"><div class=\"gb-inside-container\">\n\n<p>An folgenden Tagen kann es zu Verz\u00f6gerungen bei der Zustellung kommen. Bitte ber\u00fccksichtigen Sie diese Daten bei der Planung einer Sendung:<\/p>\n\n<\/div><\/div>\n\n<div class=\"gb-container gb-container-fb43e401\"><div class=\"gb-inside-container\">\n<div class=\"gb-grid-wrapper gb-grid-wrapper-7b12cbc0\">\n<div class=\"gb-grid-column gb-grid-column-682b5c6e\"><div class=\"gb-container gb-container-682b5c6e ul-red-dots\"><div class=\"gb-inside-container\">\n\n<ul class=\"wp-block-list\">\n<li><strong>1. Januar:<\/strong>&nbsp;Neujahrsfest<\/li>\n\n\n\n<li><strong>1. April:<\/strong>&nbsp;Gr\u00fcndonnerstag<\/li>\n\n\n\n<li><strong>2. April:&nbsp;<\/strong>Karfreitag<\/li>\n\n\n\n<li><strong>5. April:<\/strong>&nbsp;Ostermontag<\/li>\n\n\n\n<li><strong>1. Mai:<\/strong>&nbsp;Tag der Arbeit<\/li>\n<\/ul>\n\n<\/div><\/div><\/div>\n\n<div class=\"gb-grid-column gb-grid-column-ca64b596\"><div class=\"gb-container gb-container-ca64b596 ul-red-dots\"><div class=\"gb-inside-container\">\n\n<ul class=\"wp-block-list\">\n<li><strong>13. Mai:<\/strong>&nbsp;Christi Himmelfahrt<\/li>\n\n\n\n<li><strong>17. Mai:<\/strong>&nbsp;Tag der Verfassung<\/li>\n\n\n\n<li><strong>24. Mai:<\/strong>&nbsp;Pfingstmontag<\/li>\n\n\n\n<li><strong>25. Dezember:<\/strong>&nbsp;Weihnachtstag<\/li>\n\n\n\n<li><strong>26. Dezember:<\/strong>&nbsp;Zweiter Weihnachtsfeiertag<\/li>\n<\/ul>\n\n<\/div><\/div><\/div>\n<\/div>\n<\/div><\/div>\n<\/div><\/div>\n\n<div class=\"gb-container gb-container-285596a9\"><div class=\"gb-inside-container\">\n\n<h2 class=\"header-underline-red wp-block-heading\"><strong>Verfolgung von Expresspaketen nach Norwegen<\/strong><br><strong><mark style=\"background-color:rgba(0, 0, 0, 0)\" class=\"has-inline-color has-red-exp-color\">Verfolgen Sie Ihre Sendung<\/mark><\/strong><\/h2>\n\n<\/div><\/div>\n\n<div class=\"gb-container gb-container-51af6782\"><div class=\"gb-inside-container\">\n\n<p>Alle&nbsp;<a rel=\"noreferrer noopener\" href=\"https:\/\/www.expedismart.ch\/pages\/de\/praktische-infos\/verfolgung\/tracking\/\" target=\"_blank\">Informationen zur Sendungsverfolgung<\/a>&nbsp;finden Sie auf unserer Website.<\/p>\n\n\n<div class=\"gb-container gb-container-96166cff\"><div class=\"gb-inside-container\">\n\n<p>Bei Fragen helfen wir Ihnen gerne weiter, bitte&nbsp;<a href=\"https:\/\/www.expedismart.ch\/de\/contact\/\" target=\"_blank\" rel=\"noreferrer noopener\">kontaktieren Sie uns \u00fcber das Kontaktformular.<\/a><\/p>\n\n<\/div><\/div>\n<\/div><\/div>\n<\/div><\/div><\/div>\n\n<div class=\"gb-grid-column gb-grid-column-51b8048d\"><div class=\"gb-container gb-container-51b8048d\"><div class=\"gb-inside-container\"><\/div><\/div><\/div>\n<\/div>\n\n\n<div class=\"wp-block-group alignfull margin-top:30px has-base-background-color has-background has-medium-font-size\"><div class=\"wp-block-group__inner-container is-layout-flow wp-block-group-is-layout-flow\"><div class=\"gb-button-wrapper gb-button-wrapper-385aab1f\">\n\n<a class=\"gb-button gb-button-a9cc083f gb-button-text special_red_button_gp\" href=\"\/de\/entdecken-sie-unsere-preise\/\" target=\"_blank\" rel=\"noopener noreferrer\" id=\"compare-prices-3\"><strong>Preis f\u00fcr ein Paket vergleichen<\/strong><\/a>\n\n<\/div><\/div><\/div>\n","protected":false},"excerpt":{"rendered":"<p>Alle Zollgeb\u00fchren f\u00fcr Sendungen nach Norwegen<\/p>\n","protected":false},"author":2,"featured_media":0,"parent":4389,"menu_order":0,"comment_status":"closed","ping_status":"closed","template":"","meta":{"_seopress_robots_primary_cat":"","_seopress_titles_title":"Wie versendet man ein Paket nach Norwegen","_seopress_titles_desc":"Beratung f\u00fcr Paketversand in Norwegen in 48 Stunden und Zuverl\u00e4ssigkeit. Kostenloses Online -Angebot in 1 Minute. W\u00e4hlen Sie FedEx, UPS, TNT usw.","_seopress_robots_index":"","inline_featured_image":false,"footnotes":""},"class_list":["post-4009","page","type-page","status-publish"],"_links":{"self":[{"href":"https:\/\/www.expedismart.ch\/pages\/de\/wp-json\/wp\/v2\/pages\/4009","targetHints":{"allow":["GET"]}}],"collection":[{"href":"https:\/\/www.expedismart.ch\/pages\/de\/wp-json\/wp\/v2\/pages"}],"about":[{"href":"https:\/\/www.expedismart.ch\/pages\/de\/wp-json\/wp\/v2\/types\/page"}],"author":[{"embeddable":true,"href":"https:\/\/www.expedismart.ch\/pages\/de\/wp-json\/wp\/v2\/users\/2"}],"replies":[{"embeddable":true,"href":"https:\/\/www.expedismart.ch\/pages\/de\/wp-json\/wp\/v2\/comments?post=4009"}],"version-history":[{"count":2,"href":"https:\/\/www.expedismart.ch\/pages\/de\/wp-json\/wp\/v2\/pages\/4009\/revisions"}],"predecessor-version":[{"id":4035,"href":"https:\/\/www.expedismart.ch\/pages\/de\/wp-json\/wp\/v2\/pages\/4009\/revisions\/4035"}],"up":[{"embeddable":true,"href":"https:\/\/www.expedismart.ch\/pages\/de\/wp-json\/wp\/v2\/pages\/4389"}],"wp:attachment":[{"href":"https:\/\/www.expedismart.ch\/pages\/de\/wp-json\/wp\/v2\/media?parent=4009"}],"curies":[{"name":"wp","href":"https:\/\/api.w.org\/{rel}","templated":true}]}}