{"id":3835,"date":"2022-12-27T18:54:57","date_gmt":"2022-12-27T18:54:57","guid":{"rendered":"https:\/\/www.expedismart.ch\/pages\/?page_id=3835"},"modified":"2023-02-01T09:50:53","modified_gmt":"2023-02-01T09:50:53","slug":"israel","status":"publish","type":"page","link":"https:\/\/www.expedismart.ch\/pages\/de\/praktische-infos\/land\/israel\/","title":{"rendered":"Israel"},"content":{"rendered":"\n<h1 class=\"gb-headline gb-headline-e4f7b0a9 gb-headline-text\">Alternative zu La Poste. Hier erfahren Sie alles \u00fcber den Paketversand nach Israel.<\/h1>\n\n\n<div class=\"gb-container gb-container-4ca4c369\"><div class=\"gb-inside-container\">\n\n<figure class=\"wp-block-image alignfull size-large is-style-default\"><img decoding=\"async\" width=\"1024\" height=\"227\" src=\"https:\/\/www.expedismart.ch\/pages\/wp-content\/uploads\/2022\/12\/Israel-1024x227.webp\" alt=\"Alternative zu La Poste. Hier erfahren Sie alles \u00fcber den Paketversand nach Israel.\" class=\"wp-image-3764\" srcset=\"https:\/\/www.expedismart.ch\/pages\/wp-content\/uploads\/2022\/12\/Israel-1024x227.webp 1024w, https:\/\/www.expedismart.ch\/pages\/wp-content\/uploads\/2022\/12\/Israel-300x67.webp 300w, https:\/\/www.expedismart.ch\/pages\/wp-content\/uploads\/2022\/12\/Israel-768x170.webp 768w, https:\/\/www.expedismart.ch\/pages\/wp-content\/uploads\/2022\/12\/Israel-1536x341.webp 1536w, https:\/\/www.expedismart.ch\/pages\/wp-content\/uploads\/2022\/12\/Israel.webp 1920w\" sizes=\"(max-width: 1024px) 100vw, 1024px\" \/><\/figure>\n\n<\/div><\/div>\n\n<div class=\"gb-grid-wrapper gb-grid-wrapper-9335b011\">\n<div class=\"gb-grid-column gb-grid-column-124dd388\"><div class=\"gb-container gb-container-124dd388\"><div class=\"gb-inside-container\"><\/div><\/div><\/div>\n\n<div class=\"gb-grid-column gb-grid-column-b401532d\"><div class=\"gb-container gb-container-b401532d\"><div class=\"gb-inside-container\">\n\n<h2 class=\"header-underline-red wp-block-heading\"><strong><strong>Sie sind ein Unternehmen oder eine Einzelperson<\/strong><\/strong><br><strong>und Sie senden Pakete oder Dokumente nach Israel?<\/strong><\/h2>\n\n<\/div><\/div><\/div>\n\n<div class=\"gb-grid-column gb-grid-column-f718cc8e\"><div class=\"gb-container gb-container-f718cc8e\"><div class=\"gb-inside-container\"><\/div><\/div><\/div>\n<\/div>\n\n<div class=\"gb-grid-wrapper gb-grid-wrapper-7139b796\">\n<div class=\"gb-grid-column gb-grid-column-f16ee891\"><div class=\"gb-container gb-container-f16ee891\"><div class=\"gb-inside-container\"><\/div><\/div><\/div>\n\n<div class=\"gb-grid-column gb-grid-column-fa585d50\"><div class=\"gb-container gb-container-fa585d50\"><div class=\"gb-inside-container\">\n\n<p>Sie sind ein<strong>&nbsp;Schweizer KMU<\/strong>&nbsp;oder eine&nbsp;<strong>Privatperson<\/strong>&nbsp;und suchen einen zuverl\u00e4ssigen und effizienten Transporteur f\u00fcr den Versand eines Pakets oder Dokuments von der Schweiz nach Israel oder von Israel in die Schweiz?&nbsp;<a href=\"https:\/\/www.expedismart.ch\/de\/entdecken-sie-unsere-preise\/\" target=\"_blank\" rel=\"noreferrer noopener\">Er\u00f6ffnen Sie ein kostenloses Konto<\/a>&nbsp;und vergleichen Sie die Versandpreise auf Expedismart.ch. Auf&nbsp;<a href=\"https:\/\/www.expedismart.ch\/de\/%C3%BCber-uns\/wer-sind-wir\/\" target=\"_blank\" rel=\"noreferrer noopener\">Expedismart<\/a><a href=\"https:\/\/www.expedismart.ch\/en\/about-us\/who-are-we\/\" target=\"_blank\" rel=\"noreferrer noopener\">.ch<\/a>, dem ersten Versandvergleicher in der Schweiz, k\u00f6nnen Sie einen Versand zu einem g\u00fcnstigen Preis und einem schnellen Service von professionellen Transporteuren wie DHL, FedEx, UPS, Amarex oder TNT buchen. So profitieren Sie von Rabatten von bis zu&nbsp;<strong>-70% auf den \u00f6ffentlichen Preis<\/strong>, dank der Vereinbarungen, die wir mit unseren Partner-Carriern ausgehandelt haben.<\/p>\n\n<\/div><\/div><\/div>\n\n<div class=\"gb-grid-column gb-grid-column-e373b842\"><div class=\"gb-container gb-container-e373b842\"><div class=\"gb-inside-container\"><\/div><\/div><\/div>\n<\/div>\n\n\n<div class=\"wp-block-group alignfull margin-top:30px button_link_exp has-base-background-color has-background has-medium-font-size\"><div class=\"wp-block-group__inner-container is-layout-flow wp-block-group-is-layout-flow\"><div class=\"gb-button-wrapper gb-button-wrapper-289f742d\">\n\n<a class=\"gb-button gb-button-c9f14dcb gb-button-text\" href=\"\/de\/entdecken-sie-unsere-preise\/\" target=\"_blank\" rel=\"noopener noreferrer\" id=\"compare-prices-1\"><strong>Preise f\u00fcr den Versand nach Israel vergleichen<\/strong><\/a>\n\n<\/div><\/div><\/div>\n\n\n<div class=\"gb-grid-wrapper gb-grid-wrapper-eb6a6c34\">\n<div class=\"gb-grid-column gb-grid-column-dc3bd0f4\"><div class=\"gb-container gb-container-dc3bd0f4\"><div class=\"gb-inside-container\"><\/div><\/div><\/div>\n\n<div class=\"gb-grid-column gb-grid-column-cc9e5cc3\"><div class=\"gb-container gb-container-cc9e5cc3\"><div class=\"gb-inside-container\">\n<div class=\"gb-container gb-container-82e4b234\"><div class=\"gb-inside-container\">\n\n<h2 class=\"header-underline-red wp-block-heading\"><strong><strong>Zollformalit\u00e4ten f\u00fcr&nbsp;Israel<\/strong><\/strong><br><strong><mark style=\"background-color:rgba(0, 0, 0, 0)\" class=\"has-inline-color has-red-exp-color\"><strong>Erforderliche Dokumente<\/strong><\/mark><\/strong><\/h2>\n\n<\/div><\/div>\n\n\n<p>Senden Sie ein Paket von der Schweiz nach Israel in nur wenigen Klicks zum besten Preis auf unserer Website. W\u00e4hlen Sie den Spediteur (, FedEx, UPS, Aramex oder TNT) und buchen Sie dessen Service direkt online. Der Kurier holt dann Ihr Dokument oder Paket bei Ihnen zu Hause ab. Ihrer Sendung muss eine&nbsp;<a href=\"https:\/\/www.expedismart.ch\/pages\/de\/praktische-infos\/technische-dokumentation\/proforma-rechnung\/\" target=\"_blank\" rel=\"noreferrer noopener\">Proforma-Rechnung<\/a>&nbsp;beiliegen (automatisch von Expedismart.ch generiert). Es wird dem israelischen Zoll den Inhalt Ihres Pakets mitteilen. F\u00fcr<strong>&nbsp;wertvolle G\u00fcter<\/strong>&nbsp;k\u00f6nnen Sie eine&nbsp;<strong>Paketversicherung<\/strong>&nbsp;abschlie\u00dfen. Wenn die Ware in Israel verkauft wird, muss eine<strong>&nbsp;Handelsrechnung<\/strong>&nbsp;vorgelegt werden, die Sie selbst ausstellen k\u00f6nnen oder die automatisch ausgef\u00fcllt wird, wenn Sie Ihre Sendung \u00fcber Expedismart.ch buchen.<\/p>\n\n<\/div><\/div><\/div>\n\n<div class=\"gb-grid-column gb-grid-column-d4e39d2d\"><div class=\"gb-container gb-container-d4e39d2d\"><div class=\"gb-inside-container\"><\/div><\/div><\/div>\n<\/div>\n\n<div class=\"gb-grid-wrapper gb-grid-wrapper-b28747bd\">\n<div class=\"gb-grid-column gb-grid-column-78d3f07a\"><div class=\"gb-container gb-container-78d3f07a\"><div class=\"gb-inside-container\"><\/div><\/div><\/div>\n\n<div class=\"gb-grid-column gb-grid-column-ed542513\"><div class=\"gb-container gb-container-ed542513\"><div class=\"gb-inside-container\">\n<div class=\"gb-grid-wrapper gb-grid-wrapper-45d58127 grid-gap\">\n<div class=\"gb-grid-column gb-grid-column-ada8d777\"><div class=\"gb-container gb-container-ada8d777 commercial-invoice ul-red-dots\"><div class=\"gb-inside-container\">\n<div class=\"gb-container gb-container-a88c0644\"><div class=\"gb-inside-container\">\n\n<h3 class=\"header-underline-white wp-block-heading\"><strong>Wie erstellen Sie Ihre Proforma- oder Handelsrechnung f\u00fcr eine Lieferung nach Israel?<\/strong><\/h3>\n\n<\/div><\/div>\n\n\n<ul class=\"wp-block-list\">\n<li>&nbsp;die vollst\u00e4ndige Adresse des Empf\u00e4ngers und des Absenders angeben<\/li>\n\n\n\n<li>&nbsp;Beschreiben Sie genau Ihre Waren, den Wert der Waren in CHF und die Anzahl der Pakete<\/li>\n\n\n\n<li>&nbsp;Wenn Sie das Paket an ein Unternehmen senden, geben Sie die Umsatzsteuer-Identifikationsnummer dieses Unternehmens an.<\/li>\n\n\n\n<li>&nbsp;Vergessen Sie nicht, die Rechnung zu datieren und zu unterschreiben.<\/li>\n\n\n\n<li>Die Proforma-Rechnung muss in Englisch oder Hebr\u00e4isch verfasst sein.<\/li>\n<\/ul>\n\n<\/div><\/div><\/div>\n\n<div class=\"gb-grid-column gb-grid-column-5efd30ed\"><div class=\"gb-container gb-container-5efd30ed check-list-red\"><div class=\"gb-inside-container\">\n<div class=\"gb-container gb-container-8d7fc0cb\"><div class=\"gb-inside-container\">\n\n<h3 class=\"header-underline-white-only wp-block-heading\"><strong><strong>CHECK-LISTE<\/strong><\/strong><\/h3>\n\n<\/div><\/div>\n\n\n<ul class=\"wp-block-list\">\n<li><strong>&nbsp;Vollst\u00e4ndige Postanschrift<\/strong><\/li>\n\n\n\n<li><strong>&nbsp;Proforma-Dokument<\/strong><\/li>\n\n\n\n<li><strong>&nbsp;Zollinhaltserkl\u00e4rung<\/strong><\/li>\n\n\n\n<li><strong>&nbsp;Keine verbotenen Waren<\/strong><\/li>\n<\/ul>\n\n<\/div><\/div><\/div>\n<\/div>\n<\/div><\/div><\/div>\n\n<div class=\"gb-grid-column gb-grid-column-a1c9fb29\"><div class=\"gb-container gb-container-a1c9fb29\"><div class=\"gb-inside-container\"><\/div><\/div><\/div>\n<\/div>\n\n\n<div class=\"wp-block-group alignfull margin-top:30px has-base-background-color has-background has-medium-font-size\"><div class=\"wp-block-group__inner-container is-layout-flow wp-block-group-is-layout-flow\"><div class=\"gb-button-wrapper gb-button-wrapper-e1aeeb32\">\n\n<a class=\"gb-button gb-button-9118eb2e gb-button-text\" href=\"\/de\/entdecken-sie-unsere-preise\/\" target=\"_blank\" rel=\"noopener noreferrer\" id=\"compare-prices-2\"><strong>Ein Paket nach Israel verschicken<\/strong><\/a>\n\n<\/div><\/div><\/div>\n\n\n<div class=\"gb-grid-wrapper gb-grid-wrapper-61a5a940 red-line-overflow\">\n<div class=\"gb-grid-column gb-grid-column-b3e310c4\"><div class=\"gb-container gb-container-b3e310c4\"><div class=\"gb-inside-container\"><\/div><\/div><\/div>\n\n<div class=\"gb-grid-column gb-grid-column-2fc51738\"><div class=\"gb-container gb-container-2fc51738 header-margin-bottom-parent\"><div class=\"gb-inside-container\">\n<div class=\"gb-container gb-container-2df7f4a7\"><div class=\"gb-inside-container\">\n\n<h2 class=\"header-underline-red wp-block-heading\"><strong>Warenlieferung in Israel?<\/strong><br><strong><mark style=\"background-color:rgba(0, 0, 0, 0)\" class=\"has-inline-color has-red-exp-color\"><strong>Zolltarife<\/strong><\/mark><\/strong><\/h2>\n\n<\/div><\/div>\n\n<div class=\"gb-container gb-container-53173bbc\"><div class=\"gb-inside-container\">\n<div class=\"gb-container gb-container-df027109\"><div class=\"gb-inside-container\">\n\n<p>Die Proforma-Rechnung wird automatisch von Expedismart.ch generiert und zeigt dem israelischen Zoll den Inhalt Ihres Pakets an. Bei einem Versand eines Pakets nach Israel m\u00fcssen Sie die Proforma-Rechnung beif\u00fcgen, unabh\u00e4ngig davon, ob es sich um eine Einfuhr oder eine Ausfuhr handelt. Die meisten Produkte k\u00f6nnen frei nach Israel importiert werden. Es gibt jedoch Ausnahmen f\u00fcr bestimmte landwirtschaftliche Produkte, die die Regeln und den&nbsp;<strong>Respekt f\u00fcr koschere Riten<\/strong>&nbsp;f\u00fcr einen Teil der Lebensmittel erf\u00fcllen m\u00fcssen. Weitere Informationen finden Sie auf der Website des israelischen Zolls. Auf einige importierte Produkte werden Zollgeb\u00fchren erhoben. Dies h\u00e4ngt von ihrer Einstufung nach dem Harmonisierten Zolltarif und dem Ursprungsland ab. Importe mit einem&nbsp;<strong>CIF-Wert<\/strong>&nbsp;(Cost, Insurance, Freight) von weniger als CHF 900 (3000 Shekel) und einem Gewicht von weniger als 30 kg sind von den Zollgeb\u00fchren befreit. Es fallen jedoch Mehrwertsteuer und Versandkosten an.<\/p>\n\n<\/div><\/div>\n<\/div><\/div>\n\n<div class=\"gb-container gb-container-3ddff145\"><div class=\"gb-inside-container\">\n<div class=\"gb-container gb-container-7816fc64\"><div class=\"gb-inside-container\">\n<div class=\"gb-container gb-container-a9c937ca\"><div class=\"gb-inside-container\">\n\n<h2 class=\"header-underline-white wp-block-heading\"><strong>Was ist bei der Einfuhr nach Israel<\/strong> <strong>verboten?<\/strong><\/h2>\n\n\n<div class=\"gb-container gb-container-b2191a2a\"><div class=\"gb-inside-container\">\n\n<p>Achten Sie darauf, dass Sie&nbsp;<strong>keine verbotenen Waren versenden<\/strong>. Die Liste der verbotenen Waren variiert je nach Transportunternehmen (FedEx, UPS, TNT, DHL oder Aramex) und Land.<\/p>\n\n<\/div><\/div>\n<\/div><\/div>\n\n<div class=\"gb-container gb-container-4c990c48\"><div class=\"gb-inside-container\">\n\n<ul class=\"wp-block-list\">\n<li>Waffen<\/li>\n\n\n\n<li>Munition<\/li>\n\n\n\n<li>Falsches oder imitiertes Geld<\/li>\n\n\n\n<li>Jede Droge, jedes Bet\u00e4ubungsmittel oder jedes Ger\u00e4t, das zu deren Herstellung verwendet wird.<\/li>\n\n\n\n<li>Pflanzen, Str\u00e4ucher, Gew\u00e4chse, Saatgut oder zur Verpackung verwendete Beutel<\/li>\n\n\n\n<li>Verbotene Spiele<\/li>\n\n\n\n<li>Alle gebrauchten Ger\u00e4te, die in der Bienenhaltung verwendet werden<\/li>\n\n\n\n<li>Jegliches Material mit pornografischem Charakter<\/li>\n\n\n\n<li>Jede Publikation, die zu Gewalt, Rassenhass aufruft oder Terrorismus bef\u00fcrwortet<\/li>\n\n\n\n<li>Tr\u00e4nengas<\/li>\n\n\n\n<li>Explosivstoffe<\/li>\n\n\n\n<li>Gef\u00e4hrliche Chemikalien<\/li>\n<\/ul>\n\n<\/div><\/div>\n\n\n<p>*Diese Liste ist freibleibend und kann durch das Bestimmungsland oder den Transporteur ge\u00e4ndert werden.<\/p>\n\n<\/div><\/div>\n\n<div class=\"gb-container gb-container-1692184d\"><div class=\"gb-inside-container\">\n\n<h2 class=\"header-underline-red wp-block-heading\"><strong>Express-Sendungen in Israel<\/strong> <strong>machen<\/strong><br><strong><mark style=\"background-color:rgba(0, 0, 0, 0)\" class=\"has-inline-color has-red-exp-color\">Zerbrechliche G\u00fcter<\/mark><\/strong><\/h2>\n\n<\/div><\/div>\n\n<div class=\"gb-container gb-container-ae6e7327\"><div class=\"gb-inside-container\">\n\n<p>Wenn Sie Ihr&nbsp;<a href=\"https:\/\/www.expedismart.ch\/pages\/de\/praktische-infos\/ratschlage\/verpackung\/\" target=\"_blank\" rel=\"noreferrer noopener\">Paket gut verpacken<\/a>, stellen Sie sicher, dass Ihre Ware sicher ankommt. Aus diesem Grund ist es wichtig, die Ware richtig zu verpacken, wenn Sie ein Paket von der Schweiz nach Israel versenden. Wenn Sie zerbrechliche oder empfindliche Gegenst\u00e4nde versenden, verwenden Sie ausreichend Polstermaterial wie Zeitungen, Luftpolsterfolie oder Schaumstoffplatten.<\/p>\n\n\n<div class=\"gb-container gb-container-d6dfc286\"><div class=\"gb-inside-container\">\n\n<h2 class=\"header-underline-red delivery-delay wp-block-heading\"><strong>Lieferfristen<\/strong><\/h2>\n\n<\/div><\/div>\n\n<div class=\"gb-container gb-container-b7f28427\"><div class=\"gb-inside-container\">\n\n<p>Auf Expedismart.ch profitieren Sie von einem schnellen und einfachen T\u00fcr-zu-T\u00fcr-Versandservice. Je nach Sendung kann die Zollabfertigung jedoch l\u00e4nger dauern. Die letzten Pakete unserer Kunden wurden aus der Schweiz in die folgenden St\u00e4dte verschickt: Tel Aviv, Jerusalem, Haifa oder Beer-Sheva.<\/p>\n\n<\/div><\/div>\n<\/div><\/div>\n<\/div><\/div>\n\n<div class=\"gb-container gb-container-f8e550d6 holidays-of-countries\"><div class=\"gb-inside-container\">\n<div class=\"gb-container gb-container-eef283e4\"><div class=\"gb-inside-container\">\n\n<h2 class=\"header-underline-white wp-block-heading\"><strong>Abholungen und Lieferungen in Israel<\/strong><br><strong><mark style=\"background-color:rgba(0, 0, 0, 0)\" class=\"has-inline-color has-red-exp-color\">Festliche Tage<\/mark><\/strong><\/h2>\n\n<\/div><\/div>\n\n<div class=\"gb-container gb-container-4d9aab56\"><div class=\"gb-inside-container\">\n\n<p>Wie in den meisten L\u00e4ndern, in denen die Anzahl der von den Unternehmen zugewiesenen Urlaubstage gering ist, gibt es auch in Israel viele Feiertage. Achten Sie daher beim Versand eines Expresspakets in dieses Land darauf, dass die Zustellung nicht w\u00e4hrend eines dieser Feiertage erfolgt.<\/p>\n\n<\/div><\/div>\n\n<div class=\"gb-container gb-container-fb43e401\"><div class=\"gb-inside-container\">\n<div class=\"gb-grid-wrapper gb-grid-wrapper-7b12cbc0\">\n<div class=\"gb-grid-column gb-grid-column-682b5c6e\"><div class=\"gb-container gb-container-682b5c6e ul-red-dots\"><div class=\"gb-inside-container\">\n\n<ul class=\"wp-block-list\">\n<li>26. Februar: Purim<\/li>\n\n\n\n<li>23. M\u00e4rz: Yom HaAliyah<\/li>\n\n\n\n<li>28. M\u00e4rz: Pesach I (j\u00fcdisches Osterfest)<\/li>\n\n\n\n<li>3. April: Pesac&#8217;h VII (Dieses Datum markiert den letzten Tag von Ostern)<\/li>\n\n\n\n<li>15. April: Yom Ha-Atzmaut. Dieses Datum ist der Nationalfeiertag von Israel.<\/li>\n\n\n\n<li>10. Mai: Jerusalem-Tag<\/li>\n\n\n\n<li>17. Mai: Schawuot<\/li>\n<\/ul>\n\n<\/div><\/div><\/div>\n\n<div class=\"gb-grid-column gb-grid-column-ca64b596\"><div class=\"gb-container gb-container-ca64b596 ul-red-dots\"><div class=\"gb-inside-container\">\n\n<ul class=\"wp-block-list\">\n<li>7. und 8. September: Rosch Haschana 1 und 2. (Dieser Tag ist das j\u00fcdische Neujahrsfest)<\/li>\n\n\n\n<li>16. September: Jom Kippur<\/li>\n\n\n\n<li>21. September: Sukkot I<\/li>\n\n\n\n<li>27. September: Schemini Atzeret<\/li>\n\n\n\n<li>28. September: Simchat Tora<\/li>\n\n\n\n<li>28. November bis Montag, 6. Dezember: Chanukka (j\u00fcdisches Weihnachten)<\/li>\n<\/ul>\n\n<\/div><\/div><\/div>\n<\/div>\n<\/div><\/div>\n<\/div><\/div>\n\n<div class=\"gb-container gb-container-285596a9\"><div class=\"gb-inside-container\">\n\n<h2 class=\"header-underline-red wp-block-heading\"><strong>Verfolgung von Expresspaketen nach Israel<\/strong><br><strong><mark style=\"background-color:rgba(0, 0, 0, 0)\" class=\"has-inline-color has-red-exp-color\">Verfolgen Sie Ihre Sendung<\/mark><\/strong><\/h2>\n\n<\/div><\/div>\n\n<div class=\"gb-container gb-container-51af6782\"><div class=\"gb-inside-container\">\n\n<p>Wenn Sie bereits eine Sendung nach Israel gemacht haben, nutzen Sie die&nbsp;<a rel=\"noreferrer noopener\" href=\"https:\/\/www.expedismart.ch\/pages\/de\/praktische-infos\/verfolgung\/tracking\/\" target=\"_blank\">Sendungsverfolgung<\/a>&nbsp;Ihrer Sendung nach Israel auf Expedismart.ch.<\/p>\n\n\n<div class=\"gb-container gb-container-9a3bf982\"><div class=\"gb-inside-container\">\n\n<p>Haben Sie eine Frage?&nbsp;<a href=\"https:\/\/www.expedismart.ch\/de\/contact\/\" target=\"_blank\" rel=\"noreferrer noopener\">Kontaktieren Sie Expedismart direkt<\/a>.<\/p>\n\n<\/div><\/div>\n<\/div><\/div>\n<\/div><\/div><\/div>\n\n<div class=\"gb-grid-column gb-grid-column-51b8048d\"><div class=\"gb-container gb-container-51b8048d\"><div class=\"gb-inside-container\"><\/div><\/div><\/div>\n<\/div>\n\n\n<div class=\"wp-block-group alignfull margin-top:30px has-base-background-color has-background has-medium-font-size\"><div class=\"wp-block-group__inner-container is-layout-flow wp-block-group-is-layout-flow\"><div class=\"gb-button-wrapper gb-button-wrapper-385aab1f\">\n\n<a class=\"gb-button gb-button-a9cc083f gb-button-text\" href=\"\/de\/entdecken-sie-unsere-preise\/\" target=\"_blank\" rel=\"noopener noreferrer\" id=\"compare-prices-3\"><strong>Versenden Sie Ihr Paket nach Israel<\/strong><\/a>\n\n<\/div><\/div><\/div>\n","protected":false},"excerpt":{"rendered":"<p>Alternative zu La Poste. Hier erfahren Sie alles \u00fcber den Paketversand nach Israel.<\/p>\n","protected":false},"author":2,"featured_media":0,"parent":4389,"menu_order":0,"comment_status":"closed","ping_status":"closed","template":"","meta":{"_seopress_robots_primary_cat":"","_seopress_titles_title":"Comment envoyer un colis en Isra\u00ebl","_seopress_titles_desc":"Consultez des infos utiles. Obtenez un devis en ligne en 1 minute pour un envoi de colis en Isra\u00ebl. Exp\u00e9diez vos colis en 24 ou 48h.","_seopress_robots_index":"","inline_featured_image":false,"footnotes":""},"class_list":["post-3835","page","type-page","status-publish"],"_links":{"self":[{"href":"https:\/\/www.expedismart.ch\/pages\/de\/wp-json\/wp\/v2\/pages\/3835","targetHints":{"allow":["GET"]}}],"collection":[{"href":"https:\/\/www.expedismart.ch\/pages\/de\/wp-json\/wp\/v2\/pages"}],"about":[{"href":"https:\/\/www.expedismart.ch\/pages\/de\/wp-json\/wp\/v2\/types\/page"}],"author":[{"embeddable":true,"href":"https:\/\/www.expedismart.ch\/pages\/de\/wp-json\/wp\/v2\/users\/2"}],"replies":[{"embeddable":true,"href":"https:\/\/www.expedismart.ch\/pages\/de\/wp-json\/wp\/v2\/comments?post=3835"}],"version-history":[{"count":4,"href":"https:\/\/www.expedismart.ch\/pages\/de\/wp-json\/wp\/v2\/pages\/3835\/revisions"}],"predecessor-version":[{"id":3876,"href":"https:\/\/www.expedismart.ch\/pages\/de\/wp-json\/wp\/v2\/pages\/3835\/revisions\/3876"}],"up":[{"embeddable":true,"href":"https:\/\/www.expedismart.ch\/pages\/de\/wp-json\/wp\/v2\/pages\/4389"}],"wp:attachment":[{"href":"https:\/\/www.expedismart.ch\/pages\/de\/wp-json\/wp\/v2\/media?parent=3835"}],"curies":[{"name":"wp","href":"https:\/\/api.w.org\/{rel}","templated":true}]}}